{"id":17262,"date":"2025-07-10T15:26:53","date_gmt":"2025-07-10T13:26:53","guid":{"rendered":"https:\/\/www.spabad.dets.nl\/product\/estelle-filterreiniger\/"},"modified":"2025-07-20T09:13:13","modified_gmt":"2025-07-20T07:13:13","slug":"estelle-filterreiniger","status":"publish","type":"product","link":"https:\/\/www.spabad.dets.nl\/de\/product\/estelle-filterreiniger\/","title":{"rendered":"Estelle Filterreiniger"},"content":{"rendered":"<h2>Estelle Filterreiniger<\/h2>\n<p>Mit dieser gro\u00dfartigen alten niederl\u00e4ndischen Erfindung k\u00f6nnen Sie Ihren Whirlpool-Filter effektiver reinigen. Dieser Estelle Filterreiniger ist sehr einfach zu benutzen. Reinigen Sie Ihren Whirlpool-Filter sicher und schnell. Setzen Sie den Filter in einen der mitgelieferten Adapter ein. Adapter sind f\u00fcr fast jeden Filter erh\u00e4ltlich. Bitte geben Sie bei der Bestellung an, welchen Filter Sie haben, damit wir sicherstellen k\u00f6nnen, dass er passt. Geeignet f\u00fcr Filter ohne Gewinde, feine Filter mit schmalem Gewinde, breite Filter mit feinem Gewinde und gro\u00dfe Filter mit Gewinde. Die gro\u00dfen gr\u00fcnen Laschen werden f\u00fcr den Filter ohne Gewinde verwendet.       <\/p>\n<h3>Verwenden Sie<\/h3>\n<p>Entfernen Sie den Filter gem\u00e4\u00df den Anweisungen des Lieferanten aus Ihrem Whirlpool. Setzen Sie den Filter in den Estelle Filterreiniger ein. Schieben Sie den Filter einfach \u00fcber die gr\u00fcnen Klappen oder einen der Gewindeadapter und dann kommt der Deckel auf den Estelle Filterreiniger. Danach drehen Sie den angeschlossenen Schlauch mit Gardena-Kupplung auf und der Reiniger erledigt die Arbeit automatisch. Drehen Sie den gro\u00dfen Drehknopf in die andere Richtung und der Filter reinigt in die entgegengesetzte Richtung. Je nach Filtertyp wird Ihr Filter innerhalb von 1 Minute gereinigt.     <\/p>\n<h3>Optimale Benutzerfreundlichkeit<\/h3>\n<p>Keine nassen F\u00fc\u00dfe, schmutzige Kleidung oder schmutzige Umgebung. Dieser Estelle Filterreiniger sorgt f\u00fcr Komfort und einen super sauberen Filter f\u00fcr Ihren Whirlpool. Sie k\u00f6nnen den Reiniger auch in Kombination mit dem Filternetzreiniger verwenden. Schlie\u00dfen Sie den Wasserschlauch mit Kupplung direkt an diesen Reiniger an und genie\u00dfen Sie einen optimal sauberen Filter f\u00fcr Ihren Whirlpool. Hergestellt und entwickelt in den Niederlanden. Ein weiterer gro\u00dfer Vorteil ist, dass Ihre Filter l\u00e4nger halten und Sie au\u00dferdem Wasser sparen. So sparen Sie am Ende Hunderte von Euro.      <\/p>\n","protected":false},"excerpt":{"rendered":"<ul>\n<li>Geld sparen<\/li>\n<li>Reinigen Sie Ihren Filter in 1 Minute<\/li>\n<li>Funktioniert mit Wasserdruck<\/li>\n<li>sehr lange Lebensdauer<\/li>\n<\/ul>\n","protected":false},"featured_media":17265,"template":"","meta":{"_acf_changed":false},"product_brand":[],"product_cat":[209,214,211],"product_tag":[476,475],"class_list":{"0":"post-17262","1":"product","2":"type-product","3":"status-publish","4":"has-post-thumbnail","6":"product_cat-pflegeprodukte","7":"product_cat-schwimmendes-bad","8":"product_cat-spa-de","9":"product_tag-estelle-de","10":"product_tag-filterreiniger-de","12":"first","13":"instock","14":"taxable","15":"shipping-taxable","16":"purchasable","17":"product-type-simple"},"acf":[],"yoast_head":"<!-- This site is optimized with the Yoast SEO plugin v27.5 - https:\/\/yoast.com\/product\/yoast-seo-wordpress\/ -->\n<title>Estelle Filterreiniger - Spabad Limburg<\/title>\n<meta name=\"description\" content=\"Suchen Sie den ultimativen Filterreiniger? Entdecken Sie den Estelle Filterreiniger in unserem Webshop. Spabadlimburg, zentral gelegen in Sittard Limburg.\" \/>\n<meta name=\"robots\" content=\"index, follow, max-snippet:-1, max-image-preview:large, max-video-preview:-1\" \/>\n<link rel=\"canonical\" href=\"https:\/\/www.spabad.dets.nl\/de\/product\/estelle-filterreiniger\/\" \/>\n<meta property=\"og:locale\" content=\"de_DE\" \/>\n<meta property=\"og:type\" content=\"article\" \/>\n<meta property=\"og:title\" content=\"Estelle Filterreiniger - Spabad Limburg\" \/>\n<meta property=\"og:description\" content=\"Suchen Sie den ultimativen Filterreiniger? Entdecken Sie den Estelle Filterreiniger in unserem Webshop. Spabadlimburg, zentral gelegen in Sittard Limburg.\" \/>\n<meta property=\"og:url\" content=\"https:\/\/www.spabad.dets.nl\/de\/product\/estelle-filterreiniger\/\" \/>\n<meta property=\"og:site_name\" content=\"Spabad Limburg\" \/>\n<meta property=\"article:modified_time\" content=\"2025-07-20T07:13:13+00:00\" \/>\n<meta property=\"og:image\" content=\"https:\/\/www.spabad.dets.nl\/wp-content\/uploads\/2025\/07\/Estelle_filterreiniger_1.webp\" \/>\n\t<meta property=\"og:image:width\" content=\"1000\" \/>\n\t<meta property=\"og:image:height\" content=\"1000\" \/>\n\t<meta property=\"og:image:type\" content=\"image\/webp\" \/>\n<meta name=\"twitter:card\" content=\"summary_large_image\" \/>\n<meta name=\"twitter:label1\" content=\"Gesch\u00e4tzte Lesezeit\" \/>\n\t<meta name=\"twitter:data1\" content=\"1\u00a0Minute\" \/>\n<script type=\"application\/ld+json\" class=\"yoast-schema-graph\">{\"@context\":\"https:\\\/\\\/schema.org\",\"@graph\":[{\"@type\":\"WebPage\",\"@id\":\"https:\\\/\\\/www.spabad.dets.nl\\\/de\\\/product\\\/estelle-filterreiniger\\\/\",\"url\":\"https:\\\/\\\/www.spabad.dets.nl\\\/de\\\/product\\\/estelle-filterreiniger\\\/\",\"name\":\"Estelle Filterreiniger - Spabad Limburg\",\"isPartOf\":{\"@id\":\"https:\\\/\\\/www.spabad.dets.nl\\\/de\\\/#website\"},\"primaryImageOfPage\":{\"@id\":\"https:\\\/\\\/www.spabad.dets.nl\\\/de\\\/product\\\/estelle-filterreiniger\\\/#primaryimage\"},\"image\":{\"@id\":\"https:\\\/\\\/www.spabad.dets.nl\\\/de\\\/product\\\/estelle-filterreiniger\\\/#primaryimage\"},\"thumbnailUrl\":\"https:\\\/\\\/www.spabad.dets.nl\\\/wp-content\\\/uploads\\\/2025\\\/07\\\/Estelle_filterreiniger_1.webp\",\"datePublished\":\"2025-07-10T13:26:53+00:00\",\"dateModified\":\"2025-07-20T07:13:13+00:00\",\"description\":\"Suchen Sie den ultimativen Filterreiniger? Entdecken Sie den Estelle Filterreiniger in unserem Webshop. Spabadlimburg, zentral gelegen in Sittard Limburg.\",\"breadcrumb\":{\"@id\":\"https:\\\/\\\/www.spabad.dets.nl\\\/de\\\/product\\\/estelle-filterreiniger\\\/#breadcrumb\"},\"inLanguage\":\"de\",\"potentialAction\":[{\"@type\":\"ReadAction\",\"target\":[\"https:\\\/\\\/www.spabad.dets.nl\\\/de\\\/product\\\/estelle-filterreiniger\\\/\"]}]},{\"@type\":\"ImageObject\",\"inLanguage\":\"de\",\"@id\":\"https:\\\/\\\/www.spabad.dets.nl\\\/de\\\/product\\\/estelle-filterreiniger\\\/#primaryimage\",\"url\":\"https:\\\/\\\/www.spabad.dets.nl\\\/wp-content\\\/uploads\\\/2025\\\/07\\\/Estelle_filterreiniger_1.webp\",\"contentUrl\":\"https:\\\/\\\/www.spabad.dets.nl\\\/wp-content\\\/uploads\\\/2025\\\/07\\\/Estelle_filterreiniger_1.webp\",\"width\":1000,\"height\":1000,\"caption\":\"Estelle Filterreiniger 1\"},{\"@type\":\"BreadcrumbList\",\"@id\":\"https:\\\/\\\/www.spabad.dets.nl\\\/de\\\/product\\\/estelle-filterreiniger\\\/#breadcrumb\",\"itemListElement\":[{\"@type\":\"ListItem\",\"position\":1,\"name\":\"Startseite\",\"item\":\"https:\\\/\\\/www.spabad.dets.nl\\\/de\\\/startseite-2\\\/\"},{\"@type\":\"ListItem\",\"position\":2,\"name\":\"Shop\",\"item\":\"https:\\\/\\\/www.spabad.dets.nl\\\/de\\\/shop-2\\\/\"},{\"@type\":\"ListItem\",\"position\":3,\"name\":\"Pflegeprodukte\",\"item\":\"https:\\\/\\\/www.spabad.dets.nl\\\/de\\\/product-categorie\\\/pflegeprodukte\\\/\"},{\"@type\":\"ListItem\",\"position\":4,\"name\":\"Estelle Filterreiniger\"}]},{\"@type\":\"WebSite\",\"@id\":\"https:\\\/\\\/www.spabad.dets.nl\\\/de\\\/#website\",\"url\":\"https:\\\/\\\/www.spabad.dets.nl\\\/de\\\/\",\"name\":\"Spabad Limburg\",\"description\":\"Jacuzzi's en zwemspa's\",\"publisher\":{\"@id\":\"https:\\\/\\\/www.spabad.dets.nl\\\/de\\\/#organization\"},\"potentialAction\":[{\"@type\":\"SearchAction\",\"target\":{\"@type\":\"EntryPoint\",\"urlTemplate\":\"https:\\\/\\\/www.spabad.dets.nl\\\/de\\\/?s={search_term_string}\"},\"query-input\":{\"@type\":\"PropertyValueSpecification\",\"valueRequired\":true,\"valueName\":\"search_term_string\"}}],\"inLanguage\":\"de\"},{\"@type\":\"Organization\",\"@id\":\"https:\\\/\\\/www.spabad.dets.nl\\\/de\\\/#organization\",\"name\":\"Spabad Limburg\",\"url\":\"https:\\\/\\\/www.spabad.dets.nl\\\/de\\\/\",\"logo\":{\"@type\":\"ImageObject\",\"inLanguage\":\"de\",\"@id\":\"https:\\\/\\\/www.spabad.dets.nl\\\/de\\\/#\\\/schema\\\/logo\\\/image\\\/\",\"url\":\"https:\\\/\\\/www.spabad.dets.nl\\\/wp-content\\\/uploads\\\/2025\\\/01\\\/SpabadLimburg-Logo-Payoff-scaled.png\",\"contentUrl\":\"https:\\\/\\\/www.spabad.dets.nl\\\/wp-content\\\/uploads\\\/2025\\\/01\\\/SpabadLimburg-Logo-Payoff-scaled.png\",\"width\":2560,\"height\":548,\"caption\":\"Spabad Limburg\"},\"image\":{\"@id\":\"https:\\\/\\\/www.spabad.dets.nl\\\/de\\\/#\\\/schema\\\/logo\\\/image\\\/\"}}]}<\/script>\n<!-- \/ Yoast SEO plugin. -->","yoast_head_json":{"title":"Estelle Filterreiniger - Spabad Limburg","description":"Suchen Sie den ultimativen Filterreiniger? Entdecken Sie den Estelle Filterreiniger in unserem Webshop. Spabadlimburg, zentral gelegen in Sittard Limburg.","robots":{"index":"index","follow":"follow","max-snippet":"max-snippet:-1","max-image-preview":"max-image-preview:large","max-video-preview":"max-video-preview:-1"},"canonical":"https:\/\/www.spabad.dets.nl\/de\/product\/estelle-filterreiniger\/","og_locale":"de_DE","og_type":"article","og_title":"Estelle Filterreiniger - Spabad Limburg","og_description":"Suchen Sie den ultimativen Filterreiniger? Entdecken Sie den Estelle Filterreiniger in unserem Webshop. Spabadlimburg, zentral gelegen in Sittard Limburg.","og_url":"https:\/\/www.spabad.dets.nl\/de\/product\/estelle-filterreiniger\/","og_site_name":"Spabad Limburg","article_modified_time":"2025-07-20T07:13:13+00:00","og_image":[{"width":1000,"height":1000,"url":"https:\/\/www.spabad.dets.nl\/wp-content\/uploads\/2025\/07\/Estelle_filterreiniger_1.webp","type":"image\/webp"}],"twitter_card":"summary_large_image","twitter_misc":{"Gesch\u00e4tzte Lesezeit":"1\u00a0Minute"},"schema":{"@context":"https:\/\/schema.org","@graph":[{"@type":"WebPage","@id":"https:\/\/www.spabad.dets.nl\/de\/product\/estelle-filterreiniger\/","url":"https:\/\/www.spabad.dets.nl\/de\/product\/estelle-filterreiniger\/","name":"Estelle Filterreiniger - Spabad Limburg","isPartOf":{"@id":"https:\/\/www.spabad.dets.nl\/de\/#website"},"primaryImageOfPage":{"@id":"https:\/\/www.spabad.dets.nl\/de\/product\/estelle-filterreiniger\/#primaryimage"},"image":{"@id":"https:\/\/www.spabad.dets.nl\/de\/product\/estelle-filterreiniger\/#primaryimage"},"thumbnailUrl":"https:\/\/www.spabad.dets.nl\/wp-content\/uploads\/2025\/07\/Estelle_filterreiniger_1.webp","datePublished":"2025-07-10T13:26:53+00:00","dateModified":"2025-07-20T07:13:13+00:00","description":"Suchen Sie den ultimativen Filterreiniger? Entdecken Sie den Estelle Filterreiniger in unserem Webshop. Spabadlimburg, zentral gelegen in Sittard Limburg.","breadcrumb":{"@id":"https:\/\/www.spabad.dets.nl\/de\/product\/estelle-filterreiniger\/#breadcrumb"},"inLanguage":"de","potentialAction":[{"@type":"ReadAction","target":["https:\/\/www.spabad.dets.nl\/de\/product\/estelle-filterreiniger\/"]}]},{"@type":"ImageObject","inLanguage":"de","@id":"https:\/\/www.spabad.dets.nl\/de\/product\/estelle-filterreiniger\/#primaryimage","url":"https:\/\/www.spabad.dets.nl\/wp-content\/uploads\/2025\/07\/Estelle_filterreiniger_1.webp","contentUrl":"https:\/\/www.spabad.dets.nl\/wp-content\/uploads\/2025\/07\/Estelle_filterreiniger_1.webp","width":1000,"height":1000,"caption":"Estelle Filterreiniger 1"},{"@type":"BreadcrumbList","@id":"https:\/\/www.spabad.dets.nl\/de\/product\/estelle-filterreiniger\/#breadcrumb","itemListElement":[{"@type":"ListItem","position":1,"name":"Startseite","item":"https:\/\/www.spabad.dets.nl\/de\/startseite-2\/"},{"@type":"ListItem","position":2,"name":"Shop","item":"https:\/\/www.spabad.dets.nl\/de\/shop-2\/"},{"@type":"ListItem","position":3,"name":"Pflegeprodukte","item":"https:\/\/www.spabad.dets.nl\/de\/product-categorie\/pflegeprodukte\/"},{"@type":"ListItem","position":4,"name":"Estelle Filterreiniger"}]},{"@type":"WebSite","@id":"https:\/\/www.spabad.dets.nl\/de\/#website","url":"https:\/\/www.spabad.dets.nl\/de\/","name":"Spabad Limburg","description":"Jacuzzi's en zwemspa's","publisher":{"@id":"https:\/\/www.spabad.dets.nl\/de\/#organization"},"potentialAction":[{"@type":"SearchAction","target":{"@type":"EntryPoint","urlTemplate":"https:\/\/www.spabad.dets.nl\/de\/?s={search_term_string}"},"query-input":{"@type":"PropertyValueSpecification","valueRequired":true,"valueName":"search_term_string"}}],"inLanguage":"de"},{"@type":"Organization","@id":"https:\/\/www.spabad.dets.nl\/de\/#organization","name":"Spabad Limburg","url":"https:\/\/www.spabad.dets.nl\/de\/","logo":{"@type":"ImageObject","inLanguage":"de","@id":"https:\/\/www.spabad.dets.nl\/de\/#\/schema\/logo\/image\/","url":"https:\/\/www.spabad.dets.nl\/wp-content\/uploads\/2025\/01\/SpabadLimburg-Logo-Payoff-scaled.png","contentUrl":"https:\/\/www.spabad.dets.nl\/wp-content\/uploads\/2025\/01\/SpabadLimburg-Logo-Payoff-scaled.png","width":2560,"height":548,"caption":"Spabad Limburg"},"image":{"@id":"https:\/\/www.spabad.dets.nl\/de\/#\/schema\/logo\/image\/"}}]}},"_links":{"self":[{"href":"https:\/\/www.spabad.dets.nl\/de\/wp-json\/wp\/v2\/product\/17262","targetHints":{"allow":["GET"]}}],"collection":[{"href":"https:\/\/www.spabad.dets.nl\/de\/wp-json\/wp\/v2\/product"}],"about":[{"href":"https:\/\/www.spabad.dets.nl\/de\/wp-json\/wp\/v2\/types\/product"}],"version-history":[{"count":0,"href":"https:\/\/www.spabad.dets.nl\/de\/wp-json\/wp\/v2\/product\/17262\/revisions"}],"wp:featuredmedia":[{"embeddable":true,"href":"https:\/\/www.spabad.dets.nl\/de\/wp-json\/wp\/v2\/media\/17265"}],"wp:attachment":[{"href":"https:\/\/www.spabad.dets.nl\/de\/wp-json\/wp\/v2\/media?parent=17262"}],"wp:term":[{"taxonomy":"product_brand","embeddable":true,"href":"https:\/\/www.spabad.dets.nl\/de\/wp-json\/wp\/v2\/product_brand?post=17262"},{"taxonomy":"product_cat","embeddable":true,"href":"https:\/\/www.spabad.dets.nl\/de\/wp-json\/wp\/v2\/product_cat?post=17262"},{"taxonomy":"product_tag","embeddable":true,"href":"https:\/\/www.spabad.dets.nl\/de\/wp-json\/wp\/v2\/product_tag?post=17262"}],"curies":[{"name":"wp","href":"https:\/\/api.w.org\/{rel}","templated":true}]}}