{"id":17259,"date":"2025-07-10T14:50:39","date_gmt":"2025-07-10T12:50:39","guid":{"rendered":"https:\/\/www.spabad.dets.nl\/product\/jacuzzi-filter-netzreiniger\/"},"modified":"2025-07-20T09:53:50","modified_gmt":"2025-07-20T07:53:50","slug":"jacuzzi-filter-netzreiniger","status":"publish","type":"product","link":"https:\/\/www.spabad.dets.nl\/de\/product\/jacuzzi-filter-netzreiniger\/","title":{"rendered":"Jacuzzi Filter Netzreiniger"},"content":{"rendered":"<h2>Jacuzzi Filter Netzreiniger<\/h2>\n<p>Mit diesem Jacuzzi-Filternetzreiniger reinigen Sie Ihre Filter besonders gr\u00fcndlich. Denn ein sauberer Filter ist schon die halbe Miete. Dieses Fl\u00e4schchen ist f\u00fcr den sofortigen Gebrauch Ihres Whirlpoolfilters bestimmt. Entfernt \u00d6l, Fett und Kalium. Bespr\u00fchen Sie den Filter mit Jacuzzi-Filternetzreiniger und lassen Sie ihn 3 bis 6 Minuten lang ruhen. Danach spr\u00fchen Sie den Filter gr\u00fcndlich mit sauberem Wasser ab. Sie k\u00f6nnen daf\u00fcr auch unseren Estelle Filterreiniger verwenden.      <\/p>\n<h2><\/h2>\n","protected":false},"excerpt":{"rendered":"<p>F\u00fcr eine gr\u00fcndliche Reinigung Ihres Filters<\/p>\n<ul>\n<li>\u00d6l<\/li>\n<li>fett<\/li>\n<li>Kalium<\/li>\n<\/ul>\n","protected":false},"featured_media":17221,"template":"","meta":{"_acf_changed":false},"product_brand":[],"product_cat":[209,214,211],"product_tag":[471,469,256,470,472],"class_list":{"0":"post-17259","1":"product","2":"type-product","3":"status-publish","4":"has-post-thumbnail","6":"product_cat-pflegeprodukte","7":"product_cat-schwimmendes-bad","8":"product_cat-spa-de","9":"product_tag-filternetz","10":"product_tag-filterreiniger","11":"product_tag-jacuzzi-de","12":"product_tag-jacuzzi-filter-reiniger-de","13":"product_tag-whirlpool-filterreiniger","15":"first","16":"instock","17":"taxable","18":"shipping-taxable","19":"purchasable","20":"product-type-simple"},"acf":[],"yoast_head":"<!-- This site is optimized with the Yoast SEO plugin v27.5 - https:\/\/yoast.com\/product\/yoast-seo-wordpress\/ -->\n<title>Jacuzzi Filter Netzreiniger - Spabad Limburg<\/title>\n<meta name=\"description\" content=\"Reinigen Sie Ihren Filter besonders gut mit dem Jacuzzi-Filternetzreiniger. Bestellen oder kaufen Sie diesen schnell und einfach bei spabadlimburg, Ihrem Spezialisten.\" \/>\n<meta name=\"robots\" content=\"index, follow, max-snippet:-1, max-image-preview:large, max-video-preview:-1\" \/>\n<link rel=\"canonical\" href=\"https:\/\/www.spabad.dets.nl\/de\/product\/jacuzzi-filter-netzreiniger\/\" \/>\n<meta property=\"og:locale\" content=\"de_DE\" \/>\n<meta property=\"og:type\" content=\"article\" \/>\n<meta property=\"og:title\" content=\"Jacuzzi Filter Netzreiniger - Spabad Limburg\" \/>\n<meta property=\"og:description\" content=\"Reinigen Sie Ihren Filter besonders gut mit dem Jacuzzi-Filternetzreiniger. Bestellen oder kaufen Sie diesen schnell und einfach bei spabadlimburg, Ihrem Spezialisten.\" \/>\n<meta property=\"og:url\" content=\"https:\/\/www.spabad.dets.nl\/de\/product\/jacuzzi-filter-netzreiniger\/\" \/>\n<meta property=\"og:site_name\" content=\"Spabad Limburg\" \/>\n<meta property=\"article:modified_time\" content=\"2025-07-20T07:53:50+00:00\" \/>\n<meta property=\"og:image\" content=\"https:\/\/www.spabad.dets.nl\/wp-content\/uploads\/2025\/07\/1000099254-scaled.jpg\" \/>\n\t<meta property=\"og:image:width\" content=\"1920\" \/>\n\t<meta property=\"og:image:height\" content=\"2560\" \/>\n\t<meta property=\"og:image:type\" content=\"image\/jpeg\" \/>\n<meta name=\"twitter:card\" content=\"summary_large_image\" \/>\n<script type=\"application\/ld+json\" class=\"yoast-schema-graph\">{\"@context\":\"https:\\\/\\\/schema.org\",\"@graph\":[{\"@type\":\"WebPage\",\"@id\":\"https:\\\/\\\/www.spabad.dets.nl\\\/de\\\/product\\\/jacuzzi-filter-netzreiniger\\\/\",\"url\":\"https:\\\/\\\/www.spabad.dets.nl\\\/de\\\/product\\\/jacuzzi-filter-netzreiniger\\\/\",\"name\":\"Jacuzzi Filter Netzreiniger - Spabad Limburg\",\"isPartOf\":{\"@id\":\"https:\\\/\\\/www.spabad.dets.nl\\\/de\\\/#website\"},\"primaryImageOfPage\":{\"@id\":\"https:\\\/\\\/www.spabad.dets.nl\\\/de\\\/product\\\/jacuzzi-filter-netzreiniger\\\/#primaryimage\"},\"image\":{\"@id\":\"https:\\\/\\\/www.spabad.dets.nl\\\/de\\\/product\\\/jacuzzi-filter-netzreiniger\\\/#primaryimage\"},\"thumbnailUrl\":\"https:\\\/\\\/www.spabad.dets.nl\\\/wp-content\\\/uploads\\\/2025\\\/07\\\/1000099254-scaled.jpg\",\"datePublished\":\"2025-07-10T12:50:39+00:00\",\"dateModified\":\"2025-07-20T07:53:50+00:00\",\"description\":\"Reinigen Sie Ihren Filter besonders gut mit dem Jacuzzi-Filternetzreiniger. Bestellen oder kaufen Sie diesen schnell und einfach bei spabadlimburg, Ihrem Spezialisten.\",\"breadcrumb\":{\"@id\":\"https:\\\/\\\/www.spabad.dets.nl\\\/de\\\/product\\\/jacuzzi-filter-netzreiniger\\\/#breadcrumb\"},\"inLanguage\":\"de\",\"potentialAction\":[{\"@type\":\"ReadAction\",\"target\":[\"https:\\\/\\\/www.spabad.dets.nl\\\/de\\\/product\\\/jacuzzi-filter-netzreiniger\\\/\"]}]},{\"@type\":\"ImageObject\",\"inLanguage\":\"de\",\"@id\":\"https:\\\/\\\/www.spabad.dets.nl\\\/de\\\/product\\\/jacuzzi-filter-netzreiniger\\\/#primaryimage\",\"url\":\"https:\\\/\\\/www.spabad.dets.nl\\\/wp-content\\\/uploads\\\/2025\\\/07\\\/1000099254-scaled.jpg\",\"contentUrl\":\"https:\\\/\\\/www.spabad.dets.nl\\\/wp-content\\\/uploads\\\/2025\\\/07\\\/1000099254-scaled.jpg\",\"width\":1920,\"height\":2560,\"caption\":\"Jacuzzi Filter Netzreiniger\"},{\"@type\":\"BreadcrumbList\",\"@id\":\"https:\\\/\\\/www.spabad.dets.nl\\\/de\\\/product\\\/jacuzzi-filter-netzreiniger\\\/#breadcrumb\",\"itemListElement\":[{\"@type\":\"ListItem\",\"position\":1,\"name\":\"Startseite\",\"item\":\"https:\\\/\\\/www.spabad.dets.nl\\\/de\\\/startseite-2\\\/\"},{\"@type\":\"ListItem\",\"position\":2,\"name\":\"Shop\",\"item\":\"https:\\\/\\\/www.spabad.dets.nl\\\/de\\\/shop-2\\\/\"},{\"@type\":\"ListItem\",\"position\":3,\"name\":\"Pflegeprodukte\",\"item\":\"https:\\\/\\\/www.spabad.dets.nl\\\/de\\\/product-categorie\\\/pflegeprodukte\\\/\"},{\"@type\":\"ListItem\",\"position\":4,\"name\":\"Jacuzzi Filter Netzreiniger\"}]},{\"@type\":\"WebSite\",\"@id\":\"https:\\\/\\\/www.spabad.dets.nl\\\/de\\\/#website\",\"url\":\"https:\\\/\\\/www.spabad.dets.nl\\\/de\\\/\",\"name\":\"Spabad Limburg\",\"description\":\"Jacuzzi's en zwemspa's\",\"publisher\":{\"@id\":\"https:\\\/\\\/www.spabad.dets.nl\\\/de\\\/#organization\"},\"potentialAction\":[{\"@type\":\"SearchAction\",\"target\":{\"@type\":\"EntryPoint\",\"urlTemplate\":\"https:\\\/\\\/www.spabad.dets.nl\\\/de\\\/?s={search_term_string}\"},\"query-input\":{\"@type\":\"PropertyValueSpecification\",\"valueRequired\":true,\"valueName\":\"search_term_string\"}}],\"inLanguage\":\"de\"},{\"@type\":\"Organization\",\"@id\":\"https:\\\/\\\/www.spabad.dets.nl\\\/de\\\/#organization\",\"name\":\"Spabad Limburg\",\"url\":\"https:\\\/\\\/www.spabad.dets.nl\\\/de\\\/\",\"logo\":{\"@type\":\"ImageObject\",\"inLanguage\":\"de\",\"@id\":\"https:\\\/\\\/www.spabad.dets.nl\\\/de\\\/#\\\/schema\\\/logo\\\/image\\\/\",\"url\":\"https:\\\/\\\/www.spabad.dets.nl\\\/wp-content\\\/uploads\\\/2025\\\/01\\\/SpabadLimburg-Logo-Payoff-scaled.png\",\"contentUrl\":\"https:\\\/\\\/www.spabad.dets.nl\\\/wp-content\\\/uploads\\\/2025\\\/01\\\/SpabadLimburg-Logo-Payoff-scaled.png\",\"width\":2560,\"height\":548,\"caption\":\"Spabad Limburg\"},\"image\":{\"@id\":\"https:\\\/\\\/www.spabad.dets.nl\\\/de\\\/#\\\/schema\\\/logo\\\/image\\\/\"}}]}<\/script>\n<!-- \/ Yoast SEO plugin. -->","yoast_head_json":{"title":"Jacuzzi Filter Netzreiniger - Spabad Limburg","description":"Reinigen Sie Ihren Filter besonders gut mit dem Jacuzzi-Filternetzreiniger. Bestellen oder kaufen Sie diesen schnell und einfach bei spabadlimburg, Ihrem Spezialisten.","robots":{"index":"index","follow":"follow","max-snippet":"max-snippet:-1","max-image-preview":"max-image-preview:large","max-video-preview":"max-video-preview:-1"},"canonical":"https:\/\/www.spabad.dets.nl\/de\/product\/jacuzzi-filter-netzreiniger\/","og_locale":"de_DE","og_type":"article","og_title":"Jacuzzi Filter Netzreiniger - Spabad Limburg","og_description":"Reinigen Sie Ihren Filter besonders gut mit dem Jacuzzi-Filternetzreiniger. Bestellen oder kaufen Sie diesen schnell und einfach bei spabadlimburg, Ihrem Spezialisten.","og_url":"https:\/\/www.spabad.dets.nl\/de\/product\/jacuzzi-filter-netzreiniger\/","og_site_name":"Spabad Limburg","article_modified_time":"2025-07-20T07:53:50+00:00","og_image":[{"width":1920,"height":2560,"url":"https:\/\/www.spabad.dets.nl\/wp-content\/uploads\/2025\/07\/1000099254-scaled.jpg","type":"image\/jpeg"}],"twitter_card":"summary_large_image","schema":{"@context":"https:\/\/schema.org","@graph":[{"@type":"WebPage","@id":"https:\/\/www.spabad.dets.nl\/de\/product\/jacuzzi-filter-netzreiniger\/","url":"https:\/\/www.spabad.dets.nl\/de\/product\/jacuzzi-filter-netzreiniger\/","name":"Jacuzzi Filter Netzreiniger - Spabad Limburg","isPartOf":{"@id":"https:\/\/www.spabad.dets.nl\/de\/#website"},"primaryImageOfPage":{"@id":"https:\/\/www.spabad.dets.nl\/de\/product\/jacuzzi-filter-netzreiniger\/#primaryimage"},"image":{"@id":"https:\/\/www.spabad.dets.nl\/de\/product\/jacuzzi-filter-netzreiniger\/#primaryimage"},"thumbnailUrl":"https:\/\/www.spabad.dets.nl\/wp-content\/uploads\/2025\/07\/1000099254-scaled.jpg","datePublished":"2025-07-10T12:50:39+00:00","dateModified":"2025-07-20T07:53:50+00:00","description":"Reinigen Sie Ihren Filter besonders gut mit dem Jacuzzi-Filternetzreiniger. Bestellen oder kaufen Sie diesen schnell und einfach bei spabadlimburg, Ihrem Spezialisten.","breadcrumb":{"@id":"https:\/\/www.spabad.dets.nl\/de\/product\/jacuzzi-filter-netzreiniger\/#breadcrumb"},"inLanguage":"de","potentialAction":[{"@type":"ReadAction","target":["https:\/\/www.spabad.dets.nl\/de\/product\/jacuzzi-filter-netzreiniger\/"]}]},{"@type":"ImageObject","inLanguage":"de","@id":"https:\/\/www.spabad.dets.nl\/de\/product\/jacuzzi-filter-netzreiniger\/#primaryimage","url":"https:\/\/www.spabad.dets.nl\/wp-content\/uploads\/2025\/07\/1000099254-scaled.jpg","contentUrl":"https:\/\/www.spabad.dets.nl\/wp-content\/uploads\/2025\/07\/1000099254-scaled.jpg","width":1920,"height":2560,"caption":"Jacuzzi Filter Netzreiniger"},{"@type":"BreadcrumbList","@id":"https:\/\/www.spabad.dets.nl\/de\/product\/jacuzzi-filter-netzreiniger\/#breadcrumb","itemListElement":[{"@type":"ListItem","position":1,"name":"Startseite","item":"https:\/\/www.spabad.dets.nl\/de\/startseite-2\/"},{"@type":"ListItem","position":2,"name":"Shop","item":"https:\/\/www.spabad.dets.nl\/de\/shop-2\/"},{"@type":"ListItem","position":3,"name":"Pflegeprodukte","item":"https:\/\/www.spabad.dets.nl\/de\/product-categorie\/pflegeprodukte\/"},{"@type":"ListItem","position":4,"name":"Jacuzzi Filter Netzreiniger"}]},{"@type":"WebSite","@id":"https:\/\/www.spabad.dets.nl\/de\/#website","url":"https:\/\/www.spabad.dets.nl\/de\/","name":"Spabad Limburg","description":"Jacuzzi's en zwemspa's","publisher":{"@id":"https:\/\/www.spabad.dets.nl\/de\/#organization"},"potentialAction":[{"@type":"SearchAction","target":{"@type":"EntryPoint","urlTemplate":"https:\/\/www.spabad.dets.nl\/de\/?s={search_term_string}"},"query-input":{"@type":"PropertyValueSpecification","valueRequired":true,"valueName":"search_term_string"}}],"inLanguage":"de"},{"@type":"Organization","@id":"https:\/\/www.spabad.dets.nl\/de\/#organization","name":"Spabad Limburg","url":"https:\/\/www.spabad.dets.nl\/de\/","logo":{"@type":"ImageObject","inLanguage":"de","@id":"https:\/\/www.spabad.dets.nl\/de\/#\/schema\/logo\/image\/","url":"https:\/\/www.spabad.dets.nl\/wp-content\/uploads\/2025\/01\/SpabadLimburg-Logo-Payoff-scaled.png","contentUrl":"https:\/\/www.spabad.dets.nl\/wp-content\/uploads\/2025\/01\/SpabadLimburg-Logo-Payoff-scaled.png","width":2560,"height":548,"caption":"Spabad Limburg"},"image":{"@id":"https:\/\/www.spabad.dets.nl\/de\/#\/schema\/logo\/image\/"}}]}},"_links":{"self":[{"href":"https:\/\/www.spabad.dets.nl\/de\/wp-json\/wp\/v2\/product\/17259","targetHints":{"allow":["GET"]}}],"collection":[{"href":"https:\/\/www.spabad.dets.nl\/de\/wp-json\/wp\/v2\/product"}],"about":[{"href":"https:\/\/www.spabad.dets.nl\/de\/wp-json\/wp\/v2\/types\/product"}],"version-history":[{"count":0,"href":"https:\/\/www.spabad.dets.nl\/de\/wp-json\/wp\/v2\/product\/17259\/revisions"}],"wp:featuredmedia":[{"embeddable":true,"href":"https:\/\/www.spabad.dets.nl\/de\/wp-json\/wp\/v2\/media\/17221"}],"wp:attachment":[{"href":"https:\/\/www.spabad.dets.nl\/de\/wp-json\/wp\/v2\/media?parent=17259"}],"wp:term":[{"taxonomy":"product_brand","embeddable":true,"href":"https:\/\/www.spabad.dets.nl\/de\/wp-json\/wp\/v2\/product_brand?post=17259"},{"taxonomy":"product_cat","embeddable":true,"href":"https:\/\/www.spabad.dets.nl\/de\/wp-json\/wp\/v2\/product_cat?post=17259"},{"taxonomy":"product_tag","embeddable":true,"href":"https:\/\/www.spabad.dets.nl\/de\/wp-json\/wp\/v2\/product_tag?post=17259"}],"curies":[{"name":"wp","href":"https:\/\/api.w.org\/{rel}","templated":true}]}}