{"id":17256,"date":"2025-07-10T14:40:05","date_gmt":"2025-07-10T12:40:05","guid":{"rendered":"https:\/\/www.spabad.dets.nl\/product\/spa-strahlend-klares-wasser\/"},"modified":"2025-07-20T09:57:49","modified_gmt":"2025-07-20T07:57:49","slug":"spa-strahlend-klares-wasser","status":"publish","type":"product","link":"https:\/\/www.spabad.dets.nl\/de\/product\/spa-strahlend-klares-wasser\/","title":{"rendered":"Spa Strahlend klares Wasser"},"content":{"rendered":"<h2>Spa Strahlend klares Wasser<\/h2>\n<p>Verwenden Sie dieses Produkt, um Schmutz, Seife und \u00d6l in jedem Whirlpool zu neutralisieren. Sorgt bei regelm\u00e4\u00dfiger Zugabe f\u00fcr kristallklares Wasser. Wir von Spabadlimburg empfehlen, sich vor der Benutzung des Whirlpools abzuduschen. Es ist zum Beispiel praktisch, wenn Sie Ihre Badekleidung f\u00fcr die Benutzung des Whirlpools getrennt aufbewahren, damit sie nicht mit Weichsp\u00fcler oder Waschmittel gewaschen wird. So bleibt Ihr Wasser ausgeglichener und Sie ben\u00f6tigen weniger Pflegeprodukte wie Spa Bright Clear Water.    <\/p>\n<h3>Die Wartung Ihres Whirlpools ist wichtig<\/h3>\n<p>Verwenden Sie 100 ml pro Whirlpool. Gie\u00dfen Sie das Produkt direkt in den Whirlpool und lassen Sie den Whirlpoolfilter 1 Stunde lang laufen. Sp\u00fclen Sie den Filter anschlie\u00dfend gr\u00fcndlich aus.<br \/>\nEin Whirlpool sollte mindestens einmal pro Woche auf seine Wasserqualit\u00e4t getestet und die Filter entsprechend gereinigt werden. Zu diesem Zweck haben wir einen speziellen Estelle Filterreiniger im Sortiment. Vergewissern Sie sich, dass der PH-Wert und der Chlorgehalt in Ordnung sind, genau wie bei alk.    <\/p>\n","protected":false},"excerpt":{"rendered":"<p>F\u00fcr perfekt klares Wasser<\/p>\n<ul>\n<li>Flasche 1000 ml<\/li>\n<\/ul>\n","protected":false},"featured_media":17254,"template":"","meta":{"_acf_changed":false},"product_brand":[],"product_cat":[216,209,214,211],"product_tag":[464,463,462],"class_list":{"0":"post-17256","1":"product","2":"type-product","3":"status-publish","4":"has-post-thumbnail","6":"product_cat-hottubs","7":"product_cat-pflegeprodukte","8":"product_cat-schwimmendes-bad","9":"product_cat-spa-de","10":"product_tag-jacuzzi-mit-trubem-wasser","11":"product_tag-klares-wasser","12":"product_tag-kurort-hell","14":"first","15":"instock","16":"taxable","17":"shipping-taxable","18":"purchasable","19":"product-type-simple"},"acf":[],"yoast_head":"<!-- This site is optimized with the Yoast SEO plugin v27.5 - https:\/\/yoast.com\/product\/yoast-seo-wordpress\/ -->\n<title>Spa Strahlend klares Wasser - Spabad Limburg<\/title>\n<meta name=\"description\" content=\"M\u00f6chten Sie kristallklares Wasser? Mit unserem Spa Bright Klarwasser wird Ihr Whirlpoolwasser wieder erstklassig. Bestellen Sie es direkt bei Spabadlimburg.\" \/>\n<meta name=\"robots\" content=\"index, follow, max-snippet:-1, max-image-preview:large, max-video-preview:-1\" \/>\n<link rel=\"canonical\" href=\"https:\/\/www.spabad.dets.nl\/de\/product\/spa-strahlend-klares-wasser\/\" \/>\n<meta property=\"og:locale\" content=\"de_DE\" \/>\n<meta property=\"og:type\" content=\"article\" \/>\n<meta property=\"og:title\" content=\"Spa Strahlend klares Wasser - Spabad Limburg\" \/>\n<meta property=\"og:description\" content=\"M\u00f6chten Sie kristallklares Wasser? Mit unserem Spa Bright Klarwasser wird Ihr Whirlpoolwasser wieder erstklassig. Bestellen Sie es direkt bei Spabadlimburg.\" \/>\n<meta property=\"og:url\" content=\"https:\/\/www.spabad.dets.nl\/de\/product\/spa-strahlend-klares-wasser\/\" \/>\n<meta property=\"og:site_name\" content=\"Spabad Limburg\" \/>\n<meta property=\"article:modified_time\" content=\"2025-07-20T07:57:49+00:00\" \/>\n<meta property=\"og:image\" content=\"https:\/\/www.spabad.dets.nl\/wp-content\/uploads\/2025\/07\/Spa-bright-helder-water-scaled.jpg\" \/>\n\t<meta property=\"og:image:width\" content=\"1920\" \/>\n\t<meta property=\"og:image:height\" content=\"2560\" \/>\n\t<meta property=\"og:image:type\" content=\"image\/jpeg\" \/>\n<meta name=\"twitter:card\" content=\"summary_large_image\" \/>\n<meta name=\"twitter:label1\" content=\"Gesch\u00e4tzte Lesezeit\" \/>\n\t<meta name=\"twitter:data1\" content=\"1\u00a0Minute\" \/>\n<script type=\"application\/ld+json\" class=\"yoast-schema-graph\">{\"@context\":\"https:\\\/\\\/schema.org\",\"@graph\":[{\"@type\":\"WebPage\",\"@id\":\"https:\\\/\\\/www.spabad.dets.nl\\\/de\\\/product\\\/spa-strahlend-klares-wasser\\\/\",\"url\":\"https:\\\/\\\/www.spabad.dets.nl\\\/de\\\/product\\\/spa-strahlend-klares-wasser\\\/\",\"name\":\"Spa Strahlend klares Wasser - Spabad Limburg\",\"isPartOf\":{\"@id\":\"https:\\\/\\\/www.spabad.dets.nl\\\/de\\\/#website\"},\"primaryImageOfPage\":{\"@id\":\"https:\\\/\\\/www.spabad.dets.nl\\\/de\\\/product\\\/spa-strahlend-klares-wasser\\\/#primaryimage\"},\"image\":{\"@id\":\"https:\\\/\\\/www.spabad.dets.nl\\\/de\\\/product\\\/spa-strahlend-klares-wasser\\\/#primaryimage\"},\"thumbnailUrl\":\"https:\\\/\\\/www.spabad.dets.nl\\\/wp-content\\\/uploads\\\/2025\\\/07\\\/Spa-bright-helder-water-scaled.jpg\",\"datePublished\":\"2025-07-10T12:40:05+00:00\",\"dateModified\":\"2025-07-20T07:57:49+00:00\",\"description\":\"M\u00f6chten Sie kristallklares Wasser? Mit unserem Spa Bright Klarwasser wird Ihr Whirlpoolwasser wieder erstklassig. Bestellen Sie es direkt bei Spabadlimburg.\",\"breadcrumb\":{\"@id\":\"https:\\\/\\\/www.spabad.dets.nl\\\/de\\\/product\\\/spa-strahlend-klares-wasser\\\/#breadcrumb\"},\"inLanguage\":\"de\",\"potentialAction\":[{\"@type\":\"ReadAction\",\"target\":[\"https:\\\/\\\/www.spabad.dets.nl\\\/de\\\/product\\\/spa-strahlend-klares-wasser\\\/\"]}]},{\"@type\":\"ImageObject\",\"inLanguage\":\"de\",\"@id\":\"https:\\\/\\\/www.spabad.dets.nl\\\/de\\\/product\\\/spa-strahlend-klares-wasser\\\/#primaryimage\",\"url\":\"https:\\\/\\\/www.spabad.dets.nl\\\/wp-content\\\/uploads\\\/2025\\\/07\\\/Spa-bright-helder-water-scaled.jpg\",\"contentUrl\":\"https:\\\/\\\/www.spabad.dets.nl\\\/wp-content\\\/uploads\\\/2025\\\/07\\\/Spa-bright-helder-water-scaled.jpg\",\"width\":1920,\"height\":2560,\"caption\":\"Spa helles klares Wasser\"},{\"@type\":\"BreadcrumbList\",\"@id\":\"https:\\\/\\\/www.spabad.dets.nl\\\/de\\\/product\\\/spa-strahlend-klares-wasser\\\/#breadcrumb\",\"itemListElement\":[{\"@type\":\"ListItem\",\"position\":1,\"name\":\"Startseite\",\"item\":\"https:\\\/\\\/www.spabad.dets.nl\\\/de\\\/startseite-2\\\/\"},{\"@type\":\"ListItem\",\"position\":2,\"name\":\"Shop\",\"item\":\"https:\\\/\\\/www.spabad.dets.nl\\\/de\\\/shop-2\\\/\"},{\"@type\":\"ListItem\",\"position\":3,\"name\":\"Pflegeprodukte\",\"item\":\"https:\\\/\\\/www.spabad.dets.nl\\\/de\\\/product-categorie\\\/pflegeprodukte\\\/\"},{\"@type\":\"ListItem\",\"position\":4,\"name\":\"Spa Strahlend klares Wasser\"}]},{\"@type\":\"WebSite\",\"@id\":\"https:\\\/\\\/www.spabad.dets.nl\\\/de\\\/#website\",\"url\":\"https:\\\/\\\/www.spabad.dets.nl\\\/de\\\/\",\"name\":\"Spabad Limburg\",\"description\":\"Jacuzzi's en zwemspa's\",\"publisher\":{\"@id\":\"https:\\\/\\\/www.spabad.dets.nl\\\/de\\\/#organization\"},\"potentialAction\":[{\"@type\":\"SearchAction\",\"target\":{\"@type\":\"EntryPoint\",\"urlTemplate\":\"https:\\\/\\\/www.spabad.dets.nl\\\/de\\\/?s={search_term_string}\"},\"query-input\":{\"@type\":\"PropertyValueSpecification\",\"valueRequired\":true,\"valueName\":\"search_term_string\"}}],\"inLanguage\":\"de\"},{\"@type\":\"Organization\",\"@id\":\"https:\\\/\\\/www.spabad.dets.nl\\\/de\\\/#organization\",\"name\":\"Spabad Limburg\",\"url\":\"https:\\\/\\\/www.spabad.dets.nl\\\/de\\\/\",\"logo\":{\"@type\":\"ImageObject\",\"inLanguage\":\"de\",\"@id\":\"https:\\\/\\\/www.spabad.dets.nl\\\/de\\\/#\\\/schema\\\/logo\\\/image\\\/\",\"url\":\"https:\\\/\\\/www.spabad.dets.nl\\\/wp-content\\\/uploads\\\/2025\\\/01\\\/SpabadLimburg-Logo-Payoff-scaled.png\",\"contentUrl\":\"https:\\\/\\\/www.spabad.dets.nl\\\/wp-content\\\/uploads\\\/2025\\\/01\\\/SpabadLimburg-Logo-Payoff-scaled.png\",\"width\":2560,\"height\":548,\"caption\":\"Spabad Limburg\"},\"image\":{\"@id\":\"https:\\\/\\\/www.spabad.dets.nl\\\/de\\\/#\\\/schema\\\/logo\\\/image\\\/\"}}]}<\/script>\n<!-- \/ Yoast SEO plugin. -->","yoast_head_json":{"title":"Spa Strahlend klares Wasser - Spabad Limburg","description":"M\u00f6chten Sie kristallklares Wasser? Mit unserem Spa Bright Klarwasser wird Ihr Whirlpoolwasser wieder erstklassig. Bestellen Sie es direkt bei Spabadlimburg.","robots":{"index":"index","follow":"follow","max-snippet":"max-snippet:-1","max-image-preview":"max-image-preview:large","max-video-preview":"max-video-preview:-1"},"canonical":"https:\/\/www.spabad.dets.nl\/de\/product\/spa-strahlend-klares-wasser\/","og_locale":"de_DE","og_type":"article","og_title":"Spa Strahlend klares Wasser - Spabad Limburg","og_description":"M\u00f6chten Sie kristallklares Wasser? Mit unserem Spa Bright Klarwasser wird Ihr Whirlpoolwasser wieder erstklassig. Bestellen Sie es direkt bei Spabadlimburg.","og_url":"https:\/\/www.spabad.dets.nl\/de\/product\/spa-strahlend-klares-wasser\/","og_site_name":"Spabad Limburg","article_modified_time":"2025-07-20T07:57:49+00:00","og_image":[{"width":1920,"height":2560,"url":"https:\/\/www.spabad.dets.nl\/wp-content\/uploads\/2025\/07\/Spa-bright-helder-water-scaled.jpg","type":"image\/jpeg"}],"twitter_card":"summary_large_image","twitter_misc":{"Gesch\u00e4tzte Lesezeit":"1\u00a0Minute"},"schema":{"@context":"https:\/\/schema.org","@graph":[{"@type":"WebPage","@id":"https:\/\/www.spabad.dets.nl\/de\/product\/spa-strahlend-klares-wasser\/","url":"https:\/\/www.spabad.dets.nl\/de\/product\/spa-strahlend-klares-wasser\/","name":"Spa Strahlend klares Wasser - Spabad Limburg","isPartOf":{"@id":"https:\/\/www.spabad.dets.nl\/de\/#website"},"primaryImageOfPage":{"@id":"https:\/\/www.spabad.dets.nl\/de\/product\/spa-strahlend-klares-wasser\/#primaryimage"},"image":{"@id":"https:\/\/www.spabad.dets.nl\/de\/product\/spa-strahlend-klares-wasser\/#primaryimage"},"thumbnailUrl":"https:\/\/www.spabad.dets.nl\/wp-content\/uploads\/2025\/07\/Spa-bright-helder-water-scaled.jpg","datePublished":"2025-07-10T12:40:05+00:00","dateModified":"2025-07-20T07:57:49+00:00","description":"M\u00f6chten Sie kristallklares Wasser? Mit unserem Spa Bright Klarwasser wird Ihr Whirlpoolwasser wieder erstklassig. Bestellen Sie es direkt bei Spabadlimburg.","breadcrumb":{"@id":"https:\/\/www.spabad.dets.nl\/de\/product\/spa-strahlend-klares-wasser\/#breadcrumb"},"inLanguage":"de","potentialAction":[{"@type":"ReadAction","target":["https:\/\/www.spabad.dets.nl\/de\/product\/spa-strahlend-klares-wasser\/"]}]},{"@type":"ImageObject","inLanguage":"de","@id":"https:\/\/www.spabad.dets.nl\/de\/product\/spa-strahlend-klares-wasser\/#primaryimage","url":"https:\/\/www.spabad.dets.nl\/wp-content\/uploads\/2025\/07\/Spa-bright-helder-water-scaled.jpg","contentUrl":"https:\/\/www.spabad.dets.nl\/wp-content\/uploads\/2025\/07\/Spa-bright-helder-water-scaled.jpg","width":1920,"height":2560,"caption":"Spa helles klares Wasser"},{"@type":"BreadcrumbList","@id":"https:\/\/www.spabad.dets.nl\/de\/product\/spa-strahlend-klares-wasser\/#breadcrumb","itemListElement":[{"@type":"ListItem","position":1,"name":"Startseite","item":"https:\/\/www.spabad.dets.nl\/de\/startseite-2\/"},{"@type":"ListItem","position":2,"name":"Shop","item":"https:\/\/www.spabad.dets.nl\/de\/shop-2\/"},{"@type":"ListItem","position":3,"name":"Pflegeprodukte","item":"https:\/\/www.spabad.dets.nl\/de\/product-categorie\/pflegeprodukte\/"},{"@type":"ListItem","position":4,"name":"Spa Strahlend klares Wasser"}]},{"@type":"WebSite","@id":"https:\/\/www.spabad.dets.nl\/de\/#website","url":"https:\/\/www.spabad.dets.nl\/de\/","name":"Spabad Limburg","description":"Jacuzzi's en zwemspa's","publisher":{"@id":"https:\/\/www.spabad.dets.nl\/de\/#organization"},"potentialAction":[{"@type":"SearchAction","target":{"@type":"EntryPoint","urlTemplate":"https:\/\/www.spabad.dets.nl\/de\/?s={search_term_string}"},"query-input":{"@type":"PropertyValueSpecification","valueRequired":true,"valueName":"search_term_string"}}],"inLanguage":"de"},{"@type":"Organization","@id":"https:\/\/www.spabad.dets.nl\/de\/#organization","name":"Spabad Limburg","url":"https:\/\/www.spabad.dets.nl\/de\/","logo":{"@type":"ImageObject","inLanguage":"de","@id":"https:\/\/www.spabad.dets.nl\/de\/#\/schema\/logo\/image\/","url":"https:\/\/www.spabad.dets.nl\/wp-content\/uploads\/2025\/01\/SpabadLimburg-Logo-Payoff-scaled.png","contentUrl":"https:\/\/www.spabad.dets.nl\/wp-content\/uploads\/2025\/01\/SpabadLimburg-Logo-Payoff-scaled.png","width":2560,"height":548,"caption":"Spabad Limburg"},"image":{"@id":"https:\/\/www.spabad.dets.nl\/de\/#\/schema\/logo\/image\/"}}]}},"_links":{"self":[{"href":"https:\/\/www.spabad.dets.nl\/de\/wp-json\/wp\/v2\/product\/17256","targetHints":{"allow":["GET"]}}],"collection":[{"href":"https:\/\/www.spabad.dets.nl\/de\/wp-json\/wp\/v2\/product"}],"about":[{"href":"https:\/\/www.spabad.dets.nl\/de\/wp-json\/wp\/v2\/types\/product"}],"version-history":[{"count":0,"href":"https:\/\/www.spabad.dets.nl\/de\/wp-json\/wp\/v2\/product\/17256\/revisions"}],"wp:featuredmedia":[{"embeddable":true,"href":"https:\/\/www.spabad.dets.nl\/de\/wp-json\/wp\/v2\/media\/17254"}],"wp:attachment":[{"href":"https:\/\/www.spabad.dets.nl\/de\/wp-json\/wp\/v2\/media?parent=17256"}],"wp:term":[{"taxonomy":"product_brand","embeddable":true,"href":"https:\/\/www.spabad.dets.nl\/de\/wp-json\/wp\/v2\/product_brand?post=17256"},{"taxonomy":"product_cat","embeddable":true,"href":"https:\/\/www.spabad.dets.nl\/de\/wp-json\/wp\/v2\/product_cat?post=17256"},{"taxonomy":"product_tag","embeddable":true,"href":"https:\/\/www.spabad.dets.nl\/de\/wp-json\/wp\/v2\/product_tag?post=17256"}],"curies":[{"name":"wp","href":"https:\/\/api.w.org\/{rel}","templated":true}]}}