{"id":17235,"date":"2025-07-08T16:37:48","date_gmt":"2025-07-08T14:37:48","guid":{"rendered":"https:\/\/www.spabad.dets.nl\/product\/jacuzzi-reinigungsschlauch-reinigen\/"},"modified":"2025-07-20T10:03:09","modified_gmt":"2025-07-20T08:03:09","slug":"jacuzzi-reinigungsschlauch-reinigen","status":"publish","type":"product","link":"https:\/\/www.spabad.dets.nl\/de\/product\/jacuzzi-reinigungsschlauch-reinigen\/","title":{"rendered":"Jacuzzi-Reinigungsschlauch reinigen"},"content":{"rendered":"<h2>Jacuzzi-Reinigungsschlauch reinigen<\/h2>\n<p>Der Reiniger, auf den Sie auf keinen Fall verzichten k\u00f6nnen, ist jacuzzi cleaner tube clean. Dieser speziell entwickelte Reiniger reinigt dort, wo ein Tuch nicht hinkommt. Der Tube Clean reinigt die Rohre und D\u00fcsen Ihres Whirlpools. Einfach in der Anwendung und effektiv. Verwenden Sie pro 1m3 Wasser 250 ml Tube Clean. Geben Sie das Produkt hinzu, wenn Sie das Whirlpoolwasser auffrischen wollen. Entfernen Sie vorher alle Filter aus der Filteranlage, damit sie sich nicht f\u00fcllen. Nachdem Sie das Produkt hinzugef\u00fcgt haben, sp\u00fclen Sie die Pumpen und D\u00fcsen 2 x 15 Minuten lang durch. Schalten Sie dazu die D\u00fcsen ein.         <\/p>\n<h3>Renovierung<\/h3>\n<p>Nachdem Sie das Wasser 2 x 15 Minuten lang im Abstand von 30 Minuten gesp\u00fclt haben, k\u00f6nnen Sie das Wasser aus dem Whirlpool in einen Abfluss ablassen. Betreten Sie niemals das Wasser, wenn der Jacuzzi Rohrreiniger Tube Clean in das Wasser gegeben wurde. Stellen Sie sicher, dass Sie die Rohre des Whirlpools mit sauberem Wasser aussp\u00fclen und auch die Wanne gr\u00fcndlich reinigen. Dies kann mit dem Gartenschlauch oder zum Beispiel durch Nachf\u00fcllen des Whirlpools geschehen. Vergewissern Sie sich, dass das Wasser vollst\u00e4ndig aus Ihrem Whirlpool abgelaufen ist, bevor Sie neues Wasser f\u00fcr Ihren Whirlpool einf\u00fcllen.   <\/p>\n<h3>Start<\/h3>\n<p>Nachdem Sie den Whirlpool mit neuem und somit frischem Wasser bef\u00fcllt haben, vergewissern Sie sich, dass der PH-Wert stimmt. Danach k\u00f6nnen Sie mit der Verwendung von Chlor oder einem anderen Produkt beginnen. Viel Spa\u00df beim Genie\u00dfen Ihres sauberen Whirlpools. Sollten Sie Fragen oder Unklarheiten bei der Verwendung dieses Produkts oder eines unserer anderen Pflegeprodukte haben, wenden Sie sich bitte an spabadlimburg.  <\/p>\n","protected":false},"excerpt":{"rendered":"<p>Reinger f\u00fcr Jacuzzi-Rohre und -D\u00fcsen<\/p>\n<ul>\n<li>Reinigung von Rohren und D\u00fcsen<\/li>\n<li>500 ml<\/li>\n<\/ul>\n","protected":false},"featured_media":17219,"template":"","meta":{"_acf_changed":false},"product_brand":[],"product_cat":[209,214,211],"product_tag":[452,453,454,451],"class_list":{"0":"post-17235","1":"product","2":"type-product","3":"status-publish","4":"has-post-thumbnail","6":"product_cat-pflegeprodukte","7":"product_cat-schwimmendes-bad","8":"product_cat-spa-de","9":"product_tag-jacuzzi-reiniger-de","10":"product_tag-rohre","11":"product_tag-strahlreiniger","12":"product_tag-whirlpool-reiniger","14":"first","15":"instock","16":"taxable","17":"shipping-taxable","18":"purchasable","19":"product-type-simple"},"acf":[],"yoast_head":"<!-- This site is optimized with the Yoast SEO plugin v27.6 - https:\/\/yoast.com\/product\/yoast-seo-wordpress\/ -->\n<title>Jacuzzi-Reinigungsschlauch reinigen - Spabad Limburg<\/title>\n<meta name=\"description\" content=\"Jacuzzi Reiniger Rohr sauber direkt online kaufen bei spabadlimburg. Alle Rohre wieder sch\u00f6n und sauber. W\u00e4hlen Sie die richtigen Pflegeprodukte f\u00fcr Ihren Whirlpool.\" \/>\n<meta name=\"robots\" content=\"index, follow, max-snippet:-1, max-image-preview:large, max-video-preview:-1\" \/>\n<link rel=\"canonical\" href=\"https:\/\/www.spabad.dets.nl\/de\/product\/jacuzzi-reinigungsschlauch-reinigen\/\" \/>\n<meta property=\"og:locale\" content=\"de_DE\" \/>\n<meta property=\"og:type\" content=\"article\" \/>\n<meta property=\"og:title\" content=\"Jacuzzi-Reinigungsschlauch reinigen - Spabad Limburg\" \/>\n<meta property=\"og:description\" content=\"Jacuzzi Reiniger Rohr sauber direkt online kaufen bei spabadlimburg. Alle Rohre wieder sch\u00f6n und sauber. W\u00e4hlen Sie die richtigen Pflegeprodukte f\u00fcr Ihren Whirlpool.\" \/>\n<meta property=\"og:url\" content=\"https:\/\/www.spabad.dets.nl\/de\/product\/jacuzzi-reinigungsschlauch-reinigen\/\" \/>\n<meta property=\"og:site_name\" content=\"Spabad Limburg\" \/>\n<meta property=\"article:modified_time\" content=\"2025-07-20T08:03:09+00:00\" \/>\n<meta property=\"og:image\" content=\"https:\/\/www.spabad.dets.nl\/wp-content\/uploads\/2025\/07\/1000099252-scaled.jpg\" \/>\n\t<meta property=\"og:image:width\" content=\"1920\" \/>\n\t<meta property=\"og:image:height\" content=\"2560\" \/>\n\t<meta property=\"og:image:type\" content=\"image\/jpeg\" \/>\n<meta name=\"twitter:card\" content=\"summary_large_image\" \/>\n<meta name=\"twitter:label1\" content=\"Gesch\u00e4tzte Lesezeit\" \/>\n\t<meta name=\"twitter:data1\" content=\"1\u00a0Minute\" \/>\n<script type=\"application\/ld+json\" class=\"yoast-schema-graph\">{\"@context\":\"https:\\\/\\\/schema.org\",\"@graph\":[{\"@type\":\"WebPage\",\"@id\":\"https:\\\/\\\/www.spabad.dets.nl\\\/de\\\/product\\\/jacuzzi-reinigungsschlauch-reinigen\\\/\",\"url\":\"https:\\\/\\\/www.spabad.dets.nl\\\/de\\\/product\\\/jacuzzi-reinigungsschlauch-reinigen\\\/\",\"name\":\"Jacuzzi-Reinigungsschlauch reinigen - Spabad Limburg\",\"isPartOf\":{\"@id\":\"https:\\\/\\\/www.spabad.dets.nl\\\/de\\\/#website\"},\"primaryImageOfPage\":{\"@id\":\"https:\\\/\\\/www.spabad.dets.nl\\\/de\\\/product\\\/jacuzzi-reinigungsschlauch-reinigen\\\/#primaryimage\"},\"image\":{\"@id\":\"https:\\\/\\\/www.spabad.dets.nl\\\/de\\\/product\\\/jacuzzi-reinigungsschlauch-reinigen\\\/#primaryimage\"},\"thumbnailUrl\":\"https:\\\/\\\/www.spabad.dets.nl\\\/wp-content\\\/uploads\\\/2025\\\/07\\\/1000099252-scaled.jpg\",\"datePublished\":\"2025-07-08T14:37:48+00:00\",\"dateModified\":\"2025-07-20T08:03:09+00:00\",\"description\":\"Jacuzzi Reiniger Rohr sauber direkt online kaufen bei spabadlimburg. Alle Rohre wieder sch\u00f6n und sauber. W\u00e4hlen Sie die richtigen Pflegeprodukte f\u00fcr Ihren Whirlpool.\",\"breadcrumb\":{\"@id\":\"https:\\\/\\\/www.spabad.dets.nl\\\/de\\\/product\\\/jacuzzi-reinigungsschlauch-reinigen\\\/#breadcrumb\"},\"inLanguage\":\"de\",\"potentialAction\":[{\"@type\":\"ReadAction\",\"target\":[\"https:\\\/\\\/www.spabad.dets.nl\\\/de\\\/product\\\/jacuzzi-reinigungsschlauch-reinigen\\\/\"]}]},{\"@type\":\"ImageObject\",\"inLanguage\":\"de\",\"@id\":\"https:\\\/\\\/www.spabad.dets.nl\\\/de\\\/product\\\/jacuzzi-reinigungsschlauch-reinigen\\\/#primaryimage\",\"url\":\"https:\\\/\\\/www.spabad.dets.nl\\\/wp-content\\\/uploads\\\/2025\\\/07\\\/1000099252-scaled.jpg\",\"contentUrl\":\"https:\\\/\\\/www.spabad.dets.nl\\\/wp-content\\\/uploads\\\/2025\\\/07\\\/1000099252-scaled.jpg\",\"width\":1920,\"height\":2560,\"caption\":\"Jacuzzi Rohrreiniger Rohr reinigen\"},{\"@type\":\"BreadcrumbList\",\"@id\":\"https:\\\/\\\/www.spabad.dets.nl\\\/de\\\/product\\\/jacuzzi-reinigungsschlauch-reinigen\\\/#breadcrumb\",\"itemListElement\":[{\"@type\":\"ListItem\",\"position\":1,\"name\":\"Startseite\",\"item\":\"https:\\\/\\\/www.spabad.dets.nl\\\/de\\\/startseite-2\\\/\"},{\"@type\":\"ListItem\",\"position\":2,\"name\":\"Shop\",\"item\":\"https:\\\/\\\/www.spabad.dets.nl\\\/de\\\/shop-2\\\/\"},{\"@type\":\"ListItem\",\"position\":3,\"name\":\"Pflegeprodukte\",\"item\":\"https:\\\/\\\/www.spabad.dets.nl\\\/de\\\/product-categorie\\\/pflegeprodukte\\\/\"},{\"@type\":\"ListItem\",\"position\":4,\"name\":\"Jacuzzi-Reinigungsschlauch reinigen\"}]},{\"@type\":\"WebSite\",\"@id\":\"https:\\\/\\\/www.spabad.dets.nl\\\/de\\\/#website\",\"url\":\"https:\\\/\\\/www.spabad.dets.nl\\\/de\\\/\",\"name\":\"Spabad Limburg\",\"description\":\"Jacuzzi's en zwemspa's\",\"publisher\":{\"@id\":\"https:\\\/\\\/www.spabad.dets.nl\\\/de\\\/#organization\"},\"potentialAction\":[{\"@type\":\"SearchAction\",\"target\":{\"@type\":\"EntryPoint\",\"urlTemplate\":\"https:\\\/\\\/www.spabad.dets.nl\\\/de\\\/?s={search_term_string}\"},\"query-input\":{\"@type\":\"PropertyValueSpecification\",\"valueRequired\":true,\"valueName\":\"search_term_string\"}}],\"inLanguage\":\"de\"},{\"@type\":\"Organization\",\"@id\":\"https:\\\/\\\/www.spabad.dets.nl\\\/de\\\/#organization\",\"name\":\"Spabad Limburg\",\"url\":\"https:\\\/\\\/www.spabad.dets.nl\\\/de\\\/\",\"logo\":{\"@type\":\"ImageObject\",\"inLanguage\":\"de\",\"@id\":\"https:\\\/\\\/www.spabad.dets.nl\\\/de\\\/#\\\/schema\\\/logo\\\/image\\\/\",\"url\":\"https:\\\/\\\/www.spabad.dets.nl\\\/wp-content\\\/uploads\\\/2025\\\/01\\\/SpabadLimburg-Logo-Payoff-scaled.png\",\"contentUrl\":\"https:\\\/\\\/www.spabad.dets.nl\\\/wp-content\\\/uploads\\\/2025\\\/01\\\/SpabadLimburg-Logo-Payoff-scaled.png\",\"width\":2560,\"height\":548,\"caption\":\"Spabad Limburg\"},\"image\":{\"@id\":\"https:\\\/\\\/www.spabad.dets.nl\\\/de\\\/#\\\/schema\\\/logo\\\/image\\\/\"}}]}<\/script>\n<!-- \/ Yoast SEO plugin. -->","yoast_head_json":{"title":"Jacuzzi-Reinigungsschlauch reinigen - Spabad Limburg","description":"Jacuzzi Reiniger Rohr sauber direkt online kaufen bei spabadlimburg. Alle Rohre wieder sch\u00f6n und sauber. W\u00e4hlen Sie die richtigen Pflegeprodukte f\u00fcr Ihren Whirlpool.","robots":{"index":"index","follow":"follow","max-snippet":"max-snippet:-1","max-image-preview":"max-image-preview:large","max-video-preview":"max-video-preview:-1"},"canonical":"https:\/\/www.spabad.dets.nl\/de\/product\/jacuzzi-reinigungsschlauch-reinigen\/","og_locale":"de_DE","og_type":"article","og_title":"Jacuzzi-Reinigungsschlauch reinigen - Spabad Limburg","og_description":"Jacuzzi Reiniger Rohr sauber direkt online kaufen bei spabadlimburg. Alle Rohre wieder sch\u00f6n und sauber. W\u00e4hlen Sie die richtigen Pflegeprodukte f\u00fcr Ihren Whirlpool.","og_url":"https:\/\/www.spabad.dets.nl\/de\/product\/jacuzzi-reinigungsschlauch-reinigen\/","og_site_name":"Spabad Limburg","article_modified_time":"2025-07-20T08:03:09+00:00","og_image":[{"width":1920,"height":2560,"url":"https:\/\/www.spabad.dets.nl\/wp-content\/uploads\/2025\/07\/1000099252-scaled.jpg","type":"image\/jpeg"}],"twitter_card":"summary_large_image","twitter_misc":{"Gesch\u00e4tzte Lesezeit":"1\u00a0Minute"},"schema":{"@context":"https:\/\/schema.org","@graph":[{"@type":"WebPage","@id":"https:\/\/www.spabad.dets.nl\/de\/product\/jacuzzi-reinigungsschlauch-reinigen\/","url":"https:\/\/www.spabad.dets.nl\/de\/product\/jacuzzi-reinigungsschlauch-reinigen\/","name":"Jacuzzi-Reinigungsschlauch reinigen - Spabad Limburg","isPartOf":{"@id":"https:\/\/www.spabad.dets.nl\/de\/#website"},"primaryImageOfPage":{"@id":"https:\/\/www.spabad.dets.nl\/de\/product\/jacuzzi-reinigungsschlauch-reinigen\/#primaryimage"},"image":{"@id":"https:\/\/www.spabad.dets.nl\/de\/product\/jacuzzi-reinigungsschlauch-reinigen\/#primaryimage"},"thumbnailUrl":"https:\/\/www.spabad.dets.nl\/wp-content\/uploads\/2025\/07\/1000099252-scaled.jpg","datePublished":"2025-07-08T14:37:48+00:00","dateModified":"2025-07-20T08:03:09+00:00","description":"Jacuzzi Reiniger Rohr sauber direkt online kaufen bei spabadlimburg. Alle Rohre wieder sch\u00f6n und sauber. W\u00e4hlen Sie die richtigen Pflegeprodukte f\u00fcr Ihren Whirlpool.","breadcrumb":{"@id":"https:\/\/www.spabad.dets.nl\/de\/product\/jacuzzi-reinigungsschlauch-reinigen\/#breadcrumb"},"inLanguage":"de","potentialAction":[{"@type":"ReadAction","target":["https:\/\/www.spabad.dets.nl\/de\/product\/jacuzzi-reinigungsschlauch-reinigen\/"]}]},{"@type":"ImageObject","inLanguage":"de","@id":"https:\/\/www.spabad.dets.nl\/de\/product\/jacuzzi-reinigungsschlauch-reinigen\/#primaryimage","url":"https:\/\/www.spabad.dets.nl\/wp-content\/uploads\/2025\/07\/1000099252-scaled.jpg","contentUrl":"https:\/\/www.spabad.dets.nl\/wp-content\/uploads\/2025\/07\/1000099252-scaled.jpg","width":1920,"height":2560,"caption":"Jacuzzi Rohrreiniger Rohr reinigen"},{"@type":"BreadcrumbList","@id":"https:\/\/www.spabad.dets.nl\/de\/product\/jacuzzi-reinigungsschlauch-reinigen\/#breadcrumb","itemListElement":[{"@type":"ListItem","position":1,"name":"Startseite","item":"https:\/\/www.spabad.dets.nl\/de\/startseite-2\/"},{"@type":"ListItem","position":2,"name":"Shop","item":"https:\/\/www.spabad.dets.nl\/de\/shop-2\/"},{"@type":"ListItem","position":3,"name":"Pflegeprodukte","item":"https:\/\/www.spabad.dets.nl\/de\/product-categorie\/pflegeprodukte\/"},{"@type":"ListItem","position":4,"name":"Jacuzzi-Reinigungsschlauch reinigen"}]},{"@type":"WebSite","@id":"https:\/\/www.spabad.dets.nl\/de\/#website","url":"https:\/\/www.spabad.dets.nl\/de\/","name":"Spabad Limburg","description":"Jacuzzi's en zwemspa's","publisher":{"@id":"https:\/\/www.spabad.dets.nl\/de\/#organization"},"potentialAction":[{"@type":"SearchAction","target":{"@type":"EntryPoint","urlTemplate":"https:\/\/www.spabad.dets.nl\/de\/?s={search_term_string}"},"query-input":{"@type":"PropertyValueSpecification","valueRequired":true,"valueName":"search_term_string"}}],"inLanguage":"de"},{"@type":"Organization","@id":"https:\/\/www.spabad.dets.nl\/de\/#organization","name":"Spabad Limburg","url":"https:\/\/www.spabad.dets.nl\/de\/","logo":{"@type":"ImageObject","inLanguage":"de","@id":"https:\/\/www.spabad.dets.nl\/de\/#\/schema\/logo\/image\/","url":"https:\/\/www.spabad.dets.nl\/wp-content\/uploads\/2025\/01\/SpabadLimburg-Logo-Payoff-scaled.png","contentUrl":"https:\/\/www.spabad.dets.nl\/wp-content\/uploads\/2025\/01\/SpabadLimburg-Logo-Payoff-scaled.png","width":2560,"height":548,"caption":"Spabad Limburg"},"image":{"@id":"https:\/\/www.spabad.dets.nl\/de\/#\/schema\/logo\/image\/"}}]}},"_links":{"self":[{"href":"https:\/\/www.spabad.dets.nl\/de\/wp-json\/wp\/v2\/product\/17235","targetHints":{"allow":["GET"]}}],"collection":[{"href":"https:\/\/www.spabad.dets.nl\/de\/wp-json\/wp\/v2\/product"}],"about":[{"href":"https:\/\/www.spabad.dets.nl\/de\/wp-json\/wp\/v2\/types\/product"}],"version-history":[{"count":0,"href":"https:\/\/www.spabad.dets.nl\/de\/wp-json\/wp\/v2\/product\/17235\/revisions"}],"wp:featuredmedia":[{"embeddable":true,"href":"https:\/\/www.spabad.dets.nl\/de\/wp-json\/wp\/v2\/media\/17219"}],"wp:attachment":[{"href":"https:\/\/www.spabad.dets.nl\/de\/wp-json\/wp\/v2\/media?parent=17235"}],"wp:term":[{"taxonomy":"product_brand","embeddable":true,"href":"https:\/\/www.spabad.dets.nl\/de\/wp-json\/wp\/v2\/product_brand?post=17235"},{"taxonomy":"product_cat","embeddable":true,"href":"https:\/\/www.spabad.dets.nl\/de\/wp-json\/wp\/v2\/product_cat?post=17235"},{"taxonomy":"product_tag","embeddable":true,"href":"https:\/\/www.spabad.dets.nl\/de\/wp-json\/wp\/v2\/product_tag?post=17235"}],"curies":[{"name":"wp","href":"https:\/\/api.w.org\/{rel}","templated":true}]}}