{"id":17036,"date":"2025-06-24T16:29:06","date_gmt":"2025-06-24T14:29:06","guid":{"rendered":"https:\/\/www.spabad.dets.nl\/product\/jacuzzi-wannenreiniger-spas-citrus-cleaner\/"},"modified":"2025-07-20T10:06:46","modified_gmt":"2025-07-20T08:06:46","slug":"jacuzzi-wannenreiniger-spas-citrus-cleaner","status":"publish","type":"product","link":"https:\/\/www.spabad.dets.nl\/de\/product\/jacuzzi-wannenreiniger-spas-citrus-cleaner\/","title":{"rendered":"Jacuzzi Wannenreiniger Spas Zitrusfr\u00fcchte"},"content":{"rendered":"<h2>Jacuzzi Wannenreiniger Spas Zitrusfr\u00fcchte<\/h2>\n<p>Dieser Whirlpool-Wannenreiniger spas citrus macht Ihren Whirlpool wieder wie neu. Wenn die Wanne Ihres Whirlpools verschmutzt ist, reinigen Sie die Wanne einfach mit diesem Reiniger auf Zitrusbasis. Mit der nat\u00fcrlichen Reinigungskraft von Zitrusfr\u00fcchten f\u00fcr alle Kunststoffoberfl\u00e4chen im Whirlpool. Spr\u00fchen Sie den Reiniger auf die zu reinigende Oberfl\u00e4che. Wischen Sie die Oberfl\u00e4chen mit einem feuchten Tuch oder Schwamm ab. Sp\u00fclen Sie die Oberfl\u00e4chen nach dem Gebrauch gut ab.     <\/p>\n<p>Kombinieren Sie den Jacuzzi Wannenreiniger spas citrus mit einem Zauberschwamm aus unserem Sortiment oder einem Handschuh aus unserem Reinigungssortiment. Auf diese Weise kombinieren Sie die richtigen Produkte.  Verwenden Sie diesen Whirlpool-Reiniger, wenn Sie das Wasser wechseln. Reinigen Sie die Wanne mit diesem Reiniger und sp\u00fclen Sie dann alles gr\u00fcndlich aus. Stellen Sie sicher, dass das zum Sp\u00fclen verwendete Wasser vollst\u00e4ndig entfernt wird, wenn Sie den Whirlpool mit neuem Wasser f\u00fcllen.  <\/p>\n<h3>Bad in Betrieb nehmen<\/h3>\n<p>Verwenden Sie bei der Inbetriebnahme nach der gr\u00fcndlichen Reinigung mit dem Jacuzzi-Wannenreiniger spas citrus frisches Wasser mit Rohrtemperatur. Achten Sie darauf, dass die Wanne niemals durch zu hei\u00dfes oder zu kaltes Wasser in Kombination mit der Umgebungstemperatur geschockt wird. F\u00fcllen Sie Ihren Whirlpool im Winter zum Beispiel nie mit warmem Wasser. Danach machen Sie sich an die Arbeit mit dem PH-Wert. Wir halten diesen gerne zwischen 7,2 und 7,6. Danach f\u00fcgen wir Chlor oder ein anderes gew\u00fcnschtes Produkt hinzu. Sie k\u00f6nnen zum Beispiel aqua perfect, aqua finesse oder o&#8217;care verwenden. Diese Wasseraufbereitungspakete machen es noch einfacher, das Wasser in Ihrem Whirlpool zu pflegen und zu genie\u00dfen.       <\/p>\n<p>Wussten Sie, dass wir auch digitale Tester in unserem Sortiment haben? Au\u00dferdem finden Sie alle Pflegeprodukte in unserem Webshop. Wenn Sie Fragen zu diesem Zitrusreiniger oder anderen Pflegeprodukten haben, schicken Sie uns eine E-Mail und wir helfen Ihnen gerne weiter. Sie finden unser Gesch\u00e4ft mit Produkten auch zentral gelegen in der Dr Nolenslaan in Sittard, Limburg.   <\/p>\n","protected":false},"excerpt":{"rendered":"<p>Spr\u00fchreiniger mit der nat\u00fcrlichen Reinigungskraft von Zitrusfr\u00fcchten.<\/p>\n","protected":false},"featured_media":17223,"template":"","meta":{"_acf_changed":false},"product_brand":[],"product_cat":[209,214,211],"product_tag":[452,458,457],"class_list":{"0":"post-17036","1":"product","2":"type-product","3":"status-publish","4":"has-post-thumbnail","6":"product_cat-pflegeprodukte","7":"product_cat-schwimmendes-bad","8":"product_cat-spa-de","9":"product_tag-jacuzzi-reiniger-de","10":"product_tag-wannenreiniger","11":"product_tag-wellness-zitrusreiniger","13":"first","14":"instock","15":"taxable","16":"shipping-taxable","17":"purchasable","18":"product-type-simple"},"acf":[],"yoast_head":"<!-- This site is optimized with the Yoast SEO plugin v27.5 - https:\/\/yoast.com\/product\/yoast-seo-wordpress\/ -->\n<title>Jacuzzi Wannenreiniger Spas Zitrusfr\u00fcchte - Spabad Limburg<\/title>\n<meta name=\"description\" content=\"Mit diesem Jacuzzi-Wannenreiniger spas citrus reinigen Sie die Wanne Ihres Whirlpools im Handumdrehen. Eine frische Wanne. Bestellen Sie direkt bei spabadlimburg.\" \/>\n<meta name=\"robots\" content=\"index, follow, max-snippet:-1, max-image-preview:large, max-video-preview:-1\" \/>\n<link rel=\"canonical\" href=\"https:\/\/www.spabad.dets.nl\/de\/product\/jacuzzi-wannenreiniger-spas-citrus-cleaner\/\" \/>\n<meta property=\"og:locale\" content=\"de_DE\" \/>\n<meta property=\"og:type\" content=\"article\" \/>\n<meta property=\"og:title\" content=\"Jacuzzi Wannenreiniger Spas Zitrusfr\u00fcchte - Spabad Limburg\" \/>\n<meta property=\"og:description\" content=\"Mit diesem Jacuzzi-Wannenreiniger spas citrus reinigen Sie die Wanne Ihres Whirlpools im Handumdrehen. Eine frische Wanne. Bestellen Sie direkt bei spabadlimburg.\" \/>\n<meta property=\"og:url\" content=\"https:\/\/www.spabad.dets.nl\/de\/product\/jacuzzi-wannenreiniger-spas-citrus-cleaner\/\" \/>\n<meta property=\"og:site_name\" content=\"Spabad Limburg\" \/>\n<meta property=\"article:modified_time\" content=\"2025-07-20T08:06:46+00:00\" \/>\n<meta property=\"og:image\" content=\"https:\/\/www.spabad.dets.nl\/wp-content\/uploads\/2025\/07\/1000099256-scaled.jpg\" \/>\n\t<meta property=\"og:image:width\" content=\"1920\" \/>\n\t<meta property=\"og:image:height\" content=\"2560\" \/>\n\t<meta property=\"og:image:type\" content=\"image\/jpeg\" \/>\n<meta name=\"twitter:card\" content=\"summary_large_image\" \/>\n<meta name=\"twitter:label1\" content=\"Gesch\u00e4tzte Lesezeit\" \/>\n\t<meta name=\"twitter:data1\" content=\"2\u00a0Minuten\" \/>\n<script type=\"application\/ld+json\" class=\"yoast-schema-graph\">{\"@context\":\"https:\\\/\\\/schema.org\",\"@graph\":[{\"@type\":\"WebPage\",\"@id\":\"https:\\\/\\\/www.spabad.dets.nl\\\/de\\\/product\\\/jacuzzi-wannenreiniger-spas-citrus-cleaner\\\/\",\"url\":\"https:\\\/\\\/www.spabad.dets.nl\\\/de\\\/product\\\/jacuzzi-wannenreiniger-spas-citrus-cleaner\\\/\",\"name\":\"Jacuzzi Wannenreiniger Spas Zitrusfr\u00fcchte - Spabad Limburg\",\"isPartOf\":{\"@id\":\"https:\\\/\\\/www.spabad.dets.nl\\\/de\\\/#website\"},\"primaryImageOfPage\":{\"@id\":\"https:\\\/\\\/www.spabad.dets.nl\\\/de\\\/product\\\/jacuzzi-wannenreiniger-spas-citrus-cleaner\\\/#primaryimage\"},\"image\":{\"@id\":\"https:\\\/\\\/www.spabad.dets.nl\\\/de\\\/product\\\/jacuzzi-wannenreiniger-spas-citrus-cleaner\\\/#primaryimage\"},\"thumbnailUrl\":\"https:\\\/\\\/www.spabad.dets.nl\\\/wp-content\\\/uploads\\\/2025\\\/07\\\/1000099256-scaled.jpg\",\"datePublished\":\"2025-06-24T14:29:06+00:00\",\"dateModified\":\"2025-07-20T08:06:46+00:00\",\"description\":\"Mit diesem Jacuzzi-Wannenreiniger spas citrus reinigen Sie die Wanne Ihres Whirlpools im Handumdrehen. Eine frische Wanne. Bestellen Sie direkt bei spabadlimburg.\",\"breadcrumb\":{\"@id\":\"https:\\\/\\\/www.spabad.dets.nl\\\/de\\\/product\\\/jacuzzi-wannenreiniger-spas-citrus-cleaner\\\/#breadcrumb\"},\"inLanguage\":\"de\",\"potentialAction\":[{\"@type\":\"ReadAction\",\"target\":[\"https:\\\/\\\/www.spabad.dets.nl\\\/de\\\/product\\\/jacuzzi-wannenreiniger-spas-citrus-cleaner\\\/\"]}]},{\"@type\":\"ImageObject\",\"inLanguage\":\"de\",\"@id\":\"https:\\\/\\\/www.spabad.dets.nl\\\/de\\\/product\\\/jacuzzi-wannenreiniger-spas-citrus-cleaner\\\/#primaryimage\",\"url\":\"https:\\\/\\\/www.spabad.dets.nl\\\/wp-content\\\/uploads\\\/2025\\\/07\\\/1000099256-scaled.jpg\",\"contentUrl\":\"https:\\\/\\\/www.spabad.dets.nl\\\/wp-content\\\/uploads\\\/2025\\\/07\\\/1000099256-scaled.jpg\",\"width\":1920,\"height\":2560,\"caption\":\"Jacuzzi-Reiniger Zitrusreiniger\"},{\"@type\":\"BreadcrumbList\",\"@id\":\"https:\\\/\\\/www.spabad.dets.nl\\\/de\\\/product\\\/jacuzzi-wannenreiniger-spas-citrus-cleaner\\\/#breadcrumb\",\"itemListElement\":[{\"@type\":\"ListItem\",\"position\":1,\"name\":\"Startseite\",\"item\":\"https:\\\/\\\/www.spabad.dets.nl\\\/de\\\/startseite-2\\\/\"},{\"@type\":\"ListItem\",\"position\":2,\"name\":\"Shop\",\"item\":\"https:\\\/\\\/www.spabad.dets.nl\\\/de\\\/shop-2\\\/\"},{\"@type\":\"ListItem\",\"position\":3,\"name\":\"Pflegeprodukte\",\"item\":\"https:\\\/\\\/www.spabad.dets.nl\\\/de\\\/product-categorie\\\/pflegeprodukte\\\/\"},{\"@type\":\"ListItem\",\"position\":4,\"name\":\"Jacuzzi Wannenreiniger Spas Zitrusfr\u00fcchte\"}]},{\"@type\":\"WebSite\",\"@id\":\"https:\\\/\\\/www.spabad.dets.nl\\\/de\\\/#website\",\"url\":\"https:\\\/\\\/www.spabad.dets.nl\\\/de\\\/\",\"name\":\"Spabad Limburg\",\"description\":\"Jacuzzi's en zwemspa's\",\"publisher\":{\"@id\":\"https:\\\/\\\/www.spabad.dets.nl\\\/de\\\/#organization\"},\"potentialAction\":[{\"@type\":\"SearchAction\",\"target\":{\"@type\":\"EntryPoint\",\"urlTemplate\":\"https:\\\/\\\/www.spabad.dets.nl\\\/de\\\/?s={search_term_string}\"},\"query-input\":{\"@type\":\"PropertyValueSpecification\",\"valueRequired\":true,\"valueName\":\"search_term_string\"}}],\"inLanguage\":\"de\"},{\"@type\":\"Organization\",\"@id\":\"https:\\\/\\\/www.spabad.dets.nl\\\/de\\\/#organization\",\"name\":\"Spabad Limburg\",\"url\":\"https:\\\/\\\/www.spabad.dets.nl\\\/de\\\/\",\"logo\":{\"@type\":\"ImageObject\",\"inLanguage\":\"de\",\"@id\":\"https:\\\/\\\/www.spabad.dets.nl\\\/de\\\/#\\\/schema\\\/logo\\\/image\\\/\",\"url\":\"https:\\\/\\\/www.spabad.dets.nl\\\/wp-content\\\/uploads\\\/2025\\\/01\\\/SpabadLimburg-Logo-Payoff-scaled.png\",\"contentUrl\":\"https:\\\/\\\/www.spabad.dets.nl\\\/wp-content\\\/uploads\\\/2025\\\/01\\\/SpabadLimburg-Logo-Payoff-scaled.png\",\"width\":2560,\"height\":548,\"caption\":\"Spabad Limburg\"},\"image\":{\"@id\":\"https:\\\/\\\/www.spabad.dets.nl\\\/de\\\/#\\\/schema\\\/logo\\\/image\\\/\"}}]}<\/script>\n<!-- \/ Yoast SEO plugin. -->","yoast_head_json":{"title":"Jacuzzi Wannenreiniger Spas Zitrusfr\u00fcchte - Spabad Limburg","description":"Mit diesem Jacuzzi-Wannenreiniger spas citrus reinigen Sie die Wanne Ihres Whirlpools im Handumdrehen. Eine frische Wanne. Bestellen Sie direkt bei spabadlimburg.","robots":{"index":"index","follow":"follow","max-snippet":"max-snippet:-1","max-image-preview":"max-image-preview:large","max-video-preview":"max-video-preview:-1"},"canonical":"https:\/\/www.spabad.dets.nl\/de\/product\/jacuzzi-wannenreiniger-spas-citrus-cleaner\/","og_locale":"de_DE","og_type":"article","og_title":"Jacuzzi Wannenreiniger Spas Zitrusfr\u00fcchte - Spabad Limburg","og_description":"Mit diesem Jacuzzi-Wannenreiniger spas citrus reinigen Sie die Wanne Ihres Whirlpools im Handumdrehen. Eine frische Wanne. Bestellen Sie direkt bei spabadlimburg.","og_url":"https:\/\/www.spabad.dets.nl\/de\/product\/jacuzzi-wannenreiniger-spas-citrus-cleaner\/","og_site_name":"Spabad Limburg","article_modified_time":"2025-07-20T08:06:46+00:00","og_image":[{"width":1920,"height":2560,"url":"https:\/\/www.spabad.dets.nl\/wp-content\/uploads\/2025\/07\/1000099256-scaled.jpg","type":"image\/jpeg"}],"twitter_card":"summary_large_image","twitter_misc":{"Gesch\u00e4tzte Lesezeit":"2\u00a0Minuten"},"schema":{"@context":"https:\/\/schema.org","@graph":[{"@type":"WebPage","@id":"https:\/\/www.spabad.dets.nl\/de\/product\/jacuzzi-wannenreiniger-spas-citrus-cleaner\/","url":"https:\/\/www.spabad.dets.nl\/de\/product\/jacuzzi-wannenreiniger-spas-citrus-cleaner\/","name":"Jacuzzi Wannenreiniger Spas Zitrusfr\u00fcchte - Spabad Limburg","isPartOf":{"@id":"https:\/\/www.spabad.dets.nl\/de\/#website"},"primaryImageOfPage":{"@id":"https:\/\/www.spabad.dets.nl\/de\/product\/jacuzzi-wannenreiniger-spas-citrus-cleaner\/#primaryimage"},"image":{"@id":"https:\/\/www.spabad.dets.nl\/de\/product\/jacuzzi-wannenreiniger-spas-citrus-cleaner\/#primaryimage"},"thumbnailUrl":"https:\/\/www.spabad.dets.nl\/wp-content\/uploads\/2025\/07\/1000099256-scaled.jpg","datePublished":"2025-06-24T14:29:06+00:00","dateModified":"2025-07-20T08:06:46+00:00","description":"Mit diesem Jacuzzi-Wannenreiniger spas citrus reinigen Sie die Wanne Ihres Whirlpools im Handumdrehen. Eine frische Wanne. Bestellen Sie direkt bei spabadlimburg.","breadcrumb":{"@id":"https:\/\/www.spabad.dets.nl\/de\/product\/jacuzzi-wannenreiniger-spas-citrus-cleaner\/#breadcrumb"},"inLanguage":"de","potentialAction":[{"@type":"ReadAction","target":["https:\/\/www.spabad.dets.nl\/de\/product\/jacuzzi-wannenreiniger-spas-citrus-cleaner\/"]}]},{"@type":"ImageObject","inLanguage":"de","@id":"https:\/\/www.spabad.dets.nl\/de\/product\/jacuzzi-wannenreiniger-spas-citrus-cleaner\/#primaryimage","url":"https:\/\/www.spabad.dets.nl\/wp-content\/uploads\/2025\/07\/1000099256-scaled.jpg","contentUrl":"https:\/\/www.spabad.dets.nl\/wp-content\/uploads\/2025\/07\/1000099256-scaled.jpg","width":1920,"height":2560,"caption":"Jacuzzi-Reiniger Zitrusreiniger"},{"@type":"BreadcrumbList","@id":"https:\/\/www.spabad.dets.nl\/de\/product\/jacuzzi-wannenreiniger-spas-citrus-cleaner\/#breadcrumb","itemListElement":[{"@type":"ListItem","position":1,"name":"Startseite","item":"https:\/\/www.spabad.dets.nl\/de\/startseite-2\/"},{"@type":"ListItem","position":2,"name":"Shop","item":"https:\/\/www.spabad.dets.nl\/de\/shop-2\/"},{"@type":"ListItem","position":3,"name":"Pflegeprodukte","item":"https:\/\/www.spabad.dets.nl\/de\/product-categorie\/pflegeprodukte\/"},{"@type":"ListItem","position":4,"name":"Jacuzzi Wannenreiniger Spas Zitrusfr\u00fcchte"}]},{"@type":"WebSite","@id":"https:\/\/www.spabad.dets.nl\/de\/#website","url":"https:\/\/www.spabad.dets.nl\/de\/","name":"Spabad Limburg","description":"Jacuzzi's en zwemspa's","publisher":{"@id":"https:\/\/www.spabad.dets.nl\/de\/#organization"},"potentialAction":[{"@type":"SearchAction","target":{"@type":"EntryPoint","urlTemplate":"https:\/\/www.spabad.dets.nl\/de\/?s={search_term_string}"},"query-input":{"@type":"PropertyValueSpecification","valueRequired":true,"valueName":"search_term_string"}}],"inLanguage":"de"},{"@type":"Organization","@id":"https:\/\/www.spabad.dets.nl\/de\/#organization","name":"Spabad Limburg","url":"https:\/\/www.spabad.dets.nl\/de\/","logo":{"@type":"ImageObject","inLanguage":"de","@id":"https:\/\/www.spabad.dets.nl\/de\/#\/schema\/logo\/image\/","url":"https:\/\/www.spabad.dets.nl\/wp-content\/uploads\/2025\/01\/SpabadLimburg-Logo-Payoff-scaled.png","contentUrl":"https:\/\/www.spabad.dets.nl\/wp-content\/uploads\/2025\/01\/SpabadLimburg-Logo-Payoff-scaled.png","width":2560,"height":548,"caption":"Spabad Limburg"},"image":{"@id":"https:\/\/www.spabad.dets.nl\/de\/#\/schema\/logo\/image\/"}}]}},"_links":{"self":[{"href":"https:\/\/www.spabad.dets.nl\/de\/wp-json\/wp\/v2\/product\/17036","targetHints":{"allow":["GET"]}}],"collection":[{"href":"https:\/\/www.spabad.dets.nl\/de\/wp-json\/wp\/v2\/product"}],"about":[{"href":"https:\/\/www.spabad.dets.nl\/de\/wp-json\/wp\/v2\/types\/product"}],"version-history":[{"count":0,"href":"https:\/\/www.spabad.dets.nl\/de\/wp-json\/wp\/v2\/product\/17036\/revisions"}],"wp:featuredmedia":[{"embeddable":true,"href":"https:\/\/www.spabad.dets.nl\/de\/wp-json\/wp\/v2\/media\/17223"}],"wp:attachment":[{"href":"https:\/\/www.spabad.dets.nl\/de\/wp-json\/wp\/v2\/media?parent=17036"}],"wp:term":[{"taxonomy":"product_brand","embeddable":true,"href":"https:\/\/www.spabad.dets.nl\/de\/wp-json\/wp\/v2\/product_brand?post=17036"},{"taxonomy":"product_cat","embeddable":true,"href":"https:\/\/www.spabad.dets.nl\/de\/wp-json\/wp\/v2\/product_cat?post=17036"},{"taxonomy":"product_tag","embeddable":true,"href":"https:\/\/www.spabad.dets.nl\/de\/wp-json\/wp\/v2\/product_tag?post=17036"}],"curies":[{"name":"wp","href":"https:\/\/api.w.org\/{rel}","templated":true}]}}