{"id":16538,"date":"2025-01-17T11:13:42","date_gmt":"2025-01-17T10:13:42","guid":{"rendered":"https:\/\/www.spabad.dets.nl\/product\/wellis-myline-ferienhaus\/"},"modified":"2025-11-25T15:58:45","modified_gmt":"2025-11-25T14:58:45","slug":"wellis-holiday-let","status":"publish","type":"product","link":"https:\/\/www.spabad.dets.nl\/de\/product\/wellis-holiday-let\/","title":{"rendered":"Wellis Holiday let spa"},"content":{"rendered":"<h2>Wellis holiday let Spa<\/h2>\n<p>Das Wellis Holiday Let Spa ist mit allen modernen Annehmlichkeiten ausgestattet. Den Luxus, den Sie normalerweise bei einem Urlaub oder einer Reise im Ausland erleben, erleben Sie jetzt in Ihrem eigenen Haus oder Garten. Eine Taste hat eine Funktion. Das macht das Holiday Let Spa von Wellis extrem einfach zu bedienen. Besonders praktisch am Holiday Let Spa ist, dass Wasseraufbereitung, Temperaturregelung und Wartung \u00fcber WiFi programmiert werden k\u00f6nnen. Das macht die Benutzung des Holiday Let Spa so komfortabel wie nie zuvor. Dieses Spa ist perfekt f\u00fcr Wellnessbereiche, Wohnungen und G\u00e4steh\u00e4user. Lassen Sie Ihre G\u00e4ste oder sich selbst die Temperatur kontrollieren, nehmen Sie ganz einfach Einstellungen vor und f\u00fchren Sie die Wartung \u00fcber eine speziell entwickelte Luke an der Seite des Whirlpools durch. Bei diesem Holiday let Spa wurde an alles gedacht.<\/p>\n<p>&nbsp;<\/p>\n<h2>Europ\u00e4ische Qualit\u00e4t in Einfachheit<\/h2>\n<p>Mit diesem Whirlpool k\u00f6nnen Ihre G\u00e4ste Wellness genie\u00dfen, und Sie m\u00fcssen sich keine Sorgen um die Qualit\u00e4t des Whirlpools machen. Die Tasten und Bedienelemente sind so einfach, dass jeder sie bedienen kann. Dieser Wellis Holiday let Spa hat alles.<br \/>\nSpabadLimburg k\u00fcmmert sich gerne um die Lieferung und den Anschluss des Whirlpools. Nat\u00fcrlich bieten wir Ihnen auch nach dem Kauf Ihres Whirlpools Service an. Unser Team steht Ihnen gerne zur Verf\u00fcgung.<\/p>\n<p>&nbsp;<\/p>\n<table class=\"tableizer-table\" border=\"1\" cellspacing=\"0\">\n<thead>\n<tr class=\"tableizer-firstrow\">\n<th>Abmessungen<\/th>\n<th>2000 x 2000 x 870 mm<\/th>\n<\/tr>\n<\/thead>\n<tbody>\n<tr>\n<td>Kojen\/Sitzpl\u00e4tze<\/td>\n<td>5 Liegepl\u00e4tze und 1 Sitzplatz<\/td>\n<\/tr>\n<tr>\n<td>Nettogewicht (kg)\/Wasserkapazit\u00e4t (l)<\/td>\n<td>350 kg\/1.150 l<\/td>\n<\/tr>\n<tr>\n<td>Rahmen<\/td>\n<td>Impr\u00e4gniertes Massivholz<\/td>\n<\/tr>\n<tr>\n<td>Opt. elektrischer Anschluss<\/td>\n<td>1 x 20A 230V\/50Hz<\/td>\n<\/tr>\n<tr>\n<td>Min. elektrischer Anschluss*<\/td>\n<td>1 x 12A 230V\/50Hz<\/td>\n<\/tr>\n<tr>\n<td><\/td>\n<td>1 x 29A 230V\/50Hz (P&amp;P Version)<\/td>\n<\/tr>\n<tr>\n<td><\/td>\n<td>1 x 12A 230V\/50Hz (P&amp;P Version)<\/td>\n<\/tr>\n<tr>\n<td>Gesamtzahl der D\u00fcsen<\/td>\n<td>40<\/td>\n<\/tr>\n<tr>\n<td>Beleuchteter Wasserfall<\/td>\n<td>-<\/td>\n<\/tr>\n<tr>\n<td>Hydromassage-Pumpe<\/td>\n<td>2 x 1,5 PS, zwei Geschwindigkeiten<\/td>\n<\/tr>\n<tr>\n<td>Wasseraufbereitung<\/td>\n<td>Chlorspender + Feinstpapierfilter<\/td>\n<\/tr>\n<tr>\n<td>LED-Farbtherapie-Beleuchtung<\/td>\n<td>15 exklusive LEDs<\/td>\n<\/tr>\n<tr>\n<td>Audio-System<\/td>\n<td>-<\/td>\n<\/tr>\n<tr>\n<td>MyJet\u2122.<\/td>\n<td>-<\/td>\n<\/tr>\n<tr>\n<td>MySeat\u2122.<\/td>\n<td>-<\/td>\n<\/tr>\n<tr>\n<td>MyHip\u2122.<\/td>\n<td>-<\/td>\n<\/tr>\n<tr>\n<td>Plug&amp;Play<\/td>\n<td>Ja<\/td>\n<\/tr>\n<tr>\n<td>Thermocover<\/td>\n<td>Ja<\/td>\n<\/tr>\n<\/tbody>\n<\/table>\n<p>*Wenn Sie die minimale elektrische Leistung verwenden, k\u00f6nnen die Pumpe(n) und das Heizger\u00e4t nicht gleichzeitig betrieben werden.<\/p>\n","protected":false},"excerpt":{"rendered":"<p><img decoding=\"async\" class=\"alignnone size-full wp-image-9817\" src=\"https:\/\/www.spabad.dets.nl\/wp-content\/uploads\/2020\/05\/wellis-logo.jpg\" alt=\"\" width=\"265\" height=\"87\" \/><\/p>\n<p><strong>Eigenschaften Wellis Myline Spa Ferienhaus<\/strong><\/p>\n<ul>\n<li>Einfaches Bedienfeld<\/li>\n<li>Programmierung \u00fcber WiFi<\/li>\n<li>5 Kojen und 1 Sitzplatz<\/li>\n<\/ul>\n","protected":false},"featured_media":15434,"template":"","meta":{"_acf_changed":false},"product_brand":[],"product_cat":[204],"product_tag":[],"class_list":{"0":"post-16538","1":"product","2":"type-product","3":"status-publish","4":"has-post-thumbnail","6":"product_cat-thermalbaeder","8":"first","9":"instock","10":"sale","11":"taxable","12":"shipping-taxable","13":"purchasable","14":"product-type-simple"},"acf":[],"yoast_head":"<!-- This site is optimized with the Yoast SEO plugin v27.5 - https:\/\/yoast.com\/product\/yoast-seo-wordpress\/ -->\n<title>Wellis Holiday let spa - Spabad Limburg<\/title>\n<meta name=\"description\" content=\"Dieses Wellis Holiday let spa wird Sie vom ersten Tag an \u00fcberraschen. Genie\u00dfen Sie Wellness in Ihrem eigenen Garten mit Ihren Freunden und Ihrer Familie.\" \/>\n<meta name=\"robots\" content=\"index, follow, max-snippet:-1, max-image-preview:large, max-video-preview:-1\" \/>\n<link rel=\"canonical\" href=\"https:\/\/www.spabad.dets.nl\/de\/product\/wellis-holiday-let\/\" \/>\n<meta property=\"og:locale\" content=\"de_DE\" \/>\n<meta property=\"og:type\" content=\"article\" \/>\n<meta property=\"og:title\" content=\"Wellis Holiday let spa - Spabad Limburg\" \/>\n<meta property=\"og:description\" content=\"Dieses Wellis Holiday let spa wird Sie vom ersten Tag an \u00fcberraschen. Genie\u00dfen Sie Wellness in Ihrem eigenen Garten mit Ihren Freunden und Ihrer Familie.\" \/>\n<meta property=\"og:url\" content=\"https:\/\/www.spabad.dets.nl\/de\/product\/wellis-holiday-let\/\" \/>\n<meta property=\"og:site_name\" content=\"Spabad Limburg\" \/>\n<meta property=\"article:modified_time\" content=\"2025-11-25T14:58:45+00:00\" \/>\n<meta property=\"og:image\" content=\"https:\/\/www.spabad.dets.nl\/wp-content\/uploads\/2025\/01\/Wellis-Holiday-Let-Spa-1.jpg\" \/>\n\t<meta property=\"og:image:width\" content=\"1000\" \/>\n\t<meta property=\"og:image:height\" content=\"1000\" \/>\n\t<meta property=\"og:image:type\" content=\"image\/jpeg\" \/>\n<meta name=\"twitter:card\" content=\"summary_large_image\" \/>\n<meta name=\"twitter:label1\" content=\"Gesch\u00e4tzte Lesezeit\" \/>\n\t<meta name=\"twitter:data1\" content=\"2\u00a0Minuten\" \/>\n<script type=\"application\/ld+json\" class=\"yoast-schema-graph\">{\"@context\":\"https:\\\/\\\/schema.org\",\"@graph\":[{\"@type\":\"WebPage\",\"@id\":\"https:\\\/\\\/www.spabad.dets.nl\\\/de\\\/product\\\/wellis-holiday-let\\\/\",\"url\":\"https:\\\/\\\/www.spabad.dets.nl\\\/de\\\/product\\\/wellis-holiday-let\\\/\",\"name\":\"Wellis Holiday let spa - Spabad Limburg\",\"isPartOf\":{\"@id\":\"https:\\\/\\\/www.spabad.dets.nl\\\/de\\\/#website\"},\"primaryImageOfPage\":{\"@id\":\"https:\\\/\\\/www.spabad.dets.nl\\\/de\\\/product\\\/wellis-holiday-let\\\/#primaryimage\"},\"image\":{\"@id\":\"https:\\\/\\\/www.spabad.dets.nl\\\/de\\\/product\\\/wellis-holiday-let\\\/#primaryimage\"},\"thumbnailUrl\":\"https:\\\/\\\/www.spabad.dets.nl\\\/wp-content\\\/uploads\\\/2025\\\/01\\\/Wellis-Holiday-Let-Spa-1.jpg\",\"datePublished\":\"2025-01-17T10:13:42+00:00\",\"dateModified\":\"2025-11-25T14:58:45+00:00\",\"description\":\"Dieses Wellis Holiday let spa wird Sie vom ersten Tag an \u00fcberraschen. Genie\u00dfen Sie Wellness in Ihrem eigenen Garten mit Ihren Freunden und Ihrer Familie.\",\"breadcrumb\":{\"@id\":\"https:\\\/\\\/www.spabad.dets.nl\\\/de\\\/product\\\/wellis-holiday-let\\\/#breadcrumb\"},\"inLanguage\":\"de\",\"potentialAction\":[{\"@type\":\"ReadAction\",\"target\":[\"https:\\\/\\\/www.spabad.dets.nl\\\/de\\\/product\\\/wellis-holiday-let\\\/\"]}]},{\"@type\":\"ImageObject\",\"inLanguage\":\"de\",\"@id\":\"https:\\\/\\\/www.spabad.dets.nl\\\/de\\\/product\\\/wellis-holiday-let\\\/#primaryimage\",\"url\":\"https:\\\/\\\/www.spabad.dets.nl\\\/wp-content\\\/uploads\\\/2025\\\/01\\\/Wellis-Holiday-Let-Spa-1.jpg\",\"contentUrl\":\"https:\\\/\\\/www.spabad.dets.nl\\\/wp-content\\\/uploads\\\/2025\\\/01\\\/Wellis-Holiday-Let-Spa-1.jpg\",\"width\":1000,\"height\":1000,\"caption\":\"Wellis Holiday let spa\"},{\"@type\":\"BreadcrumbList\",\"@id\":\"https:\\\/\\\/www.spabad.dets.nl\\\/de\\\/product\\\/wellis-holiday-let\\\/#breadcrumb\",\"itemListElement\":[{\"@type\":\"ListItem\",\"position\":1,\"name\":\"Startseite\",\"item\":\"https:\\\/\\\/www.spabad.dets.nl\\\/de\\\/startseite-2\\\/\"},{\"@type\":\"ListItem\",\"position\":2,\"name\":\"Shop\",\"item\":\"https:\\\/\\\/www.spabad.dets.nl\\\/de\\\/shop-2\\\/\"},{\"@type\":\"ListItem\",\"position\":3,\"name\":\"Wellis Spa B\u00e4der\",\"item\":\"https:\\\/\\\/www.spabad.dets.nl\\\/de\\\/product-categorie\\\/thermalbaeder\\\/\"},{\"@type\":\"ListItem\",\"position\":4,\"name\":\"Wellis Holiday let spa\"}]},{\"@type\":\"WebSite\",\"@id\":\"https:\\\/\\\/www.spabad.dets.nl\\\/de\\\/#website\",\"url\":\"https:\\\/\\\/www.spabad.dets.nl\\\/de\\\/\",\"name\":\"Spabad Limburg\",\"description\":\"Jacuzzi's en zwemspa's\",\"publisher\":{\"@id\":\"https:\\\/\\\/www.spabad.dets.nl\\\/de\\\/#organization\"},\"potentialAction\":[{\"@type\":\"SearchAction\",\"target\":{\"@type\":\"EntryPoint\",\"urlTemplate\":\"https:\\\/\\\/www.spabad.dets.nl\\\/de\\\/?s={search_term_string}\"},\"query-input\":{\"@type\":\"PropertyValueSpecification\",\"valueRequired\":true,\"valueName\":\"search_term_string\"}}],\"inLanguage\":\"de\"},{\"@type\":\"Organization\",\"@id\":\"https:\\\/\\\/www.spabad.dets.nl\\\/de\\\/#organization\",\"name\":\"Spabad Limburg\",\"url\":\"https:\\\/\\\/www.spabad.dets.nl\\\/de\\\/\",\"logo\":{\"@type\":\"ImageObject\",\"inLanguage\":\"de\",\"@id\":\"https:\\\/\\\/www.spabad.dets.nl\\\/de\\\/#\\\/schema\\\/logo\\\/image\\\/\",\"url\":\"https:\\\/\\\/www.spabad.dets.nl\\\/wp-content\\\/uploads\\\/2025\\\/01\\\/SpabadLimburg-Logo-Payoff-scaled.png\",\"contentUrl\":\"https:\\\/\\\/www.spabad.dets.nl\\\/wp-content\\\/uploads\\\/2025\\\/01\\\/SpabadLimburg-Logo-Payoff-scaled.png\",\"width\":2560,\"height\":548,\"caption\":\"Spabad Limburg\"},\"image\":{\"@id\":\"https:\\\/\\\/www.spabad.dets.nl\\\/de\\\/#\\\/schema\\\/logo\\\/image\\\/\"}}]}<\/script>\n<!-- \/ Yoast SEO plugin. -->","yoast_head_json":{"title":"Wellis Holiday let spa - Spabad Limburg","description":"Dieses Wellis Holiday let spa wird Sie vom ersten Tag an \u00fcberraschen. Genie\u00dfen Sie Wellness in Ihrem eigenen Garten mit Ihren Freunden und Ihrer Familie.","robots":{"index":"index","follow":"follow","max-snippet":"max-snippet:-1","max-image-preview":"max-image-preview:large","max-video-preview":"max-video-preview:-1"},"canonical":"https:\/\/www.spabad.dets.nl\/de\/product\/wellis-holiday-let\/","og_locale":"de_DE","og_type":"article","og_title":"Wellis Holiday let spa - Spabad Limburg","og_description":"Dieses Wellis Holiday let spa wird Sie vom ersten Tag an \u00fcberraschen. Genie\u00dfen Sie Wellness in Ihrem eigenen Garten mit Ihren Freunden und Ihrer Familie.","og_url":"https:\/\/www.spabad.dets.nl\/de\/product\/wellis-holiday-let\/","og_site_name":"Spabad Limburg","article_modified_time":"2025-11-25T14:58:45+00:00","og_image":[{"width":1000,"height":1000,"url":"https:\/\/www.spabad.dets.nl\/wp-content\/uploads\/2025\/01\/Wellis-Holiday-Let-Spa-1.jpg","type":"image\/jpeg"}],"twitter_card":"summary_large_image","twitter_misc":{"Gesch\u00e4tzte Lesezeit":"2\u00a0Minuten"},"schema":{"@context":"https:\/\/schema.org","@graph":[{"@type":"WebPage","@id":"https:\/\/www.spabad.dets.nl\/de\/product\/wellis-holiday-let\/","url":"https:\/\/www.spabad.dets.nl\/de\/product\/wellis-holiday-let\/","name":"Wellis Holiday let spa - Spabad Limburg","isPartOf":{"@id":"https:\/\/www.spabad.dets.nl\/de\/#website"},"primaryImageOfPage":{"@id":"https:\/\/www.spabad.dets.nl\/de\/product\/wellis-holiday-let\/#primaryimage"},"image":{"@id":"https:\/\/www.spabad.dets.nl\/de\/product\/wellis-holiday-let\/#primaryimage"},"thumbnailUrl":"https:\/\/www.spabad.dets.nl\/wp-content\/uploads\/2025\/01\/Wellis-Holiday-Let-Spa-1.jpg","datePublished":"2025-01-17T10:13:42+00:00","dateModified":"2025-11-25T14:58:45+00:00","description":"Dieses Wellis Holiday let spa wird Sie vom ersten Tag an \u00fcberraschen. Genie\u00dfen Sie Wellness in Ihrem eigenen Garten mit Ihren Freunden und Ihrer Familie.","breadcrumb":{"@id":"https:\/\/www.spabad.dets.nl\/de\/product\/wellis-holiday-let\/#breadcrumb"},"inLanguage":"de","potentialAction":[{"@type":"ReadAction","target":["https:\/\/www.spabad.dets.nl\/de\/product\/wellis-holiday-let\/"]}]},{"@type":"ImageObject","inLanguage":"de","@id":"https:\/\/www.spabad.dets.nl\/de\/product\/wellis-holiday-let\/#primaryimage","url":"https:\/\/www.spabad.dets.nl\/wp-content\/uploads\/2025\/01\/Wellis-Holiday-Let-Spa-1.jpg","contentUrl":"https:\/\/www.spabad.dets.nl\/wp-content\/uploads\/2025\/01\/Wellis-Holiday-Let-Spa-1.jpg","width":1000,"height":1000,"caption":"Wellis Holiday let spa"},{"@type":"BreadcrumbList","@id":"https:\/\/www.spabad.dets.nl\/de\/product\/wellis-holiday-let\/#breadcrumb","itemListElement":[{"@type":"ListItem","position":1,"name":"Startseite","item":"https:\/\/www.spabad.dets.nl\/de\/startseite-2\/"},{"@type":"ListItem","position":2,"name":"Shop","item":"https:\/\/www.spabad.dets.nl\/de\/shop-2\/"},{"@type":"ListItem","position":3,"name":"Wellis Spa B\u00e4der","item":"https:\/\/www.spabad.dets.nl\/de\/product-categorie\/thermalbaeder\/"},{"@type":"ListItem","position":4,"name":"Wellis Holiday let spa"}]},{"@type":"WebSite","@id":"https:\/\/www.spabad.dets.nl\/de\/#website","url":"https:\/\/www.spabad.dets.nl\/de\/","name":"Spabad Limburg","description":"Jacuzzi's en zwemspa's","publisher":{"@id":"https:\/\/www.spabad.dets.nl\/de\/#organization"},"potentialAction":[{"@type":"SearchAction","target":{"@type":"EntryPoint","urlTemplate":"https:\/\/www.spabad.dets.nl\/de\/?s={search_term_string}"},"query-input":{"@type":"PropertyValueSpecification","valueRequired":true,"valueName":"search_term_string"}}],"inLanguage":"de"},{"@type":"Organization","@id":"https:\/\/www.spabad.dets.nl\/de\/#organization","name":"Spabad Limburg","url":"https:\/\/www.spabad.dets.nl\/de\/","logo":{"@type":"ImageObject","inLanguage":"de","@id":"https:\/\/www.spabad.dets.nl\/de\/#\/schema\/logo\/image\/","url":"https:\/\/www.spabad.dets.nl\/wp-content\/uploads\/2025\/01\/SpabadLimburg-Logo-Payoff-scaled.png","contentUrl":"https:\/\/www.spabad.dets.nl\/wp-content\/uploads\/2025\/01\/SpabadLimburg-Logo-Payoff-scaled.png","width":2560,"height":548,"caption":"Spabad Limburg"},"image":{"@id":"https:\/\/www.spabad.dets.nl\/de\/#\/schema\/logo\/image\/"}}]}},"_links":{"self":[{"href":"https:\/\/www.spabad.dets.nl\/de\/wp-json\/wp\/v2\/product\/16538","targetHints":{"allow":["GET"]}}],"collection":[{"href":"https:\/\/www.spabad.dets.nl\/de\/wp-json\/wp\/v2\/product"}],"about":[{"href":"https:\/\/www.spabad.dets.nl\/de\/wp-json\/wp\/v2\/types\/product"}],"version-history":[{"count":0,"href":"https:\/\/www.spabad.dets.nl\/de\/wp-json\/wp\/v2\/product\/16538\/revisions"}],"wp:featuredmedia":[{"embeddable":true,"href":"https:\/\/www.spabad.dets.nl\/de\/wp-json\/wp\/v2\/media\/15434"}],"wp:attachment":[{"href":"https:\/\/www.spabad.dets.nl\/de\/wp-json\/wp\/v2\/media?parent=16538"}],"wp:term":[{"taxonomy":"product_brand","embeddable":true,"href":"https:\/\/www.spabad.dets.nl\/de\/wp-json\/wp\/v2\/product_brand?post=16538"},{"taxonomy":"product_cat","embeddable":true,"href":"https:\/\/www.spabad.dets.nl\/de\/wp-json\/wp\/v2\/product_cat?post=16538"},{"taxonomy":"product_tag","embeddable":true,"href":"https:\/\/www.spabad.dets.nl\/de\/wp-json\/wp\/v2\/product_tag?post=16538"}],"curies":[{"name":"wp","href":"https:\/\/api.w.org\/{rel}","templated":true}]}}