{"id":16529,"date":"2025-01-17T11:13:40","date_gmt":"2025-01-17T10:13:40","guid":{"rendered":"https:\/\/www.spabad.dets.nl\/product\/hotspring-limelight-beam\/"},"modified":"2025-08-12T16:56:31","modified_gmt":"2025-08-12T14:56:31","slug":"hotspring-limelight-beam","status":"publish","type":"product","link":"https:\/\/www.spabad.dets.nl\/de\/product\/hotspring-limelight-beam\/","title":{"rendered":"HotSpring Limelight Beam"},"content":{"rendered":"<h1><strong>HotSpring Limelight Beam: kompakter Whirlpool mit zahlreichen Funktionen<\/strong><\/h1>\n<p>Der HotSpring Limelight Beam Whirlpool ist perfekt f\u00fcr kleinere G\u00e4rten und Lebensr\u00e4ume. Mit einer kompakten Gr\u00f6\u00dfe von 2,03 m x 2,03 m x 0,84 m ist der Beam ein kompakter Allesk\u00f6nner. Die geringe Gr\u00f6\u00dfe des Limelight Beam sagt nichts \u00fcber seine unz\u00e4hligen technischen Funktionen aus. Jeder Sitzbereich des HotSpring Limelight Beam Whirlpools verf\u00fcgt \u00fcber verschiedene Hydrotherapieoptionen.   <\/p>\n<h2><strong>Limelight Beam D\u00fcsensystem<\/strong><\/h2>\n<p>Der HotSpring Limelight Beam verf\u00fcgt \u00fcber 4 D\u00fcsentypen: gerichtete Pr\u00e4zisionsd\u00fcsen, Standard-Einzelrotationsd\u00fcsen, gerichtete Standardd\u00fcsen und xl gerichtete D\u00fcsen. Jede D\u00fcse hat ihre eigene Funktionalit\u00e4t. Die gerichteten Pr\u00e4zisionsd\u00fcsen sorgen zum Beispiel f\u00fcr eine pr\u00e4zise Massage von R\u00fccken, Nacken und Waden. Mit den verstellbaren D\u00fcsen k\u00f6nnen Sie genau die gew\u00fcnschte Massagest\u00e4rke f\u00fcr jeden K\u00f6rperteil einstellen.   <\/p>\n<p>Die XL-Kombid\u00fcsen zum Beispiel bieten eine breite, kr\u00e4ftige Massage, um Verspannungen in gro\u00dfen K\u00f6rperbereichen zu l\u00f6sen, und k\u00f6nnen f\u00fcr eine gerichtete oder rotierende Massage eingestellt werden.<\/p>\n<h2><strong>Technische Daten HotSpring Limelight Beam Sprudelbad<\/strong><\/h2>\n<table style=\"height: 1574px;\" width=\"900\">\n<tbody>\n<tr class=\"alt\">\n<td>Sitzplatzkapazit\u00e4t<\/td>\n<td>\n<div>4 Erwachsene<\/div>\n<\/td>\n<\/tr>\n<tr>\n<td>Abmessungen<\/td>\n<td>\n<div class=\"field-content\">\n<div class=\"entity entity-field-collection-item field-collection-item-field-dimensions clearfix\">\n<div class=\"content\">\n<div class=\"field field-name-field-dimensions-us field-type-text field-label-hidden\">\n<div class=\"field-items\">\n<div class=\"field-item even\"><span style=\"font-family: inherit; font-size: inherit;\">2,03 m x 2,03 m x 0,84 m<\/span><\/div>\n<\/div>\n<\/div>\n<\/div>\n<\/div>\n<\/div>\n<\/td>\n<\/tr>\n<tr class=\"alt\">\n<td>Fassungsverm\u00f6gen Wasser<\/td>\n<td>\n<div class=\"field-content\">1,175 Liter<\/div>\n<\/td>\n<\/tr>\n<tr>\n<td>Masse<\/td>\n<td>\n<div>\n<div class=\"entity entity-field-collection-item field-collection-item-field-weight clearfix\">\n<div class=\"content\">\n<div class=\"field field-name-field-weight-dry field-type-text field-label-hidden\">\n<div class=\"field-items\">\n<div class=\"field-item even\">320 kg<\/div>\n<\/div>\n<\/div>\n<div class=\"field field-name-field-weight-filled field-type-text field-label-hidden\">\n<div class=\"field-items\">\n<div class=\"field-item even\">1.740 kg*<\/div>\n<\/div>\n<\/div>\n<\/div>\n<\/div>\n<\/div>\n<\/td>\n<\/tr>\n<tr class=\"alt\">\n<td>Anzahl der D\u00fcsen<\/td>\n<td>\n<div>19<\/div>\n<\/td>\n<\/tr>\n<tr>\n<td>Whirlpool-D\u00fcsen<\/td>\n<td>\n<div class=\"item-list\">\n<div class=\"entity entity-field-collection-item field-collection-item-field-jet-listing clearfix\">\n<div class=\"content\">\n<div class=\"field field-name-field-jet-count field-type-number-integer field-label-hidden\">\n<div class=\"field-items\">\n<div class=\"field-item even\">1 <span style=\"font-family: inherit; font-size: inherit;\">XL Directional Jet<\/span><\/div>\n<div class=\"field-item even\"><span style=\"font-family: inherit; font-size: inherit;\">2 <\/span><span style=\"font-family: inherit; font-size: inherit;\">Standard-Einzelrotationsd\u00fcsen<\/span><\/div>\n<div class=\"field-item even\"><span style=\"font-family: inherit; font-size: inherit;\">2 <\/span><span style=\"font-family: inherit; font-size: inherit;\">Standard-Richtungsd\u00fcsen<\/span><\/div>\n<div class=\"field-item even\"><span style=\"font-family: inherit; font-size: inherit;\">14 <\/span><span style=\"font-family: inherit; font-size: inherit;\">Direktionale Pr\u00e4zisionsd\u00fcsen<\/span><\/div>\n<\/div>\n<\/div>\n<\/div>\n<\/div>\n<\/div>\n<\/td>\n<\/tr>\n<tr class=\"alt\">\n<td>Beleuchtungssystem<\/td>\n<td>\n<div>\n<div class=\"item-list\">\n<p><sup>Raio\u00ae<\/sup> Multicolor-Lichtpunkte (30)<\/p>\n<p>Mehrfarbige Au\u00dfenbeleuchtung mit Timer<\/p>\n<\/div>\n<\/div>\n<\/td>\n<\/tr>\n<tr>\n<td>Eigenschaften von Wasser<\/td>\n<td>\n<div>\n<div class=\"item-list\">\n<p><sup>Vidro\u00ae<\/sup> Wasserfall mit beleuchtetem Band<\/p>\n<\/div>\n<\/div>\n<\/td>\n<\/tr>\n<tr class=\"alt\">\n<td>Kontrollsystem<\/td>\n<td>\n<div class=\"item-list\">\n<p>IQ <sup>2020\u00ae<\/sup> mit LCD-Bedienfeld<\/p>\n<p>230v\/50amp, 60Hz oder 115v\/20amp, 60Hz<\/p>\n<p>Inklusive G.F.C.I. gesch\u00fctztes Sub-Panel<\/p>\n<p>Inklusive G.F.C.I. gesch\u00fctztes Netzkabel<\/p>\n<\/div>\n<\/td>\n<\/tr>\n<tr>\n<td>Heizung<\/td>\n<td>\n<div>\n<div class=\"item-list\">\n<p><sup>No-Fault\u00ae<\/sup>, 4000w\/230v oder 1.500w\/115v<\/p>\n<\/div>\n<\/div>\n<\/td>\n<\/tr>\n<tr class=\"alt\">\n<td>Strahlpumpe 1<\/td>\n<td>\n<div>\n<div class=\"item-list\">\n<p><sup>Wavemaster\u00ae<\/sup> 9000<\/p>\n<p>Eine Geschwindigkeit<\/p>\n<p>2,5 HP Dauerbetrieb<\/p>\n<p>5.2 HP Breakdown-Drehmoment<\/p>\n<p><sup>Wavemaster\u00ae<\/sup> 7000<\/p>\n<p>Eine Geschwindigkeit<\/p>\n<p>1,65 PS, Dauerbetrieb<\/p>\n<p>3,5 PS, Drehmomentausfall<\/p>\n<\/div>\n<\/div>\n<\/td>\n<\/tr>\n<tr>\n<td>Umw\u00e4lzpumpe<\/td>\n<td>\n<div>\n<div class=\"item-list\">\n<p>SilentFlo <sup>5000\u00ae<\/sup> f\u00fcr ger\u00e4uscharme kontinuierliche Filtration<\/p>\n<\/div>\n<\/div>\n<\/td>\n<\/tr>\n<tr class=\"alt\">\n<td>Wasserpflege-System<\/td>\n<td>\n<div class=\"field-item\">\n<div class=\"item-list\">\n<p><sup>FreshWater\u00ae<\/sup> III Corona Discharge (im Lieferumfang enthalten)<\/p>\n<p><sup>ACE\u00ae<\/sup> Salzwasserentkeimungssystem (optional)<\/p>\n<p><sup>EverFresh\u00ae<\/sup> System (optional)<\/p>\n<\/div>\n<\/div>\n<\/td>\n<\/tr>\n<tr>\n<td>Effektive Filtrationsfl\u00e4che<\/td>\n<td>\n<div class=\"field-content\">9,3 m3 Top-Loading-Filter<\/div>\n<\/td>\n<\/tr>\n<tr class=\"alt\">\n<td>Vinyl-Einband<\/td>\n<td>\n<div>\n<div class=\"item-list\">\n<p>8,89 cm auf 6,35 cm verj\u00fcngend<\/p>\n<p>0,9 kg dichter Schaumstoffkern mit Scharnierdichtung<\/p>\n<\/div>\n<\/div>\n<\/td>\n<\/tr>\n<tr>\n<td>Farben des Vinylbezugs<\/td>\n<td>\n<div class=\"item-list\">\n<p>Karamell<\/p>\n<p>Kastanie<\/p>\n<p>Schiefer<\/p>\n<p>Immergr\u00fcn<\/p>\n<\/div>\n<\/td>\n<\/tr>\n<tr class=\"alt\">\n<td>Unterhaltungssysteme (optional)<\/td>\n<td>\n<div>\n<div class=\"item-list\">\n<p>Kabelloses Musiksystem<\/p>\n<\/div>\n<\/div>\n<\/td>\n<\/tr>\n<tr>\n<td>Heber f\u00fcr die Abdeckung (optional)<\/td>\n<td>\n<div class=\"field-content\"><sup>CoverCradle\u00ae<\/sup>, CoverCradle <sup>II\u00ae<\/sup>, Lift &#8217;n <sup>Glide\u00ae<\/sup>, <sup>UpRite\u00ae<\/sup><\/div>\n<\/td>\n<\/tr>\n<tr class=\"alt\">\n<td>Schritte (optional)<\/td>\n<td>\n<div class=\"field-content\">\n<div class=\"item-list\">\n<p><sup>Everwood\u00ae<\/sup><\/p>\n<p>Polymer<\/p>\n<\/div>\n<\/div>\n<\/td>\n<\/tr>\n<\/tbody>\n<\/table>\n<p>*inklusive Wasser und 4 Erwachsenen, die jeweils 80 kg wiegen<br \/>\nExportmodelle sind mit 240v, 50Hz, 1500w Heizung erh\u00e4ltlich<\/p>\n","protected":false},"excerpt":{"rendered":"<p><a href=\"https:\/\/www.spabad.dets.nl\/wp-content\/uploads\/2018\/06\/hotspring-brand-featured.png\"><img decoding=\"async\" class=\"alignnone size-full wp-image-1012\" src=\"https:\/\/www.spabad.dets.nl\/wp-content\/uploads\/2018\/06\/hotspring-brand-featured.png\" alt=\"Logo von Hotspring\" width=\"265\" height=\"87\"><\/a><\/p>\n<p><strong>Eigenschaften Hotspring Limelight Beam<\/strong><\/p>\n<ul>\n<li>Geeignet f\u00fcr 4 Erwachsene<\/li>\n<li>2,03 m x 2,03 x 0,84 m<\/li>\n<li>Erweiterte Funktionalit\u00e4ten in einem kleinen Geh\u00e4use<\/li>\n<\/ul>\n","protected":false},"featured_media":15407,"template":"","meta":{"_acf_changed":false},"product_brand":[],"product_cat":[204],"product_tag":[],"class_list":{"0":"post-16529","1":"product","2":"type-product","3":"status-publish","4":"has-post-thumbnail","6":"product_cat-thermalbaeder","8":"first","9":"instock","10":"taxable","11":"shipping-taxable","12":"product-type-simple"},"acf":[],"yoast_head":"<!-- This site is optimized with the Yoast SEO plugin v27.5 - https:\/\/yoast.com\/product\/yoast-seo-wordpress\/ -->\n<title>HotSpring Limelight Beam Sprudelbad | G\u00fcnstiger Whirlpool - Spabad Limburg<\/title>\n<meta name=\"description\" content=\"Lernen Sie die HotSpring Limelight Beam Whirlpool-Badewanne kennen. Geeignet f\u00fcr 4 Personen. Ein kleines Spa-Bad mit den technischen M\u00f6glichkeiten eines gro\u00dfen Whirlpools von HotSpring.\" \/>\n<meta name=\"robots\" content=\"index, follow, max-snippet:-1, max-image-preview:large, max-video-preview:-1\" \/>\n<link rel=\"canonical\" href=\"https:\/\/www.spabad.dets.nl\/de\/product\/hotspring-limelight-beam\/\" \/>\n<meta property=\"og:locale\" content=\"de_DE\" \/>\n<meta property=\"og:type\" content=\"article\" \/>\n<meta property=\"og:title\" content=\"HotSpring Limelight Beam Sprudelbad | G\u00fcnstiger Whirlpool - Spabad Limburg\" \/>\n<meta property=\"og:description\" content=\"Lernen Sie die HotSpring Limelight Beam Whirlpool-Badewanne kennen. Geeignet f\u00fcr 4 Personen. Ein kleines Spa-Bad mit den technischen M\u00f6glichkeiten eines gro\u00dfen Whirlpools von HotSpring.\" \/>\n<meta property=\"og:url\" content=\"https:\/\/www.spabad.dets.nl\/de\/product\/hotspring-limelight-beam\/\" \/>\n<meta property=\"og:site_name\" content=\"Spabad Limburg\" \/>\n<meta property=\"article:modified_time\" content=\"2025-08-12T14:56:31+00:00\" \/>\n<meta property=\"og:image\" content=\"https:\/\/www.spabad.dets.nl\/wp-content\/uploads\/2025\/01\/hotspring-limelight-beam-bovenaanzicht.jpg\" \/>\n\t<meta property=\"og:image:width\" content=\"1000\" \/>\n\t<meta property=\"og:image:height\" content=\"1000\" \/>\n\t<meta property=\"og:image:type\" content=\"image\/jpeg\" \/>\n<meta name=\"twitter:card\" content=\"summary_large_image\" \/>\n<meta name=\"twitter:label1\" content=\"Gesch\u00e4tzte Lesezeit\" \/>\n\t<meta name=\"twitter:data1\" content=\"2\u00a0Minuten\" \/>\n<script type=\"application\/ld+json\" class=\"yoast-schema-graph\">{\"@context\":\"https:\\\/\\\/schema.org\",\"@graph\":[{\"@type\":\"WebPage\",\"@id\":\"https:\\\/\\\/www.spabad.dets.nl\\\/de\\\/product\\\/hotspring-limelight-beam\\\/\",\"url\":\"https:\\\/\\\/www.spabad.dets.nl\\\/de\\\/product\\\/hotspring-limelight-beam\\\/\",\"name\":\"HotSpring Limelight Beam Sprudelbad | G\u00fcnstiger Whirlpool - Spabad Limburg\",\"isPartOf\":{\"@id\":\"https:\\\/\\\/www.spabad.dets.nl\\\/de\\\/#website\"},\"primaryImageOfPage\":{\"@id\":\"https:\\\/\\\/www.spabad.dets.nl\\\/de\\\/product\\\/hotspring-limelight-beam\\\/#primaryimage\"},\"image\":{\"@id\":\"https:\\\/\\\/www.spabad.dets.nl\\\/de\\\/product\\\/hotspring-limelight-beam\\\/#primaryimage\"},\"thumbnailUrl\":\"https:\\\/\\\/www.spabad.dets.nl\\\/wp-content\\\/uploads\\\/2025\\\/01\\\/hotspring-limelight-beam-bovenaanzicht.jpg\",\"datePublished\":\"2025-01-17T10:13:40+00:00\",\"dateModified\":\"2025-08-12T14:56:31+00:00\",\"description\":\"Lernen Sie die HotSpring Limelight Beam Whirlpool-Badewanne kennen. Geeignet f\u00fcr 4 Personen. Ein kleines Spa-Bad mit den technischen M\u00f6glichkeiten eines gro\u00dfen Whirlpools von HotSpring.\",\"breadcrumb\":{\"@id\":\"https:\\\/\\\/www.spabad.dets.nl\\\/de\\\/product\\\/hotspring-limelight-beam\\\/#breadcrumb\"},\"inLanguage\":\"de\",\"potentialAction\":[{\"@type\":\"ReadAction\",\"target\":[\"https:\\\/\\\/www.spabad.dets.nl\\\/de\\\/product\\\/hotspring-limelight-beam\\\/\"]}]},{\"@type\":\"ImageObject\",\"inLanguage\":\"de\",\"@id\":\"https:\\\/\\\/www.spabad.dets.nl\\\/de\\\/product\\\/hotspring-limelight-beam\\\/#primaryimage\",\"url\":\"https:\\\/\\\/www.spabad.dets.nl\\\/wp-content\\\/uploads\\\/2025\\\/01\\\/hotspring-limelight-beam-bovenaanzicht.jpg\",\"contentUrl\":\"https:\\\/\\\/www.spabad.dets.nl\\\/wp-content\\\/uploads\\\/2025\\\/01\\\/hotspring-limelight-beam-bovenaanzicht.jpg\",\"width\":1000,\"height\":1000,\"caption\":\"Hotspring Limelight Beam\"},{\"@type\":\"BreadcrumbList\",\"@id\":\"https:\\\/\\\/www.spabad.dets.nl\\\/de\\\/product\\\/hotspring-limelight-beam\\\/#breadcrumb\",\"itemListElement\":[{\"@type\":\"ListItem\",\"position\":1,\"name\":\"Startseite\",\"item\":\"https:\\\/\\\/www.spabad.dets.nl\\\/de\\\/startseite-2\\\/\"},{\"@type\":\"ListItem\",\"position\":2,\"name\":\"Shop\",\"item\":\"https:\\\/\\\/www.spabad.dets.nl\\\/de\\\/shop-2\\\/\"},{\"@type\":\"ListItem\",\"position\":3,\"name\":\"Wellis Spa B\u00e4der\",\"item\":\"https:\\\/\\\/www.spabad.dets.nl\\\/de\\\/product-categorie\\\/thermalbaeder\\\/\"},{\"@type\":\"ListItem\",\"position\":4,\"name\":\"HotSpring Limelight Beam\"}]},{\"@type\":\"WebSite\",\"@id\":\"https:\\\/\\\/www.spabad.dets.nl\\\/de\\\/#website\",\"url\":\"https:\\\/\\\/www.spabad.dets.nl\\\/de\\\/\",\"name\":\"Spabad Limburg\",\"description\":\"Jacuzzi's en zwemspa's\",\"publisher\":{\"@id\":\"https:\\\/\\\/www.spabad.dets.nl\\\/de\\\/#organization\"},\"potentialAction\":[{\"@type\":\"SearchAction\",\"target\":{\"@type\":\"EntryPoint\",\"urlTemplate\":\"https:\\\/\\\/www.spabad.dets.nl\\\/de\\\/?s={search_term_string}\"},\"query-input\":{\"@type\":\"PropertyValueSpecification\",\"valueRequired\":true,\"valueName\":\"search_term_string\"}}],\"inLanguage\":\"de\"},{\"@type\":\"Organization\",\"@id\":\"https:\\\/\\\/www.spabad.dets.nl\\\/de\\\/#organization\",\"name\":\"Spabad Limburg\",\"url\":\"https:\\\/\\\/www.spabad.dets.nl\\\/de\\\/\",\"logo\":{\"@type\":\"ImageObject\",\"inLanguage\":\"de\",\"@id\":\"https:\\\/\\\/www.spabad.dets.nl\\\/de\\\/#\\\/schema\\\/logo\\\/image\\\/\",\"url\":\"https:\\\/\\\/www.spabad.dets.nl\\\/wp-content\\\/uploads\\\/2025\\\/01\\\/SpabadLimburg-Logo-Payoff-scaled.png\",\"contentUrl\":\"https:\\\/\\\/www.spabad.dets.nl\\\/wp-content\\\/uploads\\\/2025\\\/01\\\/SpabadLimburg-Logo-Payoff-scaled.png\",\"width\":2560,\"height\":548,\"caption\":\"Spabad Limburg\"},\"image\":{\"@id\":\"https:\\\/\\\/www.spabad.dets.nl\\\/de\\\/#\\\/schema\\\/logo\\\/image\\\/\"}}]}<\/script>\n<!-- \/ Yoast SEO plugin. -->","yoast_head_json":{"title":"HotSpring Limelight Beam Sprudelbad | G\u00fcnstiger Whirlpool - Spabad Limburg","description":"Lernen Sie die HotSpring Limelight Beam Whirlpool-Badewanne kennen. Geeignet f\u00fcr 4 Personen. Ein kleines Spa-Bad mit den technischen M\u00f6glichkeiten eines gro\u00dfen Whirlpools von HotSpring.","robots":{"index":"index","follow":"follow","max-snippet":"max-snippet:-1","max-image-preview":"max-image-preview:large","max-video-preview":"max-video-preview:-1"},"canonical":"https:\/\/www.spabad.dets.nl\/de\/product\/hotspring-limelight-beam\/","og_locale":"de_DE","og_type":"article","og_title":"HotSpring Limelight Beam Sprudelbad | G\u00fcnstiger Whirlpool - Spabad Limburg","og_description":"Lernen Sie die HotSpring Limelight Beam Whirlpool-Badewanne kennen. Geeignet f\u00fcr 4 Personen. Ein kleines Spa-Bad mit den technischen M\u00f6glichkeiten eines gro\u00dfen Whirlpools von HotSpring.","og_url":"https:\/\/www.spabad.dets.nl\/de\/product\/hotspring-limelight-beam\/","og_site_name":"Spabad Limburg","article_modified_time":"2025-08-12T14:56:31+00:00","og_image":[{"width":1000,"height":1000,"url":"https:\/\/www.spabad.dets.nl\/wp-content\/uploads\/2025\/01\/hotspring-limelight-beam-bovenaanzicht.jpg","type":"image\/jpeg"}],"twitter_card":"summary_large_image","twitter_misc":{"Gesch\u00e4tzte Lesezeit":"2\u00a0Minuten"},"schema":{"@context":"https:\/\/schema.org","@graph":[{"@type":"WebPage","@id":"https:\/\/www.spabad.dets.nl\/de\/product\/hotspring-limelight-beam\/","url":"https:\/\/www.spabad.dets.nl\/de\/product\/hotspring-limelight-beam\/","name":"HotSpring Limelight Beam Sprudelbad | G\u00fcnstiger Whirlpool - Spabad Limburg","isPartOf":{"@id":"https:\/\/www.spabad.dets.nl\/de\/#website"},"primaryImageOfPage":{"@id":"https:\/\/www.spabad.dets.nl\/de\/product\/hotspring-limelight-beam\/#primaryimage"},"image":{"@id":"https:\/\/www.spabad.dets.nl\/de\/product\/hotspring-limelight-beam\/#primaryimage"},"thumbnailUrl":"https:\/\/www.spabad.dets.nl\/wp-content\/uploads\/2025\/01\/hotspring-limelight-beam-bovenaanzicht.jpg","datePublished":"2025-01-17T10:13:40+00:00","dateModified":"2025-08-12T14:56:31+00:00","description":"Lernen Sie die HotSpring Limelight Beam Whirlpool-Badewanne kennen. Geeignet f\u00fcr 4 Personen. Ein kleines Spa-Bad mit den technischen M\u00f6glichkeiten eines gro\u00dfen Whirlpools von HotSpring.","breadcrumb":{"@id":"https:\/\/www.spabad.dets.nl\/de\/product\/hotspring-limelight-beam\/#breadcrumb"},"inLanguage":"de","potentialAction":[{"@type":"ReadAction","target":["https:\/\/www.spabad.dets.nl\/de\/product\/hotspring-limelight-beam\/"]}]},{"@type":"ImageObject","inLanguage":"de","@id":"https:\/\/www.spabad.dets.nl\/de\/product\/hotspring-limelight-beam\/#primaryimage","url":"https:\/\/www.spabad.dets.nl\/wp-content\/uploads\/2025\/01\/hotspring-limelight-beam-bovenaanzicht.jpg","contentUrl":"https:\/\/www.spabad.dets.nl\/wp-content\/uploads\/2025\/01\/hotspring-limelight-beam-bovenaanzicht.jpg","width":1000,"height":1000,"caption":"Hotspring Limelight Beam"},{"@type":"BreadcrumbList","@id":"https:\/\/www.spabad.dets.nl\/de\/product\/hotspring-limelight-beam\/#breadcrumb","itemListElement":[{"@type":"ListItem","position":1,"name":"Startseite","item":"https:\/\/www.spabad.dets.nl\/de\/startseite-2\/"},{"@type":"ListItem","position":2,"name":"Shop","item":"https:\/\/www.spabad.dets.nl\/de\/shop-2\/"},{"@type":"ListItem","position":3,"name":"Wellis Spa B\u00e4der","item":"https:\/\/www.spabad.dets.nl\/de\/product-categorie\/thermalbaeder\/"},{"@type":"ListItem","position":4,"name":"HotSpring Limelight Beam"}]},{"@type":"WebSite","@id":"https:\/\/www.spabad.dets.nl\/de\/#website","url":"https:\/\/www.spabad.dets.nl\/de\/","name":"Spabad Limburg","description":"Jacuzzi's en zwemspa's","publisher":{"@id":"https:\/\/www.spabad.dets.nl\/de\/#organization"},"potentialAction":[{"@type":"SearchAction","target":{"@type":"EntryPoint","urlTemplate":"https:\/\/www.spabad.dets.nl\/de\/?s={search_term_string}"},"query-input":{"@type":"PropertyValueSpecification","valueRequired":true,"valueName":"search_term_string"}}],"inLanguage":"de"},{"@type":"Organization","@id":"https:\/\/www.spabad.dets.nl\/de\/#organization","name":"Spabad Limburg","url":"https:\/\/www.spabad.dets.nl\/de\/","logo":{"@type":"ImageObject","inLanguage":"de","@id":"https:\/\/www.spabad.dets.nl\/de\/#\/schema\/logo\/image\/","url":"https:\/\/www.spabad.dets.nl\/wp-content\/uploads\/2025\/01\/SpabadLimburg-Logo-Payoff-scaled.png","contentUrl":"https:\/\/www.spabad.dets.nl\/wp-content\/uploads\/2025\/01\/SpabadLimburg-Logo-Payoff-scaled.png","width":2560,"height":548,"caption":"Spabad Limburg"},"image":{"@id":"https:\/\/www.spabad.dets.nl\/de\/#\/schema\/logo\/image\/"}}]}},"_links":{"self":[{"href":"https:\/\/www.spabad.dets.nl\/de\/wp-json\/wp\/v2\/product\/16529","targetHints":{"allow":["GET"]}}],"collection":[{"href":"https:\/\/www.spabad.dets.nl\/de\/wp-json\/wp\/v2\/product"}],"about":[{"href":"https:\/\/www.spabad.dets.nl\/de\/wp-json\/wp\/v2\/types\/product"}],"version-history":[{"count":0,"href":"https:\/\/www.spabad.dets.nl\/de\/wp-json\/wp\/v2\/product\/16529\/revisions"}],"wp:featuredmedia":[{"embeddable":true,"href":"https:\/\/www.spabad.dets.nl\/de\/wp-json\/wp\/v2\/media\/15407"}],"wp:attachment":[{"href":"https:\/\/www.spabad.dets.nl\/de\/wp-json\/wp\/v2\/media?parent=16529"}],"wp:term":[{"taxonomy":"product_brand","embeddable":true,"href":"https:\/\/www.spabad.dets.nl\/de\/wp-json\/wp\/v2\/product_brand?post=16529"},{"taxonomy":"product_cat","embeddable":true,"href":"https:\/\/www.spabad.dets.nl\/de\/wp-json\/wp\/v2\/product_cat?post=16529"},{"taxonomy":"product_tag","embeddable":true,"href":"https:\/\/www.spabad.dets.nl\/de\/wp-json\/wp\/v2\/product_tag?post=16529"}],"curies":[{"name":"wp","href":"https:\/\/api.w.org\/{rel}","templated":true}]}}