{"id":16526,"date":"2025-01-17T11:13:41","date_gmt":"2025-01-17T10:13:41","guid":{"rendered":"https:\/\/www.spabad.dets.nl\/product\/hotspring-hotspot-tempo\/"},"modified":"2025-07-21T08:10:07","modified_gmt":"2025-07-21T06:10:07","slug":"hotspring-hotspot-tempo","status":"publish","type":"product","link":"https:\/\/www.spabad.dets.nl\/de\/product\/hotspring-hotspot-tempo\/","title":{"rendered":"HotSpring Hotspot Tempo"},"content":{"rendered":"<h1><strong>HotSpring Hotspot Tempo<\/strong><\/h1>\n<p>Das Tempo-Whirlpoolbad ist ein Whirlpool f\u00fcr 6 Personen von HotSpring. Der HotSpring Hotspot Tempo ist ein kompakter Whirlpool, der trotz seiner geringen Gr\u00f6\u00dfe Platz f\u00fcr 6 Personen bietet. Das Besondere am Hotspot Tempo sind seine hochwertigen D\u00fcsen im Verh\u00e4ltnis zu seinem g\u00fcnstigen Preis.  <\/p>\n<p>Au\u00dferdem sind alle D\u00fcsen des HotSpring Hotspot Tempo mit Edelstahl verkleidet. Um das Bild zu vervollst\u00e4ndigen, verf\u00fcgt der HotSpring Hotspot Tempo serienm\u00e4\u00dfig \u00fcber einen Wasserfall und 10 mehrfarbige LED-Lichter, die \u00fcber dem Spa-Pool integriert sind. <\/p>\n<h2><strong>Technische Daten HotSpring Hotspot Tempo Sprudelbad<\/strong><\/h2>\n<div id=\"specs\" class=\"collapse\">\n<div class=\"row\">\n<div class=\"col-lg-5 col-lg-offset-1 col-md-6 col-sm-6 pull-left\">\n<div class=\"panel-pane pane-views-panes pane-model-specifications-pane-specs\">\n<div class=\"pane-content\">\n<div class=\"model-specs\">\n<table style=\"height: 1460px;\" width=\"901\">\n<tbody>\n<tr class=\"alt\">\n<td>Sitzplatzkapazit\u00e4t<\/td>\n<td>\n<div>6 Erwachsene<\/div>\n<\/td>\n<\/tr>\n<tr>\n<td>Abmessungen<\/td>\n<td>\n<div class=\"field-content\">\n<div class=\"entity entity-field-collection-item field-collection-item-field-dimensions clearfix\">\n<div class=\"content\">\n<div class=\"field field-name-field-dimensions-us field-type-text field-label-hidden\">\n<div class=\"field-items\">\n<div class=\"field-item even\"><span style=\"font-family: inherit; font-size: inherit;\">2.26m x 2.26m x .99m<\/span><\/div>\n<\/div>\n<\/div>\n<\/div>\n<\/div>\n<\/div>\n<\/td>\n<\/tr>\n<tr class=\"alt\">\n<td>Fassungsverm\u00f6gen Wasser<\/td>\n<td>\n<div class=\"field-content\">1,575 Liter<\/div>\n<\/td>\n<\/tr>\n<tr>\n<td>Masse<\/td>\n<td>\n<div>\n<div class=\"entity entity-field-collection-item field-collection-item-field-weight clearfix\">\n<div class=\"content\">\n<div class=\"field field-name-field-weight-dry field-type-text field-label-hidden\">\n<div class=\"field-items\">\n<div class=\"field-item even\">415 kg trocken<\/div>\n<\/div>\n<\/div>\n<div class=\"field field-name-field-weight-filled field-type-text field-label-hidden\">\n<div class=\"field-items\">\n<div class=\"field-item even\">2470 kg gef\u00fcllt*<\/div>\n<\/div>\n<\/div>\n<\/div>\n<\/div>\n<\/div>\n<\/td>\n<\/tr>\n<tr class=\"alt\">\n<td>Anzahl der D\u00fcsen<\/td>\n<td>\n<div>45<\/div>\n<\/td>\n<\/tr>\n<tr>\n<td>Whirlpool-D\u00fcsen<\/td>\n<td>\n<div class=\"item-list\">\n<div class=\"entity entity-field-collection-item field-collection-item-field-jet-listing clearfix\">\n<div class=\"content\">\n<div class=\"field field-name-field-jet-count field-type-number-integer field-label-hidden\">\n<div class=\"field-items\">\n<div class=\"field-item even\"><span style=\"font-family: inherit; font-size: inherit;\">6 Direktionale Massaged\u00fcsen<\/span><\/div>\n<div class=\"field-item even\"><span style=\"font-family: inherit; font-size: inherit;\">4 <\/span><span style=\"font-family: inherit; font-size: inherit;\">Rotierende Massaged\u00fcsen<\/span><\/div>\n<div class=\"field-item even\"><span style=\"font-family: inherit; font-size: inherit;\">35 <\/span><span style=\"font-family: inherit; font-size: inherit;\">Direktionale Pr\u00e4zision<\/span><sup style=\"font-family: inherit;\">\u00ae<\/sup><span style=\"font-family: inherit; font-size: inherit;\"> D\u00fcsen<\/span><\/div>\n<\/div>\n<\/div>\n<\/div>\n<\/div>\n<\/div>\n<\/td>\n<\/tr>\n<tr class=\"alt\">\n<td>Beleuchtungssystem<\/td>\n<td>\n<div>\n<div class=\"item-list\">\n<p>10 mehrfarbige LED-Punkte<\/p>\n<\/div>\n<\/div>\n<\/td>\n<\/tr>\n<tr>\n<td>Wasserspiele<\/td>\n<td>Enth\u00e4lt<\/td>\n<\/tr>\n<tr class=\"alt\">\n<td>Kontrollsystem<\/td>\n<td>\n<div>\n<div class=\"item-list\">\n<p>IQ <sup>2020\u00ae<\/sup> mit LCD-Bedienfeld<\/p>\n<p>230v\/50amp, 60Hz<\/p>\n<p>Inklusive G.F.C.I. gesch\u00fctztem Sub-Panel<\/p>\n<\/div>\n<\/div>\n<\/td>\n<\/tr>\n<tr>\n<td>Heizger\u00e4t<\/td>\n<td>\n<div>\n<div class=\"item-list\">\n<p><sup>No-Fault\u00ae<\/sup>, 4000w\/230v<\/p>\n<\/div>\n<\/div>\n<\/td>\n<\/tr>\n<tr class=\"alt\">\n<td>Strahlpumpe 1<\/td>\n<td>\n<div>\n<div class=\"item-list\">\n<p><sup>Wavemaster\u00ae<\/sup> 9200<\/p>\n<p>Zwei Geschwindigkeiten<\/p>\n<p>2,5 PS, Dauerbetrieb<\/p>\n<p>5,2 PS, Durchschlagskraft<\/p>\n<\/div>\n<\/div>\n<\/td>\n<\/tr>\n<tr>\n<td>Strahlpumpe 2<\/td>\n<td>\n<div>\n<div class=\"item-list\">\n<p><sup>Wavemaster\u00ae<\/sup> 9000<\/p>\n<p>Ein-Gang<\/p>\n<p>2,5 PS, Dauerbetrieb<\/p>\n<p>5,2 PS, Durchbruchdrehmoment<\/p>\n<\/div>\n<\/div>\n<\/td>\n<\/tr>\n<tr class=\"alt\">\n<td>Optionen f\u00fcr den Wasserschutz<\/td>\n<td>\n<div class=\"field-item\">\n<div class=\"field-item\">\n<div class=\"item-list\">\n<p><sup>EverFresh\u00ae<\/sup> System mit CD-Ozon (optional)<\/p>\n<\/div>\n<\/div>\n<\/div>\n<\/td>\n<\/tr>\n<tr class=\"alt\">\n<td>Vinyl-Einband<\/td>\n<td>\n<div>\n<div class=\"item-list\">\n<p>9 bis 6,4 Zentimeter verj\u00fcngter Bezug<\/p>\n<p>0,9 kg. dichter Schaumstoffkern<\/p>\n<\/div>\n<\/div>\n<\/td>\n<\/tr>\n<tr>\n<td>Farben des Vinylbezugs<\/td>\n<td>\n<div>\n<div class=\"item-list\">\n<p>Esche, Kastanie, Karamell<\/p>\n<\/div>\n<\/div>\n<\/td>\n<\/tr>\n<tr class=\"alt\">\n<td>Unterhaltungssysteme (optional)<\/td>\n<td>\n<div>\n<div class=\"item-list\">\n<p>Drahtloses Sound-System<\/p>\n<\/div>\n<\/div>\n<\/td>\n<\/tr>\n<tr>\n<td>Heber f\u00fcr die Abdeckung (optional)<\/td>\n<td>\n<div class=\"field-content\">CoverCradle <sup>II\u00ae<\/sup>, <sup>CoverCradle\u00ae<\/sup>, Lift &#8217;n <sup>Glide\u00ae<\/sup>, <sup>UpRite\u00ae<\/sup><\/div>\n<\/td>\n<\/tr>\n<tr class=\"alt\">\n<td>Schritte (optional)<\/td>\n<td>\n<div class=\"field-content\">\n<div class=\"item-list\">\n<p><sup>Everwood\u00ae<\/sup><\/p>\n<p>Polymer<\/p>\n<\/div>\n<\/div>\n<\/td>\n<\/tr>\n<\/tbody>\n<\/table>\n<\/div>\n<\/div>\n<\/div>\n<\/div>\n<div class=\"col-lg-5 col-lg-pull-1 col-md-6 col-sm-6 pull-right\">\n<div class=\"panel-pane pane-views-panes pane-model-specifications-pane-shell\">\n<div class=\"pane-content\">\n<div class=\"model-specs shell\"><\/div>\n<\/div>\n<\/div>\n<\/div>\n<\/div>\n<\/div>\n<div class=\"row\">\n<div class=\"col-lg-5 col-lg-offset-1 col-md-6 col-sm-6\">\n<div class=\"model-specs-disclaimer\">\n<div class=\"panel-pane pane-custom pane-14\">\n<div class=\"pane-content\">\n<p>*inklusive Wasser und 6 Erwachsene mit einem Gewicht von je 70kg<\/p>\n<p>Exportmodelle sind mit 230v, 50Hz, 2000w Heizung erh\u00e4ltlich<\/p>\n<\/div>\n<\/div>\n<\/div>\n<\/div>\n<\/div>\n<h2><\/h2>\n","protected":false},"excerpt":{"rendered":"<p><a href=\"https:\/\/www.spabad.dets.nl\/wp-content\/uploads\/2018\/06\/hotspring-brand-featured.png\"><img decoding=\"async\" class=\"alignnone size-full wp-image-1012\" src=\"https:\/\/www.spabad.dets.nl\/wp-content\/uploads\/2018\/06\/hotspring-brand-featured.png\" alt=\"Logo von Hotspring\" width=\"265\" height=\"87\"><\/a><\/p>\n<p><strong>Merkmale HotSpring Hotspot Tempo<\/strong><\/p>\n<ul>\n<li>6-Personen-Whirlpool<\/li>\n<li>45 fortschrittliche D\u00fcsen<\/li>\n<li>Inklusive Wasserfall<\/li>\n<\/ul>\n","protected":false},"featured_media":15409,"template":"","meta":{"_acf_changed":false},"product_brand":[],"product_cat":[204],"product_tag":[],"class_list":{"0":"post-16526","1":"product","2":"type-product","3":"status-publish","4":"has-post-thumbnail","6":"product_cat-thermalbaeder","8":"first","9":"instock","10":"taxable","11":"shipping-taxable","12":"product-type-simple"},"acf":[],"yoast_head":"<!-- This site is optimized with the Yoast SEO plugin v27.5 - https:\/\/yoast.com\/product\/yoast-seo-wordpress\/ -->\n<title>HotSpring Hotspot Tempo Whirlpool | 6 Personen | preisg\u00fcnstig! - Thermalbad Limburg<\/title>\n<meta name=\"description\" content=\"HotSpring Hotspot Tempo-Whirlpool. Ausgestattet mit verschiedenen D\u00fcsen und fortschrittlichen Wasseroptionen. Lernen Sie die 45 erstaunlichen D\u00fcsen kennen, die Hotspot Tempo bietet!\" \/>\n<meta name=\"robots\" content=\"index, follow, max-snippet:-1, max-image-preview:large, max-video-preview:-1\" \/>\n<link rel=\"canonical\" href=\"https:\/\/www.spabad.dets.nl\/de\/product\/hotspring-hotspot-tempo\/\" \/>\n<meta property=\"og:locale\" content=\"de_DE\" \/>\n<meta property=\"og:type\" content=\"article\" \/>\n<meta property=\"og:title\" content=\"HotSpring Hotspot Tempo Whirlpool | 6 Personen | preisg\u00fcnstig! - Thermalbad Limburg\" \/>\n<meta property=\"og:description\" content=\"HotSpring Hotspot Tempo-Whirlpool. Ausgestattet mit verschiedenen D\u00fcsen und fortschrittlichen Wasseroptionen. Lernen Sie die 45 erstaunlichen D\u00fcsen kennen, die Hotspot Tempo bietet!\" \/>\n<meta property=\"og:url\" content=\"https:\/\/www.spabad.dets.nl\/de\/product\/hotspring-hotspot-tempo\/\" \/>\n<meta property=\"og:site_name\" content=\"Spabad Limburg\" \/>\n<meta property=\"article:modified_time\" content=\"2025-07-21T06:10:07+00:00\" \/>\n<meta property=\"og:image\" content=\"https:\/\/www.spabad.dets.nl\/wp-content\/uploads\/2025\/01\/Hotspring-Hotspot-Tempo-Tuscan-Sun-Shell-bovenaanzicht.jpg\" \/>\n\t<meta property=\"og:image:width\" content=\"1000\" \/>\n\t<meta property=\"og:image:height\" content=\"1000\" \/>\n\t<meta property=\"og:image:type\" content=\"image\/jpeg\" \/>\n<meta name=\"twitter:card\" content=\"summary_large_image\" \/>\n<meta name=\"twitter:label1\" content=\"Gesch\u00e4tzte Lesezeit\" \/>\n\t<meta name=\"twitter:data1\" content=\"1\u00a0Minute\" \/>\n<script type=\"application\/ld+json\" class=\"yoast-schema-graph\">{\"@context\":\"https:\\\/\\\/schema.org\",\"@graph\":[{\"@type\":\"WebPage\",\"@id\":\"https:\\\/\\\/www.spabad.dets.nl\\\/de\\\/product\\\/hotspring-hotspot-tempo\\\/\",\"url\":\"https:\\\/\\\/www.spabad.dets.nl\\\/de\\\/product\\\/hotspring-hotspot-tempo\\\/\",\"name\":\"HotSpring Hotspot Tempo Whirlpool | 6 Personen | preisg\u00fcnstig! - Thermalbad Limburg\",\"isPartOf\":{\"@id\":\"https:\\\/\\\/www.spabad.dets.nl\\\/de\\\/#website\"},\"primaryImageOfPage\":{\"@id\":\"https:\\\/\\\/www.spabad.dets.nl\\\/de\\\/product\\\/hotspring-hotspot-tempo\\\/#primaryimage\"},\"image\":{\"@id\":\"https:\\\/\\\/www.spabad.dets.nl\\\/de\\\/product\\\/hotspring-hotspot-tempo\\\/#primaryimage\"},\"thumbnailUrl\":\"https:\\\/\\\/www.spabad.dets.nl\\\/wp-content\\\/uploads\\\/2025\\\/01\\\/Hotspring-Hotspot-Tempo-Tuscan-Sun-Shell-bovenaanzicht.jpg\",\"datePublished\":\"2025-01-17T10:13:41+00:00\",\"dateModified\":\"2025-07-21T06:10:07+00:00\",\"description\":\"HotSpring Hotspot Tempo-Whirlpool. Ausgestattet mit verschiedenen D\u00fcsen und fortschrittlichen Wasseroptionen. Lernen Sie die 45 erstaunlichen D\u00fcsen kennen, die Hotspot Tempo bietet!\",\"breadcrumb\":{\"@id\":\"https:\\\/\\\/www.spabad.dets.nl\\\/de\\\/product\\\/hotspring-hotspot-tempo\\\/#breadcrumb\"},\"inLanguage\":\"de\",\"potentialAction\":[{\"@type\":\"ReadAction\",\"target\":[\"https:\\\/\\\/www.spabad.dets.nl\\\/de\\\/product\\\/hotspring-hotspot-tempo\\\/\"]}]},{\"@type\":\"ImageObject\",\"inLanguage\":\"de\",\"@id\":\"https:\\\/\\\/www.spabad.dets.nl\\\/de\\\/product\\\/hotspring-hotspot-tempo\\\/#primaryimage\",\"url\":\"https:\\\/\\\/www.spabad.dets.nl\\\/wp-content\\\/uploads\\\/2025\\\/01\\\/Hotspring-Hotspot-Tempo-Tuscan-Sun-Shell-bovenaanzicht.jpg\",\"contentUrl\":\"https:\\\/\\\/www.spabad.dets.nl\\\/wp-content\\\/uploads\\\/2025\\\/01\\\/Hotspring-Hotspot-Tempo-Tuscan-Sun-Shell-bovenaanzicht.jpg\",\"width\":1000,\"height\":1000,\"caption\":\"Hotspring Hotspot Tempo\"},{\"@type\":\"BreadcrumbList\",\"@id\":\"https:\\\/\\\/www.spabad.dets.nl\\\/de\\\/product\\\/hotspring-hotspot-tempo\\\/#breadcrumb\",\"itemListElement\":[{\"@type\":\"ListItem\",\"position\":1,\"name\":\"Startseite\",\"item\":\"https:\\\/\\\/www.spabad.dets.nl\\\/de\\\/startseite-2\\\/\"},{\"@type\":\"ListItem\",\"position\":2,\"name\":\"Shop\",\"item\":\"https:\\\/\\\/www.spabad.dets.nl\\\/de\\\/shop-2\\\/\"},{\"@type\":\"ListItem\",\"position\":3,\"name\":\"Wellis Spa B\u00e4der\",\"item\":\"https:\\\/\\\/www.spabad.dets.nl\\\/de\\\/product-categorie\\\/thermalbaeder\\\/\"},{\"@type\":\"ListItem\",\"position\":4,\"name\":\"HotSpring Hotspot Tempo\"}]},{\"@type\":\"WebSite\",\"@id\":\"https:\\\/\\\/www.spabad.dets.nl\\\/de\\\/#website\",\"url\":\"https:\\\/\\\/www.spabad.dets.nl\\\/de\\\/\",\"name\":\"Spabad Limburg\",\"description\":\"Jacuzzi's en zwemspa's\",\"publisher\":{\"@id\":\"https:\\\/\\\/www.spabad.dets.nl\\\/de\\\/#organization\"},\"potentialAction\":[{\"@type\":\"SearchAction\",\"target\":{\"@type\":\"EntryPoint\",\"urlTemplate\":\"https:\\\/\\\/www.spabad.dets.nl\\\/de\\\/?s={search_term_string}\"},\"query-input\":{\"@type\":\"PropertyValueSpecification\",\"valueRequired\":true,\"valueName\":\"search_term_string\"}}],\"inLanguage\":\"de\"},{\"@type\":\"Organization\",\"@id\":\"https:\\\/\\\/www.spabad.dets.nl\\\/de\\\/#organization\",\"name\":\"Spabad Limburg\",\"url\":\"https:\\\/\\\/www.spabad.dets.nl\\\/de\\\/\",\"logo\":{\"@type\":\"ImageObject\",\"inLanguage\":\"de\",\"@id\":\"https:\\\/\\\/www.spabad.dets.nl\\\/de\\\/#\\\/schema\\\/logo\\\/image\\\/\",\"url\":\"https:\\\/\\\/www.spabad.dets.nl\\\/wp-content\\\/uploads\\\/2025\\\/01\\\/SpabadLimburg-Logo-Payoff-scaled.png\",\"contentUrl\":\"https:\\\/\\\/www.spabad.dets.nl\\\/wp-content\\\/uploads\\\/2025\\\/01\\\/SpabadLimburg-Logo-Payoff-scaled.png\",\"width\":2560,\"height\":548,\"caption\":\"Spabad Limburg\"},\"image\":{\"@id\":\"https:\\\/\\\/www.spabad.dets.nl\\\/de\\\/#\\\/schema\\\/logo\\\/image\\\/\"}}]}<\/script>\n<!-- \/ Yoast SEO plugin. -->","yoast_head_json":{"title":"HotSpring Hotspot Tempo Whirlpool | 6 Personen | preisg\u00fcnstig! - Thermalbad Limburg","description":"HotSpring Hotspot Tempo-Whirlpool. Ausgestattet mit verschiedenen D\u00fcsen und fortschrittlichen Wasseroptionen. Lernen Sie die 45 erstaunlichen D\u00fcsen kennen, die Hotspot Tempo bietet!","robots":{"index":"index","follow":"follow","max-snippet":"max-snippet:-1","max-image-preview":"max-image-preview:large","max-video-preview":"max-video-preview:-1"},"canonical":"https:\/\/www.spabad.dets.nl\/de\/product\/hotspring-hotspot-tempo\/","og_locale":"de_DE","og_type":"article","og_title":"HotSpring Hotspot Tempo Whirlpool | 6 Personen | preisg\u00fcnstig! - Thermalbad Limburg","og_description":"HotSpring Hotspot Tempo-Whirlpool. Ausgestattet mit verschiedenen D\u00fcsen und fortschrittlichen Wasseroptionen. Lernen Sie die 45 erstaunlichen D\u00fcsen kennen, die Hotspot Tempo bietet!","og_url":"https:\/\/www.spabad.dets.nl\/de\/product\/hotspring-hotspot-tempo\/","og_site_name":"Spabad Limburg","article_modified_time":"2025-07-21T06:10:07+00:00","og_image":[{"width":1000,"height":1000,"url":"https:\/\/www.spabad.dets.nl\/wp-content\/uploads\/2025\/01\/Hotspring-Hotspot-Tempo-Tuscan-Sun-Shell-bovenaanzicht.jpg","type":"image\/jpeg"}],"twitter_card":"summary_large_image","twitter_misc":{"Gesch\u00e4tzte Lesezeit":"1\u00a0Minute"},"schema":{"@context":"https:\/\/schema.org","@graph":[{"@type":"WebPage","@id":"https:\/\/www.spabad.dets.nl\/de\/product\/hotspring-hotspot-tempo\/","url":"https:\/\/www.spabad.dets.nl\/de\/product\/hotspring-hotspot-tempo\/","name":"HotSpring Hotspot Tempo Whirlpool | 6 Personen | preisg\u00fcnstig! - Thermalbad Limburg","isPartOf":{"@id":"https:\/\/www.spabad.dets.nl\/de\/#website"},"primaryImageOfPage":{"@id":"https:\/\/www.spabad.dets.nl\/de\/product\/hotspring-hotspot-tempo\/#primaryimage"},"image":{"@id":"https:\/\/www.spabad.dets.nl\/de\/product\/hotspring-hotspot-tempo\/#primaryimage"},"thumbnailUrl":"https:\/\/www.spabad.dets.nl\/wp-content\/uploads\/2025\/01\/Hotspring-Hotspot-Tempo-Tuscan-Sun-Shell-bovenaanzicht.jpg","datePublished":"2025-01-17T10:13:41+00:00","dateModified":"2025-07-21T06:10:07+00:00","description":"HotSpring Hotspot Tempo-Whirlpool. Ausgestattet mit verschiedenen D\u00fcsen und fortschrittlichen Wasseroptionen. Lernen Sie die 45 erstaunlichen D\u00fcsen kennen, die Hotspot Tempo bietet!","breadcrumb":{"@id":"https:\/\/www.spabad.dets.nl\/de\/product\/hotspring-hotspot-tempo\/#breadcrumb"},"inLanguage":"de","potentialAction":[{"@type":"ReadAction","target":["https:\/\/www.spabad.dets.nl\/de\/product\/hotspring-hotspot-tempo\/"]}]},{"@type":"ImageObject","inLanguage":"de","@id":"https:\/\/www.spabad.dets.nl\/de\/product\/hotspring-hotspot-tempo\/#primaryimage","url":"https:\/\/www.spabad.dets.nl\/wp-content\/uploads\/2025\/01\/Hotspring-Hotspot-Tempo-Tuscan-Sun-Shell-bovenaanzicht.jpg","contentUrl":"https:\/\/www.spabad.dets.nl\/wp-content\/uploads\/2025\/01\/Hotspring-Hotspot-Tempo-Tuscan-Sun-Shell-bovenaanzicht.jpg","width":1000,"height":1000,"caption":"Hotspring Hotspot Tempo"},{"@type":"BreadcrumbList","@id":"https:\/\/www.spabad.dets.nl\/de\/product\/hotspring-hotspot-tempo\/#breadcrumb","itemListElement":[{"@type":"ListItem","position":1,"name":"Startseite","item":"https:\/\/www.spabad.dets.nl\/de\/startseite-2\/"},{"@type":"ListItem","position":2,"name":"Shop","item":"https:\/\/www.spabad.dets.nl\/de\/shop-2\/"},{"@type":"ListItem","position":3,"name":"Wellis Spa B\u00e4der","item":"https:\/\/www.spabad.dets.nl\/de\/product-categorie\/thermalbaeder\/"},{"@type":"ListItem","position":4,"name":"HotSpring Hotspot Tempo"}]},{"@type":"WebSite","@id":"https:\/\/www.spabad.dets.nl\/de\/#website","url":"https:\/\/www.spabad.dets.nl\/de\/","name":"Spabad Limburg","description":"Jacuzzi's en zwemspa's","publisher":{"@id":"https:\/\/www.spabad.dets.nl\/de\/#organization"},"potentialAction":[{"@type":"SearchAction","target":{"@type":"EntryPoint","urlTemplate":"https:\/\/www.spabad.dets.nl\/de\/?s={search_term_string}"},"query-input":{"@type":"PropertyValueSpecification","valueRequired":true,"valueName":"search_term_string"}}],"inLanguage":"de"},{"@type":"Organization","@id":"https:\/\/www.spabad.dets.nl\/de\/#organization","name":"Spabad Limburg","url":"https:\/\/www.spabad.dets.nl\/de\/","logo":{"@type":"ImageObject","inLanguage":"de","@id":"https:\/\/www.spabad.dets.nl\/de\/#\/schema\/logo\/image\/","url":"https:\/\/www.spabad.dets.nl\/wp-content\/uploads\/2025\/01\/SpabadLimburg-Logo-Payoff-scaled.png","contentUrl":"https:\/\/www.spabad.dets.nl\/wp-content\/uploads\/2025\/01\/SpabadLimburg-Logo-Payoff-scaled.png","width":2560,"height":548,"caption":"Spabad Limburg"},"image":{"@id":"https:\/\/www.spabad.dets.nl\/de\/#\/schema\/logo\/image\/"}}]}},"_links":{"self":[{"href":"https:\/\/www.spabad.dets.nl\/de\/wp-json\/wp\/v2\/product\/16526","targetHints":{"allow":["GET"]}}],"collection":[{"href":"https:\/\/www.spabad.dets.nl\/de\/wp-json\/wp\/v2\/product"}],"about":[{"href":"https:\/\/www.spabad.dets.nl\/de\/wp-json\/wp\/v2\/types\/product"}],"version-history":[{"count":0,"href":"https:\/\/www.spabad.dets.nl\/de\/wp-json\/wp\/v2\/product\/16526\/revisions"}],"wp:featuredmedia":[{"embeddable":true,"href":"https:\/\/www.spabad.dets.nl\/de\/wp-json\/wp\/v2\/media\/15409"}],"wp:attachment":[{"href":"https:\/\/www.spabad.dets.nl\/de\/wp-json\/wp\/v2\/media?parent=16526"}],"wp:term":[{"taxonomy":"product_brand","embeddable":true,"href":"https:\/\/www.spabad.dets.nl\/de\/wp-json\/wp\/v2\/product_brand?post=16526"},{"taxonomy":"product_cat","embeddable":true,"href":"https:\/\/www.spabad.dets.nl\/de\/wp-json\/wp\/v2\/product_cat?post=16526"},{"taxonomy":"product_tag","embeddable":true,"href":"https:\/\/www.spabad.dets.nl\/de\/wp-json\/wp\/v2\/product_tag?post=16526"}],"curies":[{"name":"wp","href":"https:\/\/api.w.org\/{rel}","templated":true}]}}