{"id":16524,"date":"2025-01-17T11:13:41","date_gmt":"2025-01-17T10:13:41","guid":{"rendered":"https:\/\/www.spabad.dets.nl\/product\/hotspring-hotspot-tx-dreieck\/"},"modified":"2025-08-09T16:25:45","modified_gmt":"2025-08-09T14:25:45","slug":"hotspring-hotspot-tx-dreieck","status":"publish","type":"product","link":"https:\/\/www.spabad.dets.nl\/de\/product\/hotspring-hotspot-tx-dreieck\/","title":{"rendered":"HotSpring Hotspot TX Dreieck"},"content":{"rendered":"<h1><strong>HotSpring Hotspot TX Dreieck<\/strong><\/h1>\n<p>HotSpring Hotspot TX Triangle Whirlpool. Kompakt und daher nur f\u00fcr 2 Personen geeignet. Perfekt f\u00fcr kleine Bereiche wie einen Balkon oder eine Terrasse. Zu den 10 D\u00fcsen des TX Triangle geh\u00f6ren auch eine Moto-Massage\u00ae-D\u00fcse, eine No-Fault\u00ae-Heizung und <sup>FiberCor\u00ae-Isolierung <\/sup>. Perfektion in jedem Detail und hochwertige Materialien. Erleben Sie es selbst!     <\/p>\n<h2><strong>Technische Daten<\/strong><\/h2>\n<table>\n<tbody>\n<tr class=\"alt\">\n<td>Sitzplatzkapazit\u00e4t<\/td>\n<td>\n<div>2 Erwachsene<\/div>\n<\/td>\n<\/tr>\n<tr>\n<td>Abmessungen<\/td>\n<td>\n<div class=\"field-content\">\n<div class=\"entity entity-field-collection-item field-collection-item-field-dimensions clearfix\">\n<div class=\"content\">\n<div class=\"field field-name-field-dimensions-us field-type-text field-label-hidden\">\n<div class=\"field-items\">\n<div class=\"field-item even\"><span style=\"font-family: inherit; font-size: inherit;\">1.74m x 1.74m x .74m<\/span><\/div>\n<\/div>\n<\/div>\n<\/div>\n<\/div>\n<\/div>\n<\/td>\n<\/tr>\n<tr class=\"alt\">\n<td>Fassungsverm\u00f6gen Wasser<\/td>\n<td>\n<div class=\"field-content\">525 Liter<\/div>\n<\/td>\n<\/tr>\n<tr>\n<td>Masse<\/td>\n<td>\n<div>\n<div class=\"entity entity-field-collection-item field-collection-item-field-weight clearfix\">\n<div class=\"content\">\n<div class=\"field field-name-field-weight-dry field-type-text field-label-hidden\">\n<div class=\"field-items\">\n<div class=\"field-item even\">240 kg trocken<\/div>\n<\/div>\n<\/div>\n<div class=\"field field-name-field-weight-filled field-type-text field-label-hidden\">\n<div class=\"field-items\">\n<div class=\"field-item even\">925 kg gef\u00fcllt*<\/div>\n<\/div>\n<\/div>\n<\/div>\n<\/div>\n<\/div>\n<\/td>\n<\/tr>\n<tr class=\"alt\">\n<td>Anzahl der D\u00fcsen<\/td>\n<td>\n<div>10<\/div>\n<\/td>\n<\/tr>\n<tr>\n<td>Whirlpool-D\u00fcsen<\/td>\n<td>\n<div class=\"item-list\">\n<div class=\"entity entity-field-collection-item field-collection-item-field-jet-listing clearfix\">\n<div class=\"content\">\n<div class=\"field field-name-field-jet-count field-type-number-integer field-label-hidden\">\n<div class=\"field-items\">\n<div class=\"field-item even\"><span style=\"font-family: inherit; font-size: inherit;\">Moto-Massage<\/span><sup style=\"font-family: inherit;\">\u00ae<\/sup><span style=\"font-family: inherit; font-size: inherit;\"> Strahl<\/span><\/div>\n<div class=\"field-item even\"><span style=\"font-family: inherit; font-size: inherit;\">Rotierende Hydromassage-D\u00fcse<\/span><\/div>\n<\/div>\n<\/div>\n<\/div>\n<div class=\"content\">\n<div class=\"field field-name-field-jet-count field-type-number-integer field-label-hidden\">\n<div class=\"field-items\">\n<div class=\"field-item even\"><span style=\"font-family: inherit; font-size: inherit;\">8 <\/span><span style=\"font-family: inherit; font-size: inherit;\">Direktionale Pr\u00e4zision<\/span><sup style=\"font-family: inherit;\">\u00ae<\/sup><span style=\"font-family: inherit; font-size: inherit;\"> D\u00fcsen<\/span><\/div>\n<\/div>\n<\/div>\n<\/div>\n<\/div>\n<\/div>\n<\/td>\n<\/tr>\n<tr class=\"alt\">\n<td>Beleuchtungssystem<\/td>\n<td>\n<div>\n<div class=\"item-list\">\n<p>Blaues LED-Licht, dimmbar<br \/>\n<sup>Splendors\u00ae<\/sup> mehrfarbiges LED-Licht, dimmbar (optional)<\/p>\n<\/div>\n<\/div>\n<\/td>\n<\/tr>\n<tr>\n<td>Kontrollsystem<\/td>\n<td>\n<div>\n<div class=\"item-list\">\n<p>IQ <sup>2020\u00ae<\/sup> mit LCD-Bedienfeld<br \/>\n115v\/15amp<br \/>\nInklusive G.F.C.I. gesch\u00fctztem Netzkabel<br \/>\noder 115v\/30amp**<br \/>\noder 230v\/50amp, 60Hz***<\/p>\n<\/div>\n<\/div>\n<\/td>\n<\/tr>\n<tr class=\"alt\">\n<td>Heizger\u00e4t<\/td>\n<td>\n<div>\n<div class=\"item-list\">\n<p><sup>No-Fault\u00ae<\/sup>, 1000w\/115v<\/p>\n<\/div>\n<\/div>\n<\/td>\n<\/tr>\n<tr>\n<td>Strahlpumpe 1<\/td>\n<td>\n<div>\n<div class=\"item-list\">\n<p><sup>Wavemaster\u00ae<\/sup> 4000<br \/>\nZwei Geschwindigkeiten<br \/>\n1,0 PS, Dauerbetrieb\/<br \/>\n1,7 PS, Ausfallmoment<\/p>\n<\/div>\n<\/div>\n<\/td>\n<\/tr>\n<tr class=\"alt\">\n<td>Umw\u00e4lzpumpe<\/td>\n<td>\n<div>\n<div class=\"item-list\">\n<p>SilentFlo <sup>5000\u00ae<\/sup> (optional)<br \/>\nSilentFlo <sup>5000\u00ae<\/sup> f\u00fcr ger\u00e4uschlose Dauerfiltration<\/p>\n<\/div>\n<\/div>\n<\/td>\n<\/tr>\n<tr>\n<td>Wasserschutz<\/td>\n<td>\n<div class=\"field-item\">\n<div class=\"item-list\">\n<p><sup>EverFresh\u00ae<\/sup> System mit CD-Ozon (optional)<\/p>\n<\/div>\n<\/div>\n<\/td>\n<\/tr>\n<tr class=\"alt\">\n<td>Effektive Filtrationsfl\u00e4che<\/td>\n<td>\n<div class=\"field-content\">2,8 m2 Top-Loading-Filter<\/div>\n<\/td>\n<\/tr>\n<tr>\n<td>Vinyl-Einband<\/td>\n<td>\n<div>\n<div class=\"item-list\">\n<p>7,6 - 5 cm verj\u00fcngt<br \/>\nSchaumstoffkern mit 450 Gramm Dichte<\/p>\n<\/div>\n<\/div>\n<\/td>\n<\/tr>\n<tr class=\"alt\">\n<td>Farben des Vinylbezugs<\/td>\n<td>\n<div>\n<div class=\"item-list\">\n<p>Asche, Chestnu, Karamell<\/p>\n<\/div>\n<\/div>\n<\/td>\n<\/tr>\n<tr>\n<td>Schritte (optional)<\/td>\n<td>\n<div class=\"field-content\">\n<div class=\"item-list\">\n<p>Everwood\u00ae<sup>, <\/sup>Polymer<\/p>\n<\/div>\n<\/div>\n<\/td>\n<\/tr>\n<\/tbody>\n<\/table>\n","protected":false},"excerpt":{"rendered":"<p><a href=\"https:\/\/www.spabad.dets.nl\/wp-content\/uploads\/2018\/06\/hotspring-brand-featured.png\"><img decoding=\"async\" class=\"alignnone size-full wp-image-1012\" src=\"https:\/\/www.spabad.dets.nl\/wp-content\/uploads\/2018\/06\/hotspring-brand-featured.png\" alt=\"Logo von Hotspring\" width=\"265\" height=\"87\"><\/a><\/p>\n<p><strong>Eigenschaften Hotspring Hotspot TX Triangle  <\/strong><\/p>\n<ul>\n<li>2-Personen-Whirlpool<\/li>\n<li>Kompakte Gr\u00f6\u00dfe<\/li>\n<li>10 D\u00fcsen<\/li>\n<\/ul>\n","protected":false},"featured_media":15415,"template":"","meta":{"_acf_changed":false},"product_brand":[],"product_cat":[204],"product_tag":[],"class_list":{"0":"post-16524","1":"product","2":"type-product","3":"status-publish","4":"has-post-thumbnail","6":"product_cat-thermalbaeder","8":"first","9":"instock","10":"taxable","11":"shipping-taxable","12":"product-type-simple"},"acf":[],"yoast_head":"<!-- This site is optimized with the Yoast SEO plugin v27.5 - https:\/\/yoast.com\/product\/yoast-seo-wordpress\/ -->\n<title>HotSpring Hotspot TX Triangle | Whirlpool f\u00fcr 2 Personen - Spabad Limburg<\/title>\n<meta name=\"description\" content=\"Zwei-Personen-Whirlpool Hotspring Hotspot TX Triangle. Seine kompakte Gr\u00f6\u00dfe macht ihn zu einem perfekten Whirlpool f\u00fcr kleine R\u00e4ume. Enth\u00e4lt 10 wunderbar leistungsstarke D\u00fcsen.\" \/>\n<meta name=\"robots\" content=\"index, follow, max-snippet:-1, max-image-preview:large, max-video-preview:-1\" \/>\n<link rel=\"canonical\" href=\"https:\/\/www.spabad.dets.nl\/de\/product\/hotspring-hotspot-tx-dreieck\/\" \/>\n<meta property=\"og:locale\" content=\"de_DE\" \/>\n<meta property=\"og:type\" content=\"article\" \/>\n<meta property=\"og:title\" content=\"HotSpring Hotspot TX Triangle | Whirlpool f\u00fcr 2 Personen - Spabad Limburg\" \/>\n<meta property=\"og:description\" content=\"Zwei-Personen-Whirlpool Hotspring Hotspot TX Triangle. Seine kompakte Gr\u00f6\u00dfe macht ihn zu einem perfekten Whirlpool f\u00fcr kleine R\u00e4ume. Enth\u00e4lt 10 wunderbar leistungsstarke D\u00fcsen.\" \/>\n<meta property=\"og:url\" content=\"https:\/\/www.spabad.dets.nl\/de\/product\/hotspring-hotspot-tx-dreieck\/\" \/>\n<meta property=\"og:site_name\" content=\"Spabad Limburg\" \/>\n<meta property=\"article:modified_time\" content=\"2025-08-09T14:25:45+00:00\" \/>\n<meta property=\"og:image\" content=\"https:\/\/www.spabad.dets.nl\/wp-content\/uploads\/2025\/01\/Hotspring-Hotspot-TX-Triangle-bovenaanzicht.jpg\" \/>\n\t<meta property=\"og:image:width\" content=\"1000\" \/>\n\t<meta property=\"og:image:height\" content=\"1000\" \/>\n\t<meta property=\"og:image:type\" content=\"image\/jpeg\" \/>\n<meta name=\"twitter:card\" content=\"summary_large_image\" \/>\n<meta name=\"twitter:label1\" content=\"Gesch\u00e4tzte Lesezeit\" \/>\n\t<meta name=\"twitter:data1\" content=\"1\u00a0Minute\" \/>\n<script type=\"application\/ld+json\" class=\"yoast-schema-graph\">{\"@context\":\"https:\\\/\\\/schema.org\",\"@graph\":[{\"@type\":\"WebPage\",\"@id\":\"https:\\\/\\\/www.spabad.dets.nl\\\/de\\\/product\\\/hotspring-hotspot-tx-dreieck\\\/\",\"url\":\"https:\\\/\\\/www.spabad.dets.nl\\\/de\\\/product\\\/hotspring-hotspot-tx-dreieck\\\/\",\"name\":\"HotSpring Hotspot TX Triangle | Whirlpool f\u00fcr 2 Personen - Spabad Limburg\",\"isPartOf\":{\"@id\":\"https:\\\/\\\/www.spabad.dets.nl\\\/de\\\/#website\"},\"primaryImageOfPage\":{\"@id\":\"https:\\\/\\\/www.spabad.dets.nl\\\/de\\\/product\\\/hotspring-hotspot-tx-dreieck\\\/#primaryimage\"},\"image\":{\"@id\":\"https:\\\/\\\/www.spabad.dets.nl\\\/de\\\/product\\\/hotspring-hotspot-tx-dreieck\\\/#primaryimage\"},\"thumbnailUrl\":\"https:\\\/\\\/www.spabad.dets.nl\\\/wp-content\\\/uploads\\\/2025\\\/01\\\/Hotspring-Hotspot-TX-Triangle-bovenaanzicht.jpg\",\"datePublished\":\"2025-01-17T10:13:41+00:00\",\"dateModified\":\"2025-08-09T14:25:45+00:00\",\"description\":\"Zwei-Personen-Whirlpool Hotspring Hotspot TX Triangle. Seine kompakte Gr\u00f6\u00dfe macht ihn zu einem perfekten Whirlpool f\u00fcr kleine R\u00e4ume. Enth\u00e4lt 10 wunderbar leistungsstarke D\u00fcsen.\",\"breadcrumb\":{\"@id\":\"https:\\\/\\\/www.spabad.dets.nl\\\/de\\\/product\\\/hotspring-hotspot-tx-dreieck\\\/#breadcrumb\"},\"inLanguage\":\"de\",\"potentialAction\":[{\"@type\":\"ReadAction\",\"target\":[\"https:\\\/\\\/www.spabad.dets.nl\\\/de\\\/product\\\/hotspring-hotspot-tx-dreieck\\\/\"]}]},{\"@type\":\"ImageObject\",\"inLanguage\":\"de\",\"@id\":\"https:\\\/\\\/www.spabad.dets.nl\\\/de\\\/product\\\/hotspring-hotspot-tx-dreieck\\\/#primaryimage\",\"url\":\"https:\\\/\\\/www.spabad.dets.nl\\\/wp-content\\\/uploads\\\/2025\\\/01\\\/Hotspring-Hotspot-TX-Triangle-bovenaanzicht.jpg\",\"contentUrl\":\"https:\\\/\\\/www.spabad.dets.nl\\\/wp-content\\\/uploads\\\/2025\\\/01\\\/Hotspring-Hotspot-TX-Triangle-bovenaanzicht.jpg\",\"width\":1000,\"height\":1000,\"caption\":\"Hotspring-Hotspot TX Triangle\"},{\"@type\":\"BreadcrumbList\",\"@id\":\"https:\\\/\\\/www.spabad.dets.nl\\\/de\\\/product\\\/hotspring-hotspot-tx-dreieck\\\/#breadcrumb\",\"itemListElement\":[{\"@type\":\"ListItem\",\"position\":1,\"name\":\"Startseite\",\"item\":\"https:\\\/\\\/www.spabad.dets.nl\\\/de\\\/startseite-2\\\/\"},{\"@type\":\"ListItem\",\"position\":2,\"name\":\"Shop\",\"item\":\"https:\\\/\\\/www.spabad.dets.nl\\\/de\\\/shop-2\\\/\"},{\"@type\":\"ListItem\",\"position\":3,\"name\":\"Wellis Spa B\u00e4der\",\"item\":\"https:\\\/\\\/www.spabad.dets.nl\\\/de\\\/product-categorie\\\/thermalbaeder\\\/\"},{\"@type\":\"ListItem\",\"position\":4,\"name\":\"HotSpring Hotspot TX Dreieck\"}]},{\"@type\":\"WebSite\",\"@id\":\"https:\\\/\\\/www.spabad.dets.nl\\\/de\\\/#website\",\"url\":\"https:\\\/\\\/www.spabad.dets.nl\\\/de\\\/\",\"name\":\"Spabad Limburg\",\"description\":\"Jacuzzi's en zwemspa's\",\"publisher\":{\"@id\":\"https:\\\/\\\/www.spabad.dets.nl\\\/de\\\/#organization\"},\"potentialAction\":[{\"@type\":\"SearchAction\",\"target\":{\"@type\":\"EntryPoint\",\"urlTemplate\":\"https:\\\/\\\/www.spabad.dets.nl\\\/de\\\/?s={search_term_string}\"},\"query-input\":{\"@type\":\"PropertyValueSpecification\",\"valueRequired\":true,\"valueName\":\"search_term_string\"}}],\"inLanguage\":\"de\"},{\"@type\":\"Organization\",\"@id\":\"https:\\\/\\\/www.spabad.dets.nl\\\/de\\\/#organization\",\"name\":\"Spabad Limburg\",\"url\":\"https:\\\/\\\/www.spabad.dets.nl\\\/de\\\/\",\"logo\":{\"@type\":\"ImageObject\",\"inLanguage\":\"de\",\"@id\":\"https:\\\/\\\/www.spabad.dets.nl\\\/de\\\/#\\\/schema\\\/logo\\\/image\\\/\",\"url\":\"https:\\\/\\\/www.spabad.dets.nl\\\/wp-content\\\/uploads\\\/2025\\\/01\\\/SpabadLimburg-Logo-Payoff-scaled.png\",\"contentUrl\":\"https:\\\/\\\/www.spabad.dets.nl\\\/wp-content\\\/uploads\\\/2025\\\/01\\\/SpabadLimburg-Logo-Payoff-scaled.png\",\"width\":2560,\"height\":548,\"caption\":\"Spabad Limburg\"},\"image\":{\"@id\":\"https:\\\/\\\/www.spabad.dets.nl\\\/de\\\/#\\\/schema\\\/logo\\\/image\\\/\"}}]}<\/script>\n<!-- \/ Yoast SEO plugin. -->","yoast_head_json":{"title":"HotSpring Hotspot TX Triangle | Whirlpool f\u00fcr 2 Personen - Spabad Limburg","description":"Zwei-Personen-Whirlpool Hotspring Hotspot TX Triangle. Seine kompakte Gr\u00f6\u00dfe macht ihn zu einem perfekten Whirlpool f\u00fcr kleine R\u00e4ume. Enth\u00e4lt 10 wunderbar leistungsstarke D\u00fcsen.","robots":{"index":"index","follow":"follow","max-snippet":"max-snippet:-1","max-image-preview":"max-image-preview:large","max-video-preview":"max-video-preview:-1"},"canonical":"https:\/\/www.spabad.dets.nl\/de\/product\/hotspring-hotspot-tx-dreieck\/","og_locale":"de_DE","og_type":"article","og_title":"HotSpring Hotspot TX Triangle | Whirlpool f\u00fcr 2 Personen - Spabad Limburg","og_description":"Zwei-Personen-Whirlpool Hotspring Hotspot TX Triangle. Seine kompakte Gr\u00f6\u00dfe macht ihn zu einem perfekten Whirlpool f\u00fcr kleine R\u00e4ume. Enth\u00e4lt 10 wunderbar leistungsstarke D\u00fcsen.","og_url":"https:\/\/www.spabad.dets.nl\/de\/product\/hotspring-hotspot-tx-dreieck\/","og_site_name":"Spabad Limburg","article_modified_time":"2025-08-09T14:25:45+00:00","og_image":[{"width":1000,"height":1000,"url":"https:\/\/www.spabad.dets.nl\/wp-content\/uploads\/2025\/01\/Hotspring-Hotspot-TX-Triangle-bovenaanzicht.jpg","type":"image\/jpeg"}],"twitter_card":"summary_large_image","twitter_misc":{"Gesch\u00e4tzte Lesezeit":"1\u00a0Minute"},"schema":{"@context":"https:\/\/schema.org","@graph":[{"@type":"WebPage","@id":"https:\/\/www.spabad.dets.nl\/de\/product\/hotspring-hotspot-tx-dreieck\/","url":"https:\/\/www.spabad.dets.nl\/de\/product\/hotspring-hotspot-tx-dreieck\/","name":"HotSpring Hotspot TX Triangle | Whirlpool f\u00fcr 2 Personen - Spabad Limburg","isPartOf":{"@id":"https:\/\/www.spabad.dets.nl\/de\/#website"},"primaryImageOfPage":{"@id":"https:\/\/www.spabad.dets.nl\/de\/product\/hotspring-hotspot-tx-dreieck\/#primaryimage"},"image":{"@id":"https:\/\/www.spabad.dets.nl\/de\/product\/hotspring-hotspot-tx-dreieck\/#primaryimage"},"thumbnailUrl":"https:\/\/www.spabad.dets.nl\/wp-content\/uploads\/2025\/01\/Hotspring-Hotspot-TX-Triangle-bovenaanzicht.jpg","datePublished":"2025-01-17T10:13:41+00:00","dateModified":"2025-08-09T14:25:45+00:00","description":"Zwei-Personen-Whirlpool Hotspring Hotspot TX Triangle. Seine kompakte Gr\u00f6\u00dfe macht ihn zu einem perfekten Whirlpool f\u00fcr kleine R\u00e4ume. Enth\u00e4lt 10 wunderbar leistungsstarke D\u00fcsen.","breadcrumb":{"@id":"https:\/\/www.spabad.dets.nl\/de\/product\/hotspring-hotspot-tx-dreieck\/#breadcrumb"},"inLanguage":"de","potentialAction":[{"@type":"ReadAction","target":["https:\/\/www.spabad.dets.nl\/de\/product\/hotspring-hotspot-tx-dreieck\/"]}]},{"@type":"ImageObject","inLanguage":"de","@id":"https:\/\/www.spabad.dets.nl\/de\/product\/hotspring-hotspot-tx-dreieck\/#primaryimage","url":"https:\/\/www.spabad.dets.nl\/wp-content\/uploads\/2025\/01\/Hotspring-Hotspot-TX-Triangle-bovenaanzicht.jpg","contentUrl":"https:\/\/www.spabad.dets.nl\/wp-content\/uploads\/2025\/01\/Hotspring-Hotspot-TX-Triangle-bovenaanzicht.jpg","width":1000,"height":1000,"caption":"Hotspring-Hotspot TX Triangle"},{"@type":"BreadcrumbList","@id":"https:\/\/www.spabad.dets.nl\/de\/product\/hotspring-hotspot-tx-dreieck\/#breadcrumb","itemListElement":[{"@type":"ListItem","position":1,"name":"Startseite","item":"https:\/\/www.spabad.dets.nl\/de\/startseite-2\/"},{"@type":"ListItem","position":2,"name":"Shop","item":"https:\/\/www.spabad.dets.nl\/de\/shop-2\/"},{"@type":"ListItem","position":3,"name":"Wellis Spa B\u00e4der","item":"https:\/\/www.spabad.dets.nl\/de\/product-categorie\/thermalbaeder\/"},{"@type":"ListItem","position":4,"name":"HotSpring Hotspot TX Dreieck"}]},{"@type":"WebSite","@id":"https:\/\/www.spabad.dets.nl\/de\/#website","url":"https:\/\/www.spabad.dets.nl\/de\/","name":"Spabad Limburg","description":"Jacuzzi's en zwemspa's","publisher":{"@id":"https:\/\/www.spabad.dets.nl\/de\/#organization"},"potentialAction":[{"@type":"SearchAction","target":{"@type":"EntryPoint","urlTemplate":"https:\/\/www.spabad.dets.nl\/de\/?s={search_term_string}"},"query-input":{"@type":"PropertyValueSpecification","valueRequired":true,"valueName":"search_term_string"}}],"inLanguage":"de"},{"@type":"Organization","@id":"https:\/\/www.spabad.dets.nl\/de\/#organization","name":"Spabad Limburg","url":"https:\/\/www.spabad.dets.nl\/de\/","logo":{"@type":"ImageObject","inLanguage":"de","@id":"https:\/\/www.spabad.dets.nl\/de\/#\/schema\/logo\/image\/","url":"https:\/\/www.spabad.dets.nl\/wp-content\/uploads\/2025\/01\/SpabadLimburg-Logo-Payoff-scaled.png","contentUrl":"https:\/\/www.spabad.dets.nl\/wp-content\/uploads\/2025\/01\/SpabadLimburg-Logo-Payoff-scaled.png","width":2560,"height":548,"caption":"Spabad Limburg"},"image":{"@id":"https:\/\/www.spabad.dets.nl\/de\/#\/schema\/logo\/image\/"}}]}},"_links":{"self":[{"href":"https:\/\/www.spabad.dets.nl\/de\/wp-json\/wp\/v2\/product\/16524","targetHints":{"allow":["GET"]}}],"collection":[{"href":"https:\/\/www.spabad.dets.nl\/de\/wp-json\/wp\/v2\/product"}],"about":[{"href":"https:\/\/www.spabad.dets.nl\/de\/wp-json\/wp\/v2\/types\/product"}],"version-history":[{"count":0,"href":"https:\/\/www.spabad.dets.nl\/de\/wp-json\/wp\/v2\/product\/16524\/revisions"}],"wp:featuredmedia":[{"embeddable":true,"href":"https:\/\/www.spabad.dets.nl\/de\/wp-json\/wp\/v2\/media\/15415"}],"wp:attachment":[{"href":"https:\/\/www.spabad.dets.nl\/de\/wp-json\/wp\/v2\/media?parent=16524"}],"wp:term":[{"taxonomy":"product_brand","embeddable":true,"href":"https:\/\/www.spabad.dets.nl\/de\/wp-json\/wp\/v2\/product_brand?post=16524"},{"taxonomy":"product_cat","embeddable":true,"href":"https:\/\/www.spabad.dets.nl\/de\/wp-json\/wp\/v2\/product_cat?post=16524"},{"taxonomy":"product_tag","embeddable":true,"href":"https:\/\/www.spabad.dets.nl\/de\/wp-json\/wp\/v2\/product_tag?post=16524"}],"curies":[{"name":"wp","href":"https:\/\/api.w.org\/{rel}","templated":true}]}}