{"id":16520,"date":"2025-01-17T11:13:42","date_gmt":"2025-01-17T10:13:42","guid":{"rendered":"https:\/\/www.spabad.dets.nl\/product\/wellis-myline-erde\/"},"modified":"2025-11-25T15:49:18","modified_gmt":"2025-11-25T14:49:18","slug":"wellis-myline-earth","status":"publish","type":"product","link":"https:\/\/www.spabad.dets.nl\/de\/product\/wellis-myline-earth\/","title":{"rendered":"Wellis Myline Earth"},"content":{"rendered":"<p>Mit seiner runden Form ist das Wellis Myline Spa Earth ein geselliges Spa. Das Spa eignet sich perfekt f\u00fcr gesellige Stunden mit Freunden und Familie. Das Spa Earth von Wellis ist ein 5-Personen-Spa. Ein besonderes Merkmal des Earth Spa ist, dass die Intensit\u00e4t der Massage pro Sitzplatz reguliert werden kann. Das liegt an der Position, die das Ozon einnimmt, an der Farbtherapiebeleuchtung mit LEDs und an den 4 Reglern f\u00fcr die Luftanreicherung. Der wellis Myline Spa Earth ist sehr energieeffizient, so dass Sie Qualit\u00e4t und Luxus ungest\u00f6rt genie\u00dfen k\u00f6nnen.<\/p>\n<p>&nbsp;<\/p>\n<p>Im moment ist dieser Spa nicht verfugbar!!<\/p>\n<table class=\"tableizer-table\" border=\"1\" cellspacing=\"0\">\n<thead>\n<tr class=\"tableizer-firstrow\">\n<th>Abmessungen<\/th>\n<th>\u00d82180 x 910 mm<\/th>\n<\/tr>\n<\/thead>\n<tbody>\n<tr>\n<td>Kojen\/Sitzpl\u00e4tze<\/td>\n<td>5 Sitze<\/td>\n<\/tr>\n<tr>\n<td>Nettogewicht (kg)\/Wasserkapazit\u00e4t (l)<\/td>\n<td>300 kg\/1.045 l<\/td>\n<\/tr>\n<tr>\n<td>Rahmen<\/td>\n<td>Impr\u00e4gniertes Massivholz<\/td>\n<\/tr>\n<tr>\n<td>Opt. elektrischer Anschluss<\/td>\n<td>1 x 20A 230V\/50Hz<\/td>\n<\/tr>\n<tr>\n<td>Min. elektrischer Anschluss*<\/td>\n<td>1 x 7A 230V\/50Hz<\/td>\n<\/tr>\n<tr>\n<td>Gesamtzahl der Jets<\/td>\n<td>22<\/td>\n<\/tr>\n<tr>\n<td>Beleuchteter Wasserfall<\/td>\n<td>-<\/td>\n<\/tr>\n<tr>\n<td>Hydromassage-Pumpe<\/td>\n<td>1 x 2 PS, zwei Geschwindigkeiten<\/td>\n<\/tr>\n<tr>\n<td>Wasseraufbereitung<\/td>\n<td>Ozonator + Feinstpapierfilter<\/td>\n<\/tr>\n<tr>\n<td>LED-Farbtherapie-Beleuchtung<\/td>\n<td>10 exklusive LEDs<\/td>\n<\/tr>\n<tr>\n<td>Audio System<\/td>\n<td>MyMusic\u2122 2.0<\/td>\n<\/tr>\n<tr>\n<td>MyJet\u2122.<\/td>\n<td>-<\/td>\n<\/tr>\n<tr>\n<td>MySeat\u2122.<\/td>\n<td>-<\/td>\n<\/tr>\n<tr>\n<td>MyHip\u2122.<\/td>\n<td>-<\/td>\n<\/tr>\n<tr>\n<td>Plug&amp;Play<\/td>\n<td>Option<\/td>\n<\/tr>\n<tr>\n<td>Thermocover<\/td>\n<td>Ja<\/td>\n<\/tr>\n<\/tbody>\n<\/table>\n<p>*Wenn Sie die minimale elektrische Leistung verwenden, k\u00f6nnen die Pumpe(n) und das Heizger\u00e4t nicht gleichzeitig betrieben werden.<\/p>\n","protected":false},"excerpt":{"rendered":"<p><img decoding=\"async\" class=\"alignnone size-full wp-image-9817\" src=\"https:\/\/www.spabad.dets.nl\/wp-content\/uploads\/2020\/05\/wellis-logo.jpg\" alt=\"\" width=\"265\" height=\"87\" \/><\/p>\n<p><strong>Eigenschaften Wellis Myline Spa Erde<\/strong><\/p>\n<ul>\n<li>5 Sitze<\/li>\n<li>Aufgrund der runden Form sozialer Charakter<\/li>\n<li>Intensit\u00e4t der D\u00fcsen pro Sitz einstellbar<\/li>\n<\/ul>\n","protected":false},"featured_media":15431,"template":"","meta":{"_acf_changed":false},"product_brand":[],"product_cat":[204],"product_tag":[],"class_list":{"0":"post-16520","1":"product","2":"type-product","3":"status-publish","4":"has-post-thumbnail","6":"product_cat-thermalbaeder","8":"first","9":"instock","10":"sale","11":"taxable","12":"shipping-taxable","13":"purchasable","14":"product-type-simple"},"acf":[],"yoast_head":"<!-- This site is optimized with the Yoast SEO plugin v27.5 - https:\/\/yoast.com\/product\/yoast-seo-wordpress\/ -->\n<title>Wellis Myline Earth - Spabad Limburg<\/title>\n<meta name=\"description\" content=\"Wellis My line Earth spa is ein rundes model von sehr guter Qualit\u00e4t.\" \/>\n<meta name=\"robots\" content=\"index, follow, max-snippet:-1, max-image-preview:large, max-video-preview:-1\" \/>\n<link rel=\"canonical\" href=\"https:\/\/www.spabad.dets.nl\/de\/product\/wellis-myline-earth\/\" \/>\n<meta property=\"og:locale\" content=\"de_DE\" \/>\n<meta property=\"og:type\" content=\"article\" \/>\n<meta property=\"og:title\" content=\"Wellis Myline Earth - Spabad Limburg\" \/>\n<meta property=\"og:description\" content=\"Wellis My line Earth spa is ein rundes model von sehr guter Qualit\u00e4t.\" \/>\n<meta property=\"og:url\" content=\"https:\/\/www.spabad.dets.nl\/de\/product\/wellis-myline-earth\/\" \/>\n<meta property=\"og:site_name\" content=\"Spabad Limburg\" \/>\n<meta property=\"article:modified_time\" content=\"2025-11-25T14:49:18+00:00\" \/>\n<meta property=\"og:image\" content=\"https:\/\/www.spabad.dets.nl\/wp-content\/uploads\/2025\/01\/Wellis-Earth-1.jpg\" \/>\n\t<meta property=\"og:image:width\" content=\"1000\" \/>\n\t<meta property=\"og:image:height\" content=\"1000\" \/>\n\t<meta property=\"og:image:type\" content=\"image\/jpeg\" \/>\n<meta name=\"twitter:card\" content=\"summary_large_image\" \/>\n<meta name=\"twitter:label1\" content=\"Gesch\u00e4tzte Lesezeit\" \/>\n\t<meta name=\"twitter:data1\" content=\"2\u00a0Minuten\" \/>\n<script type=\"application\/ld+json\" class=\"yoast-schema-graph\">{\"@context\":\"https:\\\/\\\/schema.org\",\"@graph\":[{\"@type\":\"WebPage\",\"@id\":\"https:\\\/\\\/www.spabad.dets.nl\\\/de\\\/product\\\/wellis-myline-earth\\\/\",\"url\":\"https:\\\/\\\/www.spabad.dets.nl\\\/de\\\/product\\\/wellis-myline-earth\\\/\",\"name\":\"Wellis Myline Earth - Spabad Limburg\",\"isPartOf\":{\"@id\":\"https:\\\/\\\/www.spabad.dets.nl\\\/de\\\/#website\"},\"primaryImageOfPage\":{\"@id\":\"https:\\\/\\\/www.spabad.dets.nl\\\/de\\\/product\\\/wellis-myline-earth\\\/#primaryimage\"},\"image\":{\"@id\":\"https:\\\/\\\/www.spabad.dets.nl\\\/de\\\/product\\\/wellis-myline-earth\\\/#primaryimage\"},\"thumbnailUrl\":\"https:\\\/\\\/www.spabad.dets.nl\\\/wp-content\\\/uploads\\\/2025\\\/01\\\/Wellis-Earth-1.jpg\",\"datePublished\":\"2025-01-17T10:13:42+00:00\",\"dateModified\":\"2025-11-25T14:49:18+00:00\",\"description\":\"Wellis My line Earth spa is ein rundes model von sehr guter Qualit\u00e4t.\",\"breadcrumb\":{\"@id\":\"https:\\\/\\\/www.spabad.dets.nl\\\/de\\\/product\\\/wellis-myline-earth\\\/#breadcrumb\"},\"inLanguage\":\"de\",\"potentialAction\":[{\"@type\":\"ReadAction\",\"target\":[\"https:\\\/\\\/www.spabad.dets.nl\\\/de\\\/product\\\/wellis-myline-earth\\\/\"]}]},{\"@type\":\"ImageObject\",\"inLanguage\":\"de\",\"@id\":\"https:\\\/\\\/www.spabad.dets.nl\\\/de\\\/product\\\/wellis-myline-earth\\\/#primaryimage\",\"url\":\"https:\\\/\\\/www.spabad.dets.nl\\\/wp-content\\\/uploads\\\/2025\\\/01\\\/Wellis-Earth-1.jpg\",\"contentUrl\":\"https:\\\/\\\/www.spabad.dets.nl\\\/wp-content\\\/uploads\\\/2025\\\/01\\\/Wellis-Earth-1.jpg\",\"width\":1000,\"height\":1000},{\"@type\":\"BreadcrumbList\",\"@id\":\"https:\\\/\\\/www.spabad.dets.nl\\\/de\\\/product\\\/wellis-myline-earth\\\/#breadcrumb\",\"itemListElement\":[{\"@type\":\"ListItem\",\"position\":1,\"name\":\"Startseite\",\"item\":\"https:\\\/\\\/www.spabad.dets.nl\\\/de\\\/startseite-2\\\/\"},{\"@type\":\"ListItem\",\"position\":2,\"name\":\"Shop\",\"item\":\"https:\\\/\\\/www.spabad.dets.nl\\\/de\\\/shop-2\\\/\"},{\"@type\":\"ListItem\",\"position\":3,\"name\":\"Wellis Spa B\u00e4der\",\"item\":\"https:\\\/\\\/www.spabad.dets.nl\\\/de\\\/product-categorie\\\/thermalbaeder\\\/\"},{\"@type\":\"ListItem\",\"position\":4,\"name\":\"Wellis Myline Earth\"}]},{\"@type\":\"WebSite\",\"@id\":\"https:\\\/\\\/www.spabad.dets.nl\\\/de\\\/#website\",\"url\":\"https:\\\/\\\/www.spabad.dets.nl\\\/de\\\/\",\"name\":\"Spabad Limburg\",\"description\":\"Jacuzzi's en zwemspa's\",\"publisher\":{\"@id\":\"https:\\\/\\\/www.spabad.dets.nl\\\/de\\\/#organization\"},\"potentialAction\":[{\"@type\":\"SearchAction\",\"target\":{\"@type\":\"EntryPoint\",\"urlTemplate\":\"https:\\\/\\\/www.spabad.dets.nl\\\/de\\\/?s={search_term_string}\"},\"query-input\":{\"@type\":\"PropertyValueSpecification\",\"valueRequired\":true,\"valueName\":\"search_term_string\"}}],\"inLanguage\":\"de\"},{\"@type\":\"Organization\",\"@id\":\"https:\\\/\\\/www.spabad.dets.nl\\\/de\\\/#organization\",\"name\":\"Spabad Limburg\",\"url\":\"https:\\\/\\\/www.spabad.dets.nl\\\/de\\\/\",\"logo\":{\"@type\":\"ImageObject\",\"inLanguage\":\"de\",\"@id\":\"https:\\\/\\\/www.spabad.dets.nl\\\/de\\\/#\\\/schema\\\/logo\\\/image\\\/\",\"url\":\"https:\\\/\\\/www.spabad.dets.nl\\\/wp-content\\\/uploads\\\/2025\\\/01\\\/SpabadLimburg-Logo-Payoff-scaled.png\",\"contentUrl\":\"https:\\\/\\\/www.spabad.dets.nl\\\/wp-content\\\/uploads\\\/2025\\\/01\\\/SpabadLimburg-Logo-Payoff-scaled.png\",\"width\":2560,\"height\":548,\"caption\":\"Spabad Limburg\"},\"image\":{\"@id\":\"https:\\\/\\\/www.spabad.dets.nl\\\/de\\\/#\\\/schema\\\/logo\\\/image\\\/\"}}]}<\/script>\n<!-- \/ Yoast SEO plugin. -->","yoast_head_json":{"title":"Wellis Myline Earth - Spabad Limburg","description":"Wellis My line Earth spa is ein rundes model von sehr guter Qualit\u00e4t.","robots":{"index":"index","follow":"follow","max-snippet":"max-snippet:-1","max-image-preview":"max-image-preview:large","max-video-preview":"max-video-preview:-1"},"canonical":"https:\/\/www.spabad.dets.nl\/de\/product\/wellis-myline-earth\/","og_locale":"de_DE","og_type":"article","og_title":"Wellis Myline Earth - Spabad Limburg","og_description":"Wellis My line Earth spa is ein rundes model von sehr guter Qualit\u00e4t.","og_url":"https:\/\/www.spabad.dets.nl\/de\/product\/wellis-myline-earth\/","og_site_name":"Spabad Limburg","article_modified_time":"2025-11-25T14:49:18+00:00","og_image":[{"width":1000,"height":1000,"url":"https:\/\/www.spabad.dets.nl\/wp-content\/uploads\/2025\/01\/Wellis-Earth-1.jpg","type":"image\/jpeg"}],"twitter_card":"summary_large_image","twitter_misc":{"Gesch\u00e4tzte Lesezeit":"2\u00a0Minuten"},"schema":{"@context":"https:\/\/schema.org","@graph":[{"@type":"WebPage","@id":"https:\/\/www.spabad.dets.nl\/de\/product\/wellis-myline-earth\/","url":"https:\/\/www.spabad.dets.nl\/de\/product\/wellis-myline-earth\/","name":"Wellis Myline Earth - Spabad Limburg","isPartOf":{"@id":"https:\/\/www.spabad.dets.nl\/de\/#website"},"primaryImageOfPage":{"@id":"https:\/\/www.spabad.dets.nl\/de\/product\/wellis-myline-earth\/#primaryimage"},"image":{"@id":"https:\/\/www.spabad.dets.nl\/de\/product\/wellis-myline-earth\/#primaryimage"},"thumbnailUrl":"https:\/\/www.spabad.dets.nl\/wp-content\/uploads\/2025\/01\/Wellis-Earth-1.jpg","datePublished":"2025-01-17T10:13:42+00:00","dateModified":"2025-11-25T14:49:18+00:00","description":"Wellis My line Earth spa is ein rundes model von sehr guter Qualit\u00e4t.","breadcrumb":{"@id":"https:\/\/www.spabad.dets.nl\/de\/product\/wellis-myline-earth\/#breadcrumb"},"inLanguage":"de","potentialAction":[{"@type":"ReadAction","target":["https:\/\/www.spabad.dets.nl\/de\/product\/wellis-myline-earth\/"]}]},{"@type":"ImageObject","inLanguage":"de","@id":"https:\/\/www.spabad.dets.nl\/de\/product\/wellis-myline-earth\/#primaryimage","url":"https:\/\/www.spabad.dets.nl\/wp-content\/uploads\/2025\/01\/Wellis-Earth-1.jpg","contentUrl":"https:\/\/www.spabad.dets.nl\/wp-content\/uploads\/2025\/01\/Wellis-Earth-1.jpg","width":1000,"height":1000},{"@type":"BreadcrumbList","@id":"https:\/\/www.spabad.dets.nl\/de\/product\/wellis-myline-earth\/#breadcrumb","itemListElement":[{"@type":"ListItem","position":1,"name":"Startseite","item":"https:\/\/www.spabad.dets.nl\/de\/startseite-2\/"},{"@type":"ListItem","position":2,"name":"Shop","item":"https:\/\/www.spabad.dets.nl\/de\/shop-2\/"},{"@type":"ListItem","position":3,"name":"Wellis Spa B\u00e4der","item":"https:\/\/www.spabad.dets.nl\/de\/product-categorie\/thermalbaeder\/"},{"@type":"ListItem","position":4,"name":"Wellis Myline Earth"}]},{"@type":"WebSite","@id":"https:\/\/www.spabad.dets.nl\/de\/#website","url":"https:\/\/www.spabad.dets.nl\/de\/","name":"Spabad Limburg","description":"Jacuzzi's en zwemspa's","publisher":{"@id":"https:\/\/www.spabad.dets.nl\/de\/#organization"},"potentialAction":[{"@type":"SearchAction","target":{"@type":"EntryPoint","urlTemplate":"https:\/\/www.spabad.dets.nl\/de\/?s={search_term_string}"},"query-input":{"@type":"PropertyValueSpecification","valueRequired":true,"valueName":"search_term_string"}}],"inLanguage":"de"},{"@type":"Organization","@id":"https:\/\/www.spabad.dets.nl\/de\/#organization","name":"Spabad Limburg","url":"https:\/\/www.spabad.dets.nl\/de\/","logo":{"@type":"ImageObject","inLanguage":"de","@id":"https:\/\/www.spabad.dets.nl\/de\/#\/schema\/logo\/image\/","url":"https:\/\/www.spabad.dets.nl\/wp-content\/uploads\/2025\/01\/SpabadLimburg-Logo-Payoff-scaled.png","contentUrl":"https:\/\/www.spabad.dets.nl\/wp-content\/uploads\/2025\/01\/SpabadLimburg-Logo-Payoff-scaled.png","width":2560,"height":548,"caption":"Spabad Limburg"},"image":{"@id":"https:\/\/www.spabad.dets.nl\/de\/#\/schema\/logo\/image\/"}}]}},"_links":{"self":[{"href":"https:\/\/www.spabad.dets.nl\/de\/wp-json\/wp\/v2\/product\/16520","targetHints":{"allow":["GET"]}}],"collection":[{"href":"https:\/\/www.spabad.dets.nl\/de\/wp-json\/wp\/v2\/product"}],"about":[{"href":"https:\/\/www.spabad.dets.nl\/de\/wp-json\/wp\/v2\/types\/product"}],"version-history":[{"count":0,"href":"https:\/\/www.spabad.dets.nl\/de\/wp-json\/wp\/v2\/product\/16520\/revisions"}],"wp:featuredmedia":[{"embeddable":true,"href":"https:\/\/www.spabad.dets.nl\/de\/wp-json\/wp\/v2\/media\/15431"}],"wp:attachment":[{"href":"https:\/\/www.spabad.dets.nl\/de\/wp-json\/wp\/v2\/media?parent=16520"}],"wp:term":[{"taxonomy":"product_brand","embeddable":true,"href":"https:\/\/www.spabad.dets.nl\/de\/wp-json\/wp\/v2\/product_brand?post=16520"},{"taxonomy":"product_cat","embeddable":true,"href":"https:\/\/www.spabad.dets.nl\/de\/wp-json\/wp\/v2\/product_cat?post=16520"},{"taxonomy":"product_tag","embeddable":true,"href":"https:\/\/www.spabad.dets.nl\/de\/wp-json\/wp\/v2\/product_tag?post=16520"}],"curies":[{"name":"wp","href":"https:\/\/api.w.org\/{rel}","templated":true}]}}