{"id":16510,"date":"2025-01-17T11:14:22","date_gmt":"2025-01-17T10:14:22","guid":{"rendered":"https:\/\/www.spabad.dets.nl\/product\/wellis-kilimanjaro-leben-deluxe\/"},"modified":"2026-02-03T15:23:04","modified_gmt":"2026-02-03T14:23:04","slug":"wellis-kilimanjaro-life","status":"publish","type":"product","link":"https:\/\/www.spabad.dets.nl\/de\/product\/wellis-kilimanjaro-life\/","title":{"rendered":"Wellis Kilimanjaro Leben"},"content":{"rendered":"<h2>Wellis Kilimanjaro Leben<\/h2>\n<p>Das Wellis Kilimanjaro Life kann mit Sicherheit als ein sehr komplettes Spa bezeichnet werden. Er kann in einem Atemzug mit den weltweit produzierten Spitzenmodellen genannt werden. Die neue Life-Serie von Wellis hat viele neue Funktionen. Eine gro\u00dfartige neue Option ist die eingebaute W\u00e4rmepumpe, die den Whirlpool sehr energieeffizient macht. Dies reduziert den Energieverbrauch um bis zu 70% im Vergleich zu einem herk\u00f6mmlichen Whirlpool. Eine sch\u00f6n dekorierte Treppe mit LED-Beleuchtung, in die die W\u00e4rmepumpe integriert ist. Diese Option finden Sie in der Premium-Version.<br \/>\nSowohl die Deluxe- als auch die Premium-Version ist mit Infinity Jets ausgestattet, bei denen ein gro\u00dfer Teil des K\u00f6rpers eine rotierende Achtbewegung erh\u00e4lt. Eine echte Supermassage. Smartphone-App-Verbindung, mit der Sie Ihr Spa \u00fcber Ihr Telefon oder ein anderes mobiles Ger\u00e4t einrichten k\u00f6nnen. WOW-System, sorgt f\u00fcr die Wasserverteilung, erzeugt 23% mehr Druck und spart 30% Energie. Mit dem WOW-System ist es m\u00f6glich, den Massagedruck stufenweise zu erh\u00f6hen.          <\/p>\n<p>Ozmix-Technologie, die nachweislich die Anzahl der vorhandenen Bakterien weiter reduziert. Au\u00dferdem hat Wellis den Kilimanjaro Life Deluxe Whirlpool mit der skandinavischen Isolierung Polyfoam ausgestattet. Das Inline WIS-System ist in der Premium-Variante ebenfalls Standard. Damit k\u00f6nnen Sie die Wasserqualit\u00e4t rund um die Uhr messen und sich die aktuelle Wasserqualit\u00e4t und Temperatur sofort auf Ihrem mobilen Ger\u00e4t anzeigen lassen.   <\/p>\n<p>Sie werden die Wellness f\u00fcr K\u00f6rper und Geist genie\u00dfen und Ihre Familienmitglieder oder Verwandten ganz einfach einladen, dieses gro\u00dfartige Spa mit einer Gr\u00f6\u00dfe von insgesamt 236 x 236 cm zu genie\u00dfen. Der Whirlpool wird standardm\u00e4\u00dfig mit einer Abdeckung geliefert.  <\/p>\n<p>Spabad Limburg informiert Sie gerne \u00fcber die M\u00f6glichkeiten; wir schauen gerne mit Ihnen zusammen, welches Spa am besten zu Ihnen passt.<\/p>\n<h3>Verschiedene Versionen<\/h3>\n<p>Dieser Kilimanjaro ist in verschiedenen Versionen erh\u00e4ltlich. M\u00f6chten Sie eine W\u00e4rmepumpe mit Smart Step oder m\u00f6chten Sie das WIS (Wasseranalysesystem via App) und k\u00fchle beleuchtete D\u00fcsen? Ob Premium oder Deluxe, w\u00e4hlen Sie die Optionen oben aus und sehen Sie den entsprechenden Preis.  <\/p>\n<ul>\n<li>454 kg und 1450 ltr.<\/li>\n<li>Sandinavische Isolierung 3,5 cm. Polyschaum <\/li>\n<li>59 Jets<\/li>\n<li>6 Infintiy D\u00fcsen<\/li>\n<li>Mindestens 25 A optimal oder 3 x 16A -400V50 Hz Stromaufbereitung<\/li>\n<li>1 x 3 HP Pumpe mit einfacher und 1 x 3 HP Pumpe mit doppelter Geschwindigkeit<\/li>\n<li>1 x 0,25 KW Umw\u00e4lzpumpe<\/li>\n<li>WOW system elektronisches Wasserumleitungssystem<\/li>\n<li>3 KW Heizung<\/li>\n<li>Gecko in .Ye.5 Smart touch<\/li>\n<li>Ozmix-System (Ozonator und Mischer)<\/li>\n<li>3 x antibakterielle Micro Plus-Filter<\/li>\n<li>LED-Beleuchtung innerhalb und au\u00dferhalb des Spas<\/li>\n<li>Beleuchteter Wasserfall<\/li>\n<li>Aquasoul 4.1 versteckter Klang<\/li>\n<li>Smartphone-App und Wi-Fi<\/li>\n<li>Inklusive Umschlag, 12 cm.<\/li>\n<\/ul>\n","protected":false},"excerpt":{"rendered":"<ul>\n<li>Spa f\u00fcr 5 bis 6 Personen<\/li>\n<li>236 x 236 x 95 cm.<\/li>\n<li>59 D\u00fcsen<\/li>\n<li>6 Infinity-D\u00fcsen<\/li>\n<li>M\u00f6glich mit eingebauter W\u00e4rmepumpe<\/li>\n<\/ul>\n","protected":false},"featured_media":15613,"template":"","meta":{"_acf_changed":false},"product_brand":[],"product_cat":[204],"product_tag":[254,255,248,212,223,210,205],"class_list":{"0":"post-16510","1":"product","2":"type-product","3":"status-publish","4":"has-post-thumbnail","6":"product_cat-thermalbaeder","7":"product_tag-deluxe-de","8":"product_tag-energieeffizient","9":"product_tag-energieeffizienter-whirlpool","10":"product_tag-europaeische-qualitaet","11":"product_tag-kilimanjaro-de","12":"product_tag-waermepumpe","13":"product_tag-wellis-de","15":"first","16":"instock","17":"sale","18":"taxable","19":"shipping-taxable","20":"purchasable","21":"product-type-variable","22":"has-default-attributes"},"acf":[],"yoast_head":"<!-- This site is optimized with the Yoast SEO plugin v27.6 - https:\/\/yoast.com\/product\/yoast-seo-wordpress\/ -->\n<title>Wellis Kilimanjaro Leben - Spabad Limburg<\/title>\n<meta name=\"description\" content=\"Entscheiden Sie sich f\u00fcr das Wellis Kilimanjaro Life und den Luxus dieses erstklassigen Spas. Ab Lager zum besten Preis erh\u00e4ltlich. Wir beraten Sie pers\u00f6nlich.\" \/>\n<meta name=\"robots\" content=\"index, follow, max-snippet:-1, max-image-preview:large, max-video-preview:-1\" \/>\n<link rel=\"canonical\" href=\"https:\/\/www.spabad.dets.nl\/de\/product\/wellis-kilimanjaro-life\/\" \/>\n<meta property=\"og:locale\" content=\"de_DE\" \/>\n<meta property=\"og:type\" content=\"article\" \/>\n<meta property=\"og:title\" content=\"Wellis Kilimanjaro Leben - Spabad Limburg\" \/>\n<meta property=\"og:description\" content=\"Entscheiden Sie sich f\u00fcr das Wellis Kilimanjaro Life und den Luxus dieses erstklassigen Spas. Ab Lager zum besten Preis erh\u00e4ltlich. Wir beraten Sie pers\u00f6nlich.\" \/>\n<meta property=\"og:url\" content=\"https:\/\/www.spabad.dets.nl\/de\/product\/wellis-kilimanjaro-life\/\" \/>\n<meta property=\"og:site_name\" content=\"Spabad Limburg\" \/>\n<meta property=\"article:modified_time\" content=\"2026-02-03T14:23:04+00:00\" \/>\n<meta property=\"og:image\" content=\"https:\/\/www.spabad.dets.nl\/wp-content\/uploads\/2025\/01\/Wellis-Kilimanjaro.png\" \/>\n\t<meta property=\"og:image:width\" content=\"497\" \/>\n\t<meta property=\"og:image:height\" content=\"488\" \/>\n\t<meta property=\"og:image:type\" content=\"image\/png\" \/>\n<meta name=\"twitter:card\" content=\"summary_large_image\" \/>\n<meta name=\"twitter:label1\" content=\"Gesch\u00e4tzte Lesezeit\" \/>\n\t<meta name=\"twitter:data1\" content=\"3\u00a0Minuten\" \/>\n<script type=\"application\/ld+json\" class=\"yoast-schema-graph\">{\"@context\":\"https:\\\/\\\/schema.org\",\"@graph\":[{\"@type\":\"WebPage\",\"@id\":\"https:\\\/\\\/www.spabad.dets.nl\\\/de\\\/product\\\/wellis-kilimanjaro-life\\\/\",\"url\":\"https:\\\/\\\/www.spabad.dets.nl\\\/de\\\/product\\\/wellis-kilimanjaro-life\\\/\",\"name\":\"Wellis Kilimanjaro Leben - Spabad Limburg\",\"isPartOf\":{\"@id\":\"https:\\\/\\\/www.spabad.dets.nl\\\/de\\\/#website\"},\"primaryImageOfPage\":{\"@id\":\"https:\\\/\\\/www.spabad.dets.nl\\\/de\\\/product\\\/wellis-kilimanjaro-life\\\/#primaryimage\"},\"image\":{\"@id\":\"https:\\\/\\\/www.spabad.dets.nl\\\/de\\\/product\\\/wellis-kilimanjaro-life\\\/#primaryimage\"},\"thumbnailUrl\":\"https:\\\/\\\/www.spabad.dets.nl\\\/wp-content\\\/uploads\\\/2025\\\/01\\\/Wellis-Kilimanjaro.png\",\"datePublished\":\"2025-01-17T10:14:22+00:00\",\"dateModified\":\"2026-02-03T14:23:04+00:00\",\"description\":\"Entscheiden Sie sich f\u00fcr das Wellis Kilimanjaro Life und den Luxus dieses erstklassigen Spas. Ab Lager zum besten Preis erh\u00e4ltlich. Wir beraten Sie pers\u00f6nlich.\",\"breadcrumb\":{\"@id\":\"https:\\\/\\\/www.spabad.dets.nl\\\/de\\\/product\\\/wellis-kilimanjaro-life\\\/#breadcrumb\"},\"inLanguage\":\"de\",\"potentialAction\":[{\"@type\":\"ReadAction\",\"target\":[\"https:\\\/\\\/www.spabad.dets.nl\\\/de\\\/product\\\/wellis-kilimanjaro-life\\\/\"]}]},{\"@type\":\"ImageObject\",\"inLanguage\":\"de\",\"@id\":\"https:\\\/\\\/www.spabad.dets.nl\\\/de\\\/product\\\/wellis-kilimanjaro-life\\\/#primaryimage\",\"url\":\"https:\\\/\\\/www.spabad.dets.nl\\\/wp-content\\\/uploads\\\/2025\\\/01\\\/Wellis-Kilimanjaro.png\",\"contentUrl\":\"https:\\\/\\\/www.spabad.dets.nl\\\/wp-content\\\/uploads\\\/2025\\\/01\\\/Wellis-Kilimanjaro.png\",\"width\":497,\"height\":488},{\"@type\":\"BreadcrumbList\",\"@id\":\"https:\\\/\\\/www.spabad.dets.nl\\\/de\\\/product\\\/wellis-kilimanjaro-life\\\/#breadcrumb\",\"itemListElement\":[{\"@type\":\"ListItem\",\"position\":1,\"name\":\"Startseite\",\"item\":\"https:\\\/\\\/www.spabad.dets.nl\\\/de\\\/startseite-2\\\/\"},{\"@type\":\"ListItem\",\"position\":2,\"name\":\"Shop\",\"item\":\"https:\\\/\\\/www.spabad.dets.nl\\\/de\\\/shop-2\\\/\"},{\"@type\":\"ListItem\",\"position\":3,\"name\":\"Wellis Spa B\u00e4der\",\"item\":\"https:\\\/\\\/www.spabad.dets.nl\\\/de\\\/product-categorie\\\/thermalbaeder\\\/\"},{\"@type\":\"ListItem\",\"position\":4,\"name\":\"Wellis Kilimanjaro Leben\"}]},{\"@type\":\"WebSite\",\"@id\":\"https:\\\/\\\/www.spabad.dets.nl\\\/de\\\/#website\",\"url\":\"https:\\\/\\\/www.spabad.dets.nl\\\/de\\\/\",\"name\":\"Spabad Limburg\",\"description\":\"Jacuzzi's en zwemspa's\",\"publisher\":{\"@id\":\"https:\\\/\\\/www.spabad.dets.nl\\\/de\\\/#organization\"},\"potentialAction\":[{\"@type\":\"SearchAction\",\"target\":{\"@type\":\"EntryPoint\",\"urlTemplate\":\"https:\\\/\\\/www.spabad.dets.nl\\\/de\\\/?s={search_term_string}\"},\"query-input\":{\"@type\":\"PropertyValueSpecification\",\"valueRequired\":true,\"valueName\":\"search_term_string\"}}],\"inLanguage\":\"de\"},{\"@type\":\"Organization\",\"@id\":\"https:\\\/\\\/www.spabad.dets.nl\\\/de\\\/#organization\",\"name\":\"Spabad Limburg\",\"url\":\"https:\\\/\\\/www.spabad.dets.nl\\\/de\\\/\",\"logo\":{\"@type\":\"ImageObject\",\"inLanguage\":\"de\",\"@id\":\"https:\\\/\\\/www.spabad.dets.nl\\\/de\\\/#\\\/schema\\\/logo\\\/image\\\/\",\"url\":\"https:\\\/\\\/www.spabad.dets.nl\\\/wp-content\\\/uploads\\\/2025\\\/01\\\/SpabadLimburg-Logo-Payoff-scaled.png\",\"contentUrl\":\"https:\\\/\\\/www.spabad.dets.nl\\\/wp-content\\\/uploads\\\/2025\\\/01\\\/SpabadLimburg-Logo-Payoff-scaled.png\",\"width\":2560,\"height\":548,\"caption\":\"Spabad Limburg\"},\"image\":{\"@id\":\"https:\\\/\\\/www.spabad.dets.nl\\\/de\\\/#\\\/schema\\\/logo\\\/image\\\/\"}}]}<\/script>\n<!-- \/ Yoast SEO plugin. -->","yoast_head_json":{"title":"Wellis Kilimanjaro Leben - Spabad Limburg","description":"Entscheiden Sie sich f\u00fcr das Wellis Kilimanjaro Life und den Luxus dieses erstklassigen Spas. Ab Lager zum besten Preis erh\u00e4ltlich. Wir beraten Sie pers\u00f6nlich.","robots":{"index":"index","follow":"follow","max-snippet":"max-snippet:-1","max-image-preview":"max-image-preview:large","max-video-preview":"max-video-preview:-1"},"canonical":"https:\/\/www.spabad.dets.nl\/de\/product\/wellis-kilimanjaro-life\/","og_locale":"de_DE","og_type":"article","og_title":"Wellis Kilimanjaro Leben - Spabad Limburg","og_description":"Entscheiden Sie sich f\u00fcr das Wellis Kilimanjaro Life und den Luxus dieses erstklassigen Spas. Ab Lager zum besten Preis erh\u00e4ltlich. Wir beraten Sie pers\u00f6nlich.","og_url":"https:\/\/www.spabad.dets.nl\/de\/product\/wellis-kilimanjaro-life\/","og_site_name":"Spabad Limburg","article_modified_time":"2026-02-03T14:23:04+00:00","og_image":[{"width":497,"height":488,"url":"https:\/\/www.spabad.dets.nl\/wp-content\/uploads\/2025\/01\/Wellis-Kilimanjaro.png","type":"image\/png"}],"twitter_card":"summary_large_image","twitter_misc":{"Gesch\u00e4tzte Lesezeit":"3\u00a0Minuten"},"schema":{"@context":"https:\/\/schema.org","@graph":[{"@type":"WebPage","@id":"https:\/\/www.spabad.dets.nl\/de\/product\/wellis-kilimanjaro-life\/","url":"https:\/\/www.spabad.dets.nl\/de\/product\/wellis-kilimanjaro-life\/","name":"Wellis Kilimanjaro Leben - Spabad Limburg","isPartOf":{"@id":"https:\/\/www.spabad.dets.nl\/de\/#website"},"primaryImageOfPage":{"@id":"https:\/\/www.spabad.dets.nl\/de\/product\/wellis-kilimanjaro-life\/#primaryimage"},"image":{"@id":"https:\/\/www.spabad.dets.nl\/de\/product\/wellis-kilimanjaro-life\/#primaryimage"},"thumbnailUrl":"https:\/\/www.spabad.dets.nl\/wp-content\/uploads\/2025\/01\/Wellis-Kilimanjaro.png","datePublished":"2025-01-17T10:14:22+00:00","dateModified":"2026-02-03T14:23:04+00:00","description":"Entscheiden Sie sich f\u00fcr das Wellis Kilimanjaro Life und den Luxus dieses erstklassigen Spas. Ab Lager zum besten Preis erh\u00e4ltlich. Wir beraten Sie pers\u00f6nlich.","breadcrumb":{"@id":"https:\/\/www.spabad.dets.nl\/de\/product\/wellis-kilimanjaro-life\/#breadcrumb"},"inLanguage":"de","potentialAction":[{"@type":"ReadAction","target":["https:\/\/www.spabad.dets.nl\/de\/product\/wellis-kilimanjaro-life\/"]}]},{"@type":"ImageObject","inLanguage":"de","@id":"https:\/\/www.spabad.dets.nl\/de\/product\/wellis-kilimanjaro-life\/#primaryimage","url":"https:\/\/www.spabad.dets.nl\/wp-content\/uploads\/2025\/01\/Wellis-Kilimanjaro.png","contentUrl":"https:\/\/www.spabad.dets.nl\/wp-content\/uploads\/2025\/01\/Wellis-Kilimanjaro.png","width":497,"height":488},{"@type":"BreadcrumbList","@id":"https:\/\/www.spabad.dets.nl\/de\/product\/wellis-kilimanjaro-life\/#breadcrumb","itemListElement":[{"@type":"ListItem","position":1,"name":"Startseite","item":"https:\/\/www.spabad.dets.nl\/de\/startseite-2\/"},{"@type":"ListItem","position":2,"name":"Shop","item":"https:\/\/www.spabad.dets.nl\/de\/shop-2\/"},{"@type":"ListItem","position":3,"name":"Wellis Spa B\u00e4der","item":"https:\/\/www.spabad.dets.nl\/de\/product-categorie\/thermalbaeder\/"},{"@type":"ListItem","position":4,"name":"Wellis Kilimanjaro Leben"}]},{"@type":"WebSite","@id":"https:\/\/www.spabad.dets.nl\/de\/#website","url":"https:\/\/www.spabad.dets.nl\/de\/","name":"Spabad Limburg","description":"Jacuzzi's en zwemspa's","publisher":{"@id":"https:\/\/www.spabad.dets.nl\/de\/#organization"},"potentialAction":[{"@type":"SearchAction","target":{"@type":"EntryPoint","urlTemplate":"https:\/\/www.spabad.dets.nl\/de\/?s={search_term_string}"},"query-input":{"@type":"PropertyValueSpecification","valueRequired":true,"valueName":"search_term_string"}}],"inLanguage":"de"},{"@type":"Organization","@id":"https:\/\/www.spabad.dets.nl\/de\/#organization","name":"Spabad Limburg","url":"https:\/\/www.spabad.dets.nl\/de\/","logo":{"@type":"ImageObject","inLanguage":"de","@id":"https:\/\/www.spabad.dets.nl\/de\/#\/schema\/logo\/image\/","url":"https:\/\/www.spabad.dets.nl\/wp-content\/uploads\/2025\/01\/SpabadLimburg-Logo-Payoff-scaled.png","contentUrl":"https:\/\/www.spabad.dets.nl\/wp-content\/uploads\/2025\/01\/SpabadLimburg-Logo-Payoff-scaled.png","width":2560,"height":548,"caption":"Spabad Limburg"},"image":{"@id":"https:\/\/www.spabad.dets.nl\/de\/#\/schema\/logo\/image\/"}}]}},"_links":{"self":[{"href":"https:\/\/www.spabad.dets.nl\/de\/wp-json\/wp\/v2\/product\/16510","targetHints":{"allow":["GET"]}}],"collection":[{"href":"https:\/\/www.spabad.dets.nl\/de\/wp-json\/wp\/v2\/product"}],"about":[{"href":"https:\/\/www.spabad.dets.nl\/de\/wp-json\/wp\/v2\/types\/product"}],"version-history":[{"count":0,"href":"https:\/\/www.spabad.dets.nl\/de\/wp-json\/wp\/v2\/product\/16510\/revisions"}],"wp:featuredmedia":[{"embeddable":true,"href":"https:\/\/www.spabad.dets.nl\/de\/wp-json\/wp\/v2\/media\/15613"}],"wp:attachment":[{"href":"https:\/\/www.spabad.dets.nl\/de\/wp-json\/wp\/v2\/media?parent=16510"}],"wp:term":[{"taxonomy":"product_brand","embeddable":true,"href":"https:\/\/www.spabad.dets.nl\/de\/wp-json\/wp\/v2\/product_brand?post=16510"},{"taxonomy":"product_cat","embeddable":true,"href":"https:\/\/www.spabad.dets.nl\/de\/wp-json\/wp\/v2\/product_cat?post=16510"},{"taxonomy":"product_tag","embeddable":true,"href":"https:\/\/www.spabad.dets.nl\/de\/wp-json\/wp\/v2\/product_tag?post=16510"}],"curies":[{"name":"wp","href":"https:\/\/api.w.org\/{rel}","templated":true}]}}