{"id":16482,"date":"2025-01-16T08:44:11","date_gmt":"2025-01-16T07:44:11","guid":{"rendered":"https:\/\/www.spabad.dets.nl\/product\/wellis-peakline-kilimanjaro\/"},"modified":"2026-03-10T11:45:48","modified_gmt":"2026-03-10T10:45:48","slug":"wellis-peakline-kilimanjaro","status":"publish","type":"product","link":"https:\/\/www.spabad.dets.nl\/de\/product\/wellis-peakline-kilimanjaro\/","title":{"rendered":"Wellis Peakline Kilimanjaro"},"content":{"rendered":"<p>Das Kilimanjaro Spa-Bad ist das Spitzenmodell der Peakline von Wellis Spas. Sehr ger\u00e4umig und geeignet f\u00fcr 6 Erwachsene. Der Kilimanjaro ist mit einer Liege und einem Captain-Sitz ausgestattet. Der Kilimanjaro ist sowohl f\u00fcr Erholungszwecke als auch f\u00fcr therapeutische Zwecke geeignet. Insgesamt bietet der Kilimanjaro Spa \u00fcber 9 PS an Massagepumpen. Das 2.1 Aquasoul Audiosystem ist das T\u00fcpfelchen auf dem i. Sie k\u00f6nnen dieses Audiosystem ganz einfach \u00fcber Bluetooth steuern, um Ihre Lieblingsmusik abzuspielen. Kilimanjaro verf\u00fcgt \u00fcber nicht weniger als 64 D\u00fcsen. \u00dcberzeugen Sie sich selbst und besuchen Sie unseren Ausstellungsraum.        <\/p>\n<p>&nbsp;<\/p>\n<table border=\"1\" cellspacing=\"0\">\n<tbody>\n<tr>\n<th>Abmessungen<\/th>\n<th>2300 x 2300 x 940 mm<\/th>\n<\/tr>\n<\/tbody>\n<tbody>\n<tr>\n<td>Kojen\/Sitzpl\u00e4tze<\/td>\n<td>5 Liegepl\u00e4tze und 1 Sitzplatz<\/td>\n<\/tr>\n<tr>\n<td>Nettogewicht (kg)\/Wasserkapazit\u00e4t (l)<\/td>\n<td>410 kg\/1.450 l<\/td>\n<\/tr>\n<tr>\n<td>Rahmen<\/td>\n<td>WPS<\/td>\n<\/tr>\n<tr>\n<td>Opt. elektrischer Anschluss <\/td>\n<td>1 x 43A 230V\/50Hz oder 3 x 16A 400V\/50Hz<\/td>\n<\/tr>\n<tr>\n<td>Min. elektrischer Anschluss*<\/td>\n<td>1 x 30A 230V\/50Hz<\/td>\n<\/tr>\n<tr>\n<td>Gesamtzahl der D\u00fcsen<\/td>\n<td>64<\/td>\n<\/tr>\n<tr>\n<td>Beleuchteter Springbrunnen<\/td>\n<td>2<\/td>\n<\/tr>\n<tr>\n<td>Hydromassage-Pumpe<\/td>\n<td>3 x 3 PS, eine Geschwindigkeit<\/td>\n<\/tr>\n<tr>\n<td>Umw\u00e4lzpumpe<\/td>\n<td>W-EC Pumpe (0,25 kW)<\/td>\n<\/tr>\n<tr>\n<td>Wasseraufbereitung<\/td>\n<td>UV-C + antibakterieller Filter<\/td>\n<\/tr>\n<tr>\n<td>LED-Farbtherapie-Beleuchtung<\/td>\n<td>13 exklusive LEDs + Zentrale<br \/>\n+ StarLight\u2122 beleuchtetes Eckelement<\/td>\n<\/tr>\n<tr>\n<td>Audio System<\/td>\n<td>Aquasoul\u2122 Pro 2.1 Pop-Up<\/td>\n<\/tr>\n<tr>\n<td>Smartphone-App\/Wifi-Verbindung<\/td>\n<td>Ja<\/td>\n<\/tr>\n<tr>\n<td>Aromatherapie<\/td>\n<td>Fl\u00fcssiges Aroma (geruchlos)<\/td>\n<\/tr>\n<tr>\n<td>Thermocover<\/td>\n<td>Ja<\/td>\n<\/tr>\n<\/tbody>\n<\/table>\n<p><iframe title=\"YouTube-Video-Player\" src=\"https:\/\/www.youtube.com\/embed\/ARi6jDk5VEM?si=k-36HZccjfUc-yD8\" width=\"560\" height=\"315\" frameborder=\"0\" allowfullscreen=\"allowfullscreen\"><\/iframe><\/p>\n","protected":false},"excerpt":{"rendered":"<p><img decoding=\"async\" class=\"alignnone size-full wp-image-9817\" src=\"https:\/\/www.spabad.dets.nl\/wp-content\/uploads\/2020\/05\/wellis-logo.jpg\" alt=\"\" width=\"265\" height=\"87\"><\/p>\n<p><strong>Eigenschaften Wellis Peakline Kilimanjaro<\/strong><\/p>\n<ul>\n<li>Geeignet f\u00fcr 6 Personen<\/li>\n<li>AQUASOUL\u2122 2.1 Pop-up-Soundsystem<\/li>\n<li>Smart Touch-Betriebssystem<\/li>\n<\/ul>\n","protected":false},"featured_media":15505,"template":"","meta":{"_acf_changed":false},"product_brand":[],"product_cat":[204],"product_tag":[223,205],"class_list":{"0":"post-16482","1":"product","2":"type-product","3":"status-publish","4":"has-post-thumbnail","6":"product_cat-thermalbaeder","7":"product_tag-kilimanjaro-de","8":"product_tag-wellis-de","10":"first","11":"instock","12":"sale","13":"taxable","14":"shipping-taxable","15":"purchasable","16":"product-type-simple"},"acf":[],"yoast_head":"<!-- This site is optimized with the Yoast SEO plugin v27.5 - https:\/\/yoast.com\/product\/yoast-seo-wordpress\/ -->\n<title>Wellis Peakline Kilimanjaro - Spabad Limburg<\/title>\n<meta name=\"description\" content=\"Kaufen Sie Kilimanjaro Wellis Peakline Jacuzzi, mit kurzer Lieferzeit und mit extra langer und bekannter Wellis Garantie. Jetzt bei spabadlimburg.\" \/>\n<meta name=\"robots\" content=\"index, follow, max-snippet:-1, max-image-preview:large, max-video-preview:-1\" \/>\n<link rel=\"canonical\" href=\"https:\/\/www.spabad.dets.nl\/de\/product\/wellis-peakline-kilimanjaro\/\" \/>\n<meta property=\"og:locale\" content=\"de_DE\" \/>\n<meta property=\"og:type\" content=\"article\" \/>\n<meta property=\"og:title\" content=\"Wellis Peakline Kilimanjaro - Spabad Limburg\" \/>\n<meta property=\"og:description\" content=\"Kaufen Sie Kilimanjaro Wellis Peakline Jacuzzi, mit kurzer Lieferzeit und mit extra langer und bekannter Wellis Garantie. Jetzt bei spabadlimburg.\" \/>\n<meta property=\"og:url\" content=\"https:\/\/www.spabad.dets.nl\/de\/product\/wellis-peakline-kilimanjaro\/\" \/>\n<meta property=\"og:site_name\" content=\"Spabad Limburg\" \/>\n<meta property=\"article:modified_time\" content=\"2026-03-10T10:45:48+00:00\" \/>\n<meta property=\"og:image\" content=\"https:\/\/www.spabad.dets.nl\/wp-content\/uploads\/2025\/01\/Wellis-Peakline-Kilimanjaro-1.jpg\" \/>\n\t<meta property=\"og:image:width\" content=\"1000\" \/>\n\t<meta property=\"og:image:height\" content=\"1000\" \/>\n\t<meta property=\"og:image:type\" content=\"image\/jpeg\" \/>\n<meta name=\"twitter:card\" content=\"summary_large_image\" \/>\n<meta name=\"twitter:label1\" content=\"Gesch\u00e4tzte Lesezeit\" \/>\n\t<meta name=\"twitter:data1\" content=\"1\u00a0Minute\" \/>\n<script type=\"application\/ld+json\" class=\"yoast-schema-graph\">{\"@context\":\"https:\\\/\\\/schema.org\",\"@graph\":[{\"@type\":\"WebPage\",\"@id\":\"https:\\\/\\\/www.spabad.dets.nl\\\/de\\\/product\\\/wellis-peakline-kilimanjaro\\\/\",\"url\":\"https:\\\/\\\/www.spabad.dets.nl\\\/de\\\/product\\\/wellis-peakline-kilimanjaro\\\/\",\"name\":\"Wellis Peakline Kilimanjaro - Spabad Limburg\",\"isPartOf\":{\"@id\":\"https:\\\/\\\/www.spabad.dets.nl\\\/de\\\/#website\"},\"primaryImageOfPage\":{\"@id\":\"https:\\\/\\\/www.spabad.dets.nl\\\/de\\\/product\\\/wellis-peakline-kilimanjaro\\\/#primaryimage\"},\"image\":{\"@id\":\"https:\\\/\\\/www.spabad.dets.nl\\\/de\\\/product\\\/wellis-peakline-kilimanjaro\\\/#primaryimage\"},\"thumbnailUrl\":\"https:\\\/\\\/www.spabad.dets.nl\\\/wp-content\\\/uploads\\\/2025\\\/01\\\/Wellis-Peakline-Kilimanjaro-1.jpg\",\"datePublished\":\"2025-01-16T07:44:11+00:00\",\"dateModified\":\"2026-03-10T10:45:48+00:00\",\"description\":\"Kaufen Sie Kilimanjaro Wellis Peakline Jacuzzi, mit kurzer Lieferzeit und mit extra langer und bekannter Wellis Garantie. Jetzt bei spabadlimburg.\",\"breadcrumb\":{\"@id\":\"https:\\\/\\\/www.spabad.dets.nl\\\/de\\\/product\\\/wellis-peakline-kilimanjaro\\\/#breadcrumb\"},\"inLanguage\":\"de\",\"potentialAction\":[{\"@type\":\"ReadAction\",\"target\":[\"https:\\\/\\\/www.spabad.dets.nl\\\/de\\\/product\\\/wellis-peakline-kilimanjaro\\\/\"]}]},{\"@type\":\"ImageObject\",\"inLanguage\":\"de\",\"@id\":\"https:\\\/\\\/www.spabad.dets.nl\\\/de\\\/product\\\/wellis-peakline-kilimanjaro\\\/#primaryimage\",\"url\":\"https:\\\/\\\/www.spabad.dets.nl\\\/wp-content\\\/uploads\\\/2025\\\/01\\\/Wellis-Peakline-Kilimanjaro-1.jpg\",\"contentUrl\":\"https:\\\/\\\/www.spabad.dets.nl\\\/wp-content\\\/uploads\\\/2025\\\/01\\\/Wellis-Peakline-Kilimanjaro-1.jpg\",\"width\":1000,\"height\":1000},{\"@type\":\"BreadcrumbList\",\"@id\":\"https:\\\/\\\/www.spabad.dets.nl\\\/de\\\/product\\\/wellis-peakline-kilimanjaro\\\/#breadcrumb\",\"itemListElement\":[{\"@type\":\"ListItem\",\"position\":1,\"name\":\"Startseite\",\"item\":\"https:\\\/\\\/www.spabad.dets.nl\\\/de\\\/startseite-2\\\/\"},{\"@type\":\"ListItem\",\"position\":2,\"name\":\"Shop\",\"item\":\"https:\\\/\\\/www.spabad.dets.nl\\\/de\\\/shop-2\\\/\"},{\"@type\":\"ListItem\",\"position\":3,\"name\":\"Wellis Spa B\u00e4der\",\"item\":\"https:\\\/\\\/www.spabad.dets.nl\\\/de\\\/product-categorie\\\/thermalbaeder\\\/\"},{\"@type\":\"ListItem\",\"position\":4,\"name\":\"Wellis Peakline Kilimanjaro\"}]},{\"@type\":\"WebSite\",\"@id\":\"https:\\\/\\\/www.spabad.dets.nl\\\/de\\\/#website\",\"url\":\"https:\\\/\\\/www.spabad.dets.nl\\\/de\\\/\",\"name\":\"Spabad Limburg\",\"description\":\"Jacuzzi's en zwemspa's\",\"publisher\":{\"@id\":\"https:\\\/\\\/www.spabad.dets.nl\\\/de\\\/#organization\"},\"potentialAction\":[{\"@type\":\"SearchAction\",\"target\":{\"@type\":\"EntryPoint\",\"urlTemplate\":\"https:\\\/\\\/www.spabad.dets.nl\\\/de\\\/?s={search_term_string}\"},\"query-input\":{\"@type\":\"PropertyValueSpecification\",\"valueRequired\":true,\"valueName\":\"search_term_string\"}}],\"inLanguage\":\"de\"},{\"@type\":\"Organization\",\"@id\":\"https:\\\/\\\/www.spabad.dets.nl\\\/de\\\/#organization\",\"name\":\"Spabad Limburg\",\"url\":\"https:\\\/\\\/www.spabad.dets.nl\\\/de\\\/\",\"logo\":{\"@type\":\"ImageObject\",\"inLanguage\":\"de\",\"@id\":\"https:\\\/\\\/www.spabad.dets.nl\\\/de\\\/#\\\/schema\\\/logo\\\/image\\\/\",\"url\":\"https:\\\/\\\/www.spabad.dets.nl\\\/wp-content\\\/uploads\\\/2025\\\/01\\\/SpabadLimburg-Logo-Payoff-scaled.png\",\"contentUrl\":\"https:\\\/\\\/www.spabad.dets.nl\\\/wp-content\\\/uploads\\\/2025\\\/01\\\/SpabadLimburg-Logo-Payoff-scaled.png\",\"width\":2560,\"height\":548,\"caption\":\"Spabad Limburg\"},\"image\":{\"@id\":\"https:\\\/\\\/www.spabad.dets.nl\\\/de\\\/#\\\/schema\\\/logo\\\/image\\\/\"}}]}<\/script>\n<!-- \/ Yoast SEO plugin. -->","yoast_head_json":{"title":"Wellis Peakline Kilimanjaro - Spabad Limburg","description":"Kaufen Sie Kilimanjaro Wellis Peakline Jacuzzi, mit kurzer Lieferzeit und mit extra langer und bekannter Wellis Garantie. Jetzt bei spabadlimburg.","robots":{"index":"index","follow":"follow","max-snippet":"max-snippet:-1","max-image-preview":"max-image-preview:large","max-video-preview":"max-video-preview:-1"},"canonical":"https:\/\/www.spabad.dets.nl\/de\/product\/wellis-peakline-kilimanjaro\/","og_locale":"de_DE","og_type":"article","og_title":"Wellis Peakline Kilimanjaro - Spabad Limburg","og_description":"Kaufen Sie Kilimanjaro Wellis Peakline Jacuzzi, mit kurzer Lieferzeit und mit extra langer und bekannter Wellis Garantie. Jetzt bei spabadlimburg.","og_url":"https:\/\/www.spabad.dets.nl\/de\/product\/wellis-peakline-kilimanjaro\/","og_site_name":"Spabad Limburg","article_modified_time":"2026-03-10T10:45:48+00:00","og_image":[{"width":1000,"height":1000,"url":"https:\/\/www.spabad.dets.nl\/wp-content\/uploads\/2025\/01\/Wellis-Peakline-Kilimanjaro-1.jpg","type":"image\/jpeg"}],"twitter_card":"summary_large_image","twitter_misc":{"Gesch\u00e4tzte Lesezeit":"1\u00a0Minute"},"schema":{"@context":"https:\/\/schema.org","@graph":[{"@type":"WebPage","@id":"https:\/\/www.spabad.dets.nl\/de\/product\/wellis-peakline-kilimanjaro\/","url":"https:\/\/www.spabad.dets.nl\/de\/product\/wellis-peakline-kilimanjaro\/","name":"Wellis Peakline Kilimanjaro - Spabad Limburg","isPartOf":{"@id":"https:\/\/www.spabad.dets.nl\/de\/#website"},"primaryImageOfPage":{"@id":"https:\/\/www.spabad.dets.nl\/de\/product\/wellis-peakline-kilimanjaro\/#primaryimage"},"image":{"@id":"https:\/\/www.spabad.dets.nl\/de\/product\/wellis-peakline-kilimanjaro\/#primaryimage"},"thumbnailUrl":"https:\/\/www.spabad.dets.nl\/wp-content\/uploads\/2025\/01\/Wellis-Peakline-Kilimanjaro-1.jpg","datePublished":"2025-01-16T07:44:11+00:00","dateModified":"2026-03-10T10:45:48+00:00","description":"Kaufen Sie Kilimanjaro Wellis Peakline Jacuzzi, mit kurzer Lieferzeit und mit extra langer und bekannter Wellis Garantie. Jetzt bei spabadlimburg.","breadcrumb":{"@id":"https:\/\/www.spabad.dets.nl\/de\/product\/wellis-peakline-kilimanjaro\/#breadcrumb"},"inLanguage":"de","potentialAction":[{"@type":"ReadAction","target":["https:\/\/www.spabad.dets.nl\/de\/product\/wellis-peakline-kilimanjaro\/"]}]},{"@type":"ImageObject","inLanguage":"de","@id":"https:\/\/www.spabad.dets.nl\/de\/product\/wellis-peakline-kilimanjaro\/#primaryimage","url":"https:\/\/www.spabad.dets.nl\/wp-content\/uploads\/2025\/01\/Wellis-Peakline-Kilimanjaro-1.jpg","contentUrl":"https:\/\/www.spabad.dets.nl\/wp-content\/uploads\/2025\/01\/Wellis-Peakline-Kilimanjaro-1.jpg","width":1000,"height":1000},{"@type":"BreadcrumbList","@id":"https:\/\/www.spabad.dets.nl\/de\/product\/wellis-peakline-kilimanjaro\/#breadcrumb","itemListElement":[{"@type":"ListItem","position":1,"name":"Startseite","item":"https:\/\/www.spabad.dets.nl\/de\/startseite-2\/"},{"@type":"ListItem","position":2,"name":"Shop","item":"https:\/\/www.spabad.dets.nl\/de\/shop-2\/"},{"@type":"ListItem","position":3,"name":"Wellis Spa B\u00e4der","item":"https:\/\/www.spabad.dets.nl\/de\/product-categorie\/thermalbaeder\/"},{"@type":"ListItem","position":4,"name":"Wellis Peakline Kilimanjaro"}]},{"@type":"WebSite","@id":"https:\/\/www.spabad.dets.nl\/de\/#website","url":"https:\/\/www.spabad.dets.nl\/de\/","name":"Spabad Limburg","description":"Jacuzzi's en zwemspa's","publisher":{"@id":"https:\/\/www.spabad.dets.nl\/de\/#organization"},"potentialAction":[{"@type":"SearchAction","target":{"@type":"EntryPoint","urlTemplate":"https:\/\/www.spabad.dets.nl\/de\/?s={search_term_string}"},"query-input":{"@type":"PropertyValueSpecification","valueRequired":true,"valueName":"search_term_string"}}],"inLanguage":"de"},{"@type":"Organization","@id":"https:\/\/www.spabad.dets.nl\/de\/#organization","name":"Spabad Limburg","url":"https:\/\/www.spabad.dets.nl\/de\/","logo":{"@type":"ImageObject","inLanguage":"de","@id":"https:\/\/www.spabad.dets.nl\/de\/#\/schema\/logo\/image\/","url":"https:\/\/www.spabad.dets.nl\/wp-content\/uploads\/2025\/01\/SpabadLimburg-Logo-Payoff-scaled.png","contentUrl":"https:\/\/www.spabad.dets.nl\/wp-content\/uploads\/2025\/01\/SpabadLimburg-Logo-Payoff-scaled.png","width":2560,"height":548,"caption":"Spabad Limburg"},"image":{"@id":"https:\/\/www.spabad.dets.nl\/de\/#\/schema\/logo\/image\/"}}]}},"_links":{"self":[{"href":"https:\/\/www.spabad.dets.nl\/de\/wp-json\/wp\/v2\/product\/16482","targetHints":{"allow":["GET"]}}],"collection":[{"href":"https:\/\/www.spabad.dets.nl\/de\/wp-json\/wp\/v2\/product"}],"about":[{"href":"https:\/\/www.spabad.dets.nl\/de\/wp-json\/wp\/v2\/types\/product"}],"version-history":[{"count":1,"href":"https:\/\/www.spabad.dets.nl\/de\/wp-json\/wp\/v2\/product\/16482\/revisions"}],"predecessor-version":[{"id":19515,"href":"https:\/\/www.spabad.dets.nl\/de\/wp-json\/wp\/v2\/product\/16482\/revisions\/19515"}],"wp:featuredmedia":[{"embeddable":true,"href":"https:\/\/www.spabad.dets.nl\/de\/wp-json\/wp\/v2\/media\/15505"}],"wp:attachment":[{"href":"https:\/\/www.spabad.dets.nl\/de\/wp-json\/wp\/v2\/media?parent=16482"}],"wp:term":[{"taxonomy":"product_brand","embeddable":true,"href":"https:\/\/www.spabad.dets.nl\/de\/wp-json\/wp\/v2\/product_brand?post=16482"},{"taxonomy":"product_cat","embeddable":true,"href":"https:\/\/www.spabad.dets.nl\/de\/wp-json\/wp\/v2\/product_cat?post=16482"},{"taxonomy":"product_tag","embeddable":true,"href":"https:\/\/www.spabad.dets.nl\/de\/wp-json\/wp\/v2\/product_tag?post=16482"}],"curies":[{"name":"wp","href":"https:\/\/api.w.org\/{rel}","templated":true}]}}