{"id":16480,"date":"2025-01-16T08:44:37","date_gmt":"2025-01-16T07:44:37","guid":{"rendered":"https:\/\/www.spabad.dets.nl\/product\/spa-line-spa-abdeckung-shine\/"},"modified":"2025-06-24T15:03:03","modified_gmt":"2025-06-24T13:03:03","slug":"spa-line-spa-abdeckung-shine","status":"publish","type":"product","link":"https:\/\/www.spabad.dets.nl\/de\/product\/spa-line-spa-abdeckung-shine\/","title":{"rendered":"SPA Line Spa-Abdeckung Shine"},"content":{"rendered":"<p>Geeignet f\u00fcr die Reinigung der Whirlpoolabdeckung (Heber). Verleiht allen glatten Vinyloberfl\u00e4chen Glanz. Au\u00dferdem tr\u00e4gt Spa Cover Shine eine Schutzschicht auf die Abdeckung auf und verhindert so das Verblassen der Farbe. Inhalt: 500 ml.   <\/p>\n","protected":false},"excerpt":{"rendered":"<p>SPA Line Cover Shine sorgt f\u00fcr Glanz und Schutz f\u00fcr Ihre Whirlpoolabdeckung (Lifter).<\/p>\n","protected":false},"featured_media":15514,"template":"","meta":{"_acf_changed":false},"product_brand":[],"product_cat":[216,209,214,211],"product_tag":[],"class_list":{"0":"post-16480","1":"product","2":"type-product","3":"status-publish","4":"has-post-thumbnail","6":"product_cat-hottubs","7":"product_cat-pflegeprodukte","8":"product_cat-schwimmendes-bad","9":"product_cat-spa-de","11":"first","12":"instock","13":"taxable","14":"shipping-taxable","15":"purchasable","16":"product-type-simple"},"acf":[],"yoast_head":"<!-- This site is optimized with the Yoast SEO plugin v27.5 - https:\/\/yoast.com\/product\/yoast-seo-wordpress\/ -->\n<title>SPA Line Spa-Abdeckung Shine - Spabad Limburg<\/title>\n<meta name=\"description\" content=\"Spa Line Cover Shine zur Pflege und zum Schutz Ihrer glatten Vinylabdeckung. F\u00fcr l\u00e4ngere Haltbarkeit. Einfach bei Spabadlimburg bestellen.\" \/>\n<meta name=\"robots\" content=\"index, follow, max-snippet:-1, max-image-preview:large, max-video-preview:-1\" \/>\n<link rel=\"canonical\" href=\"https:\/\/www.spabad.dets.nl\/de\/product\/spa-line-spa-abdeckung-shine\/\" \/>\n<meta property=\"og:locale\" content=\"de_DE\" \/>\n<meta property=\"og:type\" content=\"article\" \/>\n<meta property=\"og:title\" content=\"SPA Line Spa-Abdeckung Shine - Spabad Limburg\" \/>\n<meta property=\"og:description\" content=\"Spa Line Cover Shine zur Pflege und zum Schutz Ihrer glatten Vinylabdeckung. F\u00fcr l\u00e4ngere Haltbarkeit. Einfach bei Spabadlimburg bestellen.\" \/>\n<meta property=\"og:url\" content=\"https:\/\/www.spabad.dets.nl\/de\/product\/spa-line-spa-abdeckung-shine\/\" \/>\n<meta property=\"og:site_name\" content=\"Spabad Limburg\" \/>\n<meta property=\"article:modified_time\" content=\"2025-06-24T13:03:03+00:00\" \/>\n<meta property=\"og:image\" content=\"https:\/\/www.spabad.dets.nl\/wp-content\/uploads\/2025\/01\/spa-line-spa-cover-shine.jpg\" \/>\n\t<meta property=\"og:image:width\" content=\"1080\" \/>\n\t<meta property=\"og:image:height\" content=\"1080\" \/>\n\t<meta property=\"og:image:type\" content=\"image\/jpeg\" \/>\n<meta name=\"twitter:card\" content=\"summary_large_image\" \/>\n<script type=\"application\/ld+json\" class=\"yoast-schema-graph\">{\"@context\":\"https:\\\/\\\/schema.org\",\"@graph\":[{\"@type\":\"WebPage\",\"@id\":\"https:\\\/\\\/www.spabad.dets.nl\\\/de\\\/product\\\/spa-line-spa-abdeckung-shine\\\/\",\"url\":\"https:\\\/\\\/www.spabad.dets.nl\\\/de\\\/product\\\/spa-line-spa-abdeckung-shine\\\/\",\"name\":\"SPA Line Spa-Abdeckung Shine - Spabad Limburg\",\"isPartOf\":{\"@id\":\"https:\\\/\\\/www.spabad.dets.nl\\\/de\\\/#website\"},\"primaryImageOfPage\":{\"@id\":\"https:\\\/\\\/www.spabad.dets.nl\\\/de\\\/product\\\/spa-line-spa-abdeckung-shine\\\/#primaryimage\"},\"image\":{\"@id\":\"https:\\\/\\\/www.spabad.dets.nl\\\/de\\\/product\\\/spa-line-spa-abdeckung-shine\\\/#primaryimage\"},\"thumbnailUrl\":\"https:\\\/\\\/www.spabad.dets.nl\\\/wp-content\\\/uploads\\\/2025\\\/01\\\/spa-line-spa-cover-shine.jpg\",\"datePublished\":\"2025-01-16T07:44:37+00:00\",\"dateModified\":\"2025-06-24T13:03:03+00:00\",\"description\":\"Spa Line Cover Shine zur Pflege und zum Schutz Ihrer glatten Vinylabdeckung. F\u00fcr l\u00e4ngere Haltbarkeit. Einfach bei Spabadlimburg bestellen.\",\"breadcrumb\":{\"@id\":\"https:\\\/\\\/www.spabad.dets.nl\\\/de\\\/product\\\/spa-line-spa-abdeckung-shine\\\/#breadcrumb\"},\"inLanguage\":\"de\",\"potentialAction\":[{\"@type\":\"ReadAction\",\"target\":[\"https:\\\/\\\/www.spabad.dets.nl\\\/de\\\/product\\\/spa-line-spa-abdeckung-shine\\\/\"]}]},{\"@type\":\"ImageObject\",\"inLanguage\":\"de\",\"@id\":\"https:\\\/\\\/www.spabad.dets.nl\\\/de\\\/product\\\/spa-line-spa-abdeckung-shine\\\/#primaryimage\",\"url\":\"https:\\\/\\\/www.spabad.dets.nl\\\/wp-content\\\/uploads\\\/2025\\\/01\\\/spa-line-spa-cover-shine.jpg\",\"contentUrl\":\"https:\\\/\\\/www.spabad.dets.nl\\\/wp-content\\\/uploads\\\/2025\\\/01\\\/spa-line-spa-cover-shine.jpg\",\"width\":1080,\"height\":1080},{\"@type\":\"BreadcrumbList\",\"@id\":\"https:\\\/\\\/www.spabad.dets.nl\\\/de\\\/product\\\/spa-line-spa-abdeckung-shine\\\/#breadcrumb\",\"itemListElement\":[{\"@type\":\"ListItem\",\"position\":1,\"name\":\"Startseite\",\"item\":\"https:\\\/\\\/www.spabad.dets.nl\\\/de\\\/startseite-2\\\/\"},{\"@type\":\"ListItem\",\"position\":2,\"name\":\"Shop\",\"item\":\"https:\\\/\\\/www.spabad.dets.nl\\\/de\\\/shop-2\\\/\"},{\"@type\":\"ListItem\",\"position\":3,\"name\":\"Pflegeprodukte\",\"item\":\"https:\\\/\\\/www.spabad.dets.nl\\\/de\\\/product-categorie\\\/pflegeprodukte\\\/\"},{\"@type\":\"ListItem\",\"position\":4,\"name\":\"SPA Line Spa-Abdeckung Shine\"}]},{\"@type\":\"WebSite\",\"@id\":\"https:\\\/\\\/www.spabad.dets.nl\\\/de\\\/#website\",\"url\":\"https:\\\/\\\/www.spabad.dets.nl\\\/de\\\/\",\"name\":\"Spabad Limburg\",\"description\":\"Jacuzzi's en zwemspa's\",\"publisher\":{\"@id\":\"https:\\\/\\\/www.spabad.dets.nl\\\/de\\\/#organization\"},\"potentialAction\":[{\"@type\":\"SearchAction\",\"target\":{\"@type\":\"EntryPoint\",\"urlTemplate\":\"https:\\\/\\\/www.spabad.dets.nl\\\/de\\\/?s={search_term_string}\"},\"query-input\":{\"@type\":\"PropertyValueSpecification\",\"valueRequired\":true,\"valueName\":\"search_term_string\"}}],\"inLanguage\":\"de\"},{\"@type\":\"Organization\",\"@id\":\"https:\\\/\\\/www.spabad.dets.nl\\\/de\\\/#organization\",\"name\":\"Spabad Limburg\",\"url\":\"https:\\\/\\\/www.spabad.dets.nl\\\/de\\\/\",\"logo\":{\"@type\":\"ImageObject\",\"inLanguage\":\"de\",\"@id\":\"https:\\\/\\\/www.spabad.dets.nl\\\/de\\\/#\\\/schema\\\/logo\\\/image\\\/\",\"url\":\"https:\\\/\\\/www.spabad.dets.nl\\\/wp-content\\\/uploads\\\/2025\\\/01\\\/SpabadLimburg-Logo-Payoff-scaled.png\",\"contentUrl\":\"https:\\\/\\\/www.spabad.dets.nl\\\/wp-content\\\/uploads\\\/2025\\\/01\\\/SpabadLimburg-Logo-Payoff-scaled.png\",\"width\":2560,\"height\":548,\"caption\":\"Spabad Limburg\"},\"image\":{\"@id\":\"https:\\\/\\\/www.spabad.dets.nl\\\/de\\\/#\\\/schema\\\/logo\\\/image\\\/\"}}]}<\/script>\n<!-- \/ Yoast SEO plugin. -->","yoast_head_json":{"title":"SPA Line Spa-Abdeckung Shine - Spabad Limburg","description":"Spa Line Cover Shine zur Pflege und zum Schutz Ihrer glatten Vinylabdeckung. F\u00fcr l\u00e4ngere Haltbarkeit. Einfach bei Spabadlimburg bestellen.","robots":{"index":"index","follow":"follow","max-snippet":"max-snippet:-1","max-image-preview":"max-image-preview:large","max-video-preview":"max-video-preview:-1"},"canonical":"https:\/\/www.spabad.dets.nl\/de\/product\/spa-line-spa-abdeckung-shine\/","og_locale":"de_DE","og_type":"article","og_title":"SPA Line Spa-Abdeckung Shine - Spabad Limburg","og_description":"Spa Line Cover Shine zur Pflege und zum Schutz Ihrer glatten Vinylabdeckung. F\u00fcr l\u00e4ngere Haltbarkeit. Einfach bei Spabadlimburg bestellen.","og_url":"https:\/\/www.spabad.dets.nl\/de\/product\/spa-line-spa-abdeckung-shine\/","og_site_name":"Spabad Limburg","article_modified_time":"2025-06-24T13:03:03+00:00","og_image":[{"width":1080,"height":1080,"url":"https:\/\/www.spabad.dets.nl\/wp-content\/uploads\/2025\/01\/spa-line-spa-cover-shine.jpg","type":"image\/jpeg"}],"twitter_card":"summary_large_image","schema":{"@context":"https:\/\/schema.org","@graph":[{"@type":"WebPage","@id":"https:\/\/www.spabad.dets.nl\/de\/product\/spa-line-spa-abdeckung-shine\/","url":"https:\/\/www.spabad.dets.nl\/de\/product\/spa-line-spa-abdeckung-shine\/","name":"SPA Line Spa-Abdeckung Shine - Spabad Limburg","isPartOf":{"@id":"https:\/\/www.spabad.dets.nl\/de\/#website"},"primaryImageOfPage":{"@id":"https:\/\/www.spabad.dets.nl\/de\/product\/spa-line-spa-abdeckung-shine\/#primaryimage"},"image":{"@id":"https:\/\/www.spabad.dets.nl\/de\/product\/spa-line-spa-abdeckung-shine\/#primaryimage"},"thumbnailUrl":"https:\/\/www.spabad.dets.nl\/wp-content\/uploads\/2025\/01\/spa-line-spa-cover-shine.jpg","datePublished":"2025-01-16T07:44:37+00:00","dateModified":"2025-06-24T13:03:03+00:00","description":"Spa Line Cover Shine zur Pflege und zum Schutz Ihrer glatten Vinylabdeckung. F\u00fcr l\u00e4ngere Haltbarkeit. Einfach bei Spabadlimburg bestellen.","breadcrumb":{"@id":"https:\/\/www.spabad.dets.nl\/de\/product\/spa-line-spa-abdeckung-shine\/#breadcrumb"},"inLanguage":"de","potentialAction":[{"@type":"ReadAction","target":["https:\/\/www.spabad.dets.nl\/de\/product\/spa-line-spa-abdeckung-shine\/"]}]},{"@type":"ImageObject","inLanguage":"de","@id":"https:\/\/www.spabad.dets.nl\/de\/product\/spa-line-spa-abdeckung-shine\/#primaryimage","url":"https:\/\/www.spabad.dets.nl\/wp-content\/uploads\/2025\/01\/spa-line-spa-cover-shine.jpg","contentUrl":"https:\/\/www.spabad.dets.nl\/wp-content\/uploads\/2025\/01\/spa-line-spa-cover-shine.jpg","width":1080,"height":1080},{"@type":"BreadcrumbList","@id":"https:\/\/www.spabad.dets.nl\/de\/product\/spa-line-spa-abdeckung-shine\/#breadcrumb","itemListElement":[{"@type":"ListItem","position":1,"name":"Startseite","item":"https:\/\/www.spabad.dets.nl\/de\/startseite-2\/"},{"@type":"ListItem","position":2,"name":"Shop","item":"https:\/\/www.spabad.dets.nl\/de\/shop-2\/"},{"@type":"ListItem","position":3,"name":"Pflegeprodukte","item":"https:\/\/www.spabad.dets.nl\/de\/product-categorie\/pflegeprodukte\/"},{"@type":"ListItem","position":4,"name":"SPA Line Spa-Abdeckung Shine"}]},{"@type":"WebSite","@id":"https:\/\/www.spabad.dets.nl\/de\/#website","url":"https:\/\/www.spabad.dets.nl\/de\/","name":"Spabad Limburg","description":"Jacuzzi's en zwemspa's","publisher":{"@id":"https:\/\/www.spabad.dets.nl\/de\/#organization"},"potentialAction":[{"@type":"SearchAction","target":{"@type":"EntryPoint","urlTemplate":"https:\/\/www.spabad.dets.nl\/de\/?s={search_term_string}"},"query-input":{"@type":"PropertyValueSpecification","valueRequired":true,"valueName":"search_term_string"}}],"inLanguage":"de"},{"@type":"Organization","@id":"https:\/\/www.spabad.dets.nl\/de\/#organization","name":"Spabad Limburg","url":"https:\/\/www.spabad.dets.nl\/de\/","logo":{"@type":"ImageObject","inLanguage":"de","@id":"https:\/\/www.spabad.dets.nl\/de\/#\/schema\/logo\/image\/","url":"https:\/\/www.spabad.dets.nl\/wp-content\/uploads\/2025\/01\/SpabadLimburg-Logo-Payoff-scaled.png","contentUrl":"https:\/\/www.spabad.dets.nl\/wp-content\/uploads\/2025\/01\/SpabadLimburg-Logo-Payoff-scaled.png","width":2560,"height":548,"caption":"Spabad Limburg"},"image":{"@id":"https:\/\/www.spabad.dets.nl\/de\/#\/schema\/logo\/image\/"}}]}},"_links":{"self":[{"href":"https:\/\/www.spabad.dets.nl\/de\/wp-json\/wp\/v2\/product\/16480","targetHints":{"allow":["GET"]}}],"collection":[{"href":"https:\/\/www.spabad.dets.nl\/de\/wp-json\/wp\/v2\/product"}],"about":[{"href":"https:\/\/www.spabad.dets.nl\/de\/wp-json\/wp\/v2\/types\/product"}],"version-history":[{"count":0,"href":"https:\/\/www.spabad.dets.nl\/de\/wp-json\/wp\/v2\/product\/16480\/revisions"}],"wp:featuredmedia":[{"embeddable":true,"href":"https:\/\/www.spabad.dets.nl\/de\/wp-json\/wp\/v2\/media\/15514"}],"wp:attachment":[{"href":"https:\/\/www.spabad.dets.nl\/de\/wp-json\/wp\/v2\/media?parent=16480"}],"wp:term":[{"taxonomy":"product_brand","embeddable":true,"href":"https:\/\/www.spabad.dets.nl\/de\/wp-json\/wp\/v2\/product_brand?post=16480"},{"taxonomy":"product_cat","embeddable":true,"href":"https:\/\/www.spabad.dets.nl\/de\/wp-json\/wp\/v2\/product_cat?post=16480"},{"taxonomy":"product_tag","embeddable":true,"href":"https:\/\/www.spabad.dets.nl\/de\/wp-json\/wp\/v2\/product_tag?post=16480"}],"curies":[{"name":"wp","href":"https:\/\/api.w.org\/{rel}","templated":true}]}}