{"id":16479,"date":"2025-01-16T08:44:12","date_gmt":"2025-01-16T07:44:12","guid":{"rendered":"https:\/\/www.spabad.dets.nl\/product\/spa-line-wasserpflege\/"},"modified":"2025-06-24T15:05:51","modified_gmt":"2025-06-24T13:05:51","slug":"spa-line-wasserpflege","status":"publish","type":"product","link":"https:\/\/www.spabad.dets.nl\/de\/product\/spa-line-wasserpflege\/","title":{"rendered":"SPA Line Wasserpflege"},"content":{"rendered":"<p>Spa Water Care ist sehr einfach in der Anwendung. Die einfachste Art, Ihr Whirlpoolwasser sauber und frisch zu halten! Sie f\u00fcgen Spa Water Care einmal pro Woche hinzu, um perfekt sauberes und klares Wasser zu erhalten. Spa Water Care hat zahlreiche Vorteile. Es ist sehr einfach in der Anwendung und Sie brauchen es nur einmal pro Woche hinzuzuf\u00fcgen. Es erspart Ihnen mehrere Stunden Wartungsarbeit. In Spa Water Care wird nur eine minimale Menge Chlor verwendet. Damit geh\u00f6ren auch rote Augen der Vergangenheit an.       <\/p>\n<h2>Pluspunkte von Spa Water Care<\/h2>\n<ul>\n<li>Sanft zu Ihrer Haut.<\/li>\n<li>Umweltfreundlich.<\/li>\n<li>Standardkalk und Schaumreduzierung.<\/li>\n<li>Die einfachste Art, Wasser zu erhalten.<\/li>\n<li>Garantiert klares und sauberes Wasser.<\/li>\n<\/ul>\n<p>Das Spa Water Care Kit enth\u00e4lt eine Flasche Spa Water Care 1 (2 Liter), eine Flasche Spa Water Care 2 (2 Liter) und einen Pflegebecher.<\/p>\n<h2>Spa-Wasserpflege verwenden<\/h2>\n<p>Es ist wichtig, dass der Whirlpool ordnungsgem\u00e4\u00df gereinigt ist, bevor Sie mit der Spa Water Care Behandlung beginnen. In den Rohrleitungen k\u00f6nnen sich alter Biofilm, Kalk und Verunreinigungen befinden. Verwenden Sie Spa Tube Clean oder ein anderes geeignetes Pflegeprodukt, um den Whirlpool von innen heraus gr\u00fcndlich zu reinigen. Dann sollten Sie das Wasser wechseln, um einen sauberen Start zu gew\u00e4hrleisten.   <\/p>\n<ul>\n<li>Sp\u00fclen Sie die Filter mit sauberem Wasser aus. F\u00fcr eine gr\u00fcndliche Reinigung k\u00f6nnen Sie Spa Cartridge Cleaner verwenden. <\/li>\n<li>Sch\u00fctteln Sie die Flaschen von Spa Water Care 1 und 2.<\/li>\n<li>Nehmen Sie den Messbecher und geben Sie 100 ml aus Flasche 1 auf 1.000 Liter Wasser. Dann f\u00fcgen Sie die gleiche Menge aus Flasche 2 hinzu. Halten Sie sich an diese Menge. Eine \u00dcberdosierung macht keinen Sinn und kann negative Nebenwirkungen wie tr\u00fcbes Wasser haben.   <\/li>\n<li>Schalten Sie alle D\u00fcsen ein und lassen Sie die Pumpen etwa 1 Minute lang auf voller Leistung laufen.<\/li>\n<li>Legen Sie eine Chlortablette in das Fach \u00fcber dem Filter. TIPP: F\u00fcr eine besonders starke Reinigung k\u00f6nnen Sie Granulatpulver verwenden. Geben Sie dann 1 gestrichenen Essl\u00f6ffel Granulatpulver nach dem Baden ins Wasser.  <\/li>\n<li>F\u00fcr eine optimale Wasserqualit\u00e4t wiederholen Sie den Vorgang w\u00f6chentlich.<\/li>\n<\/ul>\n","protected":false},"excerpt":{"rendered":"<p>Einfach anzuwendendes Pflegeprodukt f\u00fcr die optimale Behandlung des Whirlpoolwassers. Einmal pro Woche verwenden. <\/p>\n","protected":false},"featured_media":15508,"template":"","meta":{"_acf_changed":false},"product_brand":[],"product_cat":[209],"product_tag":[],"class_list":{"0":"post-16479","1":"product","2":"type-product","3":"status-publish","4":"has-post-thumbnail","6":"product_cat-pflegeprodukte","8":"first","9":"instock","10":"taxable","11":"shipping-taxable","12":"product-type-simple"},"acf":[],"yoast_head":"<!-- This site is optimized with the Yoast SEO plugin v27.5 - https:\/\/yoast.com\/product\/yoast-seo-wordpress\/ -->\n<title>Spa Line Wasserpflegemittel - Spabad Limburg<\/title>\n<meta name=\"description\" content=\"Spa Wasserpflege Wartungsprodukt. Spa Water Care von Spa Line ist ein einfach zu verwendendes. Ideales Pflegeprodukt f\u00fcr Whirlpools.\" \/>\n<meta name=\"robots\" content=\"index, follow, max-snippet:-1, max-image-preview:large, max-video-preview:-1\" \/>\n<link rel=\"canonical\" href=\"https:\/\/www.spabad.dets.nl\/de\/product\/spa-line-wasserpflege\/\" \/>\n<meta property=\"og:locale\" content=\"de_DE\" \/>\n<meta property=\"og:type\" content=\"article\" \/>\n<meta property=\"og:title\" content=\"Spa Line Wasserpflegemittel - Spabad Limburg\" \/>\n<meta property=\"og:description\" content=\"Spa Wasserpflege Wartungsprodukt. Spa Water Care von Spa Line ist ein einfach zu verwendendes. Ideales Pflegeprodukt f\u00fcr Whirlpools.\" \/>\n<meta property=\"og:url\" content=\"https:\/\/www.spabad.dets.nl\/de\/product\/spa-line-wasserpflege\/\" \/>\n<meta property=\"og:site_name\" content=\"Spabad Limburg\" \/>\n<meta property=\"article:modified_time\" content=\"2025-06-24T13:05:51+00:00\" \/>\n<meta property=\"og:image\" content=\"https:\/\/www.spabad.dets.nl\/wp-content\/uploads\/2025\/01\/spa-line-soft-touch-water-care.jpg\" \/>\n\t<meta property=\"og:image:width\" content=\"900\" \/>\n\t<meta property=\"og:image:height\" content=\"900\" \/>\n\t<meta property=\"og:image:type\" content=\"image\/jpeg\" \/>\n<meta name=\"twitter:card\" content=\"summary_large_image\" \/>\n<meta name=\"twitter:label1\" content=\"Gesch\u00e4tzte Lesezeit\" \/>\n\t<meta name=\"twitter:data1\" content=\"2\u00a0Minuten\" \/>\n<script type=\"application\/ld+json\" class=\"yoast-schema-graph\">{\"@context\":\"https:\\\/\\\/schema.org\",\"@graph\":[{\"@type\":\"WebPage\",\"@id\":\"https:\\\/\\\/www.spabad.dets.nl\\\/de\\\/product\\\/spa-line-wasserpflege\\\/\",\"url\":\"https:\\\/\\\/www.spabad.dets.nl\\\/de\\\/product\\\/spa-line-wasserpflege\\\/\",\"name\":\"Spa Line Wasserpflegemittel - Spabad Limburg\",\"isPartOf\":{\"@id\":\"https:\\\/\\\/www.spabad.dets.nl\\\/de\\\/#website\"},\"primaryImageOfPage\":{\"@id\":\"https:\\\/\\\/www.spabad.dets.nl\\\/de\\\/product\\\/spa-line-wasserpflege\\\/#primaryimage\"},\"image\":{\"@id\":\"https:\\\/\\\/www.spabad.dets.nl\\\/de\\\/product\\\/spa-line-wasserpflege\\\/#primaryimage\"},\"thumbnailUrl\":\"https:\\\/\\\/www.spabad.dets.nl\\\/wp-content\\\/uploads\\\/2025\\\/01\\\/spa-line-soft-touch-water-care.jpg\",\"datePublished\":\"2025-01-16T07:44:12+00:00\",\"dateModified\":\"2025-06-24T13:05:51+00:00\",\"description\":\"Spa Wasserpflege Wartungsprodukt. Spa Water Care von Spa Line ist ein einfach zu verwendendes. Ideales Pflegeprodukt f\u00fcr Whirlpools.\",\"breadcrumb\":{\"@id\":\"https:\\\/\\\/www.spabad.dets.nl\\\/de\\\/product\\\/spa-line-wasserpflege\\\/#breadcrumb\"},\"inLanguage\":\"de\",\"potentialAction\":[{\"@type\":\"ReadAction\",\"target\":[\"https:\\\/\\\/www.spabad.dets.nl\\\/de\\\/product\\\/spa-line-wasserpflege\\\/\"]}]},{\"@type\":\"ImageObject\",\"inLanguage\":\"de\",\"@id\":\"https:\\\/\\\/www.spabad.dets.nl\\\/de\\\/product\\\/spa-line-wasserpflege\\\/#primaryimage\",\"url\":\"https:\\\/\\\/www.spabad.dets.nl\\\/wp-content\\\/uploads\\\/2025\\\/01\\\/spa-line-soft-touch-water-care.jpg\",\"contentUrl\":\"https:\\\/\\\/www.spabad.dets.nl\\\/wp-content\\\/uploads\\\/2025\\\/01\\\/spa-line-soft-touch-water-care.jpg\",\"width\":900,\"height\":900},{\"@type\":\"BreadcrumbList\",\"@id\":\"https:\\\/\\\/www.spabad.dets.nl\\\/de\\\/product\\\/spa-line-wasserpflege\\\/#breadcrumb\",\"itemListElement\":[{\"@type\":\"ListItem\",\"position\":1,\"name\":\"Startseite\",\"item\":\"https:\\\/\\\/www.spabad.dets.nl\\\/de\\\/startseite-2\\\/\"},{\"@type\":\"ListItem\",\"position\":2,\"name\":\"Shop\",\"item\":\"https:\\\/\\\/www.spabad.dets.nl\\\/de\\\/shop-2\\\/\"},{\"@type\":\"ListItem\",\"position\":3,\"name\":\"Pflegeprodukte\",\"item\":\"https:\\\/\\\/www.spabad.dets.nl\\\/de\\\/product-categorie\\\/pflegeprodukte\\\/\"},{\"@type\":\"ListItem\",\"position\":4,\"name\":\"SPA Line Wasserpflege\"}]},{\"@type\":\"WebSite\",\"@id\":\"https:\\\/\\\/www.spabad.dets.nl\\\/de\\\/#website\",\"url\":\"https:\\\/\\\/www.spabad.dets.nl\\\/de\\\/\",\"name\":\"Spabad Limburg\",\"description\":\"Jacuzzi's en zwemspa's\",\"publisher\":{\"@id\":\"https:\\\/\\\/www.spabad.dets.nl\\\/de\\\/#organization\"},\"potentialAction\":[{\"@type\":\"SearchAction\",\"target\":{\"@type\":\"EntryPoint\",\"urlTemplate\":\"https:\\\/\\\/www.spabad.dets.nl\\\/de\\\/?s={search_term_string}\"},\"query-input\":{\"@type\":\"PropertyValueSpecification\",\"valueRequired\":true,\"valueName\":\"search_term_string\"}}],\"inLanguage\":\"de\"},{\"@type\":\"Organization\",\"@id\":\"https:\\\/\\\/www.spabad.dets.nl\\\/de\\\/#organization\",\"name\":\"Spabad Limburg\",\"url\":\"https:\\\/\\\/www.spabad.dets.nl\\\/de\\\/\",\"logo\":{\"@type\":\"ImageObject\",\"inLanguage\":\"de\",\"@id\":\"https:\\\/\\\/www.spabad.dets.nl\\\/de\\\/#\\\/schema\\\/logo\\\/image\\\/\",\"url\":\"https:\\\/\\\/www.spabad.dets.nl\\\/wp-content\\\/uploads\\\/2025\\\/01\\\/SpabadLimburg-Logo-Payoff-scaled.png\",\"contentUrl\":\"https:\\\/\\\/www.spabad.dets.nl\\\/wp-content\\\/uploads\\\/2025\\\/01\\\/SpabadLimburg-Logo-Payoff-scaled.png\",\"width\":2560,\"height\":548,\"caption\":\"Spabad Limburg\"},\"image\":{\"@id\":\"https:\\\/\\\/www.spabad.dets.nl\\\/de\\\/#\\\/schema\\\/logo\\\/image\\\/\"}}]}<\/script>\n<!-- \/ Yoast SEO plugin. -->","yoast_head_json":{"title":"Spa Line Wasserpflegemittel - Spabad Limburg","description":"Spa Wasserpflege Wartungsprodukt. Spa Water Care von Spa Line ist ein einfach zu verwendendes. Ideales Pflegeprodukt f\u00fcr Whirlpools.","robots":{"index":"index","follow":"follow","max-snippet":"max-snippet:-1","max-image-preview":"max-image-preview:large","max-video-preview":"max-video-preview:-1"},"canonical":"https:\/\/www.spabad.dets.nl\/de\/product\/spa-line-wasserpflege\/","og_locale":"de_DE","og_type":"article","og_title":"Spa Line Wasserpflegemittel - Spabad Limburg","og_description":"Spa Wasserpflege Wartungsprodukt. Spa Water Care von Spa Line ist ein einfach zu verwendendes. Ideales Pflegeprodukt f\u00fcr Whirlpools.","og_url":"https:\/\/www.spabad.dets.nl\/de\/product\/spa-line-wasserpflege\/","og_site_name":"Spabad Limburg","article_modified_time":"2025-06-24T13:05:51+00:00","og_image":[{"width":900,"height":900,"url":"https:\/\/www.spabad.dets.nl\/wp-content\/uploads\/2025\/01\/spa-line-soft-touch-water-care.jpg","type":"image\/jpeg"}],"twitter_card":"summary_large_image","twitter_misc":{"Gesch\u00e4tzte Lesezeit":"2\u00a0Minuten"},"schema":{"@context":"https:\/\/schema.org","@graph":[{"@type":"WebPage","@id":"https:\/\/www.spabad.dets.nl\/de\/product\/spa-line-wasserpflege\/","url":"https:\/\/www.spabad.dets.nl\/de\/product\/spa-line-wasserpflege\/","name":"Spa Line Wasserpflegemittel - Spabad Limburg","isPartOf":{"@id":"https:\/\/www.spabad.dets.nl\/de\/#website"},"primaryImageOfPage":{"@id":"https:\/\/www.spabad.dets.nl\/de\/product\/spa-line-wasserpflege\/#primaryimage"},"image":{"@id":"https:\/\/www.spabad.dets.nl\/de\/product\/spa-line-wasserpflege\/#primaryimage"},"thumbnailUrl":"https:\/\/www.spabad.dets.nl\/wp-content\/uploads\/2025\/01\/spa-line-soft-touch-water-care.jpg","datePublished":"2025-01-16T07:44:12+00:00","dateModified":"2025-06-24T13:05:51+00:00","description":"Spa Wasserpflege Wartungsprodukt. Spa Water Care von Spa Line ist ein einfach zu verwendendes. Ideales Pflegeprodukt f\u00fcr Whirlpools.","breadcrumb":{"@id":"https:\/\/www.spabad.dets.nl\/de\/product\/spa-line-wasserpflege\/#breadcrumb"},"inLanguage":"de","potentialAction":[{"@type":"ReadAction","target":["https:\/\/www.spabad.dets.nl\/de\/product\/spa-line-wasserpflege\/"]}]},{"@type":"ImageObject","inLanguage":"de","@id":"https:\/\/www.spabad.dets.nl\/de\/product\/spa-line-wasserpflege\/#primaryimage","url":"https:\/\/www.spabad.dets.nl\/wp-content\/uploads\/2025\/01\/spa-line-soft-touch-water-care.jpg","contentUrl":"https:\/\/www.spabad.dets.nl\/wp-content\/uploads\/2025\/01\/spa-line-soft-touch-water-care.jpg","width":900,"height":900},{"@type":"BreadcrumbList","@id":"https:\/\/www.spabad.dets.nl\/de\/product\/spa-line-wasserpflege\/#breadcrumb","itemListElement":[{"@type":"ListItem","position":1,"name":"Startseite","item":"https:\/\/www.spabad.dets.nl\/de\/startseite-2\/"},{"@type":"ListItem","position":2,"name":"Shop","item":"https:\/\/www.spabad.dets.nl\/de\/shop-2\/"},{"@type":"ListItem","position":3,"name":"Pflegeprodukte","item":"https:\/\/www.spabad.dets.nl\/de\/product-categorie\/pflegeprodukte\/"},{"@type":"ListItem","position":4,"name":"SPA Line Wasserpflege"}]},{"@type":"WebSite","@id":"https:\/\/www.spabad.dets.nl\/de\/#website","url":"https:\/\/www.spabad.dets.nl\/de\/","name":"Spabad Limburg","description":"Jacuzzi's en zwemspa's","publisher":{"@id":"https:\/\/www.spabad.dets.nl\/de\/#organization"},"potentialAction":[{"@type":"SearchAction","target":{"@type":"EntryPoint","urlTemplate":"https:\/\/www.spabad.dets.nl\/de\/?s={search_term_string}"},"query-input":{"@type":"PropertyValueSpecification","valueRequired":true,"valueName":"search_term_string"}}],"inLanguage":"de"},{"@type":"Organization","@id":"https:\/\/www.spabad.dets.nl\/de\/#organization","name":"Spabad Limburg","url":"https:\/\/www.spabad.dets.nl\/de\/","logo":{"@type":"ImageObject","inLanguage":"de","@id":"https:\/\/www.spabad.dets.nl\/de\/#\/schema\/logo\/image\/","url":"https:\/\/www.spabad.dets.nl\/wp-content\/uploads\/2025\/01\/SpabadLimburg-Logo-Payoff-scaled.png","contentUrl":"https:\/\/www.spabad.dets.nl\/wp-content\/uploads\/2025\/01\/SpabadLimburg-Logo-Payoff-scaled.png","width":2560,"height":548,"caption":"Spabad Limburg"},"image":{"@id":"https:\/\/www.spabad.dets.nl\/de\/#\/schema\/logo\/image\/"}}]}},"_links":{"self":[{"href":"https:\/\/www.spabad.dets.nl\/de\/wp-json\/wp\/v2\/product\/16479","targetHints":{"allow":["GET"]}}],"collection":[{"href":"https:\/\/www.spabad.dets.nl\/de\/wp-json\/wp\/v2\/product"}],"about":[{"href":"https:\/\/www.spabad.dets.nl\/de\/wp-json\/wp\/v2\/types\/product"}],"version-history":[{"count":0,"href":"https:\/\/www.spabad.dets.nl\/de\/wp-json\/wp\/v2\/product\/16479\/revisions"}],"wp:featuredmedia":[{"embeddable":true,"href":"https:\/\/www.spabad.dets.nl\/de\/wp-json\/wp\/v2\/media\/15508"}],"wp:attachment":[{"href":"https:\/\/www.spabad.dets.nl\/de\/wp-json\/wp\/v2\/media?parent=16479"}],"wp:term":[{"taxonomy":"product_brand","embeddable":true,"href":"https:\/\/www.spabad.dets.nl\/de\/wp-json\/wp\/v2\/product_brand?post=16479"},{"taxonomy":"product_cat","embeddable":true,"href":"https:\/\/www.spabad.dets.nl\/de\/wp-json\/wp\/v2\/product_cat?post=16479"},{"taxonomy":"product_tag","embeddable":true,"href":"https:\/\/www.spabad.dets.nl\/de\/wp-json\/wp\/v2\/product_tag?post=16479"}],"curies":[{"name":"wp","href":"https:\/\/api.w.org\/{rel}","templated":true}]}}