{"id":16478,"date":"2025-01-16T08:44:37","date_gmt":"2025-01-16T07:44:37","guid":{"rendered":"https:\/\/www.spabad.dets.nl\/product\/aqua-perfect-chlorfreies-pflegepaket\/"},"modified":"2025-06-24T14:47:24","modified_gmt":"2025-06-24T12:47:24","slug":"aqua-perfect-chlorfreies-pflegepaket","status":"publish","type":"product","link":"https:\/\/www.spabad.dets.nl\/de\/product\/aqua-perfect-chlorfreies-pflegepaket\/","title":{"rendered":"Aqua Perfect chlorfreies Pflegepaket"},"content":{"rendered":"<h2>Aqua perfect chlorfreies Pflegepaket f\u00fcr Ihren Whirlpool<\/h2>\n<p>Aqua-Perfect Wasserbehandlung in einem Schritt ist ein chlorfreies Pflegepaket. Super einfach in der Anwendung. 100% biologische Wirkung. Mit diesem Aqua-Perfect-Paket brauchen Sie kein Chlor mehr zu verwenden. Aqua Perfect bek\u00e4mpft Kalkablagerungen, sorgt f\u00fcr herrlich weiches Wasser und verursacht keine l\u00e4stigen Chlord\u00e4mpfe \u00fcber dem Wasser.    <\/p>\n<h2>Aqua Perfect chlorfreies Pflegepaket bietet&#8230;<\/h2>\n<ul>\n<li>Kein Eisen mehr im Wasser.<\/li>\n<li>Kein Lack mehr im Wasser, so dass der Whirlpool l\u00e4nger h\u00e4lt.<\/li>\n<li>Keine kaputten Heizelemente mehr aufgrund von Kalkablagerungen.<\/li>\n<li>Keine rotierenden D\u00fcsen mit Kalk.<\/li>\n<li>Keine Kalkablagerungen in der Wanne.<\/li>\n<li>Keine Kalkablagerungen in den Pumpen.<\/li>\n<li>Keine w\u00f6chentliche Wartung mehr.<\/li>\n<li>Kein Bio-Film mehr in den Rohren.<\/li>\n<\/ul>\n<h2>Was macht Aqua Perfect?<\/h2>\n<p>Aqua Perfect baut den Biofilm in den Rohren ab. Es entfernt auch \u00fcbersch\u00fcssigen Kalk aus dem Wasser. Aqua Perfect filtert alles heraus, was kein Wasser ist oder dessen Struktur ver\u00e4ndert. Aqua Perfect kapselt alle im Wasser vorhandenen Bakterien ein.   <\/p>\n<h2>Verwendung von Aqua Perfect<\/h2>\n<p>Der Inhalt einer Flasche Aqua Perfect (1 Liter) reicht aus, um einen Whirlpool mit einem Fassungsverm\u00f6gen von 1000 bis 2400 Litern unter normalen Bedingungen 1 Monat lang zu behandeln. Ein gebrauchter oder sogar gepr\u00fcfter neuer Whirlpool hat sofort einen Biofilm in den Rohren, der durch Bakterien verursacht wird. Aqua Perfect sorgt f\u00fcr eine gr\u00fcndliche Reinigung und durch den Filter sind diese R\u00fcckst\u00e4nde innerhalb weniger Tage vollst\u00e4ndig verschwunden. So k\u00f6nnen Sie Ihr Whirlpoolwasser l\u00e4nger und unbeschwert genie\u00dfen. Aqua Perfect ist ein rein niederl\u00e4ndisches Produkt. Es wurde in den Niederlanden entwickelt und wird auch in den Niederlanden hergestellt. Die Tests mit Aqua Perfect wurden vom medizinischen Zentrum VU in Amsterdam durchgef\u00fchrt.      <\/p>\n<h2>Inhalt der Verpackung<\/h2>\n<p>In 1 Packung Aqua perfect chlorfrei Pflegepaket sind 4 Flaschen Aqua perfect enthalten. Das reicht also f\u00fcr etwa 4 Monate.  Dies h\u00e4ngt, wie oben beschrieben, vom Inhalt Ihres Whirlpools ab. Wenn Sie Fragen haben, helfen wir Ihnen gerne weiter <\/p>\n","protected":false},"excerpt":{"rendered":"<p>Biologisch abbaubares Wartungsprodukt f\u00fcr die Wasseraufbereitung im Whirlpool. Aqua Perfect entfernt \u00fcbersch\u00fcssige Kalkablagerungen im Whirlpoolwasser und baut den Biofilm in den Leitungen ab. <\/p>\n","protected":false},"featured_media":16889,"template":"","meta":{"_acf_changed":false},"product_brand":[],"product_cat":[209,214,211],"product_tag":[],"class_list":{"0":"post-16478","1":"product","2":"type-product","3":"status-publish","4":"has-post-thumbnail","6":"product_cat-pflegeprodukte","7":"product_cat-schwimmendes-bad","8":"product_cat-spa-de","10":"first","11":"instock","12":"taxable","13":"shipping-taxable","14":"purchasable","15":"product-type-simple"},"acf":[],"yoast_head":"<!-- This site is optimized with the Yoast SEO plugin v27.5 - https:\/\/yoast.com\/product\/yoast-seo-wordpress\/ -->\n<title>Aqua Perfect chlorfreies Pflegepaket - Spabad Limburg<\/title>\n<meta name=\"description\" content=\"100% biologisch abbaubares Aqua Perfect chlorfreies Wartungspaket Wasserbehandlung f\u00fcr Spas und Whirlpools. Bestellen Sie direkt bei Spabadlimburg.\" \/>\n<meta name=\"robots\" content=\"index, follow, max-snippet:-1, max-image-preview:large, max-video-preview:-1\" \/>\n<link rel=\"canonical\" href=\"https:\/\/www.spabad.dets.nl\/de\/product\/aqua-perfect-chlorfreies-pflegepaket\/\" \/>\n<meta property=\"og:locale\" content=\"de_DE\" \/>\n<meta property=\"og:type\" content=\"article\" \/>\n<meta property=\"og:title\" content=\"Aqua Perfect chlorfreies Pflegepaket - Spabad Limburg\" \/>\n<meta property=\"og:description\" content=\"100% biologisch abbaubares Aqua Perfect chlorfreies Wartungspaket Wasserbehandlung f\u00fcr Spas und Whirlpools. Bestellen Sie direkt bei Spabadlimburg.\" \/>\n<meta property=\"og:url\" content=\"https:\/\/www.spabad.dets.nl\/de\/product\/aqua-perfect-chlorfreies-pflegepaket\/\" \/>\n<meta property=\"og:site_name\" content=\"Spabad Limburg\" \/>\n<meta property=\"article:modified_time\" content=\"2025-06-24T12:47:24+00:00\" \/>\n<meta property=\"og:image\" content=\"https:\/\/www.spabad.dets.nl\/wp-content\/uploads\/2025\/06\/AquaPerfect-2.0-05.jpg\" \/>\n\t<meta property=\"og:image:width\" content=\"640\" \/>\n\t<meta property=\"og:image:height\" content=\"427\" \/>\n\t<meta property=\"og:image:type\" content=\"image\/jpeg\" \/>\n<meta name=\"twitter:card\" content=\"summary_large_image\" \/>\n<meta name=\"twitter:label1\" content=\"Gesch\u00e4tzte Lesezeit\" \/>\n\t<meta name=\"twitter:data1\" content=\"2\u00a0Minuten\" \/>\n<script type=\"application\/ld+json\" class=\"yoast-schema-graph\">{\"@context\":\"https:\\\/\\\/schema.org\",\"@graph\":[{\"@type\":\"WebPage\",\"@id\":\"https:\\\/\\\/www.spabad.dets.nl\\\/de\\\/product\\\/aqua-perfect-chlorfreies-pflegepaket\\\/\",\"url\":\"https:\\\/\\\/www.spabad.dets.nl\\\/de\\\/product\\\/aqua-perfect-chlorfreies-pflegepaket\\\/\",\"name\":\"Aqua Perfect chlorfreies Pflegepaket - Spabad Limburg\",\"isPartOf\":{\"@id\":\"https:\\\/\\\/www.spabad.dets.nl\\\/de\\\/#website\"},\"primaryImageOfPage\":{\"@id\":\"https:\\\/\\\/www.spabad.dets.nl\\\/de\\\/product\\\/aqua-perfect-chlorfreies-pflegepaket\\\/#primaryimage\"},\"image\":{\"@id\":\"https:\\\/\\\/www.spabad.dets.nl\\\/de\\\/product\\\/aqua-perfect-chlorfreies-pflegepaket\\\/#primaryimage\"},\"thumbnailUrl\":\"https:\\\/\\\/www.spabad.dets.nl\\\/wp-content\\\/uploads\\\/2025\\\/06\\\/AquaPerfect-2.0-05.jpg\",\"datePublished\":\"2025-01-16T07:44:37+00:00\",\"dateModified\":\"2025-06-24T12:47:24+00:00\",\"description\":\"100% biologisch abbaubares Aqua Perfect chlorfreies Wartungspaket Wasserbehandlung f\u00fcr Spas und Whirlpools. Bestellen Sie direkt bei Spabadlimburg.\",\"breadcrumb\":{\"@id\":\"https:\\\/\\\/www.spabad.dets.nl\\\/de\\\/product\\\/aqua-perfect-chlorfreies-pflegepaket\\\/#breadcrumb\"},\"inLanguage\":\"de\",\"potentialAction\":[{\"@type\":\"ReadAction\",\"target\":[\"https:\\\/\\\/www.spabad.dets.nl\\\/de\\\/product\\\/aqua-perfect-chlorfreies-pflegepaket\\\/\"]}]},{\"@type\":\"ImageObject\",\"inLanguage\":\"de\",\"@id\":\"https:\\\/\\\/www.spabad.dets.nl\\\/de\\\/product\\\/aqua-perfect-chlorfreies-pflegepaket\\\/#primaryimage\",\"url\":\"https:\\\/\\\/www.spabad.dets.nl\\\/wp-content\\\/uploads\\\/2025\\\/06\\\/AquaPerfect-2.0-05.jpg\",\"contentUrl\":\"https:\\\/\\\/www.spabad.dets.nl\\\/wp-content\\\/uploads\\\/2025\\\/06\\\/AquaPerfect-2.0-05.jpg\",\"width\":640,\"height\":427,\"caption\":\"Aqua perfect chlorfreies Jacuzzi-Wasser\"},{\"@type\":\"BreadcrumbList\",\"@id\":\"https:\\\/\\\/www.spabad.dets.nl\\\/de\\\/product\\\/aqua-perfect-chlorfreies-pflegepaket\\\/#breadcrumb\",\"itemListElement\":[{\"@type\":\"ListItem\",\"position\":1,\"name\":\"Startseite\",\"item\":\"https:\\\/\\\/www.spabad.dets.nl\\\/de\\\/startseite-2\\\/\"},{\"@type\":\"ListItem\",\"position\":2,\"name\":\"Shop\",\"item\":\"https:\\\/\\\/www.spabad.dets.nl\\\/de\\\/shop-2\\\/\"},{\"@type\":\"ListItem\",\"position\":3,\"name\":\"Pflegeprodukte\",\"item\":\"https:\\\/\\\/www.spabad.dets.nl\\\/de\\\/product-categorie\\\/pflegeprodukte\\\/\"},{\"@type\":\"ListItem\",\"position\":4,\"name\":\"Aqua Perfect chlorfreies Pflegepaket\"}]},{\"@type\":\"WebSite\",\"@id\":\"https:\\\/\\\/www.spabad.dets.nl\\\/de\\\/#website\",\"url\":\"https:\\\/\\\/www.spabad.dets.nl\\\/de\\\/\",\"name\":\"Spabad Limburg\",\"description\":\"Jacuzzi's en zwemspa's\",\"publisher\":{\"@id\":\"https:\\\/\\\/www.spabad.dets.nl\\\/de\\\/#organization\"},\"potentialAction\":[{\"@type\":\"SearchAction\",\"target\":{\"@type\":\"EntryPoint\",\"urlTemplate\":\"https:\\\/\\\/www.spabad.dets.nl\\\/de\\\/?s={search_term_string}\"},\"query-input\":{\"@type\":\"PropertyValueSpecification\",\"valueRequired\":true,\"valueName\":\"search_term_string\"}}],\"inLanguage\":\"de\"},{\"@type\":\"Organization\",\"@id\":\"https:\\\/\\\/www.spabad.dets.nl\\\/de\\\/#organization\",\"name\":\"Spabad Limburg\",\"url\":\"https:\\\/\\\/www.spabad.dets.nl\\\/de\\\/\",\"logo\":{\"@type\":\"ImageObject\",\"inLanguage\":\"de\",\"@id\":\"https:\\\/\\\/www.spabad.dets.nl\\\/de\\\/#\\\/schema\\\/logo\\\/image\\\/\",\"url\":\"https:\\\/\\\/www.spabad.dets.nl\\\/wp-content\\\/uploads\\\/2025\\\/01\\\/SpabadLimburg-Logo-Payoff-scaled.png\",\"contentUrl\":\"https:\\\/\\\/www.spabad.dets.nl\\\/wp-content\\\/uploads\\\/2025\\\/01\\\/SpabadLimburg-Logo-Payoff-scaled.png\",\"width\":2560,\"height\":548,\"caption\":\"Spabad Limburg\"},\"image\":{\"@id\":\"https:\\\/\\\/www.spabad.dets.nl\\\/de\\\/#\\\/schema\\\/logo\\\/image\\\/\"}}]}<\/script>\n<!-- \/ Yoast SEO plugin. -->","yoast_head_json":{"title":"Aqua Perfect chlorfreies Pflegepaket - Spabad Limburg","description":"100% biologisch abbaubares Aqua Perfect chlorfreies Wartungspaket Wasserbehandlung f\u00fcr Spas und Whirlpools. Bestellen Sie direkt bei Spabadlimburg.","robots":{"index":"index","follow":"follow","max-snippet":"max-snippet:-1","max-image-preview":"max-image-preview:large","max-video-preview":"max-video-preview:-1"},"canonical":"https:\/\/www.spabad.dets.nl\/de\/product\/aqua-perfect-chlorfreies-pflegepaket\/","og_locale":"de_DE","og_type":"article","og_title":"Aqua Perfect chlorfreies Pflegepaket - Spabad Limburg","og_description":"100% biologisch abbaubares Aqua Perfect chlorfreies Wartungspaket Wasserbehandlung f\u00fcr Spas und Whirlpools. Bestellen Sie direkt bei Spabadlimburg.","og_url":"https:\/\/www.spabad.dets.nl\/de\/product\/aqua-perfect-chlorfreies-pflegepaket\/","og_site_name":"Spabad Limburg","article_modified_time":"2025-06-24T12:47:24+00:00","og_image":[{"width":640,"height":427,"url":"https:\/\/www.spabad.dets.nl\/wp-content\/uploads\/2025\/06\/AquaPerfect-2.0-05.jpg","type":"image\/jpeg"}],"twitter_card":"summary_large_image","twitter_misc":{"Gesch\u00e4tzte Lesezeit":"2\u00a0Minuten"},"schema":{"@context":"https:\/\/schema.org","@graph":[{"@type":"WebPage","@id":"https:\/\/www.spabad.dets.nl\/de\/product\/aqua-perfect-chlorfreies-pflegepaket\/","url":"https:\/\/www.spabad.dets.nl\/de\/product\/aqua-perfect-chlorfreies-pflegepaket\/","name":"Aqua Perfect chlorfreies Pflegepaket - Spabad Limburg","isPartOf":{"@id":"https:\/\/www.spabad.dets.nl\/de\/#website"},"primaryImageOfPage":{"@id":"https:\/\/www.spabad.dets.nl\/de\/product\/aqua-perfect-chlorfreies-pflegepaket\/#primaryimage"},"image":{"@id":"https:\/\/www.spabad.dets.nl\/de\/product\/aqua-perfect-chlorfreies-pflegepaket\/#primaryimage"},"thumbnailUrl":"https:\/\/www.spabad.dets.nl\/wp-content\/uploads\/2025\/06\/AquaPerfect-2.0-05.jpg","datePublished":"2025-01-16T07:44:37+00:00","dateModified":"2025-06-24T12:47:24+00:00","description":"100% biologisch abbaubares Aqua Perfect chlorfreies Wartungspaket Wasserbehandlung f\u00fcr Spas und Whirlpools. Bestellen Sie direkt bei Spabadlimburg.","breadcrumb":{"@id":"https:\/\/www.spabad.dets.nl\/de\/product\/aqua-perfect-chlorfreies-pflegepaket\/#breadcrumb"},"inLanguage":"de","potentialAction":[{"@type":"ReadAction","target":["https:\/\/www.spabad.dets.nl\/de\/product\/aqua-perfect-chlorfreies-pflegepaket\/"]}]},{"@type":"ImageObject","inLanguage":"de","@id":"https:\/\/www.spabad.dets.nl\/de\/product\/aqua-perfect-chlorfreies-pflegepaket\/#primaryimage","url":"https:\/\/www.spabad.dets.nl\/wp-content\/uploads\/2025\/06\/AquaPerfect-2.0-05.jpg","contentUrl":"https:\/\/www.spabad.dets.nl\/wp-content\/uploads\/2025\/06\/AquaPerfect-2.0-05.jpg","width":640,"height":427,"caption":"Aqua perfect chlorfreies Jacuzzi-Wasser"},{"@type":"BreadcrumbList","@id":"https:\/\/www.spabad.dets.nl\/de\/product\/aqua-perfect-chlorfreies-pflegepaket\/#breadcrumb","itemListElement":[{"@type":"ListItem","position":1,"name":"Startseite","item":"https:\/\/www.spabad.dets.nl\/de\/startseite-2\/"},{"@type":"ListItem","position":2,"name":"Shop","item":"https:\/\/www.spabad.dets.nl\/de\/shop-2\/"},{"@type":"ListItem","position":3,"name":"Pflegeprodukte","item":"https:\/\/www.spabad.dets.nl\/de\/product-categorie\/pflegeprodukte\/"},{"@type":"ListItem","position":4,"name":"Aqua Perfect chlorfreies Pflegepaket"}]},{"@type":"WebSite","@id":"https:\/\/www.spabad.dets.nl\/de\/#website","url":"https:\/\/www.spabad.dets.nl\/de\/","name":"Spabad Limburg","description":"Jacuzzi's en zwemspa's","publisher":{"@id":"https:\/\/www.spabad.dets.nl\/de\/#organization"},"potentialAction":[{"@type":"SearchAction","target":{"@type":"EntryPoint","urlTemplate":"https:\/\/www.spabad.dets.nl\/de\/?s={search_term_string}"},"query-input":{"@type":"PropertyValueSpecification","valueRequired":true,"valueName":"search_term_string"}}],"inLanguage":"de"},{"@type":"Organization","@id":"https:\/\/www.spabad.dets.nl\/de\/#organization","name":"Spabad Limburg","url":"https:\/\/www.spabad.dets.nl\/de\/","logo":{"@type":"ImageObject","inLanguage":"de","@id":"https:\/\/www.spabad.dets.nl\/de\/#\/schema\/logo\/image\/","url":"https:\/\/www.spabad.dets.nl\/wp-content\/uploads\/2025\/01\/SpabadLimburg-Logo-Payoff-scaled.png","contentUrl":"https:\/\/www.spabad.dets.nl\/wp-content\/uploads\/2025\/01\/SpabadLimburg-Logo-Payoff-scaled.png","width":2560,"height":548,"caption":"Spabad Limburg"},"image":{"@id":"https:\/\/www.spabad.dets.nl\/de\/#\/schema\/logo\/image\/"}}]}},"_links":{"self":[{"href":"https:\/\/www.spabad.dets.nl\/de\/wp-json\/wp\/v2\/product\/16478","targetHints":{"allow":["GET"]}}],"collection":[{"href":"https:\/\/www.spabad.dets.nl\/de\/wp-json\/wp\/v2\/product"}],"about":[{"href":"https:\/\/www.spabad.dets.nl\/de\/wp-json\/wp\/v2\/types\/product"}],"version-history":[{"count":0,"href":"https:\/\/www.spabad.dets.nl\/de\/wp-json\/wp\/v2\/product\/16478\/revisions"}],"wp:featuredmedia":[{"embeddable":true,"href":"https:\/\/www.spabad.dets.nl\/de\/wp-json\/wp\/v2\/media\/16889"}],"wp:attachment":[{"href":"https:\/\/www.spabad.dets.nl\/de\/wp-json\/wp\/v2\/media?parent=16478"}],"wp:term":[{"taxonomy":"product_brand","embeddable":true,"href":"https:\/\/www.spabad.dets.nl\/de\/wp-json\/wp\/v2\/product_brand?post=16478"},{"taxonomy":"product_cat","embeddable":true,"href":"https:\/\/www.spabad.dets.nl\/de\/wp-json\/wp\/v2\/product_cat?post=16478"},{"taxonomy":"product_tag","embeddable":true,"href":"https:\/\/www.spabad.dets.nl\/de\/wp-json\/wp\/v2\/product_tag?post=16478"}],"curies":[{"name":"wp","href":"https:\/\/api.w.org\/{rel}","templated":true}]}}