{"id":16477,"date":"2025-01-16T08:44:38","date_gmt":"2025-01-16T07:44:38","guid":{"rendered":"https:\/\/www.spabad.dets.nl\/product\/spa-line-teststreifen-3\/"},"modified":"2025-06-24T14:32:47","modified_gmt":"2025-06-24T12:32:47","slug":"spa-line-teststreifen-3","status":"publish","type":"product","link":"https:\/\/www.spabad.dets.nl\/de\/product\/spa-line-teststreifen-3\/","title":{"rendered":"SPA Line Teststreifen 3+"},"content":{"rendered":"<h2>Spa Line Teststreifen 3+ zum Testen der Wasserzusammensetzung<\/h2>\n<p>Die TEST 3 Plus Teststreifen bieten sofortige, zuverl\u00e4ssige Testergebnisse. Sie messen pr\u00e4zise die folgenden 4 chemischen Faktoren in Ihrem Whirlpool: freies Chlor, Brom, Alkalinit\u00e4t und pH-Wert. Sie tauchen den Teststreifen einfach f\u00fcr zwei Sekunden ein. Anschlie\u00dfend heben Sie den Streifen mit den Pads aus dem Wasser. Es ist wichtig, dass Sie ihn einmal sch\u00fctteln, um \u00fcbersch\u00fcssiges Wasser zu entfernen. Lesen Sie die Ergebnisse sofort ab, beginnend mit dem letzten freien Chlor oder Brom und endend mit dem pH-Wert.     <\/p>\n<p>Es ist wichtig, dass Sie nicht mit nassen Fingern in das Gef\u00e4\u00df greifen. Schlie\u00dfen Sie den Deckel fest. Halten Sie den Teststreifen ca. 15 cm unter Wasser. Das beste Ergebnis erhalten Sie, wenn Sie den Test bei Tageslicht durchf\u00fchren. Bewahren Sie die SPA Line Test Trips 3+ an einem trockenen Ort auf.    <\/p>\n","protected":false},"excerpt":{"rendered":"<p>SPA Line Teststreifen 3+ geeignet zum Testen von Chlor, Brom, Alkali und pH. Inhalt: 50 Teststreifen. <\/p>\n","protected":false},"featured_media":15515,"template":"","meta":{"_acf_changed":false},"product_brand":[],"product_cat":[216,209,214,211],"product_tag":[],"class_list":{"0":"post-16477","1":"product","2":"type-product","3":"status-publish","4":"has-post-thumbnail","6":"product_cat-hottubs","7":"product_cat-pflegeprodukte","8":"product_cat-schwimmendes-bad","9":"product_cat-spa-de","11":"first","12":"instock","13":"sale","14":"taxable","15":"shipping-taxable","16":"purchasable","17":"product-type-simple"},"acf":[],"yoast_head":"<!-- This site is optimized with the Yoast SEO plugin v27.5 - https:\/\/yoast.com\/product\/yoast-seo-wordpress\/ -->\n<title>SPA Line Teststreifen 3+ - Spabad Limburg<\/title>\n<meta name=\"description\" content=\"Spa Line Teststreifen 3+ f\u00fcr Wasser. \u00dcberpr\u00fcfen Sie ganz einfach Chlor, Alkalinit\u00e4t und PH-Wert des Wassers in Ihrem Spa oder Whirlpool. Bestellen Sie online bei spabadlimburg,\" \/>\n<meta name=\"robots\" content=\"index, follow, max-snippet:-1, max-image-preview:large, max-video-preview:-1\" \/>\n<link rel=\"canonical\" href=\"https:\/\/www.spabad.dets.nl\/de\/product\/spa-line-teststreifen-3\/\" \/>\n<meta property=\"og:locale\" content=\"de_DE\" \/>\n<meta property=\"og:type\" content=\"article\" \/>\n<meta property=\"og:title\" content=\"SPA Line Teststreifen 3+ - Spabad Limburg\" \/>\n<meta property=\"og:description\" content=\"Spa Line Teststreifen 3+ f\u00fcr Wasser. \u00dcberpr\u00fcfen Sie ganz einfach Chlor, Alkalinit\u00e4t und PH-Wert des Wassers in Ihrem Spa oder Whirlpool. Bestellen Sie online bei spabadlimburg,\" \/>\n<meta property=\"og:url\" content=\"https:\/\/www.spabad.dets.nl\/de\/product\/spa-line-teststreifen-3\/\" \/>\n<meta property=\"og:site_name\" content=\"Spabad Limburg\" \/>\n<meta property=\"article:modified_time\" content=\"2025-06-24T12:32:47+00:00\" \/>\n<meta property=\"og:image\" content=\"https:\/\/www.spabad.dets.nl\/wp-content\/uploads\/2025\/01\/spa-line-test-strips.jpg\" \/>\n\t<meta property=\"og:image:width\" content=\"500\" \/>\n\t<meta property=\"og:image:height\" content=\"500\" \/>\n\t<meta property=\"og:image:type\" content=\"image\/jpeg\" \/>\n<meta name=\"twitter:card\" content=\"summary_large_image\" \/>\n<meta name=\"twitter:label1\" content=\"Gesch\u00e4tzte Lesezeit\" \/>\n\t<meta name=\"twitter:data1\" content=\"1\u00a0Minute\" \/>\n<script type=\"application\/ld+json\" class=\"yoast-schema-graph\">{\"@context\":\"https:\\\/\\\/schema.org\",\"@graph\":[{\"@type\":\"WebPage\",\"@id\":\"https:\\\/\\\/www.spabad.dets.nl\\\/de\\\/product\\\/spa-line-teststreifen-3\\\/\",\"url\":\"https:\\\/\\\/www.spabad.dets.nl\\\/de\\\/product\\\/spa-line-teststreifen-3\\\/\",\"name\":\"SPA Line Teststreifen 3+ - Spabad Limburg\",\"isPartOf\":{\"@id\":\"https:\\\/\\\/www.spabad.dets.nl\\\/de\\\/#website\"},\"primaryImageOfPage\":{\"@id\":\"https:\\\/\\\/www.spabad.dets.nl\\\/de\\\/product\\\/spa-line-teststreifen-3\\\/#primaryimage\"},\"image\":{\"@id\":\"https:\\\/\\\/www.spabad.dets.nl\\\/de\\\/product\\\/spa-line-teststreifen-3\\\/#primaryimage\"},\"thumbnailUrl\":\"https:\\\/\\\/www.spabad.dets.nl\\\/wp-content\\\/uploads\\\/2025\\\/01\\\/spa-line-test-strips.jpg\",\"datePublished\":\"2025-01-16T07:44:38+00:00\",\"dateModified\":\"2025-06-24T12:32:47+00:00\",\"description\":\"Spa Line Teststreifen 3+ f\u00fcr Wasser. \u00dcberpr\u00fcfen Sie ganz einfach Chlor, Alkalinit\u00e4t und PH-Wert des Wassers in Ihrem Spa oder Whirlpool. Bestellen Sie online bei spabadlimburg,\",\"breadcrumb\":{\"@id\":\"https:\\\/\\\/www.spabad.dets.nl\\\/de\\\/product\\\/spa-line-teststreifen-3\\\/#breadcrumb\"},\"inLanguage\":\"de\",\"potentialAction\":[{\"@type\":\"ReadAction\",\"target\":[\"https:\\\/\\\/www.spabad.dets.nl\\\/de\\\/product\\\/spa-line-teststreifen-3\\\/\"]}]},{\"@type\":\"ImageObject\",\"inLanguage\":\"de\",\"@id\":\"https:\\\/\\\/www.spabad.dets.nl\\\/de\\\/product\\\/spa-line-teststreifen-3\\\/#primaryimage\",\"url\":\"https:\\\/\\\/www.spabad.dets.nl\\\/wp-content\\\/uploads\\\/2025\\\/01\\\/spa-line-test-strips.jpg\",\"contentUrl\":\"https:\\\/\\\/www.spabad.dets.nl\\\/wp-content\\\/uploads\\\/2025\\\/01\\\/spa-line-test-strips.jpg\",\"width\":500,\"height\":500},{\"@type\":\"BreadcrumbList\",\"@id\":\"https:\\\/\\\/www.spabad.dets.nl\\\/de\\\/product\\\/spa-line-teststreifen-3\\\/#breadcrumb\",\"itemListElement\":[{\"@type\":\"ListItem\",\"position\":1,\"name\":\"Startseite\",\"item\":\"https:\\\/\\\/www.spabad.dets.nl\\\/de\\\/startseite-2\\\/\"},{\"@type\":\"ListItem\",\"position\":2,\"name\":\"Shop\",\"item\":\"https:\\\/\\\/www.spabad.dets.nl\\\/de\\\/shop-2\\\/\"},{\"@type\":\"ListItem\",\"position\":3,\"name\":\"Pflegeprodukte\",\"item\":\"https:\\\/\\\/www.spabad.dets.nl\\\/de\\\/product-categorie\\\/pflegeprodukte\\\/\"},{\"@type\":\"ListItem\",\"position\":4,\"name\":\"SPA Line Teststreifen 3+\"}]},{\"@type\":\"WebSite\",\"@id\":\"https:\\\/\\\/www.spabad.dets.nl\\\/de\\\/#website\",\"url\":\"https:\\\/\\\/www.spabad.dets.nl\\\/de\\\/\",\"name\":\"Spabad Limburg\",\"description\":\"Jacuzzi's en zwemspa's\",\"publisher\":{\"@id\":\"https:\\\/\\\/www.spabad.dets.nl\\\/de\\\/#organization\"},\"potentialAction\":[{\"@type\":\"SearchAction\",\"target\":{\"@type\":\"EntryPoint\",\"urlTemplate\":\"https:\\\/\\\/www.spabad.dets.nl\\\/de\\\/?s={search_term_string}\"},\"query-input\":{\"@type\":\"PropertyValueSpecification\",\"valueRequired\":true,\"valueName\":\"search_term_string\"}}],\"inLanguage\":\"de\"},{\"@type\":\"Organization\",\"@id\":\"https:\\\/\\\/www.spabad.dets.nl\\\/de\\\/#organization\",\"name\":\"Spabad Limburg\",\"url\":\"https:\\\/\\\/www.spabad.dets.nl\\\/de\\\/\",\"logo\":{\"@type\":\"ImageObject\",\"inLanguage\":\"de\",\"@id\":\"https:\\\/\\\/www.spabad.dets.nl\\\/de\\\/#\\\/schema\\\/logo\\\/image\\\/\",\"url\":\"https:\\\/\\\/www.spabad.dets.nl\\\/wp-content\\\/uploads\\\/2025\\\/01\\\/SpabadLimburg-Logo-Payoff-scaled.png\",\"contentUrl\":\"https:\\\/\\\/www.spabad.dets.nl\\\/wp-content\\\/uploads\\\/2025\\\/01\\\/SpabadLimburg-Logo-Payoff-scaled.png\",\"width\":2560,\"height\":548,\"caption\":\"Spabad Limburg\"},\"image\":{\"@id\":\"https:\\\/\\\/www.spabad.dets.nl\\\/de\\\/#\\\/schema\\\/logo\\\/image\\\/\"}}]}<\/script>\n<!-- \/ Yoast SEO plugin. -->","yoast_head_json":{"title":"SPA Line Teststreifen 3+ - Spabad Limburg","description":"Spa Line Teststreifen 3+ f\u00fcr Wasser. \u00dcberpr\u00fcfen Sie ganz einfach Chlor, Alkalinit\u00e4t und PH-Wert des Wassers in Ihrem Spa oder Whirlpool. Bestellen Sie online bei spabadlimburg,","robots":{"index":"index","follow":"follow","max-snippet":"max-snippet:-1","max-image-preview":"max-image-preview:large","max-video-preview":"max-video-preview:-1"},"canonical":"https:\/\/www.spabad.dets.nl\/de\/product\/spa-line-teststreifen-3\/","og_locale":"de_DE","og_type":"article","og_title":"SPA Line Teststreifen 3+ - Spabad Limburg","og_description":"Spa Line Teststreifen 3+ f\u00fcr Wasser. \u00dcberpr\u00fcfen Sie ganz einfach Chlor, Alkalinit\u00e4t und PH-Wert des Wassers in Ihrem Spa oder Whirlpool. Bestellen Sie online bei spabadlimburg,","og_url":"https:\/\/www.spabad.dets.nl\/de\/product\/spa-line-teststreifen-3\/","og_site_name":"Spabad Limburg","article_modified_time":"2025-06-24T12:32:47+00:00","og_image":[{"width":500,"height":500,"url":"https:\/\/www.spabad.dets.nl\/wp-content\/uploads\/2025\/01\/spa-line-test-strips.jpg","type":"image\/jpeg"}],"twitter_card":"summary_large_image","twitter_misc":{"Gesch\u00e4tzte Lesezeit":"1\u00a0Minute"},"schema":{"@context":"https:\/\/schema.org","@graph":[{"@type":"WebPage","@id":"https:\/\/www.spabad.dets.nl\/de\/product\/spa-line-teststreifen-3\/","url":"https:\/\/www.spabad.dets.nl\/de\/product\/spa-line-teststreifen-3\/","name":"SPA Line Teststreifen 3+ - Spabad Limburg","isPartOf":{"@id":"https:\/\/www.spabad.dets.nl\/de\/#website"},"primaryImageOfPage":{"@id":"https:\/\/www.spabad.dets.nl\/de\/product\/spa-line-teststreifen-3\/#primaryimage"},"image":{"@id":"https:\/\/www.spabad.dets.nl\/de\/product\/spa-line-teststreifen-3\/#primaryimage"},"thumbnailUrl":"https:\/\/www.spabad.dets.nl\/wp-content\/uploads\/2025\/01\/spa-line-test-strips.jpg","datePublished":"2025-01-16T07:44:38+00:00","dateModified":"2025-06-24T12:32:47+00:00","description":"Spa Line Teststreifen 3+ f\u00fcr Wasser. \u00dcberpr\u00fcfen Sie ganz einfach Chlor, Alkalinit\u00e4t und PH-Wert des Wassers in Ihrem Spa oder Whirlpool. Bestellen Sie online bei spabadlimburg,","breadcrumb":{"@id":"https:\/\/www.spabad.dets.nl\/de\/product\/spa-line-teststreifen-3\/#breadcrumb"},"inLanguage":"de","potentialAction":[{"@type":"ReadAction","target":["https:\/\/www.spabad.dets.nl\/de\/product\/spa-line-teststreifen-3\/"]}]},{"@type":"ImageObject","inLanguage":"de","@id":"https:\/\/www.spabad.dets.nl\/de\/product\/spa-line-teststreifen-3\/#primaryimage","url":"https:\/\/www.spabad.dets.nl\/wp-content\/uploads\/2025\/01\/spa-line-test-strips.jpg","contentUrl":"https:\/\/www.spabad.dets.nl\/wp-content\/uploads\/2025\/01\/spa-line-test-strips.jpg","width":500,"height":500},{"@type":"BreadcrumbList","@id":"https:\/\/www.spabad.dets.nl\/de\/product\/spa-line-teststreifen-3\/#breadcrumb","itemListElement":[{"@type":"ListItem","position":1,"name":"Startseite","item":"https:\/\/www.spabad.dets.nl\/de\/startseite-2\/"},{"@type":"ListItem","position":2,"name":"Shop","item":"https:\/\/www.spabad.dets.nl\/de\/shop-2\/"},{"@type":"ListItem","position":3,"name":"Pflegeprodukte","item":"https:\/\/www.spabad.dets.nl\/de\/product-categorie\/pflegeprodukte\/"},{"@type":"ListItem","position":4,"name":"SPA Line Teststreifen 3+"}]},{"@type":"WebSite","@id":"https:\/\/www.spabad.dets.nl\/de\/#website","url":"https:\/\/www.spabad.dets.nl\/de\/","name":"Spabad Limburg","description":"Jacuzzi's en zwemspa's","publisher":{"@id":"https:\/\/www.spabad.dets.nl\/de\/#organization"},"potentialAction":[{"@type":"SearchAction","target":{"@type":"EntryPoint","urlTemplate":"https:\/\/www.spabad.dets.nl\/de\/?s={search_term_string}"},"query-input":{"@type":"PropertyValueSpecification","valueRequired":true,"valueName":"search_term_string"}}],"inLanguage":"de"},{"@type":"Organization","@id":"https:\/\/www.spabad.dets.nl\/de\/#organization","name":"Spabad Limburg","url":"https:\/\/www.spabad.dets.nl\/de\/","logo":{"@type":"ImageObject","inLanguage":"de","@id":"https:\/\/www.spabad.dets.nl\/de\/#\/schema\/logo\/image\/","url":"https:\/\/www.spabad.dets.nl\/wp-content\/uploads\/2025\/01\/SpabadLimburg-Logo-Payoff-scaled.png","contentUrl":"https:\/\/www.spabad.dets.nl\/wp-content\/uploads\/2025\/01\/SpabadLimburg-Logo-Payoff-scaled.png","width":2560,"height":548,"caption":"Spabad Limburg"},"image":{"@id":"https:\/\/www.spabad.dets.nl\/de\/#\/schema\/logo\/image\/"}}]}},"_links":{"self":[{"href":"https:\/\/www.spabad.dets.nl\/de\/wp-json\/wp\/v2\/product\/16477","targetHints":{"allow":["GET"]}}],"collection":[{"href":"https:\/\/www.spabad.dets.nl\/de\/wp-json\/wp\/v2\/product"}],"about":[{"href":"https:\/\/www.spabad.dets.nl\/de\/wp-json\/wp\/v2\/types\/product"}],"version-history":[{"count":0,"href":"https:\/\/www.spabad.dets.nl\/de\/wp-json\/wp\/v2\/product\/16477\/revisions"}],"wp:featuredmedia":[{"embeddable":true,"href":"https:\/\/www.spabad.dets.nl\/de\/wp-json\/wp\/v2\/media\/15515"}],"wp:attachment":[{"href":"https:\/\/www.spabad.dets.nl\/de\/wp-json\/wp\/v2\/media?parent=16477"}],"wp:term":[{"taxonomy":"product_brand","embeddable":true,"href":"https:\/\/www.spabad.dets.nl\/de\/wp-json\/wp\/v2\/product_brand?post=16477"},{"taxonomy":"product_cat","embeddable":true,"href":"https:\/\/www.spabad.dets.nl\/de\/wp-json\/wp\/v2\/product_cat?post=16477"},{"taxonomy":"product_tag","embeddable":true,"href":"https:\/\/www.spabad.dets.nl\/de\/wp-json\/wp\/v2\/product_tag?post=16477"}],"curies":[{"name":"wp","href":"https:\/\/api.w.org\/{rel}","templated":true}]}}