{"id":16470,"date":"2025-01-17T11:13:38","date_gmt":"2025-01-17T10:13:38","guid":{"rendered":"https:\/\/www.spabad.dets.nl\/product\/hotspring-flair\/"},"modified":"2025-08-12T17:04:49","modified_gmt":"2025-08-12T15:04:49","slug":"hotspring-flair","status":"publish","type":"product","link":"https:\/\/www.spabad.dets.nl\/de\/product\/hotspring-flair\/","title":{"rendered":"Hotspring-Flair"},"content":{"rendered":"<h1><strong>Hotspring Flair Limelight, jetzt ab Lager lieferbar!<\/strong><\/h1>\n<p>Der Flair Whirlpool von Hotspring aus der Limelight-Serie der Marke Hotspring ist sehr beliebt! Dieser 6-Sitzer Flair ist bekannt f\u00fcr seine grandiose Ausstattung! Schaffen Sie ein verj\u00fcngendes Erlebnis! Ein Spa, das aus Tausenden spricht. Mit Einfallsreichtum, Kraft und bekannt f\u00fcr seine Energieeffizienz und gro\u00dfartige Qualit\u00e4t! Die H\u00fclle ist in 5 verschiedenen Farben erh\u00e4ltlich: Alpine White, Ice Grey, Platinum, Tuscan Sun, Desert. Das Geh\u00e4use in 3 verschiedenen Farben, n\u00e4mlich Coastal Grey, Sable und Wenge.<br \/>\n<strong>Rufen Sie uns f\u00fcr den besten Preis an! Vor\u00fcbergehend ab Lager verf\u00fcgbar! <\/strong><\/p>\n<h2><strong>Entspannen Sie sich und genie\u00dfen Sie Komfort und Stil<\/strong><\/h2>\n<p>Genie\u00dfen Sie auf hohem Niveau! Im Flair f\u00fchlen Sie sich einfach am wohlsten. Genie\u00dfen Sie das herrlich warme Wasser zusammen mit Familie und Freunden und f\u00fchlen Sie sich gl\u00fccklicher als je zuvor. Lassen Sie sich von den 41 fokussierten D\u00fcsen verw\u00f6hnen und genie\u00dfen Sie die Atmosph\u00e4re, die durch das eingebaute Raio-Lichtsystem entsteht!   <\/p>\n<h2><strong>\u00dcber das D\u00fcsensystem des Flair Spa<\/strong><\/h2>\n<p>Das D\u00fcsensystem des Flair Whirlpools bietet Ihnen ein nie dagewesenes Erlebnis! Genie\u00dfen Sie die 43 gezielten D\u00fcsen, die Verspannungen in Ihrem R\u00fccken, Nacken, Schultern und Waden l\u00f6sen. <\/p>\n<p>Die D\u00fcsen des Flair Spa garantieren ein unbeschwertes Vergn\u00fcgen. Und warum? Sie sind auf die Gesundheit ausgerichtet oder eignen sich perfekt f\u00fcr eine Sch\u00f6nheitsbehandlung! Diese D\u00fcsen sind so ausgewogen und raffiniert platziert, dass mehr als das nicht n\u00f6tig ist. Erleben Sie die Funktionsweise dieses Spas, die magische Massage in unserem Testraum und in unserem Shop.    <\/p>\n<div class=\"row\">\n<div class=\"col-lg-10 col-lg-offset-1 col-md-12 col-sm-12 col-xs-12\">\n<h2><strong>Ausstattung des grandiosen Limelight Spa<\/strong><\/h2>\n<ul>\n<li>Einzigartige Massagefunktionen!<\/li>\n<li>Effiziente Nutzung von Energie<\/li>\n<li>Pflegeleichte<\/li>\n<li>Absolut die beste Spa-Qualit\u00e4t und Erfahrung<\/li>\n<li>Schlankes Styling<\/li>\n<\/ul>\n<h1><strong>Technische Daten Hotspring Flair Limelight Kollektion<\/strong><\/h1>\n<table style=\"height: 987px;\" width=\"715\">\n<tbody>\n<tr>\n<td>Kapazit\u00e4t<\/td>\n<td>6 erwachsene Personen<\/td>\n<\/tr>\n<tr>\n<td>Abmessungen<\/td>\n<td>2,13 m x 2,13 x 0,91 m<\/td>\n<\/tr>\n<tr>\n<td>Fassungsverm\u00f6gen Wasser<\/td>\n<td>1270 Liter<\/td>\n<\/tr>\n<tr>\n<td>Gewicht<\/td>\n<td>400 kg leer<br \/>\n2140 kg gef\u00fcllt<\/td>\n<\/tr>\n<tr>\n<td>Anzahl der D\u00fcsen<\/td>\n<td>43<\/td>\n<\/tr>\n<tr>\n<td>Whirlpool-D\u00fcsen<\/td>\n<td>XL-Kombid\u00fcsen: 4<br \/>\nKombid\u00fcsen: 8<br \/>\nGezielte D\u00fcsen: 31<\/td>\n<\/tr>\n<tr>\n<td>Beleuchtungssystem<\/td>\n<td>Raio mehrfarbig (30)<\/td>\n<\/tr>\n<tr>\n<td>Wasserspiele<\/td>\n<td>Vidro beleuchteter Band-Wasserfall<\/td>\n<\/tr>\n<tr>\n<td>Kontrollsystem<\/td>\n<td>IQ 2020 mit LCD-Bedienfeld<br \/>\n250V\/50A, 60 Hz<br \/>\nInklusive G.F.C.I. gesch\u00fctztem Sub-Panel<\/td>\n<\/tr>\n<tr>\n<td>Heizger\u00e4t<\/td>\n<td>Keine St\u00f6rung, 1500W, 230 V<\/td>\n<\/tr>\n<tr>\n<td>Strahlpumpe 1<\/td>\n<td>Wavemaster 8200<br \/>\nZwei Geschwindigkeiten<br \/>\n2,0 PS Dauerleistung<br \/>\n4,0 PS Ausfallmoment<\/td>\n<\/tr>\n<tr>\n<td>Strahlpumpe 2<\/td>\n<td>Wavemaster 8000<br \/>\nEin-Gang-Pumpe<br \/>\n2,0 PS Dauerbetrieb<br \/>\n4,0 PS Ausfallmoment<\/td>\n<\/tr>\n<tr>\n<td>Umw\u00e4lzpumpe<\/td>\n<td>SilentFlo 5000 f\u00fcr ger\u00e4uschlose Dauerfiltration<\/td>\n<\/tr>\n<tr>\n<td>Optionen f\u00fcr die Wasserpflege<\/td>\n<td>ACE Salzwasserdesinfektionssystem<br \/>\nEverFresh System mit CD-Ozon (optional)<\/td>\n<\/tr>\n<tr>\n<td>Effektive Filtrationsfl\u00e4che<\/td>\n<td>60 m2<\/td>\n<\/tr>\n<tr>\n<td>Vinyl-\u00dcberzug<\/td>\n<td>3,5&#8243; bis 2,5&#8243; verj\u00fcngt<\/td>\n<\/tr>\n<tr>\n<td>Farben des Vinylbezugs<\/td>\n<td>Esche<br \/>\nKastanie<br \/>\nKaramell<br \/>\nImmergr\u00fcn<\/td>\n<\/tr>\n<tr>\n<td>Unterhaltungssystem (optional)<\/td>\n<td>Kabelloses Musiksystem<\/td>\n<\/tr>\n<tr>\n<td>Heber f\u00fcr Abdeckungen (optional)<\/td>\n<td>CoverCradle II, CoverCradle, Lift &#8217;n Glide, UpRite<\/td>\n<\/tr>\n<tr>\n<td>Stufen (optional)<\/td>\n<td>Everwood<br \/>\nPolymer<\/td>\n<\/tr>\n<\/tbody>\n<\/table>\n<div><\/div>\n<div id=\"specs\" class=\"collapse\">Preis f\u00fcr Spa auf Anfrage<\/div>\n<\/div>\n<\/div>\n<h2><strong>\u00dcber den Hotspring Limelight Flair<\/strong><\/h2>\n<p><iframe title=\"YouTube-Video-Player\" src=\"https:\/\/www.youtube.com\/embed\/p71cTzmU-Gk?si=yTjFzbX6gpgnjGBR\" width=\"560\" height=\"315\" frameborder=\"0\" allowfullscreen=\"allowfullscreen\"><\/iframe><\/p>\n","protected":false},"excerpt":{"rendered":"<p><a href=\"https:\/\/www.spabad.dets.nl\/wp-content\/uploads\/2018\/06\/hotspring-brand-featured.png\"><img decoding=\"async\" class=\"alignnone size-full wp-image-1012\" src=\"https:\/\/www.spabad.dets.nl\/wp-content\/uploads\/2018\/06\/hotspring-brand-featured.png\" alt=\"Logo von Hotspring\" width=\"265\" height=\"87\"><\/a><\/p>\n<p><strong>Eigenschaften Hotspring Limelight Flair<\/strong><\/p>\n<ul>\n<li>6-Personen-Whirlpool<\/li>\n<li>43 direktionale D\u00fcsen<\/li>\n<li>Eingebautes Raio Beleuchtungssystem<\/li>\n<\/ul>\n","protected":false},"featured_media":15364,"template":"","meta":{"_acf_changed":false},"product_brand":[],"product_cat":[204],"product_tag":[],"class_list":{"0":"post-16470","1":"product","2":"type-product","3":"status-publish","4":"has-post-thumbnail","6":"product_cat-thermalbaeder","8":"first","9":"instock","10":"taxable","11":"shipping-taxable","12":"product-type-simple"},"acf":[],"yoast_head":"<!-- This site is optimized with the Yoast SEO plugin v27.5 - https:\/\/yoast.com\/product\/yoast-seo-wordpress\/ -->\n<title>Hotspring Limelight Flair Spa<\/title>\n<meta name=\"description\" content=\"Entdecken Sie den hochwertigen 6-Personen-Jacuzzi: Hotspring Limelight Flair. Genie\u00dfen Sie ein noch nie dagewesenes Wellness-Erlebnis mit 43 gezielten D\u00fcsen.\" \/>\n<meta name=\"robots\" content=\"index, follow, max-snippet:-1, max-image-preview:large, max-video-preview:-1\" \/>\n<link rel=\"canonical\" href=\"https:\/\/www.spabad.dets.nl\/de\/product\/hotspring-flair\/\" \/>\n<meta property=\"og:locale\" content=\"de_DE\" \/>\n<meta property=\"og:type\" content=\"article\" \/>\n<meta property=\"og:title\" content=\"Hotspring Limelight Flair Spa\" \/>\n<meta property=\"og:description\" content=\"Entdecken Sie den hochwertigen 6-Personen-Jacuzzi: Hotspring Limelight Flair. Genie\u00dfen Sie ein noch nie dagewesenes Wellness-Erlebnis mit 43 gezielten D\u00fcsen.\" \/>\n<meta property=\"og:url\" content=\"https:\/\/www.spabad.dets.nl\/de\/product\/hotspring-flair\/\" \/>\n<meta property=\"og:site_name\" content=\"Spabad Limburg\" \/>\n<meta property=\"article:modified_time\" content=\"2025-08-12T15:04:49+00:00\" \/>\n<meta property=\"og:image\" content=\"https:\/\/www.spabad.dets.nl\/wp-content\/uploads\/2025\/01\/HotSpring-Limelight-1e-foto-spa.jpg\" \/>\n\t<meta property=\"og:image:width\" content=\"800\" \/>\n\t<meta property=\"og:image:height\" content=\"592\" \/>\n\t<meta property=\"og:image:type\" content=\"image\/jpeg\" \/>\n<meta name=\"twitter:card\" content=\"summary_large_image\" \/>\n<meta name=\"twitter:label1\" content=\"Gesch\u00e4tzte Lesezeit\" \/>\n\t<meta name=\"twitter:data1\" content=\"2\u00a0Minuten\" \/>\n<script type=\"application\/ld+json\" class=\"yoast-schema-graph\">{\"@context\":\"https:\\\/\\\/schema.org\",\"@graph\":[{\"@type\":\"WebPage\",\"@id\":\"https:\\\/\\\/www.spabad.dets.nl\\\/de\\\/product\\\/hotspring-flair\\\/\",\"url\":\"https:\\\/\\\/www.spabad.dets.nl\\\/de\\\/product\\\/hotspring-flair\\\/\",\"name\":\"Hotspring Limelight Flair Spa\",\"isPartOf\":{\"@id\":\"https:\\\/\\\/www.spabad.dets.nl\\\/de\\\/#website\"},\"primaryImageOfPage\":{\"@id\":\"https:\\\/\\\/www.spabad.dets.nl\\\/de\\\/product\\\/hotspring-flair\\\/#primaryimage\"},\"image\":{\"@id\":\"https:\\\/\\\/www.spabad.dets.nl\\\/de\\\/product\\\/hotspring-flair\\\/#primaryimage\"},\"thumbnailUrl\":\"https:\\\/\\\/www.spabad.dets.nl\\\/wp-content\\\/uploads\\\/2025\\\/01\\\/HotSpring-Limelight-1e-foto-spa.jpg\",\"datePublished\":\"2025-01-17T10:13:38+00:00\",\"dateModified\":\"2025-08-12T15:04:49+00:00\",\"description\":\"Entdecken Sie den hochwertigen 6-Personen-Jacuzzi: Hotspring Limelight Flair. Genie\u00dfen Sie ein noch nie dagewesenes Wellness-Erlebnis mit 43 gezielten D\u00fcsen.\",\"breadcrumb\":{\"@id\":\"https:\\\/\\\/www.spabad.dets.nl\\\/de\\\/product\\\/hotspring-flair\\\/#breadcrumb\"},\"inLanguage\":\"de\",\"potentialAction\":[{\"@type\":\"ReadAction\",\"target\":[\"https:\\\/\\\/www.spabad.dets.nl\\\/de\\\/product\\\/hotspring-flair\\\/\"]}]},{\"@type\":\"ImageObject\",\"inLanguage\":\"de\",\"@id\":\"https:\\\/\\\/www.spabad.dets.nl\\\/de\\\/product\\\/hotspring-flair\\\/#primaryimage\",\"url\":\"https:\\\/\\\/www.spabad.dets.nl\\\/wp-content\\\/uploads\\\/2025\\\/01\\\/HotSpring-Limelight-1e-foto-spa.jpg\",\"contentUrl\":\"https:\\\/\\\/www.spabad.dets.nl\\\/wp-content\\\/uploads\\\/2025\\\/01\\\/HotSpring-Limelight-1e-foto-spa.jpg\",\"width\":800,\"height\":592,\"caption\":\"Hotspring-Flair\"},{\"@type\":\"BreadcrumbList\",\"@id\":\"https:\\\/\\\/www.spabad.dets.nl\\\/de\\\/product\\\/hotspring-flair\\\/#breadcrumb\",\"itemListElement\":[{\"@type\":\"ListItem\",\"position\":1,\"name\":\"Startseite\",\"item\":\"https:\\\/\\\/www.spabad.dets.nl\\\/de\\\/startseite-2\\\/\"},{\"@type\":\"ListItem\",\"position\":2,\"name\":\"Shop\",\"item\":\"https:\\\/\\\/www.spabad.dets.nl\\\/de\\\/shop-2\\\/\"},{\"@type\":\"ListItem\",\"position\":3,\"name\":\"Wellis Spa B\u00e4der\",\"item\":\"https:\\\/\\\/www.spabad.dets.nl\\\/de\\\/product-categorie\\\/thermalbaeder\\\/\"},{\"@type\":\"ListItem\",\"position\":4,\"name\":\"Hotspring-Flair\"}]},{\"@type\":\"WebSite\",\"@id\":\"https:\\\/\\\/www.spabad.dets.nl\\\/de\\\/#website\",\"url\":\"https:\\\/\\\/www.spabad.dets.nl\\\/de\\\/\",\"name\":\"Spabad Limburg\",\"description\":\"Jacuzzi's en zwemspa's\",\"publisher\":{\"@id\":\"https:\\\/\\\/www.spabad.dets.nl\\\/de\\\/#organization\"},\"potentialAction\":[{\"@type\":\"SearchAction\",\"target\":{\"@type\":\"EntryPoint\",\"urlTemplate\":\"https:\\\/\\\/www.spabad.dets.nl\\\/de\\\/?s={search_term_string}\"},\"query-input\":{\"@type\":\"PropertyValueSpecification\",\"valueRequired\":true,\"valueName\":\"search_term_string\"}}],\"inLanguage\":\"de\"},{\"@type\":\"Organization\",\"@id\":\"https:\\\/\\\/www.spabad.dets.nl\\\/de\\\/#organization\",\"name\":\"Spabad Limburg\",\"url\":\"https:\\\/\\\/www.spabad.dets.nl\\\/de\\\/\",\"logo\":{\"@type\":\"ImageObject\",\"inLanguage\":\"de\",\"@id\":\"https:\\\/\\\/www.spabad.dets.nl\\\/de\\\/#\\\/schema\\\/logo\\\/image\\\/\",\"url\":\"https:\\\/\\\/www.spabad.dets.nl\\\/wp-content\\\/uploads\\\/2025\\\/01\\\/SpabadLimburg-Logo-Payoff-scaled.png\",\"contentUrl\":\"https:\\\/\\\/www.spabad.dets.nl\\\/wp-content\\\/uploads\\\/2025\\\/01\\\/SpabadLimburg-Logo-Payoff-scaled.png\",\"width\":2560,\"height\":548,\"caption\":\"Spabad Limburg\"},\"image\":{\"@id\":\"https:\\\/\\\/www.spabad.dets.nl\\\/de\\\/#\\\/schema\\\/logo\\\/image\\\/\"}}]}<\/script>\n<!-- \/ Yoast SEO plugin. -->","yoast_head_json":{"title":"Hotspring Limelight Flair Spa","description":"Entdecken Sie den hochwertigen 6-Personen-Jacuzzi: Hotspring Limelight Flair. Genie\u00dfen Sie ein noch nie dagewesenes Wellness-Erlebnis mit 43 gezielten D\u00fcsen.","robots":{"index":"index","follow":"follow","max-snippet":"max-snippet:-1","max-image-preview":"max-image-preview:large","max-video-preview":"max-video-preview:-1"},"canonical":"https:\/\/www.spabad.dets.nl\/de\/product\/hotspring-flair\/","og_locale":"de_DE","og_type":"article","og_title":"Hotspring Limelight Flair Spa","og_description":"Entdecken Sie den hochwertigen 6-Personen-Jacuzzi: Hotspring Limelight Flair. Genie\u00dfen Sie ein noch nie dagewesenes Wellness-Erlebnis mit 43 gezielten D\u00fcsen.","og_url":"https:\/\/www.spabad.dets.nl\/de\/product\/hotspring-flair\/","og_site_name":"Spabad Limburg","article_modified_time":"2025-08-12T15:04:49+00:00","og_image":[{"width":800,"height":592,"url":"https:\/\/www.spabad.dets.nl\/wp-content\/uploads\/2025\/01\/HotSpring-Limelight-1e-foto-spa.jpg","type":"image\/jpeg"}],"twitter_card":"summary_large_image","twitter_misc":{"Gesch\u00e4tzte Lesezeit":"2\u00a0Minuten"},"schema":{"@context":"https:\/\/schema.org","@graph":[{"@type":"WebPage","@id":"https:\/\/www.spabad.dets.nl\/de\/product\/hotspring-flair\/","url":"https:\/\/www.spabad.dets.nl\/de\/product\/hotspring-flair\/","name":"Hotspring Limelight Flair Spa","isPartOf":{"@id":"https:\/\/www.spabad.dets.nl\/de\/#website"},"primaryImageOfPage":{"@id":"https:\/\/www.spabad.dets.nl\/de\/product\/hotspring-flair\/#primaryimage"},"image":{"@id":"https:\/\/www.spabad.dets.nl\/de\/product\/hotspring-flair\/#primaryimage"},"thumbnailUrl":"https:\/\/www.spabad.dets.nl\/wp-content\/uploads\/2025\/01\/HotSpring-Limelight-1e-foto-spa.jpg","datePublished":"2025-01-17T10:13:38+00:00","dateModified":"2025-08-12T15:04:49+00:00","description":"Entdecken Sie den hochwertigen 6-Personen-Jacuzzi: Hotspring Limelight Flair. Genie\u00dfen Sie ein noch nie dagewesenes Wellness-Erlebnis mit 43 gezielten D\u00fcsen.","breadcrumb":{"@id":"https:\/\/www.spabad.dets.nl\/de\/product\/hotspring-flair\/#breadcrumb"},"inLanguage":"de","potentialAction":[{"@type":"ReadAction","target":["https:\/\/www.spabad.dets.nl\/de\/product\/hotspring-flair\/"]}]},{"@type":"ImageObject","inLanguage":"de","@id":"https:\/\/www.spabad.dets.nl\/de\/product\/hotspring-flair\/#primaryimage","url":"https:\/\/www.spabad.dets.nl\/wp-content\/uploads\/2025\/01\/HotSpring-Limelight-1e-foto-spa.jpg","contentUrl":"https:\/\/www.spabad.dets.nl\/wp-content\/uploads\/2025\/01\/HotSpring-Limelight-1e-foto-spa.jpg","width":800,"height":592,"caption":"Hotspring-Flair"},{"@type":"BreadcrumbList","@id":"https:\/\/www.spabad.dets.nl\/de\/product\/hotspring-flair\/#breadcrumb","itemListElement":[{"@type":"ListItem","position":1,"name":"Startseite","item":"https:\/\/www.spabad.dets.nl\/de\/startseite-2\/"},{"@type":"ListItem","position":2,"name":"Shop","item":"https:\/\/www.spabad.dets.nl\/de\/shop-2\/"},{"@type":"ListItem","position":3,"name":"Wellis Spa B\u00e4der","item":"https:\/\/www.spabad.dets.nl\/de\/product-categorie\/thermalbaeder\/"},{"@type":"ListItem","position":4,"name":"Hotspring-Flair"}]},{"@type":"WebSite","@id":"https:\/\/www.spabad.dets.nl\/de\/#website","url":"https:\/\/www.spabad.dets.nl\/de\/","name":"Spabad Limburg","description":"Jacuzzi's en zwemspa's","publisher":{"@id":"https:\/\/www.spabad.dets.nl\/de\/#organization"},"potentialAction":[{"@type":"SearchAction","target":{"@type":"EntryPoint","urlTemplate":"https:\/\/www.spabad.dets.nl\/de\/?s={search_term_string}"},"query-input":{"@type":"PropertyValueSpecification","valueRequired":true,"valueName":"search_term_string"}}],"inLanguage":"de"},{"@type":"Organization","@id":"https:\/\/www.spabad.dets.nl\/de\/#organization","name":"Spabad Limburg","url":"https:\/\/www.spabad.dets.nl\/de\/","logo":{"@type":"ImageObject","inLanguage":"de","@id":"https:\/\/www.spabad.dets.nl\/de\/#\/schema\/logo\/image\/","url":"https:\/\/www.spabad.dets.nl\/wp-content\/uploads\/2025\/01\/SpabadLimburg-Logo-Payoff-scaled.png","contentUrl":"https:\/\/www.spabad.dets.nl\/wp-content\/uploads\/2025\/01\/SpabadLimburg-Logo-Payoff-scaled.png","width":2560,"height":548,"caption":"Spabad Limburg"},"image":{"@id":"https:\/\/www.spabad.dets.nl\/de\/#\/schema\/logo\/image\/"}}]}},"_links":{"self":[{"href":"https:\/\/www.spabad.dets.nl\/de\/wp-json\/wp\/v2\/product\/16470","targetHints":{"allow":["GET"]}}],"collection":[{"href":"https:\/\/www.spabad.dets.nl\/de\/wp-json\/wp\/v2\/product"}],"about":[{"href":"https:\/\/www.spabad.dets.nl\/de\/wp-json\/wp\/v2\/types\/product"}],"version-history":[{"count":0,"href":"https:\/\/www.spabad.dets.nl\/de\/wp-json\/wp\/v2\/product\/16470\/revisions"}],"wp:featuredmedia":[{"embeddable":true,"href":"https:\/\/www.spabad.dets.nl\/de\/wp-json\/wp\/v2\/media\/15364"}],"wp:attachment":[{"href":"https:\/\/www.spabad.dets.nl\/de\/wp-json\/wp\/v2\/media?parent=16470"}],"wp:term":[{"taxonomy":"product_brand","embeddable":true,"href":"https:\/\/www.spabad.dets.nl\/de\/wp-json\/wp\/v2\/product_brand?post=16470"},{"taxonomy":"product_cat","embeddable":true,"href":"https:\/\/www.spabad.dets.nl\/de\/wp-json\/wp\/v2\/product_cat?post=16470"},{"taxonomy":"product_tag","embeddable":true,"href":"https:\/\/www.spabad.dets.nl\/de\/wp-json\/wp\/v2\/product_tag?post=16470"}],"curies":[{"name":"wp","href":"https:\/\/api.w.org\/{rel}","templated":true}]}}