{"id":16468,"date":"2025-01-17T11:13:38","date_gmt":"2025-01-17T10:13:38","guid":{"rendered":"https:\/\/www.spabad.dets.nl\/product\/hotspring-limelight-glow\/"},"modified":"2025-05-09T13:04:02","modified_gmt":"2025-05-09T11:04:02","slug":"hotspring-limelight-glow","status":"publish","type":"product","link":"https:\/\/www.spabad.dets.nl\/de\/product\/hotspring-limelight-glow\/","title":{"rendered":"Hotspring Limelight Glow"},"content":{"rendered":"<h1><strong>Hotspring Limelight Glow<\/strong><\/h1>\n<p>Die f\u00fcr 4 Personen geeignete Limelight Glow Hotspring ist ein wahres Multitalent. Supercoole Lichter kombiniert mit kraftvollen D\u00fcsen. Erleben Sie es selbst!  <\/p>\n<h2><strong>\u00dcberlegene Eigenschaften<\/strong><\/h2>\n<ul>\n<li>Raio\u00ae LED-Multifarben-Beleuchtungssystem<\/li>\n<li>W\u00e4hlen Sie die gew\u00fcnschte Farbe je nach Stimmung!<\/li>\n<li>30 einzigartige D\u00fcsen<\/li>\n<li>Einfach zu benutzen<\/li>\n<li>Passt f\u00fcr 4 Personen<\/li>\n<li>Erh\u00e4ltlich mit optionalem EverFresh\u00ae Ozonsystem oder ACE\u00ae Salzwasserreinigungssystem.<\/li>\n<\/ul>\n<h1><strong>Entdecken Sie den 4-Sitzer Limelight Glow Spa in unserem Shop!<\/strong><\/h1>\n<p>In unserem Shop \u00fcberzeugen wir Sie gerne von der Leistungsf\u00e4higkeit von Hot Spring Spas. W\u00e4hlen Sie optimale Qualit\u00e4t zum besten Preis. Kombinierte, pulsierende und gerichtete D\u00fcsen machen den Whirlpool Limelight Glow zu einem Spitzenprodukt der Kollektion.  <\/p>\n<h2><strong>Technische Daten<\/strong><\/h2>\n<table style=\"height: 282px;\" width=\"437\">\n<tbody>\n<tr>\n<td>Anzahl der Sitze<\/td>\n<td>4 Erwachsene<\/td>\n<\/tr>\n<tr>\n<td>Abmessungen<\/td>\n<td>1,93 x 2,13 x 0,84 m<\/td>\n<\/tr>\n<tr>\n<td>Fassungsverm\u00f6gen Wasser<\/td>\n<td>1025 Liter<\/td>\n<\/tr>\n<tr>\n<td>Gewicht<\/td>\n<td>320 kg leer, 1665 kg gef\u00fcllt*<\/td>\n<\/tr>\n<tr>\n<td>Anzahl der D\u00fcsen<\/td>\n<td>30<\/td>\n<\/tr>\n<tr>\n<td>Whirlpool-D\u00fcsen<\/td>\n<td>2 kombinierte XL-D\u00fcsen<br \/>\n6 kombinierte D\u00fcsen<br \/>\n22 Richtungsd\u00fcsen<\/td>\n<\/tr>\n<tr>\n<td>Beleuchtungssystem<\/td>\n<td>Raio mehrfarbig (16)<\/td>\n<\/tr>\n<tr>\n<td>Wasserspiele<\/td>\n<td>Vidro beleuchteter Band-Wasserfall<\/td>\n<\/tr>\n<tr>\n<td>Kontrollsystem<\/td>\n<td>IQ 2020 mit LCD-Panel<br \/>\n230V, 50A, 60Hz<br \/>\nInklusive G.F.C.I. gesch\u00fctztes Sub-Panel<\/td>\n<\/tr>\n<tr>\n<td>Heizger\u00e4t<\/td>\n<td>St\u00f6rungsfrei, 4000W, 230V<\/td>\n<\/tr>\n<tr>\n<td>Strahlpumpe 1<\/td>\n<td>Wavemaster 8200<br \/>\nZwei Geschwindigkeiten<br \/>\n2,0 PS Dauerleistung<br \/>\n4,0 PS Ausfallmoment<\/td>\n<\/tr>\n<tr>\n<td>Strahlpumpe 2<\/td>\n<td>Wavemaster 8000<br \/>\nEin-Gang-Pumpe<br \/>\n2,0 PS Dauerbetrieb<br \/>\n4,0 PS Ausfallmoment<\/td>\n<\/tr>\n<tr>\n<td>Umw\u00e4lzpumpe<\/td>\n<td>SilentFlo 5000 f\u00fcr ger\u00e4uschlose Dauerfiltration<\/td>\n<\/tr>\n<tr>\n<td>Optionen f\u00fcr die Wasserpflege<\/td>\n<td>ACE Salzwasserreinigungssystem<br \/>\nEverFresh System mit CD-Ozon (optional)<\/td>\n<\/tr>\n<tr>\n<td>Effektive Filtrationsfl\u00e4che<\/td>\n<td>65 m2 von oben beladene Filter<\/td>\n<\/tr>\n<tr>\n<td>Vinyl-\u00dcberzug<\/td>\n<td>3,5&#8243; - auf 2,5&#8243; verj\u00fcngt<\/td>\n<\/tr>\n<tr>\n<td>Farben des Vinylbezugs<\/td>\n<td>Esche<br \/>\nKastanie<br \/>\nKaramell<br \/>\nImmergr\u00fcn<\/td>\n<\/tr>\n<tr>\n<td>Unterhaltungssystem<\/td>\n<td>Kabelloses Musiksystem<\/td>\n<\/tr>\n<tr>\n<td>Heber f\u00fcr Abdeckungen (optional)<\/td>\n<td>CoverCradle II, CoverCradle, Lift &#8217;n Glide, UpRite<\/td>\n<\/tr>\n<tr>\n<td>Stufen (optional)<\/td>\n<td>Everwood<br \/>\nPolymer<\/td>\n<\/tr>\n<\/tbody>\n<\/table>\n<div class=\"collapse\"><\/div>\n<div class=\"collapse\">Preis f\u00fcr Spa auf Anfrage<\/div>\n<h2 class=\"collapse\"><strong>Limelight Immobilien<\/strong><\/h2>\n<ul>\n<li>Leistungsstarke D\u00fcsen<\/li>\n<li>Effiziente Nutzung von Energie<\/li>\n<li>Wasserpflege<\/li>\n<li>Das beste Whirlpool-Erlebnis<\/li>\n<li>Stilvolles Styling<\/li>\n<\/ul>\n<h1><strong>\u00dcber den Hotspring Limelight Glow<\/strong><\/h1>\n<p><iframe title=\"YouTube-Video-Player\" src=\"https:\/\/www.youtube.com\/embed\/NoJBK4DqK3A?si=9zB88zBif3xmTeOE\" width=\"560\" height=\"315\" frameborder=\"0\" allowfullscreen=\"allowfullscreen\"><\/iframe><\/p>\n","protected":false},"excerpt":{"rendered":"<p><a href=\"https:\/\/www.spabad.dets.nl\/wp-content\/uploads\/2018\/06\/hotspring-brand-featured.png\"><img decoding=\"async\" class=\"alignnone size-full wp-image-1012\" src=\"https:\/\/www.spabad.dets.nl\/wp-content\/uploads\/2018\/06\/hotspring-brand-featured.png\" alt=\"Logo von Hotspring\" width=\"265\" height=\"87\"><\/a><\/p>\n<p><strong>Eigenschaften Hotspring Highlife Sovereign Spa<\/strong><\/p>\n<ul>\n<li>Geeignet f\u00fcr 4 Personen<\/li>\n<li>Mehrfarbiges Lichtsystem<\/li>\n<li>Optional mit Wasseraufbereitungssystem geliefert<\/li>\n<\/ul>\n","protected":false},"featured_media":15377,"template":"","meta":{"_acf_changed":false},"product_brand":[],"product_cat":[204],"product_tag":[],"class_list":{"0":"post-16468","1":"product","2":"type-product","3":"status-publish","4":"has-post-thumbnail","6":"product_cat-thermalbaeder","8":"first","9":"instock","10":"taxable","11":"shipping-taxable","12":"product-type-simple"},"acf":[],"yoast_head":"<!-- This site is optimized with the Yoast SEO plugin v27.5 - https:\/\/yoast.com\/product\/yoast-seo-wordpress\/ -->\n<title>Hotspring Limelight Glow - Spabad Limburg<\/title>\n<meta name=\"robots\" content=\"index, follow, max-snippet:-1, max-image-preview:large, max-video-preview:-1\" \/>\n<link rel=\"canonical\" href=\"https:\/\/www.spabad.dets.nl\/de\/product\/hotspring-limelight-glow\/\" \/>\n<meta property=\"og:locale\" content=\"de_DE\" \/>\n<meta property=\"og:type\" content=\"article\" \/>\n<meta property=\"og:title\" content=\"Hotspring Limelight Glow - Spabad Limburg\" \/>\n<meta property=\"og:description\" content=\"Eigenschaften Hotspring Highlife Sovereign Spa  Geeignet f\u00fcr 4 Personen  Mehrfarbiges Lichtsystem  Optional mit Wasseraufbereitungssystem geliefert\" \/>\n<meta property=\"og:url\" content=\"https:\/\/www.spabad.dets.nl\/de\/product\/hotspring-limelight-glow\/\" \/>\n<meta property=\"og:site_name\" content=\"Spabad Limburg\" \/>\n<meta property=\"article:modified_time\" content=\"2025-05-09T11:04:02+00:00\" \/>\n<meta property=\"og:image\" content=\"https:\/\/www.spabad.dets.nl\/wp-content\/uploads\/2025\/01\/Hotspring-Limelight-Glow-bovenaanzicht.jpg\" \/>\n\t<meta property=\"og:image:width\" content=\"1000\" \/>\n\t<meta property=\"og:image:height\" content=\"1000\" \/>\n\t<meta property=\"og:image:type\" content=\"image\/jpeg\" \/>\n<meta name=\"twitter:card\" content=\"summary_large_image\" \/>\n<meta name=\"twitter:label1\" content=\"Gesch\u00e4tzte Lesezeit\" \/>\n\t<meta name=\"twitter:data1\" content=\"1\u00a0Minute\" \/>\n<script type=\"application\/ld+json\" class=\"yoast-schema-graph\">{\"@context\":\"https:\\\/\\\/schema.org\",\"@graph\":[{\"@type\":\"WebPage\",\"@id\":\"https:\\\/\\\/www.spabad.dets.nl\\\/de\\\/product\\\/hotspring-limelight-glow\\\/\",\"url\":\"https:\\\/\\\/www.spabad.dets.nl\\\/de\\\/product\\\/hotspring-limelight-glow\\\/\",\"name\":\"Hotspring Limelight Glow - Spabad Limburg\",\"isPartOf\":{\"@id\":\"https:\\\/\\\/www.spabad.dets.nl\\\/de\\\/#website\"},\"primaryImageOfPage\":{\"@id\":\"https:\\\/\\\/www.spabad.dets.nl\\\/de\\\/product\\\/hotspring-limelight-glow\\\/#primaryimage\"},\"image\":{\"@id\":\"https:\\\/\\\/www.spabad.dets.nl\\\/de\\\/product\\\/hotspring-limelight-glow\\\/#primaryimage\"},\"thumbnailUrl\":\"https:\\\/\\\/www.spabad.dets.nl\\\/wp-content\\\/uploads\\\/2025\\\/01\\\/Hotspring-Limelight-Glow-bovenaanzicht.jpg\",\"datePublished\":\"2025-01-17T10:13:38+00:00\",\"dateModified\":\"2025-05-09T11:04:02+00:00\",\"breadcrumb\":{\"@id\":\"https:\\\/\\\/www.spabad.dets.nl\\\/de\\\/product\\\/hotspring-limelight-glow\\\/#breadcrumb\"},\"inLanguage\":\"de\",\"potentialAction\":[{\"@type\":\"ReadAction\",\"target\":[\"https:\\\/\\\/www.spabad.dets.nl\\\/de\\\/product\\\/hotspring-limelight-glow\\\/\"]}]},{\"@type\":\"ImageObject\",\"inLanguage\":\"de\",\"@id\":\"https:\\\/\\\/www.spabad.dets.nl\\\/de\\\/product\\\/hotspring-limelight-glow\\\/#primaryimage\",\"url\":\"https:\\\/\\\/www.spabad.dets.nl\\\/wp-content\\\/uploads\\\/2025\\\/01\\\/Hotspring-Limelight-Glow-bovenaanzicht.jpg\",\"contentUrl\":\"https:\\\/\\\/www.spabad.dets.nl\\\/wp-content\\\/uploads\\\/2025\\\/01\\\/Hotspring-Limelight-Glow-bovenaanzicht.jpg\",\"width\":1000,\"height\":1000},{\"@type\":\"BreadcrumbList\",\"@id\":\"https:\\\/\\\/www.spabad.dets.nl\\\/de\\\/product\\\/hotspring-limelight-glow\\\/#breadcrumb\",\"itemListElement\":[{\"@type\":\"ListItem\",\"position\":1,\"name\":\"Startseite\",\"item\":\"https:\\\/\\\/www.spabad.dets.nl\\\/de\\\/startseite-2\\\/\"},{\"@type\":\"ListItem\",\"position\":2,\"name\":\"Shop\",\"item\":\"https:\\\/\\\/www.spabad.dets.nl\\\/de\\\/shop-2\\\/\"},{\"@type\":\"ListItem\",\"position\":3,\"name\":\"Wellis Spa B\u00e4der\",\"item\":\"https:\\\/\\\/www.spabad.dets.nl\\\/de\\\/product-categorie\\\/thermalbaeder\\\/\"},{\"@type\":\"ListItem\",\"position\":4,\"name\":\"Hotspring Limelight Glow\"}]},{\"@type\":\"WebSite\",\"@id\":\"https:\\\/\\\/www.spabad.dets.nl\\\/de\\\/#website\",\"url\":\"https:\\\/\\\/www.spabad.dets.nl\\\/de\\\/\",\"name\":\"Spabad Limburg\",\"description\":\"Jacuzzi's en zwemspa's\",\"publisher\":{\"@id\":\"https:\\\/\\\/www.spabad.dets.nl\\\/de\\\/#organization\"},\"potentialAction\":[{\"@type\":\"SearchAction\",\"target\":{\"@type\":\"EntryPoint\",\"urlTemplate\":\"https:\\\/\\\/www.spabad.dets.nl\\\/de\\\/?s={search_term_string}\"},\"query-input\":{\"@type\":\"PropertyValueSpecification\",\"valueRequired\":true,\"valueName\":\"search_term_string\"}}],\"inLanguage\":\"de\"},{\"@type\":\"Organization\",\"@id\":\"https:\\\/\\\/www.spabad.dets.nl\\\/de\\\/#organization\",\"name\":\"Spabad Limburg\",\"url\":\"https:\\\/\\\/www.spabad.dets.nl\\\/de\\\/\",\"logo\":{\"@type\":\"ImageObject\",\"inLanguage\":\"de\",\"@id\":\"https:\\\/\\\/www.spabad.dets.nl\\\/de\\\/#\\\/schema\\\/logo\\\/image\\\/\",\"url\":\"https:\\\/\\\/www.spabad.dets.nl\\\/wp-content\\\/uploads\\\/2025\\\/01\\\/SpabadLimburg-Logo-Payoff-scaled.png\",\"contentUrl\":\"https:\\\/\\\/www.spabad.dets.nl\\\/wp-content\\\/uploads\\\/2025\\\/01\\\/SpabadLimburg-Logo-Payoff-scaled.png\",\"width\":2560,\"height\":548,\"caption\":\"Spabad Limburg\"},\"image\":{\"@id\":\"https:\\\/\\\/www.spabad.dets.nl\\\/de\\\/#\\\/schema\\\/logo\\\/image\\\/\"}}]}<\/script>\n<!-- \/ Yoast SEO plugin. -->","yoast_head_json":{"title":"Hotspring Limelight Glow - Spabad Limburg","robots":{"index":"index","follow":"follow","max-snippet":"max-snippet:-1","max-image-preview":"max-image-preview:large","max-video-preview":"max-video-preview:-1"},"canonical":"https:\/\/www.spabad.dets.nl\/de\/product\/hotspring-limelight-glow\/","og_locale":"de_DE","og_type":"article","og_title":"Hotspring Limelight Glow - Spabad Limburg","og_description":"Eigenschaften Hotspring Highlife Sovereign Spa  Geeignet f\u00fcr 4 Personen  Mehrfarbiges Lichtsystem  Optional mit Wasseraufbereitungssystem geliefert","og_url":"https:\/\/www.spabad.dets.nl\/de\/product\/hotspring-limelight-glow\/","og_site_name":"Spabad Limburg","article_modified_time":"2025-05-09T11:04:02+00:00","og_image":[{"width":1000,"height":1000,"url":"https:\/\/www.spabad.dets.nl\/wp-content\/uploads\/2025\/01\/Hotspring-Limelight-Glow-bovenaanzicht.jpg","type":"image\/jpeg"}],"twitter_card":"summary_large_image","twitter_misc":{"Gesch\u00e4tzte Lesezeit":"1\u00a0Minute"},"schema":{"@context":"https:\/\/schema.org","@graph":[{"@type":"WebPage","@id":"https:\/\/www.spabad.dets.nl\/de\/product\/hotspring-limelight-glow\/","url":"https:\/\/www.spabad.dets.nl\/de\/product\/hotspring-limelight-glow\/","name":"Hotspring Limelight Glow - Spabad Limburg","isPartOf":{"@id":"https:\/\/www.spabad.dets.nl\/de\/#website"},"primaryImageOfPage":{"@id":"https:\/\/www.spabad.dets.nl\/de\/product\/hotspring-limelight-glow\/#primaryimage"},"image":{"@id":"https:\/\/www.spabad.dets.nl\/de\/product\/hotspring-limelight-glow\/#primaryimage"},"thumbnailUrl":"https:\/\/www.spabad.dets.nl\/wp-content\/uploads\/2025\/01\/Hotspring-Limelight-Glow-bovenaanzicht.jpg","datePublished":"2025-01-17T10:13:38+00:00","dateModified":"2025-05-09T11:04:02+00:00","breadcrumb":{"@id":"https:\/\/www.spabad.dets.nl\/de\/product\/hotspring-limelight-glow\/#breadcrumb"},"inLanguage":"de","potentialAction":[{"@type":"ReadAction","target":["https:\/\/www.spabad.dets.nl\/de\/product\/hotspring-limelight-glow\/"]}]},{"@type":"ImageObject","inLanguage":"de","@id":"https:\/\/www.spabad.dets.nl\/de\/product\/hotspring-limelight-glow\/#primaryimage","url":"https:\/\/www.spabad.dets.nl\/wp-content\/uploads\/2025\/01\/Hotspring-Limelight-Glow-bovenaanzicht.jpg","contentUrl":"https:\/\/www.spabad.dets.nl\/wp-content\/uploads\/2025\/01\/Hotspring-Limelight-Glow-bovenaanzicht.jpg","width":1000,"height":1000},{"@type":"BreadcrumbList","@id":"https:\/\/www.spabad.dets.nl\/de\/product\/hotspring-limelight-glow\/#breadcrumb","itemListElement":[{"@type":"ListItem","position":1,"name":"Startseite","item":"https:\/\/www.spabad.dets.nl\/de\/startseite-2\/"},{"@type":"ListItem","position":2,"name":"Shop","item":"https:\/\/www.spabad.dets.nl\/de\/shop-2\/"},{"@type":"ListItem","position":3,"name":"Wellis Spa B\u00e4der","item":"https:\/\/www.spabad.dets.nl\/de\/product-categorie\/thermalbaeder\/"},{"@type":"ListItem","position":4,"name":"Hotspring Limelight Glow"}]},{"@type":"WebSite","@id":"https:\/\/www.spabad.dets.nl\/de\/#website","url":"https:\/\/www.spabad.dets.nl\/de\/","name":"Spabad Limburg","description":"Jacuzzi's en zwemspa's","publisher":{"@id":"https:\/\/www.spabad.dets.nl\/de\/#organization"},"potentialAction":[{"@type":"SearchAction","target":{"@type":"EntryPoint","urlTemplate":"https:\/\/www.spabad.dets.nl\/de\/?s={search_term_string}"},"query-input":{"@type":"PropertyValueSpecification","valueRequired":true,"valueName":"search_term_string"}}],"inLanguage":"de"},{"@type":"Organization","@id":"https:\/\/www.spabad.dets.nl\/de\/#organization","name":"Spabad Limburg","url":"https:\/\/www.spabad.dets.nl\/de\/","logo":{"@type":"ImageObject","inLanguage":"de","@id":"https:\/\/www.spabad.dets.nl\/de\/#\/schema\/logo\/image\/","url":"https:\/\/www.spabad.dets.nl\/wp-content\/uploads\/2025\/01\/SpabadLimburg-Logo-Payoff-scaled.png","contentUrl":"https:\/\/www.spabad.dets.nl\/wp-content\/uploads\/2025\/01\/SpabadLimburg-Logo-Payoff-scaled.png","width":2560,"height":548,"caption":"Spabad Limburg"},"image":{"@id":"https:\/\/www.spabad.dets.nl\/de\/#\/schema\/logo\/image\/"}}]}},"_links":{"self":[{"href":"https:\/\/www.spabad.dets.nl\/de\/wp-json\/wp\/v2\/product\/16468","targetHints":{"allow":["GET"]}}],"collection":[{"href":"https:\/\/www.spabad.dets.nl\/de\/wp-json\/wp\/v2\/product"}],"about":[{"href":"https:\/\/www.spabad.dets.nl\/de\/wp-json\/wp\/v2\/types\/product"}],"version-history":[{"count":0,"href":"https:\/\/www.spabad.dets.nl\/de\/wp-json\/wp\/v2\/product\/16468\/revisions"}],"wp:featuredmedia":[{"embeddable":true,"href":"https:\/\/www.spabad.dets.nl\/de\/wp-json\/wp\/v2\/media\/15377"}],"wp:attachment":[{"href":"https:\/\/www.spabad.dets.nl\/de\/wp-json\/wp\/v2\/media?parent=16468"}],"wp:term":[{"taxonomy":"product_brand","embeddable":true,"href":"https:\/\/www.spabad.dets.nl\/de\/wp-json\/wp\/v2\/product_brand?post=16468"},{"taxonomy":"product_cat","embeddable":true,"href":"https:\/\/www.spabad.dets.nl\/de\/wp-json\/wp\/v2\/product_cat?post=16468"},{"taxonomy":"product_tag","embeddable":true,"href":"https:\/\/www.spabad.dets.nl\/de\/wp-json\/wp\/v2\/product_tag?post=16468"}],"curies":[{"name":"wp","href":"https:\/\/api.w.org\/{rel}","templated":true}]}}