{"id":16466,"date":"2025-01-16T08:44:38","date_gmt":"2025-01-16T07:44:38","guid":{"rendered":"https:\/\/www.spabad.dets.nl\/product\/life-spa-magic-schaumstoff-scheuerschwamm\/"},"modified":"2025-11-25T16:35:00","modified_gmt":"2025-11-25T15:35:00","slug":"life-spa-magic-schaumstoff-scheuerschwamm","status":"publish","type":"product","link":"https:\/\/www.spabad.dets.nl\/de\/product\/life-spa-magic-schaumstoff-scheuerschwamm\/","title":{"rendered":"Life Spa Magischer Schwamm"},"content":{"rendered":"<h2>Life Spa magischer Schwamm<\/h2>\n<p>Der Life Spa Magic Foam Scheuerschwamm hat eine feinporige Struktur, die hilft, Schmutz und Flecken ohne zus\u00e4tzliche Reinigungsmittel zu entfernen. Er hilft auch bei der Entfernung von Kalk, Schimmel und Schaumr\u00fcckst\u00e4nden rund um Ihren Whirlpool, Pool, Gartenm\u00f6bel und Poolabdeckungen. <\/p>\n","protected":false},"excerpt":{"rendered":"<p>Spa-Schwamm, der hilft, Schmutz und Flecken ohne zus\u00e4tzliche Reinigungsmittel zu entfernen.<\/p>\n","protected":false},"featured_media":15521,"template":"","meta":{"_acf_changed":false},"product_brand":[],"product_cat":[216,209,214,211],"product_tag":[],"class_list":{"0":"post-16466","1":"product","2":"type-product","3":"status-publish","4":"has-post-thumbnail","6":"product_cat-hottubs","7":"product_cat-pflegeprodukte","8":"product_cat-schwimmendes-bad","9":"product_cat-spa-de","11":"first","12":"instock","13":"taxable","14":"shipping-taxable","15":"purchasable","16":"product-type-simple"},"acf":[],"yoast_head":"<!-- This site is optimized with the Yoast SEO plugin v27.5 - https:\/\/yoast.com\/product\/yoast-seo-wordpress\/ -->\n<title>Life Spa Magischer Schwamm - Spabad Limburg<\/title>\n<meta name=\"description\" content=\"Life Spa Zauberschwamm f\u00fcr die einfache und sichere Reinigung der Wanne Ihres Whirlpools. Verwenden Sie die richtigen Pflegeprodukte f\u00fcr eine lange Lebensdauer.\" \/>\n<meta name=\"robots\" content=\"index, follow, max-snippet:-1, max-image-preview:large, max-video-preview:-1\" \/>\n<link rel=\"canonical\" href=\"https:\/\/www.spabad.dets.nl\/de\/product\/life-spa-magic-schaumstoff-scheuerschwamm\/\" \/>\n<meta property=\"og:locale\" content=\"de_DE\" \/>\n<meta property=\"og:type\" content=\"article\" \/>\n<meta property=\"og:title\" content=\"Life Spa Magischer Schwamm - Spabad Limburg\" \/>\n<meta property=\"og:description\" content=\"Life Spa Zauberschwamm f\u00fcr die einfache und sichere Reinigung der Wanne Ihres Whirlpools. Verwenden Sie die richtigen Pflegeprodukte f\u00fcr eine lange Lebensdauer.\" \/>\n<meta property=\"og:url\" content=\"https:\/\/www.spabad.dets.nl\/de\/product\/life-spa-magic-schaumstoff-scheuerschwamm\/\" \/>\n<meta property=\"og:site_name\" content=\"Spabad Limburg\" \/>\n<meta property=\"article:modified_time\" content=\"2025-11-25T15:35:00+00:00\" \/>\n<meta property=\"og:image\" content=\"https:\/\/www.spabad.dets.nl\/wp-content\/uploads\/2025\/01\/life_magic_foam_scrubbing_sponge.jpg\" \/>\n\t<meta property=\"og:image:width\" content=\"499\" \/>\n\t<meta property=\"og:image:height\" content=\"499\" \/>\n\t<meta property=\"og:image:type\" content=\"image\/jpeg\" \/>\n<meta name=\"twitter:card\" content=\"summary_large_image\" \/>\n<script type=\"application\/ld+json\" class=\"yoast-schema-graph\">{\"@context\":\"https:\\\/\\\/schema.org\",\"@graph\":[{\"@type\":\"WebPage\",\"@id\":\"https:\\\/\\\/www.spabad.dets.nl\\\/de\\\/product\\\/life-spa-magic-schaumstoff-scheuerschwamm\\\/\",\"url\":\"https:\\\/\\\/www.spabad.dets.nl\\\/de\\\/product\\\/life-spa-magic-schaumstoff-scheuerschwamm\\\/\",\"name\":\"Life Spa Magischer Schwamm - Spabad Limburg\",\"isPartOf\":{\"@id\":\"https:\\\/\\\/www.spabad.dets.nl\\\/de\\\/#website\"},\"primaryImageOfPage\":{\"@id\":\"https:\\\/\\\/www.spabad.dets.nl\\\/de\\\/product\\\/life-spa-magic-schaumstoff-scheuerschwamm\\\/#primaryimage\"},\"image\":{\"@id\":\"https:\\\/\\\/www.spabad.dets.nl\\\/de\\\/product\\\/life-spa-magic-schaumstoff-scheuerschwamm\\\/#primaryimage\"},\"thumbnailUrl\":\"https:\\\/\\\/www.spabad.dets.nl\\\/wp-content\\\/uploads\\\/2025\\\/01\\\/life_magic_foam_scrubbing_sponge.jpg\",\"datePublished\":\"2025-01-16T07:44:38+00:00\",\"dateModified\":\"2025-11-25T15:35:00+00:00\",\"description\":\"Life Spa Zauberschwamm f\u00fcr die einfache und sichere Reinigung der Wanne Ihres Whirlpools. Verwenden Sie die richtigen Pflegeprodukte f\u00fcr eine lange Lebensdauer.\",\"breadcrumb\":{\"@id\":\"https:\\\/\\\/www.spabad.dets.nl\\\/de\\\/product\\\/life-spa-magic-schaumstoff-scheuerschwamm\\\/#breadcrumb\"},\"inLanguage\":\"de\",\"potentialAction\":[{\"@type\":\"ReadAction\",\"target\":[\"https:\\\/\\\/www.spabad.dets.nl\\\/de\\\/product\\\/life-spa-magic-schaumstoff-scheuerschwamm\\\/\"]}]},{\"@type\":\"ImageObject\",\"inLanguage\":\"de\",\"@id\":\"https:\\\/\\\/www.spabad.dets.nl\\\/de\\\/product\\\/life-spa-magic-schaumstoff-scheuerschwamm\\\/#primaryimage\",\"url\":\"https:\\\/\\\/www.spabad.dets.nl\\\/wp-content\\\/uploads\\\/2025\\\/01\\\/life_magic_foam_scrubbing_sponge.jpg\",\"contentUrl\":\"https:\\\/\\\/www.spabad.dets.nl\\\/wp-content\\\/uploads\\\/2025\\\/01\\\/life_magic_foam_scrubbing_sponge.jpg\",\"width\":499,\"height\":499},{\"@type\":\"BreadcrumbList\",\"@id\":\"https:\\\/\\\/www.spabad.dets.nl\\\/de\\\/product\\\/life-spa-magic-schaumstoff-scheuerschwamm\\\/#breadcrumb\",\"itemListElement\":[{\"@type\":\"ListItem\",\"position\":1,\"name\":\"Startseite\",\"item\":\"https:\\\/\\\/www.spabad.dets.nl\\\/de\\\/startseite-2\\\/\"},{\"@type\":\"ListItem\",\"position\":2,\"name\":\"Shop\",\"item\":\"https:\\\/\\\/www.spabad.dets.nl\\\/de\\\/shop-2\\\/\"},{\"@type\":\"ListItem\",\"position\":3,\"name\":\"Pflegeprodukte\",\"item\":\"https:\\\/\\\/www.spabad.dets.nl\\\/de\\\/product-categorie\\\/pflegeprodukte\\\/\"},{\"@type\":\"ListItem\",\"position\":4,\"name\":\"Life Spa Magischer Schwamm\"}]},{\"@type\":\"WebSite\",\"@id\":\"https:\\\/\\\/www.spabad.dets.nl\\\/de\\\/#website\",\"url\":\"https:\\\/\\\/www.spabad.dets.nl\\\/de\\\/\",\"name\":\"Spabad Limburg\",\"description\":\"Jacuzzi's en zwemspa's\",\"publisher\":{\"@id\":\"https:\\\/\\\/www.spabad.dets.nl\\\/de\\\/#organization\"},\"potentialAction\":[{\"@type\":\"SearchAction\",\"target\":{\"@type\":\"EntryPoint\",\"urlTemplate\":\"https:\\\/\\\/www.spabad.dets.nl\\\/de\\\/?s={search_term_string}\"},\"query-input\":{\"@type\":\"PropertyValueSpecification\",\"valueRequired\":true,\"valueName\":\"search_term_string\"}}],\"inLanguage\":\"de\"},{\"@type\":\"Organization\",\"@id\":\"https:\\\/\\\/www.spabad.dets.nl\\\/de\\\/#organization\",\"name\":\"Spabad Limburg\",\"url\":\"https:\\\/\\\/www.spabad.dets.nl\\\/de\\\/\",\"logo\":{\"@type\":\"ImageObject\",\"inLanguage\":\"de\",\"@id\":\"https:\\\/\\\/www.spabad.dets.nl\\\/de\\\/#\\\/schema\\\/logo\\\/image\\\/\",\"url\":\"https:\\\/\\\/www.spabad.dets.nl\\\/wp-content\\\/uploads\\\/2025\\\/01\\\/SpabadLimburg-Logo-Payoff-scaled.png\",\"contentUrl\":\"https:\\\/\\\/www.spabad.dets.nl\\\/wp-content\\\/uploads\\\/2025\\\/01\\\/SpabadLimburg-Logo-Payoff-scaled.png\",\"width\":2560,\"height\":548,\"caption\":\"Spabad Limburg\"},\"image\":{\"@id\":\"https:\\\/\\\/www.spabad.dets.nl\\\/de\\\/#\\\/schema\\\/logo\\\/image\\\/\"}}]}<\/script>\n<!-- \/ Yoast SEO plugin. -->","yoast_head_json":{"title":"Life Spa Magischer Schwamm - Spabad Limburg","description":"Life Spa Zauberschwamm f\u00fcr die einfache und sichere Reinigung der Wanne Ihres Whirlpools. Verwenden Sie die richtigen Pflegeprodukte f\u00fcr eine lange Lebensdauer.","robots":{"index":"index","follow":"follow","max-snippet":"max-snippet:-1","max-image-preview":"max-image-preview:large","max-video-preview":"max-video-preview:-1"},"canonical":"https:\/\/www.spabad.dets.nl\/de\/product\/life-spa-magic-schaumstoff-scheuerschwamm\/","og_locale":"de_DE","og_type":"article","og_title":"Life Spa Magischer Schwamm - Spabad Limburg","og_description":"Life Spa Zauberschwamm f\u00fcr die einfache und sichere Reinigung der Wanne Ihres Whirlpools. Verwenden Sie die richtigen Pflegeprodukte f\u00fcr eine lange Lebensdauer.","og_url":"https:\/\/www.spabad.dets.nl\/de\/product\/life-spa-magic-schaumstoff-scheuerschwamm\/","og_site_name":"Spabad Limburg","article_modified_time":"2025-11-25T15:35:00+00:00","og_image":[{"width":499,"height":499,"url":"https:\/\/www.spabad.dets.nl\/wp-content\/uploads\/2025\/01\/life_magic_foam_scrubbing_sponge.jpg","type":"image\/jpeg"}],"twitter_card":"summary_large_image","schema":{"@context":"https:\/\/schema.org","@graph":[{"@type":"WebPage","@id":"https:\/\/www.spabad.dets.nl\/de\/product\/life-spa-magic-schaumstoff-scheuerschwamm\/","url":"https:\/\/www.spabad.dets.nl\/de\/product\/life-spa-magic-schaumstoff-scheuerschwamm\/","name":"Life Spa Magischer Schwamm - Spabad Limburg","isPartOf":{"@id":"https:\/\/www.spabad.dets.nl\/de\/#website"},"primaryImageOfPage":{"@id":"https:\/\/www.spabad.dets.nl\/de\/product\/life-spa-magic-schaumstoff-scheuerschwamm\/#primaryimage"},"image":{"@id":"https:\/\/www.spabad.dets.nl\/de\/product\/life-spa-magic-schaumstoff-scheuerschwamm\/#primaryimage"},"thumbnailUrl":"https:\/\/www.spabad.dets.nl\/wp-content\/uploads\/2025\/01\/life_magic_foam_scrubbing_sponge.jpg","datePublished":"2025-01-16T07:44:38+00:00","dateModified":"2025-11-25T15:35:00+00:00","description":"Life Spa Zauberschwamm f\u00fcr die einfache und sichere Reinigung der Wanne Ihres Whirlpools. Verwenden Sie die richtigen Pflegeprodukte f\u00fcr eine lange Lebensdauer.","breadcrumb":{"@id":"https:\/\/www.spabad.dets.nl\/de\/product\/life-spa-magic-schaumstoff-scheuerschwamm\/#breadcrumb"},"inLanguage":"de","potentialAction":[{"@type":"ReadAction","target":["https:\/\/www.spabad.dets.nl\/de\/product\/life-spa-magic-schaumstoff-scheuerschwamm\/"]}]},{"@type":"ImageObject","inLanguage":"de","@id":"https:\/\/www.spabad.dets.nl\/de\/product\/life-spa-magic-schaumstoff-scheuerschwamm\/#primaryimage","url":"https:\/\/www.spabad.dets.nl\/wp-content\/uploads\/2025\/01\/life_magic_foam_scrubbing_sponge.jpg","contentUrl":"https:\/\/www.spabad.dets.nl\/wp-content\/uploads\/2025\/01\/life_magic_foam_scrubbing_sponge.jpg","width":499,"height":499},{"@type":"BreadcrumbList","@id":"https:\/\/www.spabad.dets.nl\/de\/product\/life-spa-magic-schaumstoff-scheuerschwamm\/#breadcrumb","itemListElement":[{"@type":"ListItem","position":1,"name":"Startseite","item":"https:\/\/www.spabad.dets.nl\/de\/startseite-2\/"},{"@type":"ListItem","position":2,"name":"Shop","item":"https:\/\/www.spabad.dets.nl\/de\/shop-2\/"},{"@type":"ListItem","position":3,"name":"Pflegeprodukte","item":"https:\/\/www.spabad.dets.nl\/de\/product-categorie\/pflegeprodukte\/"},{"@type":"ListItem","position":4,"name":"Life Spa Magischer Schwamm"}]},{"@type":"WebSite","@id":"https:\/\/www.spabad.dets.nl\/de\/#website","url":"https:\/\/www.spabad.dets.nl\/de\/","name":"Spabad Limburg","description":"Jacuzzi's en zwemspa's","publisher":{"@id":"https:\/\/www.spabad.dets.nl\/de\/#organization"},"potentialAction":[{"@type":"SearchAction","target":{"@type":"EntryPoint","urlTemplate":"https:\/\/www.spabad.dets.nl\/de\/?s={search_term_string}"},"query-input":{"@type":"PropertyValueSpecification","valueRequired":true,"valueName":"search_term_string"}}],"inLanguage":"de"},{"@type":"Organization","@id":"https:\/\/www.spabad.dets.nl\/de\/#organization","name":"Spabad Limburg","url":"https:\/\/www.spabad.dets.nl\/de\/","logo":{"@type":"ImageObject","inLanguage":"de","@id":"https:\/\/www.spabad.dets.nl\/de\/#\/schema\/logo\/image\/","url":"https:\/\/www.spabad.dets.nl\/wp-content\/uploads\/2025\/01\/SpabadLimburg-Logo-Payoff-scaled.png","contentUrl":"https:\/\/www.spabad.dets.nl\/wp-content\/uploads\/2025\/01\/SpabadLimburg-Logo-Payoff-scaled.png","width":2560,"height":548,"caption":"Spabad Limburg"},"image":{"@id":"https:\/\/www.spabad.dets.nl\/de\/#\/schema\/logo\/image\/"}}]}},"_links":{"self":[{"href":"https:\/\/www.spabad.dets.nl\/de\/wp-json\/wp\/v2\/product\/16466","targetHints":{"allow":["GET"]}}],"collection":[{"href":"https:\/\/www.spabad.dets.nl\/de\/wp-json\/wp\/v2\/product"}],"about":[{"href":"https:\/\/www.spabad.dets.nl\/de\/wp-json\/wp\/v2\/types\/product"}],"version-history":[{"count":0,"href":"https:\/\/www.spabad.dets.nl\/de\/wp-json\/wp\/v2\/product\/16466\/revisions"}],"wp:featuredmedia":[{"embeddable":true,"href":"https:\/\/www.spabad.dets.nl\/de\/wp-json\/wp\/v2\/media\/15521"}],"wp:attachment":[{"href":"https:\/\/www.spabad.dets.nl\/de\/wp-json\/wp\/v2\/media?parent=16466"}],"wp:term":[{"taxonomy":"product_brand","embeddable":true,"href":"https:\/\/www.spabad.dets.nl\/de\/wp-json\/wp\/v2\/product_brand?post=16466"},{"taxonomy":"product_cat","embeddable":true,"href":"https:\/\/www.spabad.dets.nl\/de\/wp-json\/wp\/v2\/product_cat?post=16466"},{"taxonomy":"product_tag","embeddable":true,"href":"https:\/\/www.spabad.dets.nl\/de\/wp-json\/wp\/v2\/product_tag?post=16466"}],"curies":[{"name":"wp","href":"https:\/\/api.w.org\/{rel}","templated":true}]}}