{"id":16465,"date":"2025-01-17T11:13:38","date_gmt":"2025-01-17T10:13:38","guid":{"rendered":"https:\/\/www.spabad.dets.nl\/product\/hotspring-limelight-gleam\/"},"modified":"2025-08-12T17:07:34","modified_gmt":"2025-08-12T15:07:34","slug":"hotspring-limelight-gleam","status":"publish","type":"product","link":"https:\/\/www.spabad.dets.nl\/de\/product\/hotspring-limelight-gleam\/","title":{"rendered":"Hotspring Limelight Gleam"},"content":{"rendered":"<h1><strong>Ger\u00e4umiges 8-Personen-Whirlpool Limelight Gleam<\/strong><\/h1>\n<p>Der Hotspring Limelight Gleam garantiert optimales Vergn\u00fcgen mit allen, die Sie lieben! Der Hotspring Gleam Whirlpool bietet Platz f\u00fcr bis zu 8 Personen! <\/p>\n<p>Das Gleam hat ein wundersch\u00f6nes, glattes und elegantes Design und bietet eine gro\u00dfartige Leistung! Der Hotspring Gleam wurde entwickelt, um Sie vollkommen zu entspannen. Der Hotspring Gleam verf\u00fcgt \u00fcber 73 leistungsstarke D\u00fcsen, die daf\u00fcr sorgen, dass Sie zusammen mit 7 anderen Freunden genie\u00dfen und entspannen k\u00f6nnen. Zusammen mit dem fantastischen Lichtsystem und den D\u00fcsen mit verschiedenen Massageoptionen macht dies den Limelight Gleam zu einem echten Allesk\u00f6nner! Ein kabelloses Musiksystem oder eine Trittstufe ist optional erh\u00e4ltlich.    <\/p>\n<p>Genie\u00dfen Sie die perfekte Massage, die Ihnen das Gleam bietet, und machen Sie sich keine Sorgen \u00fcber den Energieverbrauch. Das Gleam ist extrem sparsam und von bester Qualit\u00e4t. <\/p>\n<h2><strong>D\u00fcsen des 8-Sitzer-Whirlpools Hot Spring Limelight Gleam<\/strong><\/h2>\n<p>Der Limelight Gleam Whirlpool verf\u00fcgt \u00fcber eine veritable Sammlung verschiedener D\u00fcsen. Von gezielten Pr\u00e4zisionsd\u00fcsen bis hin zu XL-Kombid\u00fcsen, die f\u00fcr die Massage gro\u00dfer Muskelmassen geeignet sind. Im Inneren des Hotspring Limelight Gleam befindet sich die Moto-Massage DX-D\u00fcse, die mit 2 Wasserd\u00fcsen f\u00fcr eine perfekte Kontrolle Ihres R\u00fcckens sorgt.  <\/p>\n<h1><strong>Technische Eigenschaften des Gleam<\/strong><\/h1>\n<table style=\"height: 1034px;\" width=\"737\">\n<tbody>\n<tr>\n<td>Sitzplatzkapazit\u00e4t<\/td>\n<td>8 Erwachsene<\/td>\n<\/tr>\n<tr>\n<td>Abmessungen<\/td>\n<td>2.31m x 2.79m x 0.97m<\/td>\n<\/tr>\n<tr>\n<td>Fassungsverm\u00f6gen Wasser<\/td>\n<td>1925 Liter<\/td>\n<\/tr>\n<tr>\n<td>Gewicht<\/td>\n<td>575 kg leer<br \/>\n3140 kg gef\u00fcllt*<\/td>\n<\/tr>\n<tr>\n<td>Anzahl der D\u00fcsen<\/td>\n<td>73<\/td>\n<\/tr>\n<tr>\n<td>Whirlpool-D\u00fcsen<\/td>\n<td>1 Moto Massage DX-D\u00fcse (2)<br \/>\n4 Kombinierte XL-D\u00fcsen<br \/>\n9 Kombinierte D\u00fcsen<br \/>\n58 Richtungsd\u00fcsen<\/td>\n<\/tr>\n<tr>\n<td>Beleuchtungssystem<\/td>\n<td>Raio mehrfarbig (39) einschlie\u00dflich Zeitschaltuhr<\/td>\n<\/tr>\n<tr>\n<td>Wasserspiele<\/td>\n<td>Vidro beleuchteter Band-Wasserfall<\/td>\n<\/tr>\n<tr>\n<td>Kontrollsystem<\/td>\n<td>IQ 2020 mit LCD-Bedienfeld<br \/>\n230 V, 50A, 60 Hz<br \/>\n230 V, 70A, 60 Hz (optional)<br \/>\nInklusive G.C.F.I. gesch\u00fctztem Sub-Panel<\/td>\n<\/tr>\n<tr>\n<td>Heizger\u00e4t<\/td>\n<td>St\u00f6rungsfrei, 4000W, 230V<\/td>\n<\/tr>\n<tr>\n<td>Strahlpumpe 1<\/td>\n<td>Wavemaster 9200<br \/>\nZwei Geschwindigkeiten<br \/>\n2,5 PS Dauerleistung<br \/>\n5,2 PS Ausfallmoment<\/td>\n<\/tr>\n<tr>\n<td>Strahlpumpe 2<\/td>\n<td>Wavemaster 9000<br \/>\nEin-Gang-Pumpe<br \/>\n2,5 PS Dauerleistung<br \/>\n5,2 PS Ausfallmoment<\/td>\n<\/tr>\n<tr>\n<td>Umw\u00e4lzpumpe<\/td>\n<td>SilentFlo 5000 f\u00fcr leise und kontinuierliche Filtration<\/td>\n<\/tr>\n<tr>\n<td>Optionen f\u00fcr den Wasserschutz<\/td>\n<td>ACE Salzwasserreinigungssystem<br \/>\nEverFresh System mit CD-Ozon (optional)<\/td>\n<\/tr>\n<tr>\n<td>Effektive Filtrationsfl\u00e4che<\/td>\n<td>100 m2<\/td>\n<\/tr>\n<tr>\n<td>Vinyl-\u00dcberzug<\/td>\n<td>3,5 bis 2,5&#8243; verj\u00fcngt<\/td>\n<\/tr>\n<tr>\n<td>Farben des Vinylbezugs<\/td>\n<td>Esche<br \/>\nKastanie<br \/>\nKaramell<br \/>\nImmergr\u00fcn<\/td>\n<\/tr>\n<tr>\n<td>Unterhaltungssystem (optional)<\/td>\n<td>Kabelloses Soundsystem<\/td>\n<\/tr>\n<tr>\n<td>Abdeckung Heber<\/td>\n<td>Inklusive CoverCradle<\/td>\n<\/tr>\n<tr>\n<td>Stufen (optional)<\/td>\n<td>Everwood<br \/>\nPolymer<\/td>\n<\/tr>\n<\/tbody>\n<\/table>\n<p>*inklusive Wasser und 8 Erwachsene mit einem Gewicht von je 80 kg. Exportmodelle verf\u00fcgbar in: 230v, 50Hz, 1500w Heizung <\/p>\n<h2><strong>\u00dcber den Hotspring Limelight Gleam<\/strong><\/h2>\n<p><iframe title=\"YouTube-Video-Player\" src=\"https:\/\/www.youtube.com\/embed\/NoJBK4DqK3A?si=9zB88zBif3xmTeOE\" width=\"560\" height=\"315\" frameborder=\"0\" allowfullscreen=\"allowfullscreen\"><\/iframe><\/p>\n","protected":false},"excerpt":{"rendered":"<p><a href=\"https:\/\/www.spabad.dets.nl\/wp-content\/uploads\/2018\/06\/hotspring-brand-featured.png\"><img decoding=\"async\" class=\"alignnone size-full wp-image-1012\" src=\"https:\/\/www.spabad.dets.nl\/wp-content\/uploads\/2018\/06\/hotspring-brand-featured.png\" alt=\"Logo von Hotspring\" width=\"265\" height=\"87\"><\/a><\/p>\n<p><strong>Eigenschaften Hotspring Limelight Gleam<\/strong><\/p>\n<ul>\n<li>Gro\u00dfes Spa: geeignet f\u00fcr 8 Personen<\/li>\n<li>Gro\u00dfe Vielfalt an Jets<\/li>\n<li>Optionales Soundsystem verf\u00fcgbar<\/li>\n<\/ul>\n","protected":false},"featured_media":15379,"template":"","meta":{"_acf_changed":false},"product_brand":[],"product_cat":[204],"product_tag":[],"class_list":{"0":"post-16465","1":"product","2":"type-product","3":"status-publish","4":"has-post-thumbnail","6":"product_cat-thermalbaeder","8":"first","9":"instock","10":"taxable","11":"shipping-taxable","12":"product-type-simple"},"acf":[],"yoast_head":"<!-- This site is optimized with the Yoast SEO plugin v27.5 - https:\/\/yoast.com\/product\/yoast-seo-wordpress\/ -->\n<title>Hotspring Limelight Gleam - Spabad Limburg<\/title>\n<meta name=\"robots\" content=\"index, follow, max-snippet:-1, max-image-preview:large, max-video-preview:-1\" \/>\n<link rel=\"canonical\" href=\"https:\/\/www.spabad.dets.nl\/de\/product\/hotspring-limelight-gleam\/\" \/>\n<meta property=\"og:locale\" content=\"de_DE\" \/>\n<meta property=\"og:type\" content=\"article\" \/>\n<meta property=\"og:title\" content=\"Hotspring Limelight Gleam - Spabad Limburg\" \/>\n<meta property=\"og:description\" content=\"Eigenschaften Hotspring Limelight Gleam  Gro\u00dfes Spa: geeignet f\u00fcr 8 Personen  Gro\u00dfe Vielfalt an Jets  Optionales Soundsystem verf\u00fcgbar\" \/>\n<meta property=\"og:url\" content=\"https:\/\/www.spabad.dets.nl\/de\/product\/hotspring-limelight-gleam\/\" \/>\n<meta property=\"og:site_name\" content=\"Spabad Limburg\" \/>\n<meta property=\"article:modified_time\" content=\"2025-08-12T15:07:34+00:00\" \/>\n<meta property=\"og:image\" content=\"https:\/\/www.spabad.dets.nl\/wp-content\/uploads\/2025\/01\/Hotspring-Limelight-Gleam-bovenaanzicht.jpg\" \/>\n\t<meta property=\"og:image:width\" content=\"1000\" \/>\n\t<meta property=\"og:image:height\" content=\"1000\" \/>\n\t<meta property=\"og:image:type\" content=\"image\/jpeg\" \/>\n<meta name=\"twitter:card\" content=\"summary_large_image\" \/>\n<meta name=\"twitter:label1\" content=\"Gesch\u00e4tzte Lesezeit\" \/>\n\t<meta name=\"twitter:data1\" content=\"2\u00a0Minuten\" \/>\n<script type=\"application\/ld+json\" class=\"yoast-schema-graph\">{\"@context\":\"https:\\\/\\\/schema.org\",\"@graph\":[{\"@type\":\"WebPage\",\"@id\":\"https:\\\/\\\/www.spabad.dets.nl\\\/de\\\/product\\\/hotspring-limelight-gleam\\\/\",\"url\":\"https:\\\/\\\/www.spabad.dets.nl\\\/de\\\/product\\\/hotspring-limelight-gleam\\\/\",\"name\":\"Hotspring Limelight Gleam - Spabad Limburg\",\"isPartOf\":{\"@id\":\"https:\\\/\\\/www.spabad.dets.nl\\\/de\\\/#website\"},\"primaryImageOfPage\":{\"@id\":\"https:\\\/\\\/www.spabad.dets.nl\\\/de\\\/product\\\/hotspring-limelight-gleam\\\/#primaryimage\"},\"image\":{\"@id\":\"https:\\\/\\\/www.spabad.dets.nl\\\/de\\\/product\\\/hotspring-limelight-gleam\\\/#primaryimage\"},\"thumbnailUrl\":\"https:\\\/\\\/www.spabad.dets.nl\\\/wp-content\\\/uploads\\\/2025\\\/01\\\/Hotspring-Limelight-Gleam-bovenaanzicht.jpg\",\"datePublished\":\"2025-01-17T10:13:38+00:00\",\"dateModified\":\"2025-08-12T15:07:34+00:00\",\"breadcrumb\":{\"@id\":\"https:\\\/\\\/www.spabad.dets.nl\\\/de\\\/product\\\/hotspring-limelight-gleam\\\/#breadcrumb\"},\"inLanguage\":\"de\",\"potentialAction\":[{\"@type\":\"ReadAction\",\"target\":[\"https:\\\/\\\/www.spabad.dets.nl\\\/de\\\/product\\\/hotspring-limelight-gleam\\\/\"]}]},{\"@type\":\"ImageObject\",\"inLanguage\":\"de\",\"@id\":\"https:\\\/\\\/www.spabad.dets.nl\\\/de\\\/product\\\/hotspring-limelight-gleam\\\/#primaryimage\",\"url\":\"https:\\\/\\\/www.spabad.dets.nl\\\/wp-content\\\/uploads\\\/2025\\\/01\\\/Hotspring-Limelight-Gleam-bovenaanzicht.jpg\",\"contentUrl\":\"https:\\\/\\\/www.spabad.dets.nl\\\/wp-content\\\/uploads\\\/2025\\\/01\\\/Hotspring-Limelight-Gleam-bovenaanzicht.jpg\",\"width\":1000,\"height\":1000},{\"@type\":\"BreadcrumbList\",\"@id\":\"https:\\\/\\\/www.spabad.dets.nl\\\/de\\\/product\\\/hotspring-limelight-gleam\\\/#breadcrumb\",\"itemListElement\":[{\"@type\":\"ListItem\",\"position\":1,\"name\":\"Startseite\",\"item\":\"https:\\\/\\\/www.spabad.dets.nl\\\/de\\\/startseite-2\\\/\"},{\"@type\":\"ListItem\",\"position\":2,\"name\":\"Shop\",\"item\":\"https:\\\/\\\/www.spabad.dets.nl\\\/de\\\/shop-2\\\/\"},{\"@type\":\"ListItem\",\"position\":3,\"name\":\"Wellis Spa B\u00e4der\",\"item\":\"https:\\\/\\\/www.spabad.dets.nl\\\/de\\\/product-categorie\\\/thermalbaeder\\\/\"},{\"@type\":\"ListItem\",\"position\":4,\"name\":\"Hotspring Limelight Gleam\"}]},{\"@type\":\"WebSite\",\"@id\":\"https:\\\/\\\/www.spabad.dets.nl\\\/de\\\/#website\",\"url\":\"https:\\\/\\\/www.spabad.dets.nl\\\/de\\\/\",\"name\":\"Spabad Limburg\",\"description\":\"Jacuzzi's en zwemspa's\",\"publisher\":{\"@id\":\"https:\\\/\\\/www.spabad.dets.nl\\\/de\\\/#organization\"},\"potentialAction\":[{\"@type\":\"SearchAction\",\"target\":{\"@type\":\"EntryPoint\",\"urlTemplate\":\"https:\\\/\\\/www.spabad.dets.nl\\\/de\\\/?s={search_term_string}\"},\"query-input\":{\"@type\":\"PropertyValueSpecification\",\"valueRequired\":true,\"valueName\":\"search_term_string\"}}],\"inLanguage\":\"de\"},{\"@type\":\"Organization\",\"@id\":\"https:\\\/\\\/www.spabad.dets.nl\\\/de\\\/#organization\",\"name\":\"Spabad Limburg\",\"url\":\"https:\\\/\\\/www.spabad.dets.nl\\\/de\\\/\",\"logo\":{\"@type\":\"ImageObject\",\"inLanguage\":\"de\",\"@id\":\"https:\\\/\\\/www.spabad.dets.nl\\\/de\\\/#\\\/schema\\\/logo\\\/image\\\/\",\"url\":\"https:\\\/\\\/www.spabad.dets.nl\\\/wp-content\\\/uploads\\\/2025\\\/01\\\/SpabadLimburg-Logo-Payoff-scaled.png\",\"contentUrl\":\"https:\\\/\\\/www.spabad.dets.nl\\\/wp-content\\\/uploads\\\/2025\\\/01\\\/SpabadLimburg-Logo-Payoff-scaled.png\",\"width\":2560,\"height\":548,\"caption\":\"Spabad Limburg\"},\"image\":{\"@id\":\"https:\\\/\\\/www.spabad.dets.nl\\\/de\\\/#\\\/schema\\\/logo\\\/image\\\/\"}}]}<\/script>\n<!-- \/ Yoast SEO plugin. -->","yoast_head_json":{"title":"Hotspring Limelight Gleam - Spabad Limburg","robots":{"index":"index","follow":"follow","max-snippet":"max-snippet:-1","max-image-preview":"max-image-preview:large","max-video-preview":"max-video-preview:-1"},"canonical":"https:\/\/www.spabad.dets.nl\/de\/product\/hotspring-limelight-gleam\/","og_locale":"de_DE","og_type":"article","og_title":"Hotspring Limelight Gleam - Spabad Limburg","og_description":"Eigenschaften Hotspring Limelight Gleam  Gro\u00dfes Spa: geeignet f\u00fcr 8 Personen  Gro\u00dfe Vielfalt an Jets  Optionales Soundsystem verf\u00fcgbar","og_url":"https:\/\/www.spabad.dets.nl\/de\/product\/hotspring-limelight-gleam\/","og_site_name":"Spabad Limburg","article_modified_time":"2025-08-12T15:07:34+00:00","og_image":[{"width":1000,"height":1000,"url":"https:\/\/www.spabad.dets.nl\/wp-content\/uploads\/2025\/01\/Hotspring-Limelight-Gleam-bovenaanzicht.jpg","type":"image\/jpeg"}],"twitter_card":"summary_large_image","twitter_misc":{"Gesch\u00e4tzte Lesezeit":"2\u00a0Minuten"},"schema":{"@context":"https:\/\/schema.org","@graph":[{"@type":"WebPage","@id":"https:\/\/www.spabad.dets.nl\/de\/product\/hotspring-limelight-gleam\/","url":"https:\/\/www.spabad.dets.nl\/de\/product\/hotspring-limelight-gleam\/","name":"Hotspring Limelight Gleam - Spabad Limburg","isPartOf":{"@id":"https:\/\/www.spabad.dets.nl\/de\/#website"},"primaryImageOfPage":{"@id":"https:\/\/www.spabad.dets.nl\/de\/product\/hotspring-limelight-gleam\/#primaryimage"},"image":{"@id":"https:\/\/www.spabad.dets.nl\/de\/product\/hotspring-limelight-gleam\/#primaryimage"},"thumbnailUrl":"https:\/\/www.spabad.dets.nl\/wp-content\/uploads\/2025\/01\/Hotspring-Limelight-Gleam-bovenaanzicht.jpg","datePublished":"2025-01-17T10:13:38+00:00","dateModified":"2025-08-12T15:07:34+00:00","breadcrumb":{"@id":"https:\/\/www.spabad.dets.nl\/de\/product\/hotspring-limelight-gleam\/#breadcrumb"},"inLanguage":"de","potentialAction":[{"@type":"ReadAction","target":["https:\/\/www.spabad.dets.nl\/de\/product\/hotspring-limelight-gleam\/"]}]},{"@type":"ImageObject","inLanguage":"de","@id":"https:\/\/www.spabad.dets.nl\/de\/product\/hotspring-limelight-gleam\/#primaryimage","url":"https:\/\/www.spabad.dets.nl\/wp-content\/uploads\/2025\/01\/Hotspring-Limelight-Gleam-bovenaanzicht.jpg","contentUrl":"https:\/\/www.spabad.dets.nl\/wp-content\/uploads\/2025\/01\/Hotspring-Limelight-Gleam-bovenaanzicht.jpg","width":1000,"height":1000},{"@type":"BreadcrumbList","@id":"https:\/\/www.spabad.dets.nl\/de\/product\/hotspring-limelight-gleam\/#breadcrumb","itemListElement":[{"@type":"ListItem","position":1,"name":"Startseite","item":"https:\/\/www.spabad.dets.nl\/de\/startseite-2\/"},{"@type":"ListItem","position":2,"name":"Shop","item":"https:\/\/www.spabad.dets.nl\/de\/shop-2\/"},{"@type":"ListItem","position":3,"name":"Wellis Spa B\u00e4der","item":"https:\/\/www.spabad.dets.nl\/de\/product-categorie\/thermalbaeder\/"},{"@type":"ListItem","position":4,"name":"Hotspring Limelight Gleam"}]},{"@type":"WebSite","@id":"https:\/\/www.spabad.dets.nl\/de\/#website","url":"https:\/\/www.spabad.dets.nl\/de\/","name":"Spabad Limburg","description":"Jacuzzi's en zwemspa's","publisher":{"@id":"https:\/\/www.spabad.dets.nl\/de\/#organization"},"potentialAction":[{"@type":"SearchAction","target":{"@type":"EntryPoint","urlTemplate":"https:\/\/www.spabad.dets.nl\/de\/?s={search_term_string}"},"query-input":{"@type":"PropertyValueSpecification","valueRequired":true,"valueName":"search_term_string"}}],"inLanguage":"de"},{"@type":"Organization","@id":"https:\/\/www.spabad.dets.nl\/de\/#organization","name":"Spabad Limburg","url":"https:\/\/www.spabad.dets.nl\/de\/","logo":{"@type":"ImageObject","inLanguage":"de","@id":"https:\/\/www.spabad.dets.nl\/de\/#\/schema\/logo\/image\/","url":"https:\/\/www.spabad.dets.nl\/wp-content\/uploads\/2025\/01\/SpabadLimburg-Logo-Payoff-scaled.png","contentUrl":"https:\/\/www.spabad.dets.nl\/wp-content\/uploads\/2025\/01\/SpabadLimburg-Logo-Payoff-scaled.png","width":2560,"height":548,"caption":"Spabad Limburg"},"image":{"@id":"https:\/\/www.spabad.dets.nl\/de\/#\/schema\/logo\/image\/"}}]}},"_links":{"self":[{"href":"https:\/\/www.spabad.dets.nl\/de\/wp-json\/wp\/v2\/product\/16465","targetHints":{"allow":["GET"]}}],"collection":[{"href":"https:\/\/www.spabad.dets.nl\/de\/wp-json\/wp\/v2\/product"}],"about":[{"href":"https:\/\/www.spabad.dets.nl\/de\/wp-json\/wp\/v2\/types\/product"}],"version-history":[{"count":0,"href":"https:\/\/www.spabad.dets.nl\/de\/wp-json\/wp\/v2\/product\/16465\/revisions"}],"wp:featuredmedia":[{"embeddable":true,"href":"https:\/\/www.spabad.dets.nl\/de\/wp-json\/wp\/v2\/media\/15379"}],"wp:attachment":[{"href":"https:\/\/www.spabad.dets.nl\/de\/wp-json\/wp\/v2\/media?parent=16465"}],"wp:term":[{"taxonomy":"product_brand","embeddable":true,"href":"https:\/\/www.spabad.dets.nl\/de\/wp-json\/wp\/v2\/product_brand?post=16465"},{"taxonomy":"product_cat","embeddable":true,"href":"https:\/\/www.spabad.dets.nl\/de\/wp-json\/wp\/v2\/product_cat?post=16465"},{"taxonomy":"product_tag","embeddable":true,"href":"https:\/\/www.spabad.dets.nl\/de\/wp-json\/wp\/v2\/product_tag?post=16465"}],"curies":[{"name":"wp","href":"https:\/\/api.w.org\/{rel}","templated":true}]}}