{"id":16464,"date":"2025-01-17T11:13:38","date_gmt":"2025-01-17T10:13:38","guid":{"rendered":"https:\/\/www.spabad.dets.nl\/product\/hotspring-limelight-pulse\/"},"modified":"2025-08-12T17:10:23","modified_gmt":"2025-08-12T15:10:23","slug":"hotspring-limelight-pulse","status":"publish","type":"product","link":"https:\/\/www.spabad.dets.nl\/de\/product\/hotspring-limelight-pulse\/","title":{"rendered":"Hotspring Limelight Pulse"},"content":{"rendered":"<h1><strong>Hotspring Limelight Pulse<\/strong><\/h1>\n<p>Der Hotspring Limelight Pulse ist ein gro\u00dfartiger Whirlpool. Seine leistungsstarken D\u00fcsen und sch\u00f6nen Lichtpunkte machen den Pulse zu einem echten Allrounder. Sein stromlinienf\u00f6rmiges Design ist sehr auff\u00e4llig. Der Hotspring Limelight Pulse bietet reichlich Platz f\u00fcr 7 Personen. Gemeinsames Schweben und Entspannen ist jetzt mit 7 Ihrer Freunde m\u00f6glich. Der Pulse Whirlpool hat 50 gro\u00dfartige D\u00fcsen aus Edelstahl, eine mehrfarbige Beleuchtung und eine Vidro-Beleuchtung.     <\/p>\n<h2><strong>Das D\u00fcsensystem des Pulse Whirlpools<\/strong><\/h2>\n<ul>\n<li>XL-D\u00fcsen mit Hydromassage<\/li>\n<li>Hydromassage-D\u00fcsen<\/li>\n<li>Gezielte Jets<\/li>\n<li>Fu\u00dfsystem<\/li>\n<\/ul>\n<h2><strong>Vollst\u00e4ndig anpassbar an Ihren eigenen Geschmack<\/strong><\/h2>\n<p>Das Hot Spring Limelight Pulse Sprudelbad l\u00e4sst sich ganz nach Ihren W\u00fcnschen gestalten. Die H\u00fclle dieses sch\u00f6nen Whirlpools ist in 5 verschiedenen Farben erh\u00e4ltlich. Das Geh\u00e4use des Whirlpools ist in 3 verschiedenen Varianten erh\u00e4ltlich.  <\/p>\n<h1><strong>Technische Daten<\/strong><\/h1>\n<table style=\"height: 311px;\" width=\"662\">\n<tbody>\n<tr>\n<td>Kapazit\u00e4t<\/td>\n<td>7 Erwachsene<\/td>\n<\/tr>\n<tr>\n<td>Abmessungen<\/td>\n<td>2.26m x 2.26m x 0.97m<\/td>\n<\/tr>\n<tr>\n<td>Fassungsverm\u00f6gen Wasser<\/td>\n<td>1450 Liter<\/td>\n<\/tr>\n<tr>\n<td>Anzahl der D\u00fcsen<\/td>\n<td>50<\/td>\n<\/tr>\n<tr>\n<td>Whirlpool-D\u00fcsen<\/td>\n<td>4 kombinierte XL-D\u00fcsen<br \/>\n6 kombinierte D\u00fcsen<\/td>\n<\/tr>\n<tr>\n<td>Beleuchtungssystem<\/td>\n<td>Raio mehrfarbig (32)<\/td>\n<\/tr>\n<tr>\n<td>Wasserspiele<\/td>\n<td>Vidro Wasserfall mit schwarzem Lichtband<\/td>\n<\/tr>\n<tr>\n<td>Kontrollsystem<\/td>\n<td>IQ 2020 mit LCD-Bedienfeld<br \/>\n230V, 50A, 60Hz<br \/>\nInklusive G.F.C.I. gesch\u00fctztem Sub-Panel<\/td>\n<\/tr>\n<tr>\n<td>Heizger\u00e4t<\/td>\n<td>Fehlersicher, 4000W, 230V<\/td>\n<\/tr>\n<tr>\n<td>Strahlpumpe 1<\/td>\n<td>Wavemaster 9200<br \/>\nZwei Geschwindigkeiten<br \/>\n2,5 PS, Dauerbetrieb<br \/>\n5,2 PS, Durchschlagskraft<\/td>\n<\/tr>\n<tr>\n<td>Umw\u00e4lzpumpe<\/td>\n<td>SilentFlo 5000 f\u00fcr leise und kontinuierliche Filtration<\/td>\n<\/tr>\n<tr>\n<td>Optionen f\u00fcr den Wasserschutz<\/td>\n<td>ACe Salzwasserbehandlung<br \/>\nEverFresh System mit Ozon (optional)<\/td>\n<\/tr>\n<tr>\n<td>Effektive Filterfl\u00e4che<\/td>\n<td>65 m2<\/td>\n<\/tr>\n<tr>\n<td>Vinyl-\u00dcberzug<\/td>\n<td>2,5 bis 3,5 verj\u00fcngt<\/td>\n<\/tr>\n<tr>\n<td>Farben des Vinylbezugs<\/td>\n<td>Esche<br \/>\nKastanie<br \/>\nKaramell<br \/>\nImmergr\u00fcn<\/td>\n<\/tr>\n<tr>\n<td>Unterhaltungssystem<\/td>\n<td>Kabelloses Soundsystem<\/td>\n<\/tr>\n<tr>\n<td>Heber f\u00fcr Abdeckungen (optional)<\/td>\n<td>CoverCradle II, Cover Cradle, Lift &#8217;n Glide, UpRite,<\/td>\n<\/tr>\n<tr>\n<td>Treppe<\/td>\n<td>Everwood, Polymer<\/td>\n<\/tr>\n<\/tbody>\n<\/table>\n<h1><strong>\u00dcber den Hotspring Limelight Pulse<\/strong><\/h1>\n<p><iframe title=\"YouTube-Video-Player\" src=\"https:\/\/www.youtube.com\/embed\/NoJBK4DqK3A?si=KziehFEoSOQ5WQ5M\" width=\"560\" height=\"315\" frameborder=\"0\" allowfullscreen=\"allowfullscreen\"><\/iframe><\/p>\n","protected":false},"excerpt":{"rendered":"<p><a href=\"https:\/\/www.spabad.dets.nl\/wp-content\/uploads\/2018\/06\/hotspring-brand-featured.png\"><img decoding=\"async\" class=\"alignnone size-full wp-image-1012\" src=\"https:\/\/www.spabad.dets.nl\/wp-content\/uploads\/2018\/06\/hotspring-brand-featured.png\" alt=\"Logo von Hotspring\" width=\"265\" height=\"87\"><\/a><\/p>\n<p><strong>Eigenschaften Hotspring Limelight Pulse  <\/strong><\/p>\n<ul>\n<li>Leistungsstarke D\u00fcsen<\/li>\n<li>Sch\u00f6ne Lichtpunkte<\/li>\n<li>Schlankes Design<\/li>\n<\/ul>\n","protected":false},"featured_media":15381,"template":"","meta":{"_acf_changed":false},"product_brand":[],"product_cat":[204],"product_tag":[],"class_list":{"0":"post-16464","1":"product","2":"type-product","3":"status-publish","4":"has-post-thumbnail","6":"product_cat-thermalbaeder","8":"first","9":"instock","10":"taxable","11":"shipping-taxable","12":"product-type-simple"},"acf":[],"yoast_head":"<!-- This site is optimized with the Yoast SEO plugin v27.5 - https:\/\/yoast.com\/product\/yoast-seo-wordpress\/ -->\n<title>Hotspring Limelight Pulse - Spabad Limburg<\/title>\n<meta name=\"robots\" content=\"index, follow, max-snippet:-1, max-image-preview:large, max-video-preview:-1\" \/>\n<link rel=\"canonical\" href=\"https:\/\/www.spabad.dets.nl\/de\/product\/hotspring-limelight-pulse\/\" \/>\n<meta property=\"og:locale\" content=\"de_DE\" \/>\n<meta property=\"og:type\" content=\"article\" \/>\n<meta property=\"og:title\" content=\"Hotspring Limelight Pulse - Spabad Limburg\" \/>\n<meta property=\"og:description\" content=\"Eigenschaften Hotspring Limelight Pulse   Leistungsstarke D\u00fcsen  Sch\u00f6ne Lichtpunkte  Schlankes Design\" \/>\n<meta property=\"og:url\" content=\"https:\/\/www.spabad.dets.nl\/de\/product\/hotspring-limelight-pulse\/\" \/>\n<meta property=\"og:site_name\" content=\"Spabad Limburg\" \/>\n<meta property=\"article:modified_time\" content=\"2025-08-12T15:10:23+00:00\" \/>\n<meta property=\"og:image\" content=\"https:\/\/www.spabad.dets.nl\/wp-content\/uploads\/2025\/01\/Hotspring-Limelight-Pulse-bovenaanzicht.jpg\" \/>\n\t<meta property=\"og:image:width\" content=\"1000\" \/>\n\t<meta property=\"og:image:height\" content=\"1000\" \/>\n\t<meta property=\"og:image:type\" content=\"image\/jpeg\" \/>\n<meta name=\"twitter:card\" content=\"summary_large_image\" \/>\n<meta name=\"twitter:label1\" content=\"Gesch\u00e4tzte Lesezeit\" \/>\n\t<meta name=\"twitter:data1\" content=\"1\u00a0Minute\" \/>\n<script type=\"application\/ld+json\" class=\"yoast-schema-graph\">{\"@context\":\"https:\\\/\\\/schema.org\",\"@graph\":[{\"@type\":\"WebPage\",\"@id\":\"https:\\\/\\\/www.spabad.dets.nl\\\/de\\\/product\\\/hotspring-limelight-pulse\\\/\",\"url\":\"https:\\\/\\\/www.spabad.dets.nl\\\/de\\\/product\\\/hotspring-limelight-pulse\\\/\",\"name\":\"Hotspring Limelight Pulse - Spabad Limburg\",\"isPartOf\":{\"@id\":\"https:\\\/\\\/www.spabad.dets.nl\\\/de\\\/#website\"},\"primaryImageOfPage\":{\"@id\":\"https:\\\/\\\/www.spabad.dets.nl\\\/de\\\/product\\\/hotspring-limelight-pulse\\\/#primaryimage\"},\"image\":{\"@id\":\"https:\\\/\\\/www.spabad.dets.nl\\\/de\\\/product\\\/hotspring-limelight-pulse\\\/#primaryimage\"},\"thumbnailUrl\":\"https:\\\/\\\/www.spabad.dets.nl\\\/wp-content\\\/uploads\\\/2025\\\/01\\\/Hotspring-Limelight-Pulse-bovenaanzicht.jpg\",\"datePublished\":\"2025-01-17T10:13:38+00:00\",\"dateModified\":\"2025-08-12T15:10:23+00:00\",\"breadcrumb\":{\"@id\":\"https:\\\/\\\/www.spabad.dets.nl\\\/de\\\/product\\\/hotspring-limelight-pulse\\\/#breadcrumb\"},\"inLanguage\":\"de\",\"potentialAction\":[{\"@type\":\"ReadAction\",\"target\":[\"https:\\\/\\\/www.spabad.dets.nl\\\/de\\\/product\\\/hotspring-limelight-pulse\\\/\"]}]},{\"@type\":\"ImageObject\",\"inLanguage\":\"de\",\"@id\":\"https:\\\/\\\/www.spabad.dets.nl\\\/de\\\/product\\\/hotspring-limelight-pulse\\\/#primaryimage\",\"url\":\"https:\\\/\\\/www.spabad.dets.nl\\\/wp-content\\\/uploads\\\/2025\\\/01\\\/Hotspring-Limelight-Pulse-bovenaanzicht.jpg\",\"contentUrl\":\"https:\\\/\\\/www.spabad.dets.nl\\\/wp-content\\\/uploads\\\/2025\\\/01\\\/Hotspring-Limelight-Pulse-bovenaanzicht.jpg\",\"width\":1000,\"height\":1000},{\"@type\":\"BreadcrumbList\",\"@id\":\"https:\\\/\\\/www.spabad.dets.nl\\\/de\\\/product\\\/hotspring-limelight-pulse\\\/#breadcrumb\",\"itemListElement\":[{\"@type\":\"ListItem\",\"position\":1,\"name\":\"Startseite\",\"item\":\"https:\\\/\\\/www.spabad.dets.nl\\\/de\\\/startseite-2\\\/\"},{\"@type\":\"ListItem\",\"position\":2,\"name\":\"Shop\",\"item\":\"https:\\\/\\\/www.spabad.dets.nl\\\/de\\\/shop-2\\\/\"},{\"@type\":\"ListItem\",\"position\":3,\"name\":\"Wellis Spa B\u00e4der\",\"item\":\"https:\\\/\\\/www.spabad.dets.nl\\\/de\\\/product-categorie\\\/thermalbaeder\\\/\"},{\"@type\":\"ListItem\",\"position\":4,\"name\":\"Hotspring Limelight Pulse\"}]},{\"@type\":\"WebSite\",\"@id\":\"https:\\\/\\\/www.spabad.dets.nl\\\/de\\\/#website\",\"url\":\"https:\\\/\\\/www.spabad.dets.nl\\\/de\\\/\",\"name\":\"Spabad Limburg\",\"description\":\"Jacuzzi's en zwemspa's\",\"publisher\":{\"@id\":\"https:\\\/\\\/www.spabad.dets.nl\\\/de\\\/#organization\"},\"potentialAction\":[{\"@type\":\"SearchAction\",\"target\":{\"@type\":\"EntryPoint\",\"urlTemplate\":\"https:\\\/\\\/www.spabad.dets.nl\\\/de\\\/?s={search_term_string}\"},\"query-input\":{\"@type\":\"PropertyValueSpecification\",\"valueRequired\":true,\"valueName\":\"search_term_string\"}}],\"inLanguage\":\"de\"},{\"@type\":\"Organization\",\"@id\":\"https:\\\/\\\/www.spabad.dets.nl\\\/de\\\/#organization\",\"name\":\"Spabad Limburg\",\"url\":\"https:\\\/\\\/www.spabad.dets.nl\\\/de\\\/\",\"logo\":{\"@type\":\"ImageObject\",\"inLanguage\":\"de\",\"@id\":\"https:\\\/\\\/www.spabad.dets.nl\\\/de\\\/#\\\/schema\\\/logo\\\/image\\\/\",\"url\":\"https:\\\/\\\/www.spabad.dets.nl\\\/wp-content\\\/uploads\\\/2025\\\/01\\\/SpabadLimburg-Logo-Payoff-scaled.png\",\"contentUrl\":\"https:\\\/\\\/www.spabad.dets.nl\\\/wp-content\\\/uploads\\\/2025\\\/01\\\/SpabadLimburg-Logo-Payoff-scaled.png\",\"width\":2560,\"height\":548,\"caption\":\"Spabad Limburg\"},\"image\":{\"@id\":\"https:\\\/\\\/www.spabad.dets.nl\\\/de\\\/#\\\/schema\\\/logo\\\/image\\\/\"}}]}<\/script>\n<!-- \/ Yoast SEO plugin. -->","yoast_head_json":{"title":"Hotspring Limelight Pulse - Spabad Limburg","robots":{"index":"index","follow":"follow","max-snippet":"max-snippet:-1","max-image-preview":"max-image-preview:large","max-video-preview":"max-video-preview:-1"},"canonical":"https:\/\/www.spabad.dets.nl\/de\/product\/hotspring-limelight-pulse\/","og_locale":"de_DE","og_type":"article","og_title":"Hotspring Limelight Pulse - Spabad Limburg","og_description":"Eigenschaften Hotspring Limelight Pulse   Leistungsstarke D\u00fcsen  Sch\u00f6ne Lichtpunkte  Schlankes Design","og_url":"https:\/\/www.spabad.dets.nl\/de\/product\/hotspring-limelight-pulse\/","og_site_name":"Spabad Limburg","article_modified_time":"2025-08-12T15:10:23+00:00","og_image":[{"width":1000,"height":1000,"url":"https:\/\/www.spabad.dets.nl\/wp-content\/uploads\/2025\/01\/Hotspring-Limelight-Pulse-bovenaanzicht.jpg","type":"image\/jpeg"}],"twitter_card":"summary_large_image","twitter_misc":{"Gesch\u00e4tzte Lesezeit":"1\u00a0Minute"},"schema":{"@context":"https:\/\/schema.org","@graph":[{"@type":"WebPage","@id":"https:\/\/www.spabad.dets.nl\/de\/product\/hotspring-limelight-pulse\/","url":"https:\/\/www.spabad.dets.nl\/de\/product\/hotspring-limelight-pulse\/","name":"Hotspring Limelight Pulse - Spabad Limburg","isPartOf":{"@id":"https:\/\/www.spabad.dets.nl\/de\/#website"},"primaryImageOfPage":{"@id":"https:\/\/www.spabad.dets.nl\/de\/product\/hotspring-limelight-pulse\/#primaryimage"},"image":{"@id":"https:\/\/www.spabad.dets.nl\/de\/product\/hotspring-limelight-pulse\/#primaryimage"},"thumbnailUrl":"https:\/\/www.spabad.dets.nl\/wp-content\/uploads\/2025\/01\/Hotspring-Limelight-Pulse-bovenaanzicht.jpg","datePublished":"2025-01-17T10:13:38+00:00","dateModified":"2025-08-12T15:10:23+00:00","breadcrumb":{"@id":"https:\/\/www.spabad.dets.nl\/de\/product\/hotspring-limelight-pulse\/#breadcrumb"},"inLanguage":"de","potentialAction":[{"@type":"ReadAction","target":["https:\/\/www.spabad.dets.nl\/de\/product\/hotspring-limelight-pulse\/"]}]},{"@type":"ImageObject","inLanguage":"de","@id":"https:\/\/www.spabad.dets.nl\/de\/product\/hotspring-limelight-pulse\/#primaryimage","url":"https:\/\/www.spabad.dets.nl\/wp-content\/uploads\/2025\/01\/Hotspring-Limelight-Pulse-bovenaanzicht.jpg","contentUrl":"https:\/\/www.spabad.dets.nl\/wp-content\/uploads\/2025\/01\/Hotspring-Limelight-Pulse-bovenaanzicht.jpg","width":1000,"height":1000},{"@type":"BreadcrumbList","@id":"https:\/\/www.spabad.dets.nl\/de\/product\/hotspring-limelight-pulse\/#breadcrumb","itemListElement":[{"@type":"ListItem","position":1,"name":"Startseite","item":"https:\/\/www.spabad.dets.nl\/de\/startseite-2\/"},{"@type":"ListItem","position":2,"name":"Shop","item":"https:\/\/www.spabad.dets.nl\/de\/shop-2\/"},{"@type":"ListItem","position":3,"name":"Wellis Spa B\u00e4der","item":"https:\/\/www.spabad.dets.nl\/de\/product-categorie\/thermalbaeder\/"},{"@type":"ListItem","position":4,"name":"Hotspring Limelight Pulse"}]},{"@type":"WebSite","@id":"https:\/\/www.spabad.dets.nl\/de\/#website","url":"https:\/\/www.spabad.dets.nl\/de\/","name":"Spabad Limburg","description":"Jacuzzi's en zwemspa's","publisher":{"@id":"https:\/\/www.spabad.dets.nl\/de\/#organization"},"potentialAction":[{"@type":"SearchAction","target":{"@type":"EntryPoint","urlTemplate":"https:\/\/www.spabad.dets.nl\/de\/?s={search_term_string}"},"query-input":{"@type":"PropertyValueSpecification","valueRequired":true,"valueName":"search_term_string"}}],"inLanguage":"de"},{"@type":"Organization","@id":"https:\/\/www.spabad.dets.nl\/de\/#organization","name":"Spabad Limburg","url":"https:\/\/www.spabad.dets.nl\/de\/","logo":{"@type":"ImageObject","inLanguage":"de","@id":"https:\/\/www.spabad.dets.nl\/de\/#\/schema\/logo\/image\/","url":"https:\/\/www.spabad.dets.nl\/wp-content\/uploads\/2025\/01\/SpabadLimburg-Logo-Payoff-scaled.png","contentUrl":"https:\/\/www.spabad.dets.nl\/wp-content\/uploads\/2025\/01\/SpabadLimburg-Logo-Payoff-scaled.png","width":2560,"height":548,"caption":"Spabad Limburg"},"image":{"@id":"https:\/\/www.spabad.dets.nl\/de\/#\/schema\/logo\/image\/"}}]}},"_links":{"self":[{"href":"https:\/\/www.spabad.dets.nl\/de\/wp-json\/wp\/v2\/product\/16464","targetHints":{"allow":["GET"]}}],"collection":[{"href":"https:\/\/www.spabad.dets.nl\/de\/wp-json\/wp\/v2\/product"}],"about":[{"href":"https:\/\/www.spabad.dets.nl\/de\/wp-json\/wp\/v2\/types\/product"}],"version-history":[{"count":0,"href":"https:\/\/www.spabad.dets.nl\/de\/wp-json\/wp\/v2\/product\/16464\/revisions"}],"wp:featuredmedia":[{"embeddable":true,"href":"https:\/\/www.spabad.dets.nl\/de\/wp-json\/wp\/v2\/media\/15381"}],"wp:attachment":[{"href":"https:\/\/www.spabad.dets.nl\/de\/wp-json\/wp\/v2\/media?parent=16464"}],"wp:term":[{"taxonomy":"product_brand","embeddable":true,"href":"https:\/\/www.spabad.dets.nl\/de\/wp-json\/wp\/v2\/product_brand?post=16464"},{"taxonomy":"product_cat","embeddable":true,"href":"https:\/\/www.spabad.dets.nl\/de\/wp-json\/wp\/v2\/product_cat?post=16464"},{"taxonomy":"product_tag","embeddable":true,"href":"https:\/\/www.spabad.dets.nl\/de\/wp-json\/wp\/v2\/product_tag?post=16464"}],"curies":[{"name":"wp","href":"https:\/\/api.w.org\/{rel}","templated":true}]}}