{"id":16462,"date":"2025-01-17T11:13:39","date_gmt":"2025-01-17T10:13:39","guid":{"rendered":"https:\/\/www.spabad.dets.nl\/product\/hotspring-limelight-bolzen\/"},"modified":"2025-11-25T16:09:59","modified_gmt":"2025-11-25T15:09:59","slug":"hotspring-limelight-beam-2","status":"publish","type":"product","link":"https:\/\/www.spabad.dets.nl\/de\/product\/hotspring-limelight-beam-2\/","title":{"rendered":"Hotspring Limelight Beam"},"content":{"rendered":"<h1><strong>Hotspring Limelight Beam<\/strong><\/h1>\n<p>Der Beam Whirlpool von Hotspring Spas ist ein ger\u00e4umiger Jacuzzi f\u00fcr 4 Personen. Der Hot Spring Limelight Beam Whirlpool ist komplett ausgestattet. Nehmen Sie sich Zeit und entspannen Sie sich, lehnen Sie sich zur\u00fcck und genie\u00dfen Sie das herrliche Wasser. Der Beam Whirlpool zeichnet sich durch seine Benutzerfreundlichkeit aus und bietet Platz f\u00fcr 4 Personen. Alles, was Sie brauchen, ist ein normal 16 ampere-Stromanschluss, damit Sie ihn optimal nutzen k\u00f6nnen.<\/p>\n<h2><strong>W\u00e4hlen Sie die Qualit\u00e4t von Hot Spring Spas <\/strong><\/h2>\n<p>In allen Whirlpools von Hot Spring wurden Qualit\u00e4tsd\u00fcsen ausgew\u00e4hlt, die den Bed\u00fcrfnissen der Kunden entsprechen. Der Hotspring Beam Whirlpool von Hotspring verf\u00fcgt \u00fcber insgesamt 17 D\u00fcsen, darunter 1 kombinierte XL-D\u00fcse, 4 kombinierte D\u00fcsen und 12 gezielte D\u00fcsen. Dank dieser Vielfalt bietet der Bolt-Whirlpool ein vielf\u00e4ltiges und gezieltes Angebot an Massagem\u00f6glichkeiten.<\/p>\n<h2><strong>Eine nachhaltige L\u00f6sung f\u00fcr Wellness in Ihrem eigenen Garten<\/strong><\/h2>\n<p>Der Hot Spring Limelight Beam Whirlpool ist ein energieeffizientes Modell. Dank der FiberCor\u00ae Isolierung. Diese sorgt f\u00fcr eine Energiereduzierung und isoliert bis zu 4 Mal besser als Whirlpools mit dem \u00fcblichen 8kg\/m3 Schaummaterial.<\/p>\n<h2><strong>Perfekte Kombination aus sauberem Wasser, Qualit\u00e4t und Design<\/strong><\/h2>\n<p>Dank der speziellen Wasserreinigungsoptionen des Hotspring Jacuzzi Beam werden Sie immer sauberes und klares Wasser genie\u00dfen. Die speziellen und pflegeleichten Wasserreinigungssysteme, darunter das bekannte ACE Salzwassersystem, sorgen f\u00fcr optimalen Komfort.<\/p>\n<p>Die amerikanische Qualit\u00e4t der Hot Spring Whirlpools ist sp\u00fcrbar. Jedes Modell der Hot Spring Whirlpools wird aus den besten Materialien hergestellt. Bei der Gestaltung der Hot Spring Whirlpools wurde an jedes kleine Detail gedacht. Sowohl bei der Verarbeitung, der Benutzerfreundlichkeit und der eingebauten Beleuchtung. Genie\u00dfen Sie mit dem Hot Spring Limelight Beam Whirlpool in vollen Z\u00fcgen.<\/p>\n<p>Das Beam Spa von Hotsprings. Nehmen Sie sich Zeit und entspannen Sie sich, lehnen Sie sich zur\u00fcck und genie\u00dfen Sie das k\u00f6stliche Wasser. Der Bolt Whirlpool zeichnet sich durch seine Benutzerfreundlichkeit aus und bietet Platz f\u00fcr 4 Personen.<\/p>\n<h1><strong>Produkt Spezifikationen<\/strong><\/h1>\n<table style=\"height: 878px;\" width=\"752\">\n<tbody>\n<tr>\n<td>Anzahl der Sitze<\/td>\n<td>4 Erwachsene<\/td>\n<\/tr>\n<tr>\n<td>Abmessungen<\/td>\n<td>2.03m x 2.03m x 0.84m<\/td>\n<\/tr>\n<tr>\n<td>Fassungsverm\u00f6gen Wasser<\/td>\n<td>1100 Liter<\/td>\n<\/tr>\n<tr>\n<td>Gewicht<\/td>\n<td>320 kg trocken<br \/>\n1740 kg gef\u00fcllt*<\/td>\n<\/tr>\n<tr>\n<td>Anzahl der D\u00fcsen<\/td>\n<td>17<\/td>\n<\/tr>\n<tr>\n<td>Kabinenwannen-D\u00fcsen<\/td>\n<td>1 kombinierte XL-D\u00fcse<br \/>\n4 kombinierte D\u00fcsen<br \/>\n12 Richtungsd\u00fcsen<\/td>\n<\/tr>\n<tr>\n<td>Lichtsystem<\/td>\n<td>Raio Mehrfarben-Lichtsystem<\/td>\n<\/tr>\n<tr>\n<td>Kontrollsystem<\/td>\n<td>IQ 2020 mit LCD-Bedienfeld<br \/>\n115W, 20A<br \/>\nInklusive G.F.C.I.-gesch\u00fctztem Netzkabel<br \/>\noder 230V, 50A, 60Hz**<\/td>\n<\/tr>\n<tr>\n<td>Heizger\u00e4t<\/td>\n<td>St\u00f6rungsfrei, 1500W, 115V, oder 6000W, 230V<\/td>\n<\/tr>\n<tr>\n<td>Strahlpumpe 1<\/td>\n<td>Wavemaster 7000<br \/>\nEin-Gang-Pumpe<br \/>\n1,65 PS, Dauerbetrieb<br \/>\n3,5 PS, Durchschlagskraft<\/td>\n<\/tr>\n<tr>\n<td>Umw\u00e4lzpumpe<\/td>\n<td>SilentFlo 5000 f\u00fcr leise und kontinuierliche Filtration<\/td>\n<\/tr>\n<tr>\n<td>Optionen f\u00fcr den Wasserschutz<\/td>\n<td>ACE Salzwasser-Reinigungssystem<br \/>\nEverFresh System mit CD-Ozon (optional)<\/td>\n<\/tr>\n<tr>\n<td>Effektive Filtrationsfl\u00e4che<\/td>\n<td>65 m2<\/td>\n<\/tr>\n<tr>\n<td>Vinyl-\u00dcberzug<\/td>\n<td>3,5 bis 2,5&#8243; verj\u00fcngt<\/td>\n<\/tr>\n<tr>\n<td>Farben des Vinylbezugs<\/td>\n<td>Esche<br \/>\nKastanie<br \/>\nKaramell<br \/>\nImmergr\u00fcn<\/td>\n<\/tr>\n<tr>\n<td>Unterhaltungssystem (optional)<\/td>\n<td>Kabelloses Soundsystem<\/td>\n<\/tr>\n<tr>\n<td>Heber f\u00fcr Abdeckungen (optional)<\/td>\n<td>CoverCradle II, CoverCradle, Lift &#8217;n Glide, UpRite<\/td>\n<\/tr>\n<tr>\n<td>Stufen (optional)<\/td>\n<td>Everwood<br \/>\nPolymer<\/td>\n<\/tr>\n<\/tbody>\n<\/table>\n<h1><strong>\u00dcber die Limelight-Serie von Hotspring<\/strong><\/h1>\n<p><iframe title=\"YouTube-Video-Player\" src=\"https:\/\/www.youtube.com\/embed\/NoJBK4DqK3A?si=KziehFEoSOQ5WQ5M\" width=\"560\" height=\"315\" frameborder=\"0\" allowfullscreen=\"allowfullscreen\"><\/iframe><\/p>\n","protected":false},"excerpt":{"rendered":"<p><a href=\"https:\/\/www.spabad.dets.nl\/wp-content\/uploads\/2018\/06\/hotspring-brand-featured.png\"><img decoding=\"async\" class=\"alignnone size-full wp-image-1012\" src=\"https:\/\/www.spabad.dets.nl\/wp-content\/uploads\/2018\/06\/hotspring-brand-featured.png\" alt=\"Logo von Hotspring\" width=\"265\" height=\"87\" \/><\/a><\/p>\n<p><strong>Eigenschaften Hotspring Limelight Bolt spa <\/strong><\/p>\n<ul>\n<li>4-Personen-Whirlpool<\/li>\n<li>Spezielle Wasseraufbereitungsoptionen<\/li>\n<li>17 D\u00fcsen<\/li>\n<\/ul>\n","protected":false},"featured_media":15383,"template":"","meta":{"_acf_changed":false},"product_brand":[],"product_cat":[204],"product_tag":[],"class_list":{"0":"post-16462","1":"product","2":"type-product","3":"status-publish","4":"has-post-thumbnail","6":"product_cat-thermalbaeder","8":"first","9":"instock","10":"taxable","11":"shipping-taxable","12":"product-type-simple"},"acf":[],"yoast_head":"<!-- This site is optimized with the Yoast SEO plugin v27.5 - https:\/\/yoast.com\/product\/yoast-seo-wordpress\/ -->\n<title>Hotspring Limelight Beam - Spabad Limburg<\/title>\n<meta name=\"description\" content=\"Eines echtes Hotspring Limelight Beam kaufen Sie bei Ihre Regionale spezialist direkt hinter der Grenze in Holland. Mit Lieferung und montage.\" \/>\n<meta name=\"robots\" content=\"index, follow, max-snippet:-1, max-image-preview:large, max-video-preview:-1\" \/>\n<link rel=\"canonical\" href=\"https:\/\/www.spabad.dets.nl\/de\/product\/hotspring-limelight-beam-2\/\" \/>\n<meta property=\"og:locale\" content=\"de_DE\" \/>\n<meta property=\"og:type\" content=\"article\" \/>\n<meta property=\"og:title\" content=\"Hotspring Limelight Beam - Spabad Limburg\" \/>\n<meta property=\"og:description\" content=\"Eines echtes Hotspring Limelight Beam kaufen Sie bei Ihre Regionale spezialist direkt hinter der Grenze in Holland. Mit Lieferung und montage.\" \/>\n<meta property=\"og:url\" content=\"https:\/\/www.spabad.dets.nl\/de\/product\/hotspring-limelight-beam-2\/\" \/>\n<meta property=\"og:site_name\" content=\"Spabad Limburg\" \/>\n<meta property=\"article:modified_time\" content=\"2025-11-25T15:09:59+00:00\" \/>\n<meta property=\"og:image\" content=\"https:\/\/www.spabad.dets.nl\/wp-content\/uploads\/2025\/01\/Hotspring-Limelight-Bolt-bovenaanzicht.jpg\" \/>\n\t<meta property=\"og:image:width\" content=\"1000\" \/>\n\t<meta property=\"og:image:height\" content=\"1000\" \/>\n\t<meta property=\"og:image:type\" content=\"image\/jpeg\" \/>\n<meta name=\"twitter:card\" content=\"summary_large_image\" \/>\n<meta name=\"twitter:label1\" content=\"Gesch\u00e4tzte Lesezeit\" \/>\n\t<meta name=\"twitter:data1\" content=\"3\u00a0Minuten\" \/>\n<script type=\"application\/ld+json\" class=\"yoast-schema-graph\">{\"@context\":\"https:\\\/\\\/schema.org\",\"@graph\":[{\"@type\":\"WebPage\",\"@id\":\"https:\\\/\\\/www.spabad.dets.nl\\\/de\\\/product\\\/hotspring-limelight-beam-2\\\/\",\"url\":\"https:\\\/\\\/www.spabad.dets.nl\\\/de\\\/product\\\/hotspring-limelight-beam-2\\\/\",\"name\":\"Hotspring Limelight Beam - Spabad Limburg\",\"isPartOf\":{\"@id\":\"https:\\\/\\\/www.spabad.dets.nl\\\/de\\\/#website\"},\"primaryImageOfPage\":{\"@id\":\"https:\\\/\\\/www.spabad.dets.nl\\\/de\\\/product\\\/hotspring-limelight-beam-2\\\/#primaryimage\"},\"image\":{\"@id\":\"https:\\\/\\\/www.spabad.dets.nl\\\/de\\\/product\\\/hotspring-limelight-beam-2\\\/#primaryimage\"},\"thumbnailUrl\":\"https:\\\/\\\/www.spabad.dets.nl\\\/wp-content\\\/uploads\\\/2025\\\/01\\\/Hotspring-Limelight-Bolt-bovenaanzicht.jpg\",\"datePublished\":\"2025-01-17T10:13:39+00:00\",\"dateModified\":\"2025-11-25T15:09:59+00:00\",\"description\":\"Eines echtes Hotspring Limelight Beam kaufen Sie bei Ihre Regionale spezialist direkt hinter der Grenze in Holland. Mit Lieferung und montage.\",\"breadcrumb\":{\"@id\":\"https:\\\/\\\/www.spabad.dets.nl\\\/de\\\/product\\\/hotspring-limelight-beam-2\\\/#breadcrumb\"},\"inLanguage\":\"de\",\"potentialAction\":[{\"@type\":\"ReadAction\",\"target\":[\"https:\\\/\\\/www.spabad.dets.nl\\\/de\\\/product\\\/hotspring-limelight-beam-2\\\/\"]}]},{\"@type\":\"ImageObject\",\"inLanguage\":\"de\",\"@id\":\"https:\\\/\\\/www.spabad.dets.nl\\\/de\\\/product\\\/hotspring-limelight-beam-2\\\/#primaryimage\",\"url\":\"https:\\\/\\\/www.spabad.dets.nl\\\/wp-content\\\/uploads\\\/2025\\\/01\\\/Hotspring-Limelight-Bolt-bovenaanzicht.jpg\",\"contentUrl\":\"https:\\\/\\\/www.spabad.dets.nl\\\/wp-content\\\/uploads\\\/2025\\\/01\\\/Hotspring-Limelight-Bolt-bovenaanzicht.jpg\",\"width\":1000,\"height\":1000},{\"@type\":\"BreadcrumbList\",\"@id\":\"https:\\\/\\\/www.spabad.dets.nl\\\/de\\\/product\\\/hotspring-limelight-beam-2\\\/#breadcrumb\",\"itemListElement\":[{\"@type\":\"ListItem\",\"position\":1,\"name\":\"Startseite\",\"item\":\"https:\\\/\\\/www.spabad.dets.nl\\\/de\\\/startseite-2\\\/\"},{\"@type\":\"ListItem\",\"position\":2,\"name\":\"Shop\",\"item\":\"https:\\\/\\\/www.spabad.dets.nl\\\/de\\\/shop-2\\\/\"},{\"@type\":\"ListItem\",\"position\":3,\"name\":\"Wellis Spa B\u00e4der\",\"item\":\"https:\\\/\\\/www.spabad.dets.nl\\\/de\\\/product-categorie\\\/thermalbaeder\\\/\"},{\"@type\":\"ListItem\",\"position\":4,\"name\":\"Hotspring Limelight Beam\"}]},{\"@type\":\"WebSite\",\"@id\":\"https:\\\/\\\/www.spabad.dets.nl\\\/de\\\/#website\",\"url\":\"https:\\\/\\\/www.spabad.dets.nl\\\/de\\\/\",\"name\":\"Spabad Limburg\",\"description\":\"Jacuzzi's en zwemspa's\",\"publisher\":{\"@id\":\"https:\\\/\\\/www.spabad.dets.nl\\\/de\\\/#organization\"},\"potentialAction\":[{\"@type\":\"SearchAction\",\"target\":{\"@type\":\"EntryPoint\",\"urlTemplate\":\"https:\\\/\\\/www.spabad.dets.nl\\\/de\\\/?s={search_term_string}\"},\"query-input\":{\"@type\":\"PropertyValueSpecification\",\"valueRequired\":true,\"valueName\":\"search_term_string\"}}],\"inLanguage\":\"de\"},{\"@type\":\"Organization\",\"@id\":\"https:\\\/\\\/www.spabad.dets.nl\\\/de\\\/#organization\",\"name\":\"Spabad Limburg\",\"url\":\"https:\\\/\\\/www.spabad.dets.nl\\\/de\\\/\",\"logo\":{\"@type\":\"ImageObject\",\"inLanguage\":\"de\",\"@id\":\"https:\\\/\\\/www.spabad.dets.nl\\\/de\\\/#\\\/schema\\\/logo\\\/image\\\/\",\"url\":\"https:\\\/\\\/www.spabad.dets.nl\\\/wp-content\\\/uploads\\\/2025\\\/01\\\/SpabadLimburg-Logo-Payoff-scaled.png\",\"contentUrl\":\"https:\\\/\\\/www.spabad.dets.nl\\\/wp-content\\\/uploads\\\/2025\\\/01\\\/SpabadLimburg-Logo-Payoff-scaled.png\",\"width\":2560,\"height\":548,\"caption\":\"Spabad Limburg\"},\"image\":{\"@id\":\"https:\\\/\\\/www.spabad.dets.nl\\\/de\\\/#\\\/schema\\\/logo\\\/image\\\/\"}}]}<\/script>\n<!-- \/ Yoast SEO plugin. -->","yoast_head_json":{"title":"Hotspring Limelight Beam - Spabad Limburg","description":"Eines echtes Hotspring Limelight Beam kaufen Sie bei Ihre Regionale spezialist direkt hinter der Grenze in Holland. Mit Lieferung und montage.","robots":{"index":"index","follow":"follow","max-snippet":"max-snippet:-1","max-image-preview":"max-image-preview:large","max-video-preview":"max-video-preview:-1"},"canonical":"https:\/\/www.spabad.dets.nl\/de\/product\/hotspring-limelight-beam-2\/","og_locale":"de_DE","og_type":"article","og_title":"Hotspring Limelight Beam - Spabad Limburg","og_description":"Eines echtes Hotspring Limelight Beam kaufen Sie bei Ihre Regionale spezialist direkt hinter der Grenze in Holland. Mit Lieferung und montage.","og_url":"https:\/\/www.spabad.dets.nl\/de\/product\/hotspring-limelight-beam-2\/","og_site_name":"Spabad Limburg","article_modified_time":"2025-11-25T15:09:59+00:00","og_image":[{"width":1000,"height":1000,"url":"https:\/\/www.spabad.dets.nl\/wp-content\/uploads\/2025\/01\/Hotspring-Limelight-Bolt-bovenaanzicht.jpg","type":"image\/jpeg"}],"twitter_card":"summary_large_image","twitter_misc":{"Gesch\u00e4tzte Lesezeit":"3\u00a0Minuten"},"schema":{"@context":"https:\/\/schema.org","@graph":[{"@type":"WebPage","@id":"https:\/\/www.spabad.dets.nl\/de\/product\/hotspring-limelight-beam-2\/","url":"https:\/\/www.spabad.dets.nl\/de\/product\/hotspring-limelight-beam-2\/","name":"Hotspring Limelight Beam - Spabad Limburg","isPartOf":{"@id":"https:\/\/www.spabad.dets.nl\/de\/#website"},"primaryImageOfPage":{"@id":"https:\/\/www.spabad.dets.nl\/de\/product\/hotspring-limelight-beam-2\/#primaryimage"},"image":{"@id":"https:\/\/www.spabad.dets.nl\/de\/product\/hotspring-limelight-beam-2\/#primaryimage"},"thumbnailUrl":"https:\/\/www.spabad.dets.nl\/wp-content\/uploads\/2025\/01\/Hotspring-Limelight-Bolt-bovenaanzicht.jpg","datePublished":"2025-01-17T10:13:39+00:00","dateModified":"2025-11-25T15:09:59+00:00","description":"Eines echtes Hotspring Limelight Beam kaufen Sie bei Ihre Regionale spezialist direkt hinter der Grenze in Holland. Mit Lieferung und montage.","breadcrumb":{"@id":"https:\/\/www.spabad.dets.nl\/de\/product\/hotspring-limelight-beam-2\/#breadcrumb"},"inLanguage":"de","potentialAction":[{"@type":"ReadAction","target":["https:\/\/www.spabad.dets.nl\/de\/product\/hotspring-limelight-beam-2\/"]}]},{"@type":"ImageObject","inLanguage":"de","@id":"https:\/\/www.spabad.dets.nl\/de\/product\/hotspring-limelight-beam-2\/#primaryimage","url":"https:\/\/www.spabad.dets.nl\/wp-content\/uploads\/2025\/01\/Hotspring-Limelight-Bolt-bovenaanzicht.jpg","contentUrl":"https:\/\/www.spabad.dets.nl\/wp-content\/uploads\/2025\/01\/Hotspring-Limelight-Bolt-bovenaanzicht.jpg","width":1000,"height":1000},{"@type":"BreadcrumbList","@id":"https:\/\/www.spabad.dets.nl\/de\/product\/hotspring-limelight-beam-2\/#breadcrumb","itemListElement":[{"@type":"ListItem","position":1,"name":"Startseite","item":"https:\/\/www.spabad.dets.nl\/de\/startseite-2\/"},{"@type":"ListItem","position":2,"name":"Shop","item":"https:\/\/www.spabad.dets.nl\/de\/shop-2\/"},{"@type":"ListItem","position":3,"name":"Wellis Spa B\u00e4der","item":"https:\/\/www.spabad.dets.nl\/de\/product-categorie\/thermalbaeder\/"},{"@type":"ListItem","position":4,"name":"Hotspring Limelight Beam"}]},{"@type":"WebSite","@id":"https:\/\/www.spabad.dets.nl\/de\/#website","url":"https:\/\/www.spabad.dets.nl\/de\/","name":"Spabad Limburg","description":"Jacuzzi's en zwemspa's","publisher":{"@id":"https:\/\/www.spabad.dets.nl\/de\/#organization"},"potentialAction":[{"@type":"SearchAction","target":{"@type":"EntryPoint","urlTemplate":"https:\/\/www.spabad.dets.nl\/de\/?s={search_term_string}"},"query-input":{"@type":"PropertyValueSpecification","valueRequired":true,"valueName":"search_term_string"}}],"inLanguage":"de"},{"@type":"Organization","@id":"https:\/\/www.spabad.dets.nl\/de\/#organization","name":"Spabad Limburg","url":"https:\/\/www.spabad.dets.nl\/de\/","logo":{"@type":"ImageObject","inLanguage":"de","@id":"https:\/\/www.spabad.dets.nl\/de\/#\/schema\/logo\/image\/","url":"https:\/\/www.spabad.dets.nl\/wp-content\/uploads\/2025\/01\/SpabadLimburg-Logo-Payoff-scaled.png","contentUrl":"https:\/\/www.spabad.dets.nl\/wp-content\/uploads\/2025\/01\/SpabadLimburg-Logo-Payoff-scaled.png","width":2560,"height":548,"caption":"Spabad Limburg"},"image":{"@id":"https:\/\/www.spabad.dets.nl\/de\/#\/schema\/logo\/image\/"}}]}},"_links":{"self":[{"href":"https:\/\/www.spabad.dets.nl\/de\/wp-json\/wp\/v2\/product\/16462","targetHints":{"allow":["GET"]}}],"collection":[{"href":"https:\/\/www.spabad.dets.nl\/de\/wp-json\/wp\/v2\/product"}],"about":[{"href":"https:\/\/www.spabad.dets.nl\/de\/wp-json\/wp\/v2\/types\/product"}],"version-history":[{"count":0,"href":"https:\/\/www.spabad.dets.nl\/de\/wp-json\/wp\/v2\/product\/16462\/revisions"}],"wp:featuredmedia":[{"embeddable":true,"href":"https:\/\/www.spabad.dets.nl\/de\/wp-json\/wp\/v2\/media\/15383"}],"wp:attachment":[{"href":"https:\/\/www.spabad.dets.nl\/de\/wp-json\/wp\/v2\/media?parent=16462"}],"wp:term":[{"taxonomy":"product_brand","embeddable":true,"href":"https:\/\/www.spabad.dets.nl\/de\/wp-json\/wp\/v2\/product_brand?post=16462"},{"taxonomy":"product_cat","embeddable":true,"href":"https:\/\/www.spabad.dets.nl\/de\/wp-json\/wp\/v2\/product_cat?post=16462"},{"taxonomy":"product_tag","embeddable":true,"href":"https:\/\/www.spabad.dets.nl\/de\/wp-json\/wp\/v2\/product_tag?post=16462"}],"curies":[{"name":"wp","href":"https:\/\/api.w.org\/{rel}","templated":true}]}}