{"id":16456,"date":"2025-01-17T11:13:39","date_gmt":"2025-01-17T10:13:39","guid":{"rendered":"https:\/\/www.spabad.dets.nl\/product\/hotspring-hotspot-sx-platz\/"},"modified":"2025-11-25T16:04:38","modified_gmt":"2025-11-25T15:04:38","slug":"hotspring-hotspot-sx-square","status":"publish","type":"product","link":"https:\/\/www.spabad.dets.nl\/de\/product\/hotspring-hotspot-sx-square\/","title":{"rendered":"Hotspring Hotspot SX Square"},"content":{"rendered":"<h1><strong>Hotspring SX Square<\/strong><\/h1>\n<p>Das Hotspring SX Square Spa kann als kompaktes, hochmodernes Outdoor-Spa bezeichnet werden. Klein, komfortabel und leistungsstark sind die drei Hauptmerkmale des SX Sqaure. Dieser 3-Personen-Whirlpool ist komplett ausgestattet, einschlie\u00dflich der Moto-Massage-D\u00fcsen und aller anderen Optionen der gr\u00f6\u00dferen Hotspring-Whirlpools. Der Hotspring SX Square ist standardm\u00e4\u00dfig mit der No-Fault\u00ae Heizung und der <sup>FiberCoreTM <\/sup>Isolierung ausgestattet.<\/p>\n<h2><strong>Hotspring SX Jet System<\/strong><\/h2>\n<p>Das SX-Jet-System ist kompakt und leistungsstark. Das SQ Square Spa verf\u00fcgt \u00fcber insgesamt 17 gro\u00dfartige D\u00fcsen, die Verspannungen im R\u00fccken, Nacken und in den Schultern lindern.<\/p>\n<h2><strong>Testen Sie jetzt unverbindlich ein Hotspring Spa<\/strong><\/h2>\n<p>In unserem <a href=\"https:\/\/www.spabad.dets.nl\/de\/kontakt\/\">Megastore in Sittard<\/a> k\u00f6nnen Sie ein Hotspring Spa in aller Ruhe testen und einem unserer Fachleute all Ihre Fragen stellen.<\/p>\n<h1><strong>Technische Daten Hotspring SX Square Spa<\/strong><\/h1>\n<table style=\"height: 14px;\" width=\"737\">\n<tbody>\n<tr>\n<td><strong>Sitzplatzkapazit\u00e4t <\/strong><\/td>\n<td>3 Personen (Erwachsene)<\/td>\n<\/tr>\n<tr>\n<td><strong>Abmessungen <\/strong><\/td>\n<td>1,83 x 1,83 x 0,84 m<\/td>\n<\/tr>\n<tr>\n<td><strong>Fassungsverm\u00f6gen Wasser <\/strong><\/td>\n<td>1075 Liter<\/td>\n<\/tr>\n<tr>\n<td><strong>Gewicht<\/strong><\/td>\n<td>325 kg trocken, 1640 kg gef\u00fcllt<\/td>\n<\/tr>\n<tr>\n<td><strong>Jet Nummer<\/strong><\/td>\n<td>17<\/td>\n<\/tr>\n<tr>\n<td><strong>Whirlpool-D\u00fcsen<\/strong><\/td>\n<td>1 Moto-Massage-D\u00fcsen, 16 gerichtete Pr\u00e4zisionsd\u00fcsen<\/td>\n<\/tr>\n<tr>\n<td><strong>Beleuchtungssystem<\/strong><\/td>\n<td>Blaues LED-Licht, dimmbar Splendors mehrfarbiges LED-Licht, dimmbar (optional)<\/td>\n<\/tr>\n<tr>\n<td><strong>Kontrollsystem<\/strong><\/td>\n<td>IQ 2020 mit LCD-Bedienfeld<br \/>\n115V\/20A<br \/>\nInklusive G.F.C.I. Netzkabel<br \/>\noder 115V\/30A<br \/>\noder 220V\/50A, 60Hz<\/td>\n<\/tr>\n<tr>\n<td><strong>Heizger\u00e4t<\/strong><\/td>\n<td>St\u00f6rungsfrei, 1000W\/115V<\/td>\n<\/tr>\n<tr>\n<td><strong>Strahlpumpe 1 <\/strong><\/td>\n<td>Wavemaster 6000<br \/>\nZwei Geschwindigkeiten<br \/>\n1,5 PS, Dauerbetrieb<br \/>\n3,2 PS, Durchschlagskraft<\/td>\n<\/tr>\n<tr>\n<td><strong>Umw\u00e4lzpumpe<\/strong><\/td>\n<td>SilentFlo 5000 (optional)<br \/>\nSilentFlo 5000 f\u00fcr ger\u00e4uschlose Dauerfiltration<\/td>\n<\/tr>\n<tr>\n<td><strong>Optionen f\u00fcr den Wasserschutz<\/strong><\/td>\n<td>EverFresh System mit CD-Ozon (optional)<\/td>\n<\/tr>\n<tr>\n<td><strong>Effektive Filtrationsfl\u00e4che<\/strong><\/td>\n<td>30 sq ft, von oben beladene Filter<\/td>\n<\/tr>\n<tr>\n<td><strong>Vinyl-Einband <\/strong><\/td>\n<td>3&#8243; bis 2&#8243; verj\u00fcngt<br \/>\n1 lb. dichter Schaumstoffkern<\/td>\n<\/tr>\n<tr>\n<td><strong>Farben des Vinylbezugs<\/strong><\/td>\n<td>Esche<br \/>\nKastanie<br \/>\nKaramell<\/td>\n<\/tr>\n<tr>\n<td><strong>Unterhaltungssystem (optional)<\/strong><\/td>\n<td>Kabelloses Sound-System<\/td>\n<\/tr>\n<tr>\n<td><strong>Cover Lifters (optional)<\/strong><\/td>\n<td>CoverCradle II, Abdeckungshalterung, Lift &#8217;n Glide<\/td>\n<\/tr>\n<tr>\n<td><strong>Stufen (optional)<\/strong><\/td>\n<td>Everwood<br \/>\nPolymer<\/td>\n<\/tr>\n<\/tbody>\n<\/table>\n<p>Preis des Spas auf Anfrage.<\/p>\n","protected":false},"excerpt":{"rendered":"<p><a href=\"https:\/\/www.spabad.dets.nl\/wp-content\/uploads\/2018\/06\/hotspring-brand-featured.png\"><img decoding=\"async\" class=\"alignnone size-full wp-image-1012\" src=\"https:\/\/www.spabad.dets.nl\/wp-content\/uploads\/2018\/06\/hotspring-brand-featured.png\" alt=\"Logo von Hotspring\" width=\"265\" height=\"87\" \/><\/a><\/p>\n<p><strong>Eigenschaften Hotspring SX Square<\/strong><\/p>\n<ul>\n<li>Comptacte 3-Personen-Whirlpool<\/li>\n<li>M\u00f6glichkeiten und Optionen eines gro\u00dfen Hotspring Spa<\/li>\n<li>Viele technische Optionen<\/li>\n<\/ul>\n","protected":false},"featured_media":15394,"template":"","meta":{"_acf_changed":false},"product_brand":[],"product_cat":[204],"product_tag":[],"class_list":{"0":"post-16456","1":"product","2":"type-product","3":"status-publish","4":"has-post-thumbnail","6":"product_cat-thermalbaeder","8":"first","9":"instock","10":"taxable","11":"shipping-taxable","12":"product-type-simple"},"acf":[],"yoast_head":"<!-- This site is optimized with the Yoast SEO plugin v27.5 - https:\/\/yoast.com\/product\/yoast-seo-wordpress\/ -->\n<title>Hotspring Hotspot SX Square - Spabad Limburg<\/title>\n<meta name=\"description\" content=\"Kaufen Sie Hotspring Hotspot SX bei Spabadlimburg, direkt in Ihrer N\u00e4he. Lieferung, Anschluss und Installation. Vollst\u00e4ndig erledigt mit einer perfekten Garantie.\" \/>\n<meta name=\"robots\" content=\"index, follow, max-snippet:-1, max-image-preview:large, max-video-preview:-1\" \/>\n<link rel=\"canonical\" href=\"https:\/\/www.spabad.dets.nl\/de\/product\/hotspring-hotspot-sx-square\/\" \/>\n<meta property=\"og:locale\" content=\"de_DE\" \/>\n<meta property=\"og:type\" content=\"article\" \/>\n<meta property=\"og:title\" content=\"Hotspring Hotspot SX Square - Spabad Limburg\" \/>\n<meta property=\"og:description\" content=\"Kaufen Sie Hotspring Hotspot SX bei Spabadlimburg, direkt in Ihrer N\u00e4he. Lieferung, Anschluss und Installation. Vollst\u00e4ndig erledigt mit einer perfekten Garantie.\" \/>\n<meta property=\"og:url\" content=\"https:\/\/www.spabad.dets.nl\/de\/product\/hotspring-hotspot-sx-square\/\" \/>\n<meta property=\"og:site_name\" content=\"Spabad Limburg\" \/>\n<meta property=\"article:modified_time\" content=\"2025-11-25T15:04:38+00:00\" \/>\n<meta property=\"og:image\" content=\"https:\/\/www.spabad.dets.nl\/wp-content\/uploads\/2025\/01\/Hotspring-SX-Square-bovenaanzicht.jpg\" \/>\n\t<meta property=\"og:image:width\" content=\"1000\" \/>\n\t<meta property=\"og:image:height\" content=\"1000\" \/>\n\t<meta property=\"og:image:type\" content=\"image\/jpeg\" \/>\n<meta name=\"twitter:card\" content=\"summary_large_image\" \/>\n<meta name=\"twitter:label1\" content=\"Gesch\u00e4tzte Lesezeit\" \/>\n\t<meta name=\"twitter:data1\" content=\"2\u00a0Minuten\" \/>\n<script type=\"application\/ld+json\" class=\"yoast-schema-graph\">{\"@context\":\"https:\\\/\\\/schema.org\",\"@graph\":[{\"@type\":\"WebPage\",\"@id\":\"https:\\\/\\\/www.spabad.dets.nl\\\/de\\\/product\\\/hotspring-hotspot-sx-square\\\/\",\"url\":\"https:\\\/\\\/www.spabad.dets.nl\\\/de\\\/product\\\/hotspring-hotspot-sx-square\\\/\",\"name\":\"Hotspring Hotspot SX Square - Spabad Limburg\",\"isPartOf\":{\"@id\":\"https:\\\/\\\/www.spabad.dets.nl\\\/de\\\/#website\"},\"primaryImageOfPage\":{\"@id\":\"https:\\\/\\\/www.spabad.dets.nl\\\/de\\\/product\\\/hotspring-hotspot-sx-square\\\/#primaryimage\"},\"image\":{\"@id\":\"https:\\\/\\\/www.spabad.dets.nl\\\/de\\\/product\\\/hotspring-hotspot-sx-square\\\/#primaryimage\"},\"thumbnailUrl\":\"https:\\\/\\\/www.spabad.dets.nl\\\/wp-content\\\/uploads\\\/2025\\\/01\\\/Hotspring-SX-Square-bovenaanzicht.jpg\",\"datePublished\":\"2025-01-17T10:13:39+00:00\",\"dateModified\":\"2025-11-25T15:04:38+00:00\",\"description\":\"Kaufen Sie Hotspring Hotspot SX bei Spabadlimburg, direkt in Ihrer N\u00e4he. Lieferung, Anschluss und Installation. Vollst\u00e4ndig erledigt mit einer perfekten Garantie.\",\"breadcrumb\":{\"@id\":\"https:\\\/\\\/www.spabad.dets.nl\\\/de\\\/product\\\/hotspring-hotspot-sx-square\\\/#breadcrumb\"},\"inLanguage\":\"de\",\"potentialAction\":[{\"@type\":\"ReadAction\",\"target\":[\"https:\\\/\\\/www.spabad.dets.nl\\\/de\\\/product\\\/hotspring-hotspot-sx-square\\\/\"]}]},{\"@type\":\"ImageObject\",\"inLanguage\":\"de\",\"@id\":\"https:\\\/\\\/www.spabad.dets.nl\\\/de\\\/product\\\/hotspring-hotspot-sx-square\\\/#primaryimage\",\"url\":\"https:\\\/\\\/www.spabad.dets.nl\\\/wp-content\\\/uploads\\\/2025\\\/01\\\/Hotspring-SX-Square-bovenaanzicht.jpg\",\"contentUrl\":\"https:\\\/\\\/www.spabad.dets.nl\\\/wp-content\\\/uploads\\\/2025\\\/01\\\/Hotspring-SX-Square-bovenaanzicht.jpg\",\"width\":1000,\"height\":1000,\"caption\":\"Hotspring Hotspot SX\"},{\"@type\":\"BreadcrumbList\",\"@id\":\"https:\\\/\\\/www.spabad.dets.nl\\\/de\\\/product\\\/hotspring-hotspot-sx-square\\\/#breadcrumb\",\"itemListElement\":[{\"@type\":\"ListItem\",\"position\":1,\"name\":\"Startseite\",\"item\":\"https:\\\/\\\/www.spabad.dets.nl\\\/de\\\/startseite-2\\\/\"},{\"@type\":\"ListItem\",\"position\":2,\"name\":\"Shop\",\"item\":\"https:\\\/\\\/www.spabad.dets.nl\\\/de\\\/shop-2\\\/\"},{\"@type\":\"ListItem\",\"position\":3,\"name\":\"Wellis Spa B\u00e4der\",\"item\":\"https:\\\/\\\/www.spabad.dets.nl\\\/de\\\/product-categorie\\\/thermalbaeder\\\/\"},{\"@type\":\"ListItem\",\"position\":4,\"name\":\"Hotspring Hotspot SX Square\"}]},{\"@type\":\"WebSite\",\"@id\":\"https:\\\/\\\/www.spabad.dets.nl\\\/de\\\/#website\",\"url\":\"https:\\\/\\\/www.spabad.dets.nl\\\/de\\\/\",\"name\":\"Spabad Limburg\",\"description\":\"Jacuzzi's en zwemspa's\",\"publisher\":{\"@id\":\"https:\\\/\\\/www.spabad.dets.nl\\\/de\\\/#organization\"},\"potentialAction\":[{\"@type\":\"SearchAction\",\"target\":{\"@type\":\"EntryPoint\",\"urlTemplate\":\"https:\\\/\\\/www.spabad.dets.nl\\\/de\\\/?s={search_term_string}\"},\"query-input\":{\"@type\":\"PropertyValueSpecification\",\"valueRequired\":true,\"valueName\":\"search_term_string\"}}],\"inLanguage\":\"de\"},{\"@type\":\"Organization\",\"@id\":\"https:\\\/\\\/www.spabad.dets.nl\\\/de\\\/#organization\",\"name\":\"Spabad Limburg\",\"url\":\"https:\\\/\\\/www.spabad.dets.nl\\\/de\\\/\",\"logo\":{\"@type\":\"ImageObject\",\"inLanguage\":\"de\",\"@id\":\"https:\\\/\\\/www.spabad.dets.nl\\\/de\\\/#\\\/schema\\\/logo\\\/image\\\/\",\"url\":\"https:\\\/\\\/www.spabad.dets.nl\\\/wp-content\\\/uploads\\\/2025\\\/01\\\/SpabadLimburg-Logo-Payoff-scaled.png\",\"contentUrl\":\"https:\\\/\\\/www.spabad.dets.nl\\\/wp-content\\\/uploads\\\/2025\\\/01\\\/SpabadLimburg-Logo-Payoff-scaled.png\",\"width\":2560,\"height\":548,\"caption\":\"Spabad Limburg\"},\"image\":{\"@id\":\"https:\\\/\\\/www.spabad.dets.nl\\\/de\\\/#\\\/schema\\\/logo\\\/image\\\/\"}}]}<\/script>\n<!-- \/ Yoast SEO plugin. -->","yoast_head_json":{"title":"Hotspring Hotspot SX Square - Spabad Limburg","description":"Kaufen Sie Hotspring Hotspot SX bei Spabadlimburg, direkt in Ihrer N\u00e4he. Lieferung, Anschluss und Installation. Vollst\u00e4ndig erledigt mit einer perfekten Garantie.","robots":{"index":"index","follow":"follow","max-snippet":"max-snippet:-1","max-image-preview":"max-image-preview:large","max-video-preview":"max-video-preview:-1"},"canonical":"https:\/\/www.spabad.dets.nl\/de\/product\/hotspring-hotspot-sx-square\/","og_locale":"de_DE","og_type":"article","og_title":"Hotspring Hotspot SX Square - Spabad Limburg","og_description":"Kaufen Sie Hotspring Hotspot SX bei Spabadlimburg, direkt in Ihrer N\u00e4he. Lieferung, Anschluss und Installation. Vollst\u00e4ndig erledigt mit einer perfekten Garantie.","og_url":"https:\/\/www.spabad.dets.nl\/de\/product\/hotspring-hotspot-sx-square\/","og_site_name":"Spabad Limburg","article_modified_time":"2025-11-25T15:04:38+00:00","og_image":[{"width":1000,"height":1000,"url":"https:\/\/www.spabad.dets.nl\/wp-content\/uploads\/2025\/01\/Hotspring-SX-Square-bovenaanzicht.jpg","type":"image\/jpeg"}],"twitter_card":"summary_large_image","twitter_misc":{"Gesch\u00e4tzte Lesezeit":"2\u00a0Minuten"},"schema":{"@context":"https:\/\/schema.org","@graph":[{"@type":"WebPage","@id":"https:\/\/www.spabad.dets.nl\/de\/product\/hotspring-hotspot-sx-square\/","url":"https:\/\/www.spabad.dets.nl\/de\/product\/hotspring-hotspot-sx-square\/","name":"Hotspring Hotspot SX Square - Spabad Limburg","isPartOf":{"@id":"https:\/\/www.spabad.dets.nl\/de\/#website"},"primaryImageOfPage":{"@id":"https:\/\/www.spabad.dets.nl\/de\/product\/hotspring-hotspot-sx-square\/#primaryimage"},"image":{"@id":"https:\/\/www.spabad.dets.nl\/de\/product\/hotspring-hotspot-sx-square\/#primaryimage"},"thumbnailUrl":"https:\/\/www.spabad.dets.nl\/wp-content\/uploads\/2025\/01\/Hotspring-SX-Square-bovenaanzicht.jpg","datePublished":"2025-01-17T10:13:39+00:00","dateModified":"2025-11-25T15:04:38+00:00","description":"Kaufen Sie Hotspring Hotspot SX bei Spabadlimburg, direkt in Ihrer N\u00e4he. Lieferung, Anschluss und Installation. Vollst\u00e4ndig erledigt mit einer perfekten Garantie.","breadcrumb":{"@id":"https:\/\/www.spabad.dets.nl\/de\/product\/hotspring-hotspot-sx-square\/#breadcrumb"},"inLanguage":"de","potentialAction":[{"@type":"ReadAction","target":["https:\/\/www.spabad.dets.nl\/de\/product\/hotspring-hotspot-sx-square\/"]}]},{"@type":"ImageObject","inLanguage":"de","@id":"https:\/\/www.spabad.dets.nl\/de\/product\/hotspring-hotspot-sx-square\/#primaryimage","url":"https:\/\/www.spabad.dets.nl\/wp-content\/uploads\/2025\/01\/Hotspring-SX-Square-bovenaanzicht.jpg","contentUrl":"https:\/\/www.spabad.dets.nl\/wp-content\/uploads\/2025\/01\/Hotspring-SX-Square-bovenaanzicht.jpg","width":1000,"height":1000,"caption":"Hotspring Hotspot SX"},{"@type":"BreadcrumbList","@id":"https:\/\/www.spabad.dets.nl\/de\/product\/hotspring-hotspot-sx-square\/#breadcrumb","itemListElement":[{"@type":"ListItem","position":1,"name":"Startseite","item":"https:\/\/www.spabad.dets.nl\/de\/startseite-2\/"},{"@type":"ListItem","position":2,"name":"Shop","item":"https:\/\/www.spabad.dets.nl\/de\/shop-2\/"},{"@type":"ListItem","position":3,"name":"Wellis Spa B\u00e4der","item":"https:\/\/www.spabad.dets.nl\/de\/product-categorie\/thermalbaeder\/"},{"@type":"ListItem","position":4,"name":"Hotspring Hotspot SX Square"}]},{"@type":"WebSite","@id":"https:\/\/www.spabad.dets.nl\/de\/#website","url":"https:\/\/www.spabad.dets.nl\/de\/","name":"Spabad Limburg","description":"Jacuzzi's en zwemspa's","publisher":{"@id":"https:\/\/www.spabad.dets.nl\/de\/#organization"},"potentialAction":[{"@type":"SearchAction","target":{"@type":"EntryPoint","urlTemplate":"https:\/\/www.spabad.dets.nl\/de\/?s={search_term_string}"},"query-input":{"@type":"PropertyValueSpecification","valueRequired":true,"valueName":"search_term_string"}}],"inLanguage":"de"},{"@type":"Organization","@id":"https:\/\/www.spabad.dets.nl\/de\/#organization","name":"Spabad Limburg","url":"https:\/\/www.spabad.dets.nl\/de\/","logo":{"@type":"ImageObject","inLanguage":"de","@id":"https:\/\/www.spabad.dets.nl\/de\/#\/schema\/logo\/image\/","url":"https:\/\/www.spabad.dets.nl\/wp-content\/uploads\/2025\/01\/SpabadLimburg-Logo-Payoff-scaled.png","contentUrl":"https:\/\/www.spabad.dets.nl\/wp-content\/uploads\/2025\/01\/SpabadLimburg-Logo-Payoff-scaled.png","width":2560,"height":548,"caption":"Spabad Limburg"},"image":{"@id":"https:\/\/www.spabad.dets.nl\/de\/#\/schema\/logo\/image\/"}}]}},"_links":{"self":[{"href":"https:\/\/www.spabad.dets.nl\/de\/wp-json\/wp\/v2\/product\/16456","targetHints":{"allow":["GET"]}}],"collection":[{"href":"https:\/\/www.spabad.dets.nl\/de\/wp-json\/wp\/v2\/product"}],"about":[{"href":"https:\/\/www.spabad.dets.nl\/de\/wp-json\/wp\/v2\/types\/product"}],"version-history":[{"count":0,"href":"https:\/\/www.spabad.dets.nl\/de\/wp-json\/wp\/v2\/product\/16456\/revisions"}],"wp:featuredmedia":[{"embeddable":true,"href":"https:\/\/www.spabad.dets.nl\/de\/wp-json\/wp\/v2\/media\/15394"}],"wp:attachment":[{"href":"https:\/\/www.spabad.dets.nl\/de\/wp-json\/wp\/v2\/media?parent=16456"}],"wp:term":[{"taxonomy":"product_brand","embeddable":true,"href":"https:\/\/www.spabad.dets.nl\/de\/wp-json\/wp\/v2\/product_brand?post=16456"},{"taxonomy":"product_cat","embeddable":true,"href":"https:\/\/www.spabad.dets.nl\/de\/wp-json\/wp\/v2\/product_cat?post=16456"},{"taxonomy":"product_tag","embeddable":true,"href":"https:\/\/www.spabad.dets.nl\/de\/wp-json\/wp\/v2\/product_tag?post=16456"}],"curies":[{"name":"wp","href":"https:\/\/api.w.org\/{rel}","templated":true}]}}