{"id":16454,"date":"2025-01-17T11:13:39","date_gmt":"2025-01-17T10:13:39","guid":{"rendered":"https:\/\/www.spabad.dets.nl\/product\/hotspring-highlife-souveraen\/"},"modified":"2025-11-25T16:19:18","modified_gmt":"2025-11-25T15:19:18","slug":"hotspring-highlife-sovereign","status":"publish","type":"product","link":"https:\/\/www.spabad.dets.nl\/de\/product\/hotspring-highlife-sovereign\/","title":{"rendered":"Hotspring Highlife Sovereign"},"content":{"rendered":"<h1><strong>Hotspring Highlife Sovereign<\/strong><\/h1>\n<p>Der Sovereign Spa von Hotspring ist einer der hochwertigen Spas aus der Highlife-Serie. Benutzerfreundlichkeit und Langlebigkeit stehen an erster Stelle. Das merken Sie an seinem niedrigen Stromverbrauch. Unbeschwertes Vergn\u00fcgen steht an erster Stelle. Mit 28 D\u00fcsen k\u00f6nnen Sie sich von dem warmen Wasser und der Wirkung der kraftvollen D\u00fcsen verf\u00fchren lassen. 18 der D\u00fcsen im Highlife Sovereign Spa sind Directional Precision D\u00fcsen. Der Hotspring Highlife Sovereign Whirlpool bietet Platz f\u00fcr 6 Erwachsene.<\/p>\n<h2><strong>Technische Daten Highlife Sovereign Spa<\/strong><\/h2>\n<table style=\"height: 73px;\" width=\"723\">\n<tbody>\n<tr>\n<td>Sitzplatzkapazit\u00e4t<\/td>\n<td>6 Erwachsene<\/td>\n<\/tr>\n<tr>\n<td>Abmessungen<\/td>\n<td>2,03 x 2,36 x 0,84 m<\/td>\n<\/tr>\n<tr>\n<td>Fassungsverm\u00f6gen Wasser<\/td>\n<td>1200 Liter<\/td>\n<\/tr>\n<tr>\n<td>Gewicht<\/td>\n<td>340 kg leer, 2020 kg gef\u00fcllt<\/td>\n<\/tr>\n<tr>\n<td>Anzahl der D\u00fcsen<\/td>\n<td>28<\/td>\n<\/tr>\n<tr>\n<td>Whirlpool-D\u00fcsen<\/td>\n<td>1 Moto-Massage\u00ae DX-D\u00fcse (2)<br \/>\n2 SoothingStream\u00ae-D\u00fcsen<br \/>\n1 JetStream\u00ae-D\u00fcse<br \/>\n2 Rotary Hydromassage-D\u00fcsen<br \/>\n3 Direktionale Hydromassage-D\u00fcsen<br \/>\n18 Direktionale Precision\u00ae-D\u00fcsen<\/td>\n<\/tr>\n<tr>\n<td>Beleuchtungssystem<\/td>\n<td>Luminescence\u00ae Mehrfarbige Vier-Zonen-Beleuchtung<\/td>\n<\/tr>\n<tr>\n<td>Wasserspiele<\/td>\n<td><sup>BellaFontana\u00ae<\/sup> mit 3 beleuchteten Wasserb\u00f6gen<\/td>\n<\/tr>\n<tr>\n<td>Kontrollsystem<\/td>\n<td>IQ 2020\u00ae mit LCD-Bedienfeld<br \/>\n230v\/50amp, 60Hz<br \/>\nInklusive G.F.C.I. gesch\u00fctztem Sub-Panel<\/td>\n<\/tr>\n<tr>\n<td>Heizger\u00e4t<\/td>\n<td>No-Fault\u00ae, 6000w\/230v<\/td>\n<\/tr>\n<tr>\n<td>Strahlpumpe 1<\/td>\n<td>Wavemaster\u00ae 9200<br \/>\nZwei Geschwindigkeiten<br \/>\n2,5 PS, Dauerbetrieb<br \/>\n5,2 PS, Durchschlagskraft<\/td>\n<\/tr>\n<tr>\n<td>Umw\u00e4lzpumpe<\/td>\n<td>SilentFlo 5000\u00ae f\u00fcr ger\u00e4uschlose Dauerfiltration<\/td>\n<\/tr>\n<tr>\n<td>Ozon-System<\/td>\n<td>FreshWater\u00ae III Corona-Entladung<\/td>\n<\/tr>\n<tr>\n<td>Optionen f\u00fcr den Wasserschutz<\/td>\n<td>ACE\u00ae Salzwasserdesinfektionssystem \/ EverFresh\u00ae System<\/td>\n<\/tr>\n<tr>\n<td>Effektive Filtrationsfl\u00e4che<\/td>\n<td>195 m2 Tri-X\u00ae Filter f\u00fcr die obere Beladung; 100% No-Bypass-Filtration<\/td>\n<\/tr>\n<tr>\n<td>Vinyl-Einband<\/td>\n<td>3,5&#8243; bis 2,5&#8243; verj\u00fcngt<br \/>\n2 lb. dichter Schaumstoff mit Scharnierdichtung<\/td>\n<\/tr>\n<tr>\n<td>Farben der Vinylh\u00fclle<\/td>\n<td>Karamell<br \/>\nSchokolade<br \/>\nSchiefer<br \/>\nImmergr\u00fcn<\/td>\n<\/tr>\n<tr>\n<td>Unterhaltungssystem (optional)<\/td>\n<td>Kabelloses Sound-System<\/td>\n<\/tr>\n<tr>\n<td>Heber f\u00fcr Abdeckungen (optional)<\/td>\n<td>CoverCradle II\u00ae, CoverCradle\u00ae, Lift &#8217;n Glide\u00ae, UpRite\u00ae<\/td>\n<\/tr>\n<tr>\n<td>Stufen (optional)<\/td>\n<td>Everwood\u00ae HD<br \/>\nNXT<br \/>\nPolymer<\/td>\n<\/tr>\n<\/tbody>\n<\/table>\n<p>Exportmodelle sind mit 230v, 50Hz, 1500w Heizung erh\u00e4ltlich. Spa Preis auf Anfrage<\/p>\n","protected":false},"excerpt":{"rendered":"<p><a href=\"https:\/\/www.spabad.dets.nl\/wp-content\/uploads\/2018\/06\/hotspring-brand-featured.png\"><img decoding=\"async\" class=\"alignnone size-full wp-image-1012\" src=\"https:\/\/www.spabad.dets.nl\/wp-content\/uploads\/2018\/06\/hotspring-brand-featured.png\" alt=\"Logo von Hotspring\" width=\"265\" height=\"87\" \/><\/a><\/p>\n<p><strong>Eigenschaften Hotspring Highlife Sovereign Spa<\/strong><\/p>\n<ul>\n<li>Geeignet f\u00fcr 6 Personen<\/li>\n<li>Energieeffizient<\/li>\n<li>28 leistungsstarke D\u00fcsen<\/li>\n<\/ul>\n","protected":false},"featured_media":15396,"template":"","meta":{"_acf_changed":false},"product_brand":[],"product_cat":[204],"product_tag":[],"class_list":{"0":"post-16454","1":"product","2":"type-product","3":"status-publish","4":"has-post-thumbnail","6":"product_cat-thermalbaeder","8":"first","9":"instock","10":"taxable","11":"shipping-taxable","12":"product-type-simple"},"acf":[],"yoast_head":"<!-- This site is optimized with the Yoast SEO plugin v27.5 - https:\/\/yoast.com\/product\/yoast-seo-wordpress\/ -->\n<title>Hotspring Highlife Sovereign Au\u00dfenwhirlpool - Spabad Limburg<\/title>\n<meta name=\"description\" content=\"Entdecken Sie den hochwertigen Sovereign Outdoor-Spa aus der Highlife-Serie von Hotspring. Lassen Sie sich von der \u00fcberw\u00e4ltigenden Kraft von 28 D\u00fcsen.\" \/>\n<meta name=\"robots\" content=\"index, follow, max-snippet:-1, max-image-preview:large, max-video-preview:-1\" \/>\n<link rel=\"canonical\" href=\"https:\/\/www.spabad.dets.nl\/de\/product\/hotspring-highlife-sovereign\/\" \/>\n<meta property=\"og:locale\" content=\"de_DE\" \/>\n<meta property=\"og:type\" content=\"article\" \/>\n<meta property=\"og:title\" content=\"Hotspring Highlife Sovereign Au\u00dfenwhirlpool - Spabad Limburg\" \/>\n<meta property=\"og:description\" content=\"Entdecken Sie den hochwertigen Sovereign Outdoor-Spa aus der Highlife-Serie von Hotspring. Lassen Sie sich von der \u00fcberw\u00e4ltigenden Kraft von 28 D\u00fcsen.\" \/>\n<meta property=\"og:url\" content=\"https:\/\/www.spabad.dets.nl\/de\/product\/hotspring-highlife-sovereign\/\" \/>\n<meta property=\"og:site_name\" content=\"Spabad Limburg\" \/>\n<meta property=\"article:modified_time\" content=\"2025-11-25T15:19:18+00:00\" \/>\n<meta property=\"og:image\" content=\"https:\/\/www.spabad.dets.nl\/wp-content\/uploads\/2025\/01\/hotspring-highlife-sovereign-bovenaanzicht.jpg\" \/>\n\t<meta property=\"og:image:width\" content=\"1000\" \/>\n\t<meta property=\"og:image:height\" content=\"1000\" \/>\n\t<meta property=\"og:image:type\" content=\"image\/jpeg\" \/>\n<meta name=\"twitter:card\" content=\"summary_large_image\" \/>\n<meta name=\"twitter:label1\" content=\"Gesch\u00e4tzte Lesezeit\" \/>\n\t<meta name=\"twitter:data1\" content=\"2\u00a0Minuten\" \/>\n<script type=\"application\/ld+json\" class=\"yoast-schema-graph\">{\"@context\":\"https:\\\/\\\/schema.org\",\"@graph\":[{\"@type\":\"WebPage\",\"@id\":\"https:\\\/\\\/www.spabad.dets.nl\\\/de\\\/product\\\/hotspring-highlife-sovereign\\\/\",\"url\":\"https:\\\/\\\/www.spabad.dets.nl\\\/de\\\/product\\\/hotspring-highlife-sovereign\\\/\",\"name\":\"Hotspring Highlife Sovereign Au\u00dfenwhirlpool - Spabad Limburg\",\"isPartOf\":{\"@id\":\"https:\\\/\\\/www.spabad.dets.nl\\\/de\\\/#website\"},\"primaryImageOfPage\":{\"@id\":\"https:\\\/\\\/www.spabad.dets.nl\\\/de\\\/product\\\/hotspring-highlife-sovereign\\\/#primaryimage\"},\"image\":{\"@id\":\"https:\\\/\\\/www.spabad.dets.nl\\\/de\\\/product\\\/hotspring-highlife-sovereign\\\/#primaryimage\"},\"thumbnailUrl\":\"https:\\\/\\\/www.spabad.dets.nl\\\/wp-content\\\/uploads\\\/2025\\\/01\\\/hotspring-highlife-sovereign-bovenaanzicht.jpg\",\"datePublished\":\"2025-01-17T10:13:39+00:00\",\"dateModified\":\"2025-11-25T15:19:18+00:00\",\"description\":\"Entdecken Sie den hochwertigen Sovereign Outdoor-Spa aus der Highlife-Serie von Hotspring. Lassen Sie sich von der \u00fcberw\u00e4ltigenden Kraft von 28 D\u00fcsen.\",\"breadcrumb\":{\"@id\":\"https:\\\/\\\/www.spabad.dets.nl\\\/de\\\/product\\\/hotspring-highlife-sovereign\\\/#breadcrumb\"},\"inLanguage\":\"de\",\"potentialAction\":[{\"@type\":\"ReadAction\",\"target\":[\"https:\\\/\\\/www.spabad.dets.nl\\\/de\\\/product\\\/hotspring-highlife-sovereign\\\/\"]}]},{\"@type\":\"ImageObject\",\"inLanguage\":\"de\",\"@id\":\"https:\\\/\\\/www.spabad.dets.nl\\\/de\\\/product\\\/hotspring-highlife-sovereign\\\/#primaryimage\",\"url\":\"https:\\\/\\\/www.spabad.dets.nl\\\/wp-content\\\/uploads\\\/2025\\\/01\\\/hotspring-highlife-sovereign-bovenaanzicht.jpg\",\"contentUrl\":\"https:\\\/\\\/www.spabad.dets.nl\\\/wp-content\\\/uploads\\\/2025\\\/01\\\/hotspring-highlife-sovereign-bovenaanzicht.jpg\",\"width\":1000,\"height\":1000,\"caption\":\"Hotspring Souver\u00e4n\"},{\"@type\":\"BreadcrumbList\",\"@id\":\"https:\\\/\\\/www.spabad.dets.nl\\\/de\\\/product\\\/hotspring-highlife-sovereign\\\/#breadcrumb\",\"itemListElement\":[{\"@type\":\"ListItem\",\"position\":1,\"name\":\"Startseite\",\"item\":\"https:\\\/\\\/www.spabad.dets.nl\\\/de\\\/startseite-2\\\/\"},{\"@type\":\"ListItem\",\"position\":2,\"name\":\"Shop\",\"item\":\"https:\\\/\\\/www.spabad.dets.nl\\\/de\\\/shop-2\\\/\"},{\"@type\":\"ListItem\",\"position\":3,\"name\":\"Wellis Spa B\u00e4der\",\"item\":\"https:\\\/\\\/www.spabad.dets.nl\\\/de\\\/product-categorie\\\/thermalbaeder\\\/\"},{\"@type\":\"ListItem\",\"position\":4,\"name\":\"Hotspring Highlife Sovereign\"}]},{\"@type\":\"WebSite\",\"@id\":\"https:\\\/\\\/www.spabad.dets.nl\\\/de\\\/#website\",\"url\":\"https:\\\/\\\/www.spabad.dets.nl\\\/de\\\/\",\"name\":\"Spabad Limburg\",\"description\":\"Jacuzzi's en zwemspa's\",\"publisher\":{\"@id\":\"https:\\\/\\\/www.spabad.dets.nl\\\/de\\\/#organization\"},\"potentialAction\":[{\"@type\":\"SearchAction\",\"target\":{\"@type\":\"EntryPoint\",\"urlTemplate\":\"https:\\\/\\\/www.spabad.dets.nl\\\/de\\\/?s={search_term_string}\"},\"query-input\":{\"@type\":\"PropertyValueSpecification\",\"valueRequired\":true,\"valueName\":\"search_term_string\"}}],\"inLanguage\":\"de\"},{\"@type\":\"Organization\",\"@id\":\"https:\\\/\\\/www.spabad.dets.nl\\\/de\\\/#organization\",\"name\":\"Spabad Limburg\",\"url\":\"https:\\\/\\\/www.spabad.dets.nl\\\/de\\\/\",\"logo\":{\"@type\":\"ImageObject\",\"inLanguage\":\"de\",\"@id\":\"https:\\\/\\\/www.spabad.dets.nl\\\/de\\\/#\\\/schema\\\/logo\\\/image\\\/\",\"url\":\"https:\\\/\\\/www.spabad.dets.nl\\\/wp-content\\\/uploads\\\/2025\\\/01\\\/SpabadLimburg-Logo-Payoff-scaled.png\",\"contentUrl\":\"https:\\\/\\\/www.spabad.dets.nl\\\/wp-content\\\/uploads\\\/2025\\\/01\\\/SpabadLimburg-Logo-Payoff-scaled.png\",\"width\":2560,\"height\":548,\"caption\":\"Spabad Limburg\"},\"image\":{\"@id\":\"https:\\\/\\\/www.spabad.dets.nl\\\/de\\\/#\\\/schema\\\/logo\\\/image\\\/\"}}]}<\/script>\n<!-- \/ Yoast SEO plugin. -->","yoast_head_json":{"title":"Hotspring Highlife Sovereign Au\u00dfenwhirlpool - Spabad Limburg","description":"Entdecken Sie den hochwertigen Sovereign Outdoor-Spa aus der Highlife-Serie von Hotspring. Lassen Sie sich von der \u00fcberw\u00e4ltigenden Kraft von 28 D\u00fcsen.","robots":{"index":"index","follow":"follow","max-snippet":"max-snippet:-1","max-image-preview":"max-image-preview:large","max-video-preview":"max-video-preview:-1"},"canonical":"https:\/\/www.spabad.dets.nl\/de\/product\/hotspring-highlife-sovereign\/","og_locale":"de_DE","og_type":"article","og_title":"Hotspring Highlife Sovereign Au\u00dfenwhirlpool - Spabad Limburg","og_description":"Entdecken Sie den hochwertigen Sovereign Outdoor-Spa aus der Highlife-Serie von Hotspring. Lassen Sie sich von der \u00fcberw\u00e4ltigenden Kraft von 28 D\u00fcsen.","og_url":"https:\/\/www.spabad.dets.nl\/de\/product\/hotspring-highlife-sovereign\/","og_site_name":"Spabad Limburg","article_modified_time":"2025-11-25T15:19:18+00:00","og_image":[{"width":1000,"height":1000,"url":"https:\/\/www.spabad.dets.nl\/wp-content\/uploads\/2025\/01\/hotspring-highlife-sovereign-bovenaanzicht.jpg","type":"image\/jpeg"}],"twitter_card":"summary_large_image","twitter_misc":{"Gesch\u00e4tzte Lesezeit":"2\u00a0Minuten"},"schema":{"@context":"https:\/\/schema.org","@graph":[{"@type":"WebPage","@id":"https:\/\/www.spabad.dets.nl\/de\/product\/hotspring-highlife-sovereign\/","url":"https:\/\/www.spabad.dets.nl\/de\/product\/hotspring-highlife-sovereign\/","name":"Hotspring Highlife Sovereign Au\u00dfenwhirlpool - Spabad Limburg","isPartOf":{"@id":"https:\/\/www.spabad.dets.nl\/de\/#website"},"primaryImageOfPage":{"@id":"https:\/\/www.spabad.dets.nl\/de\/product\/hotspring-highlife-sovereign\/#primaryimage"},"image":{"@id":"https:\/\/www.spabad.dets.nl\/de\/product\/hotspring-highlife-sovereign\/#primaryimage"},"thumbnailUrl":"https:\/\/www.spabad.dets.nl\/wp-content\/uploads\/2025\/01\/hotspring-highlife-sovereign-bovenaanzicht.jpg","datePublished":"2025-01-17T10:13:39+00:00","dateModified":"2025-11-25T15:19:18+00:00","description":"Entdecken Sie den hochwertigen Sovereign Outdoor-Spa aus der Highlife-Serie von Hotspring. Lassen Sie sich von der \u00fcberw\u00e4ltigenden Kraft von 28 D\u00fcsen.","breadcrumb":{"@id":"https:\/\/www.spabad.dets.nl\/de\/product\/hotspring-highlife-sovereign\/#breadcrumb"},"inLanguage":"de","potentialAction":[{"@type":"ReadAction","target":["https:\/\/www.spabad.dets.nl\/de\/product\/hotspring-highlife-sovereign\/"]}]},{"@type":"ImageObject","inLanguage":"de","@id":"https:\/\/www.spabad.dets.nl\/de\/product\/hotspring-highlife-sovereign\/#primaryimage","url":"https:\/\/www.spabad.dets.nl\/wp-content\/uploads\/2025\/01\/hotspring-highlife-sovereign-bovenaanzicht.jpg","contentUrl":"https:\/\/www.spabad.dets.nl\/wp-content\/uploads\/2025\/01\/hotspring-highlife-sovereign-bovenaanzicht.jpg","width":1000,"height":1000,"caption":"Hotspring Souver\u00e4n"},{"@type":"BreadcrumbList","@id":"https:\/\/www.spabad.dets.nl\/de\/product\/hotspring-highlife-sovereign\/#breadcrumb","itemListElement":[{"@type":"ListItem","position":1,"name":"Startseite","item":"https:\/\/www.spabad.dets.nl\/de\/startseite-2\/"},{"@type":"ListItem","position":2,"name":"Shop","item":"https:\/\/www.spabad.dets.nl\/de\/shop-2\/"},{"@type":"ListItem","position":3,"name":"Wellis Spa B\u00e4der","item":"https:\/\/www.spabad.dets.nl\/de\/product-categorie\/thermalbaeder\/"},{"@type":"ListItem","position":4,"name":"Hotspring Highlife Sovereign"}]},{"@type":"WebSite","@id":"https:\/\/www.spabad.dets.nl\/de\/#website","url":"https:\/\/www.spabad.dets.nl\/de\/","name":"Spabad Limburg","description":"Jacuzzi's en zwemspa's","publisher":{"@id":"https:\/\/www.spabad.dets.nl\/de\/#organization"},"potentialAction":[{"@type":"SearchAction","target":{"@type":"EntryPoint","urlTemplate":"https:\/\/www.spabad.dets.nl\/de\/?s={search_term_string}"},"query-input":{"@type":"PropertyValueSpecification","valueRequired":true,"valueName":"search_term_string"}}],"inLanguage":"de"},{"@type":"Organization","@id":"https:\/\/www.spabad.dets.nl\/de\/#organization","name":"Spabad Limburg","url":"https:\/\/www.spabad.dets.nl\/de\/","logo":{"@type":"ImageObject","inLanguage":"de","@id":"https:\/\/www.spabad.dets.nl\/de\/#\/schema\/logo\/image\/","url":"https:\/\/www.spabad.dets.nl\/wp-content\/uploads\/2025\/01\/SpabadLimburg-Logo-Payoff-scaled.png","contentUrl":"https:\/\/www.spabad.dets.nl\/wp-content\/uploads\/2025\/01\/SpabadLimburg-Logo-Payoff-scaled.png","width":2560,"height":548,"caption":"Spabad Limburg"},"image":{"@id":"https:\/\/www.spabad.dets.nl\/de\/#\/schema\/logo\/image\/"}}]}},"_links":{"self":[{"href":"https:\/\/www.spabad.dets.nl\/de\/wp-json\/wp\/v2\/product\/16454","targetHints":{"allow":["GET"]}}],"collection":[{"href":"https:\/\/www.spabad.dets.nl\/de\/wp-json\/wp\/v2\/product"}],"about":[{"href":"https:\/\/www.spabad.dets.nl\/de\/wp-json\/wp\/v2\/types\/product"}],"version-history":[{"count":0,"href":"https:\/\/www.spabad.dets.nl\/de\/wp-json\/wp\/v2\/product\/16454\/revisions"}],"wp:featuredmedia":[{"embeddable":true,"href":"https:\/\/www.spabad.dets.nl\/de\/wp-json\/wp\/v2\/media\/15396"}],"wp:attachment":[{"href":"https:\/\/www.spabad.dets.nl\/de\/wp-json\/wp\/v2\/media?parent=16454"}],"wp:term":[{"taxonomy":"product_brand","embeddable":true,"href":"https:\/\/www.spabad.dets.nl\/de\/wp-json\/wp\/v2\/product_brand?post=16454"},{"taxonomy":"product_cat","embeddable":true,"href":"https:\/\/www.spabad.dets.nl\/de\/wp-json\/wp\/v2\/product_cat?post=16454"},{"taxonomy":"product_tag","embeddable":true,"href":"https:\/\/www.spabad.dets.nl\/de\/wp-json\/wp\/v2\/product_tag?post=16454"}],"curies":[{"name":"wp","href":"https:\/\/api.w.org\/{rel}","templated":true}]}}