{"id":16452,"date":"2025-01-17T11:13:39","date_gmt":"2025-01-17T10:13:39","guid":{"rendered":"https:\/\/www.spabad.dets.nl\/product\/passion-magic-moschus-aromatherapie\/"},"modified":"2025-07-21T07:44:09","modified_gmt":"2025-07-21T05:44:09","slug":"passion-magic-moschus-aromatherapie","status":"publish","type":"product","link":"https:\/\/www.spabad.dets.nl\/de\/product\/passion-magic-moschus-aromatherapie\/","title":{"rendered":"Passion Magic Moschus Aromatherapie"},"content":{"rendered":"<h1><strong>Passion Magic Moschus Aromatherapie<\/strong><\/h1>\n<p>Passion Magic Musk Aromatherapie ist f\u00fcr Whirlpools, aufblasbare Spas und Jacuzzis geeignet. Passion hat eine Reihe von wunderbaren Aromatherapieprodukten entwickelt. Eines davon ist die Magic Moschus-Aromatherapie. Diese Aromatherapie besteht aus sorgf\u00e4ltig ausgew\u00e4hlten Kr\u00e4utermischungen und Duftstoffen.   <\/p>\n<h2><strong>Eigenschaften Passion Magic Musk<\/strong><\/h2>\n<ul>\n<li>Abenteuerlich;<\/li>\n<li>Aktivieren;<\/li>\n<li>Verf\u00fchren Sie und st\u00e4rken Sie die inneren Leidenschaften.<\/li>\n<\/ul>\n<p>Magic Musk Aromatherapie gibt Ihnen die Ruhe, die Sie nach einem anstrengenden Arbeitstag brauchen. Die Aromatherapie von Passion wird perfekt von der Haut aufgenommen, da die Aromatherapie vollst\u00e4ndig in das Wasser absorbiert wird. <\/p>\n<h2><strong>Pluspunkte dieser Aromatherapie<\/strong><\/h2>\n<ul>\n<li>L\u00f6st sich vollst\u00e4ndig im Badewasser auf;<\/li>\n<li>Nicht fettendes Produkt;<\/li>\n<li>Aromatherapie auf der Basis von \u00e4therischen \u00d6len und Kr\u00e4utern.<\/li>\n<\/ul>\n<p>Achten Sie bei der Dosierung darauf, dass Sie 2-3 Verschlusskappen beibehalten. Entdecken Sie die Kraft und den Luxus der Aromatherapie im Wasser Ihres Whirlpools oder Sprudelbads. <\/p>\n","protected":false},"excerpt":{"rendered":"<p>Passion Magic Moschus Aromatherapie<\/p>\n","protected":false},"featured_media":15400,"template":"","meta":{"_acf_changed":false},"product_brand":[],"product_cat":[245,209,211],"product_tag":[],"class_list":{"0":"post-16452","1":"product","2":"type-product","3":"status-publish","4":"has-post-thumbnail","6":"product_cat-aromatherapie-de","7":"product_cat-pflegeprodukte","8":"product_cat-spa-de","10":"first","11":"outofstock","12":"taxable","13":"shipping-taxable","14":"product-type-variable"},"acf":[],"yoast_head":"<!-- This site is optimized with the Yoast SEO plugin v27.5 - https:\/\/yoast.com\/product\/yoast-seo-wordpress\/ -->\n<title>Passion Magic Moschus Aromatherapie | l\u00f6st sich vollst\u00e4ndig im Thermalwasser auf - Spabad Limburg<\/title>\n<meta name=\"description\" content=\"Passion Magic Moschus Aromatherapie. Verf\u00fchrt und steigert die inneren Leidenschaften. Magic Musk ost l\u00f6st sich vollst\u00e4ndig im Spa-Wasser auf und ist nicht fettend.\" \/>\n<meta name=\"robots\" content=\"index, follow, max-snippet:-1, max-image-preview:large, max-video-preview:-1\" \/>\n<link rel=\"canonical\" href=\"https:\/\/www.spabad.dets.nl\/de\/product\/passion-magic-moschus-aromatherapie\/\" \/>\n<meta property=\"og:locale\" content=\"de_DE\" \/>\n<meta property=\"og:type\" content=\"article\" \/>\n<meta property=\"og:title\" content=\"Passion Magic Moschus Aromatherapie | l\u00f6st sich vollst\u00e4ndig im Thermalwasser auf - Spabad Limburg\" \/>\n<meta property=\"og:description\" content=\"Passion Magic Moschus Aromatherapie. Verf\u00fchrt und steigert die inneren Leidenschaften. Magic Musk ost l\u00f6st sich vollst\u00e4ndig im Spa-Wasser auf und ist nicht fettend.\" \/>\n<meta property=\"og:url\" content=\"https:\/\/www.spabad.dets.nl\/de\/product\/passion-magic-moschus-aromatherapie\/\" \/>\n<meta property=\"og:site_name\" content=\"Spabad Limburg\" \/>\n<meta property=\"article:modified_time\" content=\"2025-07-21T05:44:09+00:00\" \/>\n<meta property=\"og:image\" content=\"https:\/\/www.spabad.dets.nl\/wp-content\/uploads\/2025\/01\/passion-magic-musk-aromatherapie.jpg\" \/>\n\t<meta property=\"og:image:width\" content=\"1000\" \/>\n\t<meta property=\"og:image:height\" content=\"1000\" \/>\n\t<meta property=\"og:image:type\" content=\"image\/jpeg\" \/>\n<meta name=\"twitter:card\" content=\"summary_large_image\" \/>\n<meta name=\"twitter:label1\" content=\"Gesch\u00e4tzte Lesezeit\" \/>\n\t<meta name=\"twitter:data1\" content=\"1\u00a0Minute\" \/>\n<script type=\"application\/ld+json\" class=\"yoast-schema-graph\">{\"@context\":\"https:\\\/\\\/schema.org\",\"@graph\":[{\"@type\":\"WebPage\",\"@id\":\"https:\\\/\\\/www.spabad.dets.nl\\\/de\\\/product\\\/passion-magic-moschus-aromatherapie\\\/\",\"url\":\"https:\\\/\\\/www.spabad.dets.nl\\\/de\\\/product\\\/passion-magic-moschus-aromatherapie\\\/\",\"name\":\"Passion Magic Moschus Aromatherapie | l\u00f6st sich vollst\u00e4ndig im Thermalwasser auf - Spabad Limburg\",\"isPartOf\":{\"@id\":\"https:\\\/\\\/www.spabad.dets.nl\\\/de\\\/#website\"},\"primaryImageOfPage\":{\"@id\":\"https:\\\/\\\/www.spabad.dets.nl\\\/de\\\/product\\\/passion-magic-moschus-aromatherapie\\\/#primaryimage\"},\"image\":{\"@id\":\"https:\\\/\\\/www.spabad.dets.nl\\\/de\\\/product\\\/passion-magic-moschus-aromatherapie\\\/#primaryimage\"},\"thumbnailUrl\":\"https:\\\/\\\/www.spabad.dets.nl\\\/wp-content\\\/uploads\\\/2025\\\/01\\\/passion-magic-musk-aromatherapie.jpg\",\"datePublished\":\"2025-01-17T10:13:39+00:00\",\"dateModified\":\"2025-07-21T05:44:09+00:00\",\"description\":\"Passion Magic Moschus Aromatherapie. Verf\u00fchrt und steigert die inneren Leidenschaften. Magic Musk ost l\u00f6st sich vollst\u00e4ndig im Spa-Wasser auf und ist nicht fettend.\",\"breadcrumb\":{\"@id\":\"https:\\\/\\\/www.spabad.dets.nl\\\/de\\\/product\\\/passion-magic-moschus-aromatherapie\\\/#breadcrumb\"},\"inLanguage\":\"de\",\"potentialAction\":[{\"@type\":\"ReadAction\",\"target\":[\"https:\\\/\\\/www.spabad.dets.nl\\\/de\\\/product\\\/passion-magic-moschus-aromatherapie\\\/\"]}]},{\"@type\":\"ImageObject\",\"inLanguage\":\"de\",\"@id\":\"https:\\\/\\\/www.spabad.dets.nl\\\/de\\\/product\\\/passion-magic-moschus-aromatherapie\\\/#primaryimage\",\"url\":\"https:\\\/\\\/www.spabad.dets.nl\\\/wp-content\\\/uploads\\\/2025\\\/01\\\/passion-magic-musk-aromatherapie.jpg\",\"contentUrl\":\"https:\\\/\\\/www.spabad.dets.nl\\\/wp-content\\\/uploads\\\/2025\\\/01\\\/passion-magic-musk-aromatherapie.jpg\",\"width\":1000,\"height\":1000},{\"@type\":\"BreadcrumbList\",\"@id\":\"https:\\\/\\\/www.spabad.dets.nl\\\/de\\\/product\\\/passion-magic-moschus-aromatherapie\\\/#breadcrumb\",\"itemListElement\":[{\"@type\":\"ListItem\",\"position\":1,\"name\":\"Startseite\",\"item\":\"https:\\\/\\\/www.spabad.dets.nl\\\/de\\\/startseite-2\\\/\"},{\"@type\":\"ListItem\",\"position\":2,\"name\":\"Shop\",\"item\":\"https:\\\/\\\/www.spabad.dets.nl\\\/de\\\/shop-2\\\/\"},{\"@type\":\"ListItem\",\"position\":3,\"name\":\"Aromatherapie\",\"item\":\"https:\\\/\\\/www.spabad.dets.nl\\\/de\\\/product-categorie\\\/aromatherapie-de\\\/\"},{\"@type\":\"ListItem\",\"position\":4,\"name\":\"Passion Magic Moschus Aromatherapie\"}]},{\"@type\":\"WebSite\",\"@id\":\"https:\\\/\\\/www.spabad.dets.nl\\\/de\\\/#website\",\"url\":\"https:\\\/\\\/www.spabad.dets.nl\\\/de\\\/\",\"name\":\"Spabad Limburg\",\"description\":\"Jacuzzi's en zwemspa's\",\"publisher\":{\"@id\":\"https:\\\/\\\/www.spabad.dets.nl\\\/de\\\/#organization\"},\"potentialAction\":[{\"@type\":\"SearchAction\",\"target\":{\"@type\":\"EntryPoint\",\"urlTemplate\":\"https:\\\/\\\/www.spabad.dets.nl\\\/de\\\/?s={search_term_string}\"},\"query-input\":{\"@type\":\"PropertyValueSpecification\",\"valueRequired\":true,\"valueName\":\"search_term_string\"}}],\"inLanguage\":\"de\"},{\"@type\":\"Organization\",\"@id\":\"https:\\\/\\\/www.spabad.dets.nl\\\/de\\\/#organization\",\"name\":\"Spabad Limburg\",\"url\":\"https:\\\/\\\/www.spabad.dets.nl\\\/de\\\/\",\"logo\":{\"@type\":\"ImageObject\",\"inLanguage\":\"de\",\"@id\":\"https:\\\/\\\/www.spabad.dets.nl\\\/de\\\/#\\\/schema\\\/logo\\\/image\\\/\",\"url\":\"https:\\\/\\\/www.spabad.dets.nl\\\/wp-content\\\/uploads\\\/2025\\\/01\\\/SpabadLimburg-Logo-Payoff-scaled.png\",\"contentUrl\":\"https:\\\/\\\/www.spabad.dets.nl\\\/wp-content\\\/uploads\\\/2025\\\/01\\\/SpabadLimburg-Logo-Payoff-scaled.png\",\"width\":2560,\"height\":548,\"caption\":\"Spabad Limburg\"},\"image\":{\"@id\":\"https:\\\/\\\/www.spabad.dets.nl\\\/de\\\/#\\\/schema\\\/logo\\\/image\\\/\"}}]}<\/script>\n<!-- \/ Yoast SEO plugin. -->","yoast_head_json":{"title":"Passion Magic Moschus Aromatherapie | l\u00f6st sich vollst\u00e4ndig im Thermalwasser auf - Spabad Limburg","description":"Passion Magic Moschus Aromatherapie. Verf\u00fchrt und steigert die inneren Leidenschaften. Magic Musk ost l\u00f6st sich vollst\u00e4ndig im Spa-Wasser auf und ist nicht fettend.","robots":{"index":"index","follow":"follow","max-snippet":"max-snippet:-1","max-image-preview":"max-image-preview:large","max-video-preview":"max-video-preview:-1"},"canonical":"https:\/\/www.spabad.dets.nl\/de\/product\/passion-magic-moschus-aromatherapie\/","og_locale":"de_DE","og_type":"article","og_title":"Passion Magic Moschus Aromatherapie | l\u00f6st sich vollst\u00e4ndig im Thermalwasser auf - Spabad Limburg","og_description":"Passion Magic Moschus Aromatherapie. Verf\u00fchrt und steigert die inneren Leidenschaften. Magic Musk ost l\u00f6st sich vollst\u00e4ndig im Spa-Wasser auf und ist nicht fettend.","og_url":"https:\/\/www.spabad.dets.nl\/de\/product\/passion-magic-moschus-aromatherapie\/","og_site_name":"Spabad Limburg","article_modified_time":"2025-07-21T05:44:09+00:00","og_image":[{"width":1000,"height":1000,"url":"https:\/\/www.spabad.dets.nl\/wp-content\/uploads\/2025\/01\/passion-magic-musk-aromatherapie.jpg","type":"image\/jpeg"}],"twitter_card":"summary_large_image","twitter_misc":{"Gesch\u00e4tzte Lesezeit":"1\u00a0Minute"},"schema":{"@context":"https:\/\/schema.org","@graph":[{"@type":"WebPage","@id":"https:\/\/www.spabad.dets.nl\/de\/product\/passion-magic-moschus-aromatherapie\/","url":"https:\/\/www.spabad.dets.nl\/de\/product\/passion-magic-moschus-aromatherapie\/","name":"Passion Magic Moschus Aromatherapie | l\u00f6st sich vollst\u00e4ndig im Thermalwasser auf - Spabad Limburg","isPartOf":{"@id":"https:\/\/www.spabad.dets.nl\/de\/#website"},"primaryImageOfPage":{"@id":"https:\/\/www.spabad.dets.nl\/de\/product\/passion-magic-moschus-aromatherapie\/#primaryimage"},"image":{"@id":"https:\/\/www.spabad.dets.nl\/de\/product\/passion-magic-moschus-aromatherapie\/#primaryimage"},"thumbnailUrl":"https:\/\/www.spabad.dets.nl\/wp-content\/uploads\/2025\/01\/passion-magic-musk-aromatherapie.jpg","datePublished":"2025-01-17T10:13:39+00:00","dateModified":"2025-07-21T05:44:09+00:00","description":"Passion Magic Moschus Aromatherapie. Verf\u00fchrt und steigert die inneren Leidenschaften. Magic Musk ost l\u00f6st sich vollst\u00e4ndig im Spa-Wasser auf und ist nicht fettend.","breadcrumb":{"@id":"https:\/\/www.spabad.dets.nl\/de\/product\/passion-magic-moschus-aromatherapie\/#breadcrumb"},"inLanguage":"de","potentialAction":[{"@type":"ReadAction","target":["https:\/\/www.spabad.dets.nl\/de\/product\/passion-magic-moschus-aromatherapie\/"]}]},{"@type":"ImageObject","inLanguage":"de","@id":"https:\/\/www.spabad.dets.nl\/de\/product\/passion-magic-moschus-aromatherapie\/#primaryimage","url":"https:\/\/www.spabad.dets.nl\/wp-content\/uploads\/2025\/01\/passion-magic-musk-aromatherapie.jpg","contentUrl":"https:\/\/www.spabad.dets.nl\/wp-content\/uploads\/2025\/01\/passion-magic-musk-aromatherapie.jpg","width":1000,"height":1000},{"@type":"BreadcrumbList","@id":"https:\/\/www.spabad.dets.nl\/de\/product\/passion-magic-moschus-aromatherapie\/#breadcrumb","itemListElement":[{"@type":"ListItem","position":1,"name":"Startseite","item":"https:\/\/www.spabad.dets.nl\/de\/startseite-2\/"},{"@type":"ListItem","position":2,"name":"Shop","item":"https:\/\/www.spabad.dets.nl\/de\/shop-2\/"},{"@type":"ListItem","position":3,"name":"Aromatherapie","item":"https:\/\/www.spabad.dets.nl\/de\/product-categorie\/aromatherapie-de\/"},{"@type":"ListItem","position":4,"name":"Passion Magic Moschus Aromatherapie"}]},{"@type":"WebSite","@id":"https:\/\/www.spabad.dets.nl\/de\/#website","url":"https:\/\/www.spabad.dets.nl\/de\/","name":"Spabad Limburg","description":"Jacuzzi's en zwemspa's","publisher":{"@id":"https:\/\/www.spabad.dets.nl\/de\/#organization"},"potentialAction":[{"@type":"SearchAction","target":{"@type":"EntryPoint","urlTemplate":"https:\/\/www.spabad.dets.nl\/de\/?s={search_term_string}"},"query-input":{"@type":"PropertyValueSpecification","valueRequired":true,"valueName":"search_term_string"}}],"inLanguage":"de"},{"@type":"Organization","@id":"https:\/\/www.spabad.dets.nl\/de\/#organization","name":"Spabad Limburg","url":"https:\/\/www.spabad.dets.nl\/de\/","logo":{"@type":"ImageObject","inLanguage":"de","@id":"https:\/\/www.spabad.dets.nl\/de\/#\/schema\/logo\/image\/","url":"https:\/\/www.spabad.dets.nl\/wp-content\/uploads\/2025\/01\/SpabadLimburg-Logo-Payoff-scaled.png","contentUrl":"https:\/\/www.spabad.dets.nl\/wp-content\/uploads\/2025\/01\/SpabadLimburg-Logo-Payoff-scaled.png","width":2560,"height":548,"caption":"Spabad Limburg"},"image":{"@id":"https:\/\/www.spabad.dets.nl\/de\/#\/schema\/logo\/image\/"}}]}},"_links":{"self":[{"href":"https:\/\/www.spabad.dets.nl\/de\/wp-json\/wp\/v2\/product\/16452","targetHints":{"allow":["GET"]}}],"collection":[{"href":"https:\/\/www.spabad.dets.nl\/de\/wp-json\/wp\/v2\/product"}],"about":[{"href":"https:\/\/www.spabad.dets.nl\/de\/wp-json\/wp\/v2\/types\/product"}],"version-history":[{"count":0,"href":"https:\/\/www.spabad.dets.nl\/de\/wp-json\/wp\/v2\/product\/16452\/revisions"}],"wp:featuredmedia":[{"embeddable":true,"href":"https:\/\/www.spabad.dets.nl\/de\/wp-json\/wp\/v2\/media\/15400"}],"wp:attachment":[{"href":"https:\/\/www.spabad.dets.nl\/de\/wp-json\/wp\/v2\/media?parent=16452"}],"wp:term":[{"taxonomy":"product_brand","embeddable":true,"href":"https:\/\/www.spabad.dets.nl\/de\/wp-json\/wp\/v2\/product_brand?post=16452"},{"taxonomy":"product_cat","embeddable":true,"href":"https:\/\/www.spabad.dets.nl\/de\/wp-json\/wp\/v2\/product_cat?post=16452"},{"taxonomy":"product_tag","embeddable":true,"href":"https:\/\/www.spabad.dets.nl\/de\/wp-json\/wp\/v2\/product_tag?post=16452"}],"curies":[{"name":"wp","href":"https:\/\/api.w.org\/{rel}","templated":true}]}}