{"id":16450,"date":"2025-01-17T11:13:41","date_gmt":"2025-01-17T10:13:41","guid":{"rendered":"https:\/\/www.spabad.dets.nl\/product\/hotspring-hotspot-relay\/"},"modified":"2025-08-09T14:30:28","modified_gmt":"2025-08-09T12:30:28","slug":"hotspring-hotspot-relay","status":"publish","type":"product","link":"https:\/\/www.spabad.dets.nl\/de\/product\/hotspring-hotspot-relay\/","title":{"rendered":"HotSpring Hotspot Relay"},"content":{"rendered":"<h1><strong>HotSpring Hotspot Relay<\/strong><\/h1>\n<p>Mit 6 Sitzen, gepolsterten Kopfst\u00fctzen und 35 gezielten D\u00fcsen bietet der HotSpring Hotspot Relay viel Platz f\u00fcr Sie, Ihre Freunde und Ihre Familie zum Entspannen. Die 35 gezielten D\u00fcsen bieten eine perfekte Behandlung f\u00fcr verschiedene K\u00f6rperteile, wie Schultern, Nacken und Waden. <\/p>\n<h2><strong>Technische Daten<\/strong><\/h2>\n<table style=\"height: 952px;\" width=\"900\">\n<tbody>\n<tr>\n<td>Sitzplatzkapazit\u00e4t<\/td>\n<td>6 Erwachsene<\/td>\n<\/tr>\n<tr>\n<td>Abmessungen<\/td>\n<td>2.13m x 2.13m x .93m<\/td>\n<\/tr>\n<tr>\n<td>Fassungsverm\u00f6gen Wasser<\/td>\n<td>\/1.300 Liter<\/td>\n<\/tr>\n<tr>\n<td>Masse<\/td>\n<td>380 kg trocken<br \/>\n2.160 kg gef\u00fcllt*<\/td>\n<\/tr>\n<tr>\n<td>Anzahl der D\u00fcsen<\/td>\n<td>35<\/td>\n<\/tr>\n<tr>\n<td>Whirlpool-D\u00fcsen<\/td>\n<td>3 rotierende Massaged\u00fcsen<br \/>\n5 gerichtete Massaged\u00fcsen<br \/>\n27 gerichtete Precision\u00ae-D\u00fcsen<\/td>\n<\/tr>\n<tr>\n<td>Beleuchtungssystem<\/td>\n<td>10 mehrfarbige LED-Punkte<\/td>\n<\/tr>\n<tr>\n<td>Wasser-Optionen<\/td>\n<td>Einschlie\u00dflich<\/td>\n<\/tr>\n<tr>\n<td>Kontrollsystem<\/td>\n<td>IQ 2020\u00ae mit LCD-Bedienfeld<br \/>\n230v\/50amp, 60Hz<br \/>\nInklusive G.F.C.I. gesch\u00fctztem Sub-Panel<\/td>\n<\/tr>\n<tr>\n<td>Heizger\u00e4t<\/td>\n<td>No-Fault\u00ae, 4000w\/230v<\/td>\n<\/tr>\n<tr>\n<td>Strahlpumpe 1<\/td>\n<td>Wavemaster\u00ae 6200<br \/>\nZwei Geschwindigkeiten<br \/>\n1,5 PS, Dauerbetrieb<br \/>\n3,2 PS, Durchschlagskraft<\/td>\n<\/tr>\n<tr>\n<td>Strahlpumpe 2<\/td>\n<td>Wavemaster\u00ae 6000<br \/>\nEinstufig<br \/>\n1,5 PS, Dauerbetrieb<br \/>\n3,2 PS, Durchschlagskraft<\/td>\n<\/tr>\n<tr>\n<td>Optionen f\u00fcr den Wasserschutz<\/td>\n<td>EverFresh\u00ae-System mit CD-Ozon (optional)<\/td>\n<\/tr>\n<tr>\n<td>Effektive Filtrationsfl\u00e4che<\/td>\n<td>6 m2<\/td>\n<\/tr>\n<tr>\n<td>Vinyl-Einband<\/td>\n<td>9 cm - 6,5 cm Verj\u00fcngung<br \/>\n900 g. Dichte Schaumstoffkern <\/td>\n<\/tr>\n<tr>\n<td>Farben des Vinylbezugs<\/td>\n<td>Karamell<br \/>\nEsche<br \/>\nKastanie<\/td>\n<\/tr>\n<tr>\n<td>Unterhaltungssysteme (optional)<\/td>\n<td>Kabelloses Sound-System<\/td>\n<\/tr>\n<tr>\n<td>Abdeckungen Lifter (optional)<\/td>\n<td>CoverCradle II\u00ae, CoverCradle\u00ae, Lift &#8217;n Glide\u00ae, UpRite\u00ae<\/td>\n<\/tr>\n<tr>\n<td>Stufen (optional)<\/td>\n<td>Everwood\u00ae<br \/>\nPolymer<\/td>\n<\/tr>\n<\/tbody>\n<\/table>\n<p>*inklusive Wasser und 6 Erwachsene mit je 70 kg<br \/>\nExportmodelle sind mit 230v, 50Hz, 2000w Heizung erh\u00e4ltlich<\/p>\n","protected":false},"excerpt":{"rendered":"<p><a href=\"https:\/\/www.spabad.dets.nl\/wp-content\/uploads\/2018\/06\/hotspring-brand-featured.png\"><img decoding=\"async\" class=\"alignnone size-full wp-image-1012\" src=\"https:\/\/www.spabad.dets.nl\/wp-content\/uploads\/2018\/06\/hotspring-brand-featured.png\" alt=\"Logo von Hotspring\" width=\"265\" height=\"87\"><\/a><\/p>\n<p><strong>Eigenschaften Hotspring Hotspot Relay Whirlpool<\/strong><\/p>\n<ul>\n<li>Kompakte Budget-Klasse<\/li>\n<li>35 D\u00fcsen<\/li>\n<li>6 Sitze<\/li>\n<li>Licht- und Wasseroptionen inklusive<\/li>\n<\/ul>\n","protected":false},"featured_media":15411,"template":"","meta":{"_acf_changed":false},"product_brand":[],"product_cat":[204],"product_tag":[],"class_list":{"0":"post-16450","1":"product","2":"type-product","3":"status-publish","4":"has-post-thumbnail","6":"product_cat-thermalbaeder","8":"first","9":"instock","10":"taxable","11":"shipping-taxable","12":"product-type-simple"},"acf":[],"yoast_head":"<!-- This site is optimized with the Yoast SEO plugin v27.5 - https:\/\/yoast.com\/product\/yoast-seo-wordpress\/ -->\n<title>HotSpring Hotspot Relay Whirlpool | 6 Pl\u00e4tze + 35 D\u00fcsen - Spabad Limburg<\/title>\n<meta name=\"description\" content=\"Mit 35 D\u00fcsen, 6 Sitzen und LED-Beleuchtung f\u00fcr ein stimmungsvolles Ambiente ist der HotSpring Hotspot Relay Whirlpool der perfekte Familien-Whirlpool, den Sie gemeinsam genie\u00dfen k\u00f6nnen.\" \/>\n<meta name=\"robots\" content=\"index, follow, max-snippet:-1, max-image-preview:large, max-video-preview:-1\" \/>\n<link rel=\"canonical\" href=\"https:\/\/www.spabad.dets.nl\/de\/product\/hotspring-hotspot-relay\/\" \/>\n<meta property=\"og:locale\" content=\"de_DE\" \/>\n<meta property=\"og:type\" content=\"article\" \/>\n<meta property=\"og:title\" content=\"HotSpring Hotspot Relay Whirlpool | 6 Pl\u00e4tze + 35 D\u00fcsen - Spabad Limburg\" \/>\n<meta property=\"og:description\" content=\"Mit 35 D\u00fcsen, 6 Sitzen und LED-Beleuchtung f\u00fcr ein stimmungsvolles Ambiente ist der HotSpring Hotspot Relay Whirlpool der perfekte Familien-Whirlpool, den Sie gemeinsam genie\u00dfen k\u00f6nnen.\" \/>\n<meta property=\"og:url\" content=\"https:\/\/www.spabad.dets.nl\/de\/product\/hotspring-hotspot-relay\/\" \/>\n<meta property=\"og:site_name\" content=\"Spabad Limburg\" \/>\n<meta property=\"article:modified_time\" content=\"2025-08-09T12:30:28+00:00\" \/>\n<meta property=\"og:image\" content=\"https:\/\/www.spabad.dets.nl\/wp-content\/uploads\/2025\/01\/Hotspring-Hotspot-Relay-bovenaanzicht.jpg\" \/>\n\t<meta property=\"og:image:width\" content=\"1000\" \/>\n\t<meta property=\"og:image:height\" content=\"1000\" \/>\n\t<meta property=\"og:image:type\" content=\"image\/jpeg\" \/>\n<meta name=\"twitter:card\" content=\"summary_large_image\" \/>\n<meta name=\"twitter:label1\" content=\"Gesch\u00e4tzte Lesezeit\" \/>\n\t<meta name=\"twitter:data1\" content=\"1\u00a0Minute\" \/>\n<script type=\"application\/ld+json\" class=\"yoast-schema-graph\">{\"@context\":\"https:\\\/\\\/schema.org\",\"@graph\":[{\"@type\":\"WebPage\",\"@id\":\"https:\\\/\\\/www.spabad.dets.nl\\\/de\\\/product\\\/hotspring-hotspot-relay\\\/\",\"url\":\"https:\\\/\\\/www.spabad.dets.nl\\\/de\\\/product\\\/hotspring-hotspot-relay\\\/\",\"name\":\"HotSpring Hotspot Relay Whirlpool | 6 Pl\u00e4tze + 35 D\u00fcsen - Spabad Limburg\",\"isPartOf\":{\"@id\":\"https:\\\/\\\/www.spabad.dets.nl\\\/de\\\/#website\"},\"primaryImageOfPage\":{\"@id\":\"https:\\\/\\\/www.spabad.dets.nl\\\/de\\\/product\\\/hotspring-hotspot-relay\\\/#primaryimage\"},\"image\":{\"@id\":\"https:\\\/\\\/www.spabad.dets.nl\\\/de\\\/product\\\/hotspring-hotspot-relay\\\/#primaryimage\"},\"thumbnailUrl\":\"https:\\\/\\\/www.spabad.dets.nl\\\/wp-content\\\/uploads\\\/2025\\\/01\\\/Hotspring-Hotspot-Relay-bovenaanzicht.jpg\",\"datePublished\":\"2025-01-17T10:13:41+00:00\",\"dateModified\":\"2025-08-09T12:30:28+00:00\",\"description\":\"Mit 35 D\u00fcsen, 6 Sitzen und LED-Beleuchtung f\u00fcr ein stimmungsvolles Ambiente ist der HotSpring Hotspot Relay Whirlpool der perfekte Familien-Whirlpool, den Sie gemeinsam genie\u00dfen k\u00f6nnen.\",\"breadcrumb\":{\"@id\":\"https:\\\/\\\/www.spabad.dets.nl\\\/de\\\/product\\\/hotspring-hotspot-relay\\\/#breadcrumb\"},\"inLanguage\":\"de\",\"potentialAction\":[{\"@type\":\"ReadAction\",\"target\":[\"https:\\\/\\\/www.spabad.dets.nl\\\/de\\\/product\\\/hotspring-hotspot-relay\\\/\"]}]},{\"@type\":\"ImageObject\",\"inLanguage\":\"de\",\"@id\":\"https:\\\/\\\/www.spabad.dets.nl\\\/de\\\/product\\\/hotspring-hotspot-relay\\\/#primaryimage\",\"url\":\"https:\\\/\\\/www.spabad.dets.nl\\\/wp-content\\\/uploads\\\/2025\\\/01\\\/Hotspring-Hotspot-Relay-bovenaanzicht.jpg\",\"contentUrl\":\"https:\\\/\\\/www.spabad.dets.nl\\\/wp-content\\\/uploads\\\/2025\\\/01\\\/Hotspring-Hotspot-Relay-bovenaanzicht.jpg\",\"width\":1000,\"height\":1000,\"caption\":\"Hotspring Hotspot Relay\"},{\"@type\":\"BreadcrumbList\",\"@id\":\"https:\\\/\\\/www.spabad.dets.nl\\\/de\\\/product\\\/hotspring-hotspot-relay\\\/#breadcrumb\",\"itemListElement\":[{\"@type\":\"ListItem\",\"position\":1,\"name\":\"Startseite\",\"item\":\"https:\\\/\\\/www.spabad.dets.nl\\\/de\\\/startseite-2\\\/\"},{\"@type\":\"ListItem\",\"position\":2,\"name\":\"Shop\",\"item\":\"https:\\\/\\\/www.spabad.dets.nl\\\/de\\\/shop-2\\\/\"},{\"@type\":\"ListItem\",\"position\":3,\"name\":\"Wellis Spa B\u00e4der\",\"item\":\"https:\\\/\\\/www.spabad.dets.nl\\\/de\\\/product-categorie\\\/thermalbaeder\\\/\"},{\"@type\":\"ListItem\",\"position\":4,\"name\":\"HotSpring Hotspot Relay\"}]},{\"@type\":\"WebSite\",\"@id\":\"https:\\\/\\\/www.spabad.dets.nl\\\/de\\\/#website\",\"url\":\"https:\\\/\\\/www.spabad.dets.nl\\\/de\\\/\",\"name\":\"Spabad Limburg\",\"description\":\"Jacuzzi's en zwemspa's\",\"publisher\":{\"@id\":\"https:\\\/\\\/www.spabad.dets.nl\\\/de\\\/#organization\"},\"potentialAction\":[{\"@type\":\"SearchAction\",\"target\":{\"@type\":\"EntryPoint\",\"urlTemplate\":\"https:\\\/\\\/www.spabad.dets.nl\\\/de\\\/?s={search_term_string}\"},\"query-input\":{\"@type\":\"PropertyValueSpecification\",\"valueRequired\":true,\"valueName\":\"search_term_string\"}}],\"inLanguage\":\"de\"},{\"@type\":\"Organization\",\"@id\":\"https:\\\/\\\/www.spabad.dets.nl\\\/de\\\/#organization\",\"name\":\"Spabad Limburg\",\"url\":\"https:\\\/\\\/www.spabad.dets.nl\\\/de\\\/\",\"logo\":{\"@type\":\"ImageObject\",\"inLanguage\":\"de\",\"@id\":\"https:\\\/\\\/www.spabad.dets.nl\\\/de\\\/#\\\/schema\\\/logo\\\/image\\\/\",\"url\":\"https:\\\/\\\/www.spabad.dets.nl\\\/wp-content\\\/uploads\\\/2025\\\/01\\\/SpabadLimburg-Logo-Payoff-scaled.png\",\"contentUrl\":\"https:\\\/\\\/www.spabad.dets.nl\\\/wp-content\\\/uploads\\\/2025\\\/01\\\/SpabadLimburg-Logo-Payoff-scaled.png\",\"width\":2560,\"height\":548,\"caption\":\"Spabad Limburg\"},\"image\":{\"@id\":\"https:\\\/\\\/www.spabad.dets.nl\\\/de\\\/#\\\/schema\\\/logo\\\/image\\\/\"}}]}<\/script>\n<!-- \/ Yoast SEO plugin. -->","yoast_head_json":{"title":"HotSpring Hotspot Relay Whirlpool | 6 Pl\u00e4tze + 35 D\u00fcsen - Spabad Limburg","description":"Mit 35 D\u00fcsen, 6 Sitzen und LED-Beleuchtung f\u00fcr ein stimmungsvolles Ambiente ist der HotSpring Hotspot Relay Whirlpool der perfekte Familien-Whirlpool, den Sie gemeinsam genie\u00dfen k\u00f6nnen.","robots":{"index":"index","follow":"follow","max-snippet":"max-snippet:-1","max-image-preview":"max-image-preview:large","max-video-preview":"max-video-preview:-1"},"canonical":"https:\/\/www.spabad.dets.nl\/de\/product\/hotspring-hotspot-relay\/","og_locale":"de_DE","og_type":"article","og_title":"HotSpring Hotspot Relay Whirlpool | 6 Pl\u00e4tze + 35 D\u00fcsen - Spabad Limburg","og_description":"Mit 35 D\u00fcsen, 6 Sitzen und LED-Beleuchtung f\u00fcr ein stimmungsvolles Ambiente ist der HotSpring Hotspot Relay Whirlpool der perfekte Familien-Whirlpool, den Sie gemeinsam genie\u00dfen k\u00f6nnen.","og_url":"https:\/\/www.spabad.dets.nl\/de\/product\/hotspring-hotspot-relay\/","og_site_name":"Spabad Limburg","article_modified_time":"2025-08-09T12:30:28+00:00","og_image":[{"width":1000,"height":1000,"url":"https:\/\/www.spabad.dets.nl\/wp-content\/uploads\/2025\/01\/Hotspring-Hotspot-Relay-bovenaanzicht.jpg","type":"image\/jpeg"}],"twitter_card":"summary_large_image","twitter_misc":{"Gesch\u00e4tzte Lesezeit":"1\u00a0Minute"},"schema":{"@context":"https:\/\/schema.org","@graph":[{"@type":"WebPage","@id":"https:\/\/www.spabad.dets.nl\/de\/product\/hotspring-hotspot-relay\/","url":"https:\/\/www.spabad.dets.nl\/de\/product\/hotspring-hotspot-relay\/","name":"HotSpring Hotspot Relay Whirlpool | 6 Pl\u00e4tze + 35 D\u00fcsen - Spabad Limburg","isPartOf":{"@id":"https:\/\/www.spabad.dets.nl\/de\/#website"},"primaryImageOfPage":{"@id":"https:\/\/www.spabad.dets.nl\/de\/product\/hotspring-hotspot-relay\/#primaryimage"},"image":{"@id":"https:\/\/www.spabad.dets.nl\/de\/product\/hotspring-hotspot-relay\/#primaryimage"},"thumbnailUrl":"https:\/\/www.spabad.dets.nl\/wp-content\/uploads\/2025\/01\/Hotspring-Hotspot-Relay-bovenaanzicht.jpg","datePublished":"2025-01-17T10:13:41+00:00","dateModified":"2025-08-09T12:30:28+00:00","description":"Mit 35 D\u00fcsen, 6 Sitzen und LED-Beleuchtung f\u00fcr ein stimmungsvolles Ambiente ist der HotSpring Hotspot Relay Whirlpool der perfekte Familien-Whirlpool, den Sie gemeinsam genie\u00dfen k\u00f6nnen.","breadcrumb":{"@id":"https:\/\/www.spabad.dets.nl\/de\/product\/hotspring-hotspot-relay\/#breadcrumb"},"inLanguage":"de","potentialAction":[{"@type":"ReadAction","target":["https:\/\/www.spabad.dets.nl\/de\/product\/hotspring-hotspot-relay\/"]}]},{"@type":"ImageObject","inLanguage":"de","@id":"https:\/\/www.spabad.dets.nl\/de\/product\/hotspring-hotspot-relay\/#primaryimage","url":"https:\/\/www.spabad.dets.nl\/wp-content\/uploads\/2025\/01\/Hotspring-Hotspot-Relay-bovenaanzicht.jpg","contentUrl":"https:\/\/www.spabad.dets.nl\/wp-content\/uploads\/2025\/01\/Hotspring-Hotspot-Relay-bovenaanzicht.jpg","width":1000,"height":1000,"caption":"Hotspring Hotspot Relay"},{"@type":"BreadcrumbList","@id":"https:\/\/www.spabad.dets.nl\/de\/product\/hotspring-hotspot-relay\/#breadcrumb","itemListElement":[{"@type":"ListItem","position":1,"name":"Startseite","item":"https:\/\/www.spabad.dets.nl\/de\/startseite-2\/"},{"@type":"ListItem","position":2,"name":"Shop","item":"https:\/\/www.spabad.dets.nl\/de\/shop-2\/"},{"@type":"ListItem","position":3,"name":"Wellis Spa B\u00e4der","item":"https:\/\/www.spabad.dets.nl\/de\/product-categorie\/thermalbaeder\/"},{"@type":"ListItem","position":4,"name":"HotSpring Hotspot Relay"}]},{"@type":"WebSite","@id":"https:\/\/www.spabad.dets.nl\/de\/#website","url":"https:\/\/www.spabad.dets.nl\/de\/","name":"Spabad Limburg","description":"Jacuzzi's en zwemspa's","publisher":{"@id":"https:\/\/www.spabad.dets.nl\/de\/#organization"},"potentialAction":[{"@type":"SearchAction","target":{"@type":"EntryPoint","urlTemplate":"https:\/\/www.spabad.dets.nl\/de\/?s={search_term_string}"},"query-input":{"@type":"PropertyValueSpecification","valueRequired":true,"valueName":"search_term_string"}}],"inLanguage":"de"},{"@type":"Organization","@id":"https:\/\/www.spabad.dets.nl\/de\/#organization","name":"Spabad Limburg","url":"https:\/\/www.spabad.dets.nl\/de\/","logo":{"@type":"ImageObject","inLanguage":"de","@id":"https:\/\/www.spabad.dets.nl\/de\/#\/schema\/logo\/image\/","url":"https:\/\/www.spabad.dets.nl\/wp-content\/uploads\/2025\/01\/SpabadLimburg-Logo-Payoff-scaled.png","contentUrl":"https:\/\/www.spabad.dets.nl\/wp-content\/uploads\/2025\/01\/SpabadLimburg-Logo-Payoff-scaled.png","width":2560,"height":548,"caption":"Spabad Limburg"},"image":{"@id":"https:\/\/www.spabad.dets.nl\/de\/#\/schema\/logo\/image\/"}}]}},"_links":{"self":[{"href":"https:\/\/www.spabad.dets.nl\/de\/wp-json\/wp\/v2\/product\/16450","targetHints":{"allow":["GET"]}}],"collection":[{"href":"https:\/\/www.spabad.dets.nl\/de\/wp-json\/wp\/v2\/product"}],"about":[{"href":"https:\/\/www.spabad.dets.nl\/de\/wp-json\/wp\/v2\/types\/product"}],"version-history":[{"count":0,"href":"https:\/\/www.spabad.dets.nl\/de\/wp-json\/wp\/v2\/product\/16450\/revisions"}],"wp:featuredmedia":[{"embeddable":true,"href":"https:\/\/www.spabad.dets.nl\/de\/wp-json\/wp\/v2\/media\/15411"}],"wp:attachment":[{"href":"https:\/\/www.spabad.dets.nl\/de\/wp-json\/wp\/v2\/media?parent=16450"}],"wp:term":[{"taxonomy":"product_brand","embeddable":true,"href":"https:\/\/www.spabad.dets.nl\/de\/wp-json\/wp\/v2\/product_brand?post=16450"},{"taxonomy":"product_cat","embeddable":true,"href":"https:\/\/www.spabad.dets.nl\/de\/wp-json\/wp\/v2\/product_cat?post=16450"},{"taxonomy":"product_tag","embeddable":true,"href":"https:\/\/www.spabad.dets.nl\/de\/wp-json\/wp\/v2\/product_tag?post=16450"}],"curies":[{"name":"wp","href":"https:\/\/api.w.org\/{rel}","templated":true}]}}