{"id":16448,"date":"2025-01-17T11:13:41","date_gmt":"2025-01-17T10:13:41","guid":{"rendered":"https:\/\/www.spabad.dets.nl\/product\/hotspring-hotspot-propel\/"},"modified":"2025-08-09T14:08:46","modified_gmt":"2025-08-09T12:08:46","slug":"hotspring-hotspot-propel","status":"publish","type":"product","link":"https:\/\/www.spabad.dets.nl\/de\/product\/hotspring-hotspot-propel\/","title":{"rendered":"HotSpring Hotspot Propel"},"content":{"rendered":"<h1><strong>HotSpring Hotspot Propel<\/strong><\/h1>\n<p>Mit 23 \u00fcber den Whirlpool verteilten D\u00fcsen ist der HotSpring Hotspot Propel ein energieeffizienter Whirlpool f\u00fcr 5 Personen. Vollst\u00e4ndig mit <sup>FiberCor\u00ae<\/sup> isoliert, ist der HotSpring Hotspot Propel ein w\u00fcrdiger Whirlpool. Der Hotspot Propel bietet Ihnen einen unvergleichlichen Komfort und eine technische Ausstattung, die ihresgleichen sucht.  <\/p>\n<h2><strong>Technische Daten<\/strong><\/h2>\n<table style=\"height: 1113px;\" width=\"900\">\n<tbody>\n<tr>\n<td>Sitzplatzkapazit\u00e4t<\/td>\n<td>\n<div>5 Erwachsene<\/div>\n<\/td>\n<\/tr>\n<tr class=\"alt\">\n<td>Abmessungen<\/td>\n<td>\n<div class=\"field-content\">\n<div class=\"entity entity-field-collection-item field-collection-item-field-dimensions clearfix\">\n<div class=\"content\">\n<div class=\"field field-name-field-dimensions-metric field-type-text field-label-hidden\">\n<div class=\"field-items\">\n<div class=\"field-item even\">208 x 208 x 84 cm<\/div>\n<\/div>\n<\/div>\n<\/div>\n<\/div>\n<\/div>\n<\/td>\n<\/tr>\n<tr>\n<td>Fassungsverm\u00f6gen Wasser<\/td>\n<td>\n<div class=\"field-content\">\n<div class=\"entity entity-field-collection-item field-collection-item-field-water-capacity clearfix\">\n<div class=\"content\">\n<div class=\"field field-name-field-water-capacity-metric field-type-text field-label-hidden\">\n<div class=\"field-items\">\n<div class=\"field-item even\">1,175 Liter<\/div>\n<\/div>\n<\/div>\n<\/div>\n<\/div>\n<\/div>\n<\/td>\n<\/tr>\n<tr class=\"alt\">\n<td>Masse<\/td>\n<td>\n<div>\n<div class=\"entity entity-field-collection-item field-collection-item-field-weight clearfix\">\n<div class=\"content\">\n<div class=\"field field-name-field-weight-dry field-type-text field-label-hidden\">\n<div class=\"field-items\">\n<div class=\"field-item even\">330 kg<\/div>\n<\/div>\n<\/div>\n<div class=\"field field-name-field-weight-filled field-type-text field-label-hidden\">\n<div class=\"field-items\">\n<div class=\"field-item even\">1.905 kg*<\/div>\n<\/div>\n<\/div>\n<\/div>\n<\/div>\n<\/div>\n<\/td>\n<\/tr>\n<tr>\n<td>Beleuchtungssystem<\/td>\n<td>\n<div>\n<div class=\"item-list\">\n<p>10 mehrfarbige LED-Lichter dimmbar<\/p>\n<\/div>\n<\/div>\n<\/td>\n<\/tr>\n<tr class=\"alt\">\n<td>Unterhaltungssysteme (optional)<\/td>\n<td>\n<div>\n<div class=\"item-list\">\n<p>Kabelloses <sup>Bluetooth\u00ae<\/sup> Sound System, Kabelloses TV<\/p>\n<\/div>\n<\/div>\n<\/td>\n<\/tr>\n<tr>\n<td>Anzahl der D\u00fcsen<\/td>\n<td>\n<div>23<\/div>\n<\/td>\n<\/tr>\n<tr class=\"alt\">\n<td>Whirlpool-D\u00fcsen<\/td>\n<td>\n<div class=\"item-list\">\n<div class=\"entity entity-field-collection-item field-collection-item-field-jet-listing clearfix\">\n<div class=\"content\">\n<div class=\"field field-name-field-jet-count field-type-number-integer field-label-hidden\">\n<div class=\"field-items\">\n<div class=\"field-item even\">4 <span style=\"font-family: inherit; font-size: inherit;\">direktionale Hydromassage-D\u00fcsen<\/span><\/div>\n<div class=\"field-item even\"><span style=\"font-family: inherit; font-size: inherit;\">2 <\/span><span style=\"font-family: inherit; font-size: inherit;\">Rotierende Hydromassage-D\u00fcsen<\/span><\/div>\n<div class=\"field-item even\"><span style=\"font-family: inherit; font-size: inherit;\">17 <\/span><span style=\"font-family: inherit; font-size: inherit;\">Richtungsgenauigkeit<\/span><sup style=\"font-family: inherit;\">\u2122<\/sup><span style=\"font-family: inherit; font-size: inherit;\"> D\u00fcsen<\/span><\/div>\n<\/div>\n<\/div>\n<\/div>\n<\/div>\n<\/div>\n<\/td>\n<\/tr>\n<tr>\n<td>Wasserspiele<\/td>\n<td>Wasserfall<\/td>\n<\/tr>\n<tr class=\"alt\">\n<td>Kontrollsystem<\/td>\n<td>\n<div>\n<div class=\"item-list\">\n<p>IQ <sup>2020\u2122.<\/sup><\/p>\n<\/div>\n<\/div>\n<\/td>\n<\/tr>\n<tr>\n<td>Elektrizit\u00e4t<\/td>\n<td>\n<div class=\"field-content\">230v\/16amp, 50Hz, Andere Konfigurationen**<\/div>\n<\/td>\n<\/tr>\n<tr class=\"alt\">\n<td>Heizger\u00e4t<\/td>\n<td>\n<div>\n<div class=\"item-list\">\n<p><sup>No-Fault\u2122<\/sup> 2000w\/230v<\/p>\n<\/div>\n<\/div>\n<\/td>\n<\/tr>\n<tr>\n<td>Strahlpumpe 1<\/td>\n<td>\n<div class=\"item-list\">\n<p><sup>Wavemaster\u2122<\/sup> 9200<br \/>\nZwei Geschwindigkeiten<br \/>\n 2<span style=\"font-family: inherit; font-size: inherit;\">,5 PS Dauerleistung<br \/>\n<\/span> 5<span style=\"font-family: inherit; font-size: inherit;\">,2 PS Pannendrehmoment<\/span><\/p>\n<\/div>\n<\/td>\n<\/tr>\n<tr class=\"alt\">\n<td>Ozon-System<\/td>\n<td>\n<div>\n<div class=\"item-list\">\n<p><sup>FreshWater\u00ae<\/sup> III Corona-Entladung (optional)<\/p>\n<\/div>\n<\/div>\n<\/td>\n<\/tr>\n<tr>\n<td>Effektive Filtrationsfl\u00e4che<\/td>\n<td>\n<div>\n<p>2,8<sup>m2<\/sup> Beladung von oben<\/p>\n<\/div>\n<\/td>\n<\/tr>\n<tr class=\"alt\">\n<td>Farben des Vinylbezugs<\/td>\n<td>\n<div>\n<div class=\"item-list\">\n<p>Esche, Kastanie, Karamell<\/p>\n<\/div>\n<\/div>\n<\/td>\n<\/tr>\n<tr>\n<td>Optionen f\u00fcr den Vinylbezug<\/td>\n<td>\n<div>\n<div class=\"item-list\">\n<p>9 bis 6 cm spitz zulaufender, 24 kg\/m\u00b3 dichter Schaumstoffkern<\/p>\n<\/div>\n<\/div>\n<\/td>\n<\/tr>\n<tr class=\"alt\">\n<td>Heber f\u00fcr die Abdeckung (optional)<\/td>\n<td>\n<div class=\"field-content\">\n<div class=\"item-list\">\n<p><sup>CoverCradle\u2122<br \/>\n<\/sup><sup>CoverCradle\u2122<\/sup> II<br \/>\nLift &#8217;n <sup>Glide\u2122<br \/>\n<\/sup><sup>UpRite\u2122<\/sup><\/p>\n<\/div>\n<\/div>\n<\/td>\n<\/tr>\n<\/tbody>\n<\/table>\n<p>* Enth\u00e4lt Wasser und 5 Erwachsene mit einem Gewicht von je 80 kg<\/p>\n","protected":false},"excerpt":{"rendered":"<p><a href=\"https:\/\/www.spabad.dets.nl\/wp-content\/uploads\/2018\/06\/hotspring-brand-featured.png\"><img decoding=\"async\" class=\"alignnone size-full wp-image-1012\" src=\"https:\/\/www.spabad.dets.nl\/wp-content\/uploads\/2018\/06\/hotspring-brand-featured.png\" alt=\"Logo von Hotspring\" width=\"265\" height=\"87\"><\/a><\/p>\n<p><strong>Eigenschaften Hotspring Hotspot Propel Spa<\/strong><\/p>\n<ul>\n<li>10 mehrfarbige dimmbare LED-Lichter<\/li>\n<li>1 Strahlpumpe<\/li>\n<li>Acryl-Badewanne<\/li>\n<li>Geeignet f\u00fcr 5 Personen<\/li>\n<\/ul>\n","protected":false},"featured_media":15413,"template":"","meta":{"_acf_changed":false},"product_brand":[],"product_cat":[204],"product_tag":[],"class_list":{"0":"post-16448","1":"product","2":"type-product","3":"status-publish","4":"has-post-thumbnail","6":"product_cat-thermalbaeder","8":"first","9":"instock","10":"taxable","11":"shipping-taxable","12":"product-type-simple"},"acf":[],"yoast_head":"<!-- This site is optimized with the Yoast SEO plugin v27.5 - https:\/\/yoast.com\/product\/yoast-seo-wordpress\/ -->\n<title>HotSpring Hotspot Propel Whirlpool - Whirlpool f\u00fcr 5 Personen - Spabad Limburg<\/title>\n<meta name=\"description\" content=\"Unvergleichlicher Komfort mit dem HotSpring Hotspot Propel-Whirlpool. Der Whirlpool hat eine energieeffiziente Pumpe und 23 D\u00fcsen. Lernen Sie den Hotspot Propel Whirlpool kennen.\" \/>\n<meta name=\"robots\" content=\"index, follow, max-snippet:-1, max-image-preview:large, max-video-preview:-1\" \/>\n<link rel=\"canonical\" href=\"https:\/\/www.spabad.dets.nl\/de\/product\/hotspring-hotspot-propel\/\" \/>\n<meta property=\"og:locale\" content=\"de_DE\" \/>\n<meta property=\"og:type\" content=\"article\" \/>\n<meta property=\"og:title\" content=\"HotSpring Hotspot Propel Whirlpool - Whirlpool f\u00fcr 5 Personen - Spabad Limburg\" \/>\n<meta property=\"og:description\" content=\"Unvergleichlicher Komfort mit dem HotSpring Hotspot Propel-Whirlpool. Der Whirlpool hat eine energieeffiziente Pumpe und 23 D\u00fcsen. Lernen Sie den Hotspot Propel Whirlpool kennen.\" \/>\n<meta property=\"og:url\" content=\"https:\/\/www.spabad.dets.nl\/de\/product\/hotspring-hotspot-propel\/\" \/>\n<meta property=\"og:site_name\" content=\"Spabad Limburg\" \/>\n<meta property=\"article:modified_time\" content=\"2025-08-09T12:08:46+00:00\" \/>\n<meta property=\"og:image\" content=\"https:\/\/www.spabad.dets.nl\/wp-content\/uploads\/2025\/01\/Hotspring-Hotspot-Propel-bovenaanzicht.jpg\" \/>\n\t<meta property=\"og:image:width\" content=\"1000\" \/>\n\t<meta property=\"og:image:height\" content=\"1000\" \/>\n\t<meta property=\"og:image:type\" content=\"image\/jpeg\" \/>\n<meta name=\"twitter:card\" content=\"summary_large_image\" \/>\n<meta name=\"twitter:label1\" content=\"Gesch\u00e4tzte Lesezeit\" \/>\n\t<meta name=\"twitter:data1\" content=\"1\u00a0Minute\" \/>\n<script type=\"application\/ld+json\" class=\"yoast-schema-graph\">{\"@context\":\"https:\\\/\\\/schema.org\",\"@graph\":[{\"@type\":\"WebPage\",\"@id\":\"https:\\\/\\\/www.spabad.dets.nl\\\/de\\\/product\\\/hotspring-hotspot-propel\\\/\",\"url\":\"https:\\\/\\\/www.spabad.dets.nl\\\/de\\\/product\\\/hotspring-hotspot-propel\\\/\",\"name\":\"HotSpring Hotspot Propel Whirlpool - Whirlpool f\u00fcr 5 Personen - Spabad Limburg\",\"isPartOf\":{\"@id\":\"https:\\\/\\\/www.spabad.dets.nl\\\/de\\\/#website\"},\"primaryImageOfPage\":{\"@id\":\"https:\\\/\\\/www.spabad.dets.nl\\\/de\\\/product\\\/hotspring-hotspot-propel\\\/#primaryimage\"},\"image\":{\"@id\":\"https:\\\/\\\/www.spabad.dets.nl\\\/de\\\/product\\\/hotspring-hotspot-propel\\\/#primaryimage\"},\"thumbnailUrl\":\"https:\\\/\\\/www.spabad.dets.nl\\\/wp-content\\\/uploads\\\/2025\\\/01\\\/Hotspring-Hotspot-Propel-bovenaanzicht.jpg\",\"datePublished\":\"2025-01-17T10:13:41+00:00\",\"dateModified\":\"2025-08-09T12:08:46+00:00\",\"description\":\"Unvergleichlicher Komfort mit dem HotSpring Hotspot Propel-Whirlpool. Der Whirlpool hat eine energieeffiziente Pumpe und 23 D\u00fcsen. Lernen Sie den Hotspot Propel Whirlpool kennen.\",\"breadcrumb\":{\"@id\":\"https:\\\/\\\/www.spabad.dets.nl\\\/de\\\/product\\\/hotspring-hotspot-propel\\\/#breadcrumb\"},\"inLanguage\":\"de\",\"potentialAction\":[{\"@type\":\"ReadAction\",\"target\":[\"https:\\\/\\\/www.spabad.dets.nl\\\/de\\\/product\\\/hotspring-hotspot-propel\\\/\"]}]},{\"@type\":\"ImageObject\",\"inLanguage\":\"de\",\"@id\":\"https:\\\/\\\/www.spabad.dets.nl\\\/de\\\/product\\\/hotspring-hotspot-propel\\\/#primaryimage\",\"url\":\"https:\\\/\\\/www.spabad.dets.nl\\\/wp-content\\\/uploads\\\/2025\\\/01\\\/Hotspring-Hotspot-Propel-bovenaanzicht.jpg\",\"contentUrl\":\"https:\\\/\\\/www.spabad.dets.nl\\\/wp-content\\\/uploads\\\/2025\\\/01\\\/Hotspring-Hotspot-Propel-bovenaanzicht.jpg\",\"width\":1000,\"height\":1000,\"caption\":\"Hotspring Propel\"},{\"@type\":\"BreadcrumbList\",\"@id\":\"https:\\\/\\\/www.spabad.dets.nl\\\/de\\\/product\\\/hotspring-hotspot-propel\\\/#breadcrumb\",\"itemListElement\":[{\"@type\":\"ListItem\",\"position\":1,\"name\":\"Startseite\",\"item\":\"https:\\\/\\\/www.spabad.dets.nl\\\/de\\\/startseite-2\\\/\"},{\"@type\":\"ListItem\",\"position\":2,\"name\":\"Shop\",\"item\":\"https:\\\/\\\/www.spabad.dets.nl\\\/de\\\/shop-2\\\/\"},{\"@type\":\"ListItem\",\"position\":3,\"name\":\"Wellis Spa B\u00e4der\",\"item\":\"https:\\\/\\\/www.spabad.dets.nl\\\/de\\\/product-categorie\\\/thermalbaeder\\\/\"},{\"@type\":\"ListItem\",\"position\":4,\"name\":\"HotSpring Hotspot Propel\"}]},{\"@type\":\"WebSite\",\"@id\":\"https:\\\/\\\/www.spabad.dets.nl\\\/de\\\/#website\",\"url\":\"https:\\\/\\\/www.spabad.dets.nl\\\/de\\\/\",\"name\":\"Spabad Limburg\",\"description\":\"Jacuzzi's en zwemspa's\",\"publisher\":{\"@id\":\"https:\\\/\\\/www.spabad.dets.nl\\\/de\\\/#organization\"},\"potentialAction\":[{\"@type\":\"SearchAction\",\"target\":{\"@type\":\"EntryPoint\",\"urlTemplate\":\"https:\\\/\\\/www.spabad.dets.nl\\\/de\\\/?s={search_term_string}\"},\"query-input\":{\"@type\":\"PropertyValueSpecification\",\"valueRequired\":true,\"valueName\":\"search_term_string\"}}],\"inLanguage\":\"de\"},{\"@type\":\"Organization\",\"@id\":\"https:\\\/\\\/www.spabad.dets.nl\\\/de\\\/#organization\",\"name\":\"Spabad Limburg\",\"url\":\"https:\\\/\\\/www.spabad.dets.nl\\\/de\\\/\",\"logo\":{\"@type\":\"ImageObject\",\"inLanguage\":\"de\",\"@id\":\"https:\\\/\\\/www.spabad.dets.nl\\\/de\\\/#\\\/schema\\\/logo\\\/image\\\/\",\"url\":\"https:\\\/\\\/www.spabad.dets.nl\\\/wp-content\\\/uploads\\\/2025\\\/01\\\/SpabadLimburg-Logo-Payoff-scaled.png\",\"contentUrl\":\"https:\\\/\\\/www.spabad.dets.nl\\\/wp-content\\\/uploads\\\/2025\\\/01\\\/SpabadLimburg-Logo-Payoff-scaled.png\",\"width\":2560,\"height\":548,\"caption\":\"Spabad Limburg\"},\"image\":{\"@id\":\"https:\\\/\\\/www.spabad.dets.nl\\\/de\\\/#\\\/schema\\\/logo\\\/image\\\/\"}}]}<\/script>\n<!-- \/ Yoast SEO plugin. -->","yoast_head_json":{"title":"HotSpring Hotspot Propel Whirlpool - Whirlpool f\u00fcr 5 Personen - Spabad Limburg","description":"Unvergleichlicher Komfort mit dem HotSpring Hotspot Propel-Whirlpool. Der Whirlpool hat eine energieeffiziente Pumpe und 23 D\u00fcsen. Lernen Sie den Hotspot Propel Whirlpool kennen.","robots":{"index":"index","follow":"follow","max-snippet":"max-snippet:-1","max-image-preview":"max-image-preview:large","max-video-preview":"max-video-preview:-1"},"canonical":"https:\/\/www.spabad.dets.nl\/de\/product\/hotspring-hotspot-propel\/","og_locale":"de_DE","og_type":"article","og_title":"HotSpring Hotspot Propel Whirlpool - Whirlpool f\u00fcr 5 Personen - Spabad Limburg","og_description":"Unvergleichlicher Komfort mit dem HotSpring Hotspot Propel-Whirlpool. Der Whirlpool hat eine energieeffiziente Pumpe und 23 D\u00fcsen. Lernen Sie den Hotspot Propel Whirlpool kennen.","og_url":"https:\/\/www.spabad.dets.nl\/de\/product\/hotspring-hotspot-propel\/","og_site_name":"Spabad Limburg","article_modified_time":"2025-08-09T12:08:46+00:00","og_image":[{"width":1000,"height":1000,"url":"https:\/\/www.spabad.dets.nl\/wp-content\/uploads\/2025\/01\/Hotspring-Hotspot-Propel-bovenaanzicht.jpg","type":"image\/jpeg"}],"twitter_card":"summary_large_image","twitter_misc":{"Gesch\u00e4tzte Lesezeit":"1\u00a0Minute"},"schema":{"@context":"https:\/\/schema.org","@graph":[{"@type":"WebPage","@id":"https:\/\/www.spabad.dets.nl\/de\/product\/hotspring-hotspot-propel\/","url":"https:\/\/www.spabad.dets.nl\/de\/product\/hotspring-hotspot-propel\/","name":"HotSpring Hotspot Propel Whirlpool - Whirlpool f\u00fcr 5 Personen - Spabad Limburg","isPartOf":{"@id":"https:\/\/www.spabad.dets.nl\/de\/#website"},"primaryImageOfPage":{"@id":"https:\/\/www.spabad.dets.nl\/de\/product\/hotspring-hotspot-propel\/#primaryimage"},"image":{"@id":"https:\/\/www.spabad.dets.nl\/de\/product\/hotspring-hotspot-propel\/#primaryimage"},"thumbnailUrl":"https:\/\/www.spabad.dets.nl\/wp-content\/uploads\/2025\/01\/Hotspring-Hotspot-Propel-bovenaanzicht.jpg","datePublished":"2025-01-17T10:13:41+00:00","dateModified":"2025-08-09T12:08:46+00:00","description":"Unvergleichlicher Komfort mit dem HotSpring Hotspot Propel-Whirlpool. Der Whirlpool hat eine energieeffiziente Pumpe und 23 D\u00fcsen. Lernen Sie den Hotspot Propel Whirlpool kennen.","breadcrumb":{"@id":"https:\/\/www.spabad.dets.nl\/de\/product\/hotspring-hotspot-propel\/#breadcrumb"},"inLanguage":"de","potentialAction":[{"@type":"ReadAction","target":["https:\/\/www.spabad.dets.nl\/de\/product\/hotspring-hotspot-propel\/"]}]},{"@type":"ImageObject","inLanguage":"de","@id":"https:\/\/www.spabad.dets.nl\/de\/product\/hotspring-hotspot-propel\/#primaryimage","url":"https:\/\/www.spabad.dets.nl\/wp-content\/uploads\/2025\/01\/Hotspring-Hotspot-Propel-bovenaanzicht.jpg","contentUrl":"https:\/\/www.spabad.dets.nl\/wp-content\/uploads\/2025\/01\/Hotspring-Hotspot-Propel-bovenaanzicht.jpg","width":1000,"height":1000,"caption":"Hotspring Propel"},{"@type":"BreadcrumbList","@id":"https:\/\/www.spabad.dets.nl\/de\/product\/hotspring-hotspot-propel\/#breadcrumb","itemListElement":[{"@type":"ListItem","position":1,"name":"Startseite","item":"https:\/\/www.spabad.dets.nl\/de\/startseite-2\/"},{"@type":"ListItem","position":2,"name":"Shop","item":"https:\/\/www.spabad.dets.nl\/de\/shop-2\/"},{"@type":"ListItem","position":3,"name":"Wellis Spa B\u00e4der","item":"https:\/\/www.spabad.dets.nl\/de\/product-categorie\/thermalbaeder\/"},{"@type":"ListItem","position":4,"name":"HotSpring Hotspot Propel"}]},{"@type":"WebSite","@id":"https:\/\/www.spabad.dets.nl\/de\/#website","url":"https:\/\/www.spabad.dets.nl\/de\/","name":"Spabad Limburg","description":"Jacuzzi's en zwemspa's","publisher":{"@id":"https:\/\/www.spabad.dets.nl\/de\/#organization"},"potentialAction":[{"@type":"SearchAction","target":{"@type":"EntryPoint","urlTemplate":"https:\/\/www.spabad.dets.nl\/de\/?s={search_term_string}"},"query-input":{"@type":"PropertyValueSpecification","valueRequired":true,"valueName":"search_term_string"}}],"inLanguage":"de"},{"@type":"Organization","@id":"https:\/\/www.spabad.dets.nl\/de\/#organization","name":"Spabad Limburg","url":"https:\/\/www.spabad.dets.nl\/de\/","logo":{"@type":"ImageObject","inLanguage":"de","@id":"https:\/\/www.spabad.dets.nl\/de\/#\/schema\/logo\/image\/","url":"https:\/\/www.spabad.dets.nl\/wp-content\/uploads\/2025\/01\/SpabadLimburg-Logo-Payoff-scaled.png","contentUrl":"https:\/\/www.spabad.dets.nl\/wp-content\/uploads\/2025\/01\/SpabadLimburg-Logo-Payoff-scaled.png","width":2560,"height":548,"caption":"Spabad Limburg"},"image":{"@id":"https:\/\/www.spabad.dets.nl\/de\/#\/schema\/logo\/image\/"}}]}},"_links":{"self":[{"href":"https:\/\/www.spabad.dets.nl\/de\/wp-json\/wp\/v2\/product\/16448","targetHints":{"allow":["GET"]}}],"collection":[{"href":"https:\/\/www.spabad.dets.nl\/de\/wp-json\/wp\/v2\/product"}],"about":[{"href":"https:\/\/www.spabad.dets.nl\/de\/wp-json\/wp\/v2\/types\/product"}],"version-history":[{"count":0,"href":"https:\/\/www.spabad.dets.nl\/de\/wp-json\/wp\/v2\/product\/16448\/revisions"}],"wp:featuredmedia":[{"embeddable":true,"href":"https:\/\/www.spabad.dets.nl\/de\/wp-json\/wp\/v2\/media\/15413"}],"wp:attachment":[{"href":"https:\/\/www.spabad.dets.nl\/de\/wp-json\/wp\/v2\/media?parent=16448"}],"wp:term":[{"taxonomy":"product_brand","embeddable":true,"href":"https:\/\/www.spabad.dets.nl\/de\/wp-json\/wp\/v2\/product_brand?post=16448"},{"taxonomy":"product_cat","embeddable":true,"href":"https:\/\/www.spabad.dets.nl\/de\/wp-json\/wp\/v2\/product_cat?post=16448"},{"taxonomy":"product_tag","embeddable":true,"href":"https:\/\/www.spabad.dets.nl\/de\/wp-json\/wp\/v2\/product_tag?post=16448"}],"curies":[{"name":"wp","href":"https:\/\/api.w.org\/{rel}","templated":true}]}}