{"id":16445,"date":"2025-01-17T11:13:41","date_gmt":"2025-01-17T10:13:41","guid":{"rendered":"https:\/\/www.spabad.dets.nl\/product\/hotspring-limelight-flash\/"},"modified":"2025-08-09T16:28:39","modified_gmt":"2025-08-09T14:28:39","slug":"hotspring-limelight-flash","status":"publish","type":"product","link":"https:\/\/www.spabad.dets.nl\/de\/product\/hotspring-limelight-flash\/","title":{"rendered":"HotSpring Limelight Flash"},"content":{"rendered":"<h1><strong>HotSpring Limelight Flash<\/strong><\/h1>\n<p>Mit 7 offenen Sitzbereichen bietet der HotSpring Limelight Flash Jacuzzi ein unvergleichliches Erlebnis f\u00fcr 7 Personen. Genie\u00dfen Sie den gro\u00dfz\u00fcgigen Komfort und teilen Sie das Gl\u00fcck mit allen, die Sie lieben! Ein Mechanismus in der Mitte des Whirlpools enth\u00e4lt 4 pr\u00e4zise Richtungsd\u00fcsen. Verteilt auf die sieben Sitze sorgt dieses System f\u00fcr eine wunderbare Fu\u00dfmassage. Das umfangreiche D\u00fcsensystem des HotSpring Limelight Flash Spa sorgt mit seinen 41 D\u00fcsen f\u00fcr eine perfekte Behandlung des gesamten K\u00f6rpers.    <\/p>\n<h2><strong>Technische Daten HotSpring Limelight Flash Jacuzzi<\/strong><\/h2>\n<div id=\"specs\" class=\"collapse\">\n<div class=\"row\">\n<div class=\"col-lg-5 col-lg-offset-1 col-md-6 col-sm-6 pull-left\">\n<div class=\"panel-pane pane-views-panes pane-model-specifications-pane-specs\">\n<div class=\"pane-content\">\n<div class=\"model-specs\">\n<table style=\"height: 1440px;\" width=\"900\">\n<tbody>\n<tr class=\"alt\">\n<td>Sitzplatzkapazit\u00e4t<\/td>\n<td>\n<div>7 Erwachsene<\/div>\n<\/td>\n<\/tr>\n<tr>\n<td>Abmessungen<\/td>\n<td>\n<div class=\"field-content\">\n<div class=\"entity entity-field-collection-item field-collection-item-field-dimensions clearfix\">\n<div class=\"content\">\n<div class=\"field field-name-field-dimensions-us field-type-text field-label-hidden\">\n<div class=\"field-items\"><\/div>\n<\/div>\n<div class=\"field field-name-field-dimensions-metric field-type-text field-label-hidden\">\n<div class=\"field-items\">\n<div class=\"field-item even\">2.13m x 2.13m x 0.91m<\/div>\n<\/div>\n<\/div>\n<\/div>\n<\/div>\n<\/div>\n<\/td>\n<\/tr>\n<tr class=\"alt\">\n<td>Fassungsverm\u00f6gen Wasser<\/td>\n<td>\n<div class=\"field-content\">1.365 Liter<\/div>\n<\/td>\n<\/tr>\n<tr>\n<td>Masse<\/td>\n<td>\n<div>\n<div class=\"entity entity-field-collection-item field-collection-item-field-weight clearfix\">\n<div class=\"content\">\n<div class=\"field field-name-field-weight-dry field-type-text field-label-hidden\">\n<div class=\"field-items\">\n<div class=\"field-item even\">385 kg trocken<\/div>\n<\/div>\n<\/div>\n<div class=\"field field-name-field-weight-filled field-type-text field-label-hidden\">\n<div class=\"field-items\">\n<div class=\"field-item even\">2.225 kg gef\u00fcllt*<\/div>\n<\/div>\n<\/div>\n<\/div>\n<\/div>\n<\/div>\n<\/td>\n<\/tr>\n<tr class=\"alt\">\n<td>Anzahl der D\u00fcsen<\/td>\n<td>\n<div>41<\/div>\n<\/td>\n<\/tr>\n<tr>\n<td>Whirlpool-D\u00fcsen<\/td>\n<td>\n<div class=\"item-list\">\n<div class=\"entity entity-field-collection-item field-collection-item-field-jet-listing clearfix\">\n<div class=\"content\">\n<div class=\"field field-name-field-jet-count field-type-number-integer field-label-hidden\">\n<div class=\"field-items\">\n<div class=\"field-item even\">1  <span style=\"font-family: inherit; font-size: inherit;\">XL Dual Rotary Jet<br \/>\n<\/span><span style=\"font-family: inherit; font-size: inherit;\">3 <\/span><span style=\"font-family: inherit; font-size: inherit;\">XL Single Rotary Jets<br \/>\n<\/span><span style=\"font-family: inherit; font-size: inherit;\">1 <\/span><span style=\"font-family: inherit; font-size: inherit;\">XL Directional Jet<br \/>\n<\/span><span style=\"font-family: inherit; font-size: inherit;\">4 <\/span><span style=\"font-family: inherit; font-size: inherit;\">Standard-Einzelrotationsd\u00fcsen<br \/>\n<\/span> <span style=\"font-family: inherit; font-size: inherit;\">4 <\/span><span style=\"font-family: inherit; font-size: inherit;\">Standard Richtungsd\u00fcsen<br \/>\n<\/span> <span style=\"font-family: inherit; font-size: inherit;\">4 <\/span><span style=\"font-family: inherit; font-size: inherit;\">Rotierende Pr\u00e4zisionsd\u00fcsen<br \/>\n<\/span><span style=\"font-family: inherit; font-size: inherit;\">24 <\/span><span style=\"font-family: inherit; font-size: inherit;\">Direktionale Pr\u00e4zisionsd\u00fcsen<\/span><\/div>\n<\/div>\n<\/div>\n<\/div>\n<\/div>\n<\/div>\n<\/td>\n<\/tr>\n<tr class=\"alt\">\n<td>Beleuchtungssystem<\/td>\n<td>\n<div>\n<div class=\"item-list\">\n<p><sup>Raio\u00ae<\/sup> mehrfarbige Lichtpunkte (27)<br \/>\nMehrfarbige Au\u00dfenbeleuchtung mit Timer<\/p>\n<\/div>\n<\/div>\n<\/td>\n<\/tr>\n<tr>\n<td>Wasserspiele<\/td>\n<td>\n<div>\n<div class=\"item-list\">\n<p><sup>Vidro\u00ae<\/sup> Wasserfall mit beleuchtetem Band<\/p>\n<\/div>\n<\/div>\n<\/td>\n<\/tr>\n<tr class=\"alt\">\n<td>Kontrollsystem<\/td>\n<td>\n<div>\n<div class=\"item-list\">\n<p>IQ <sup>2020\u00ae<\/sup> mit LCD-Bedienfeld<br \/>\n230v\/50amp, 60Hz<br \/>\nInklusive G.F.C.I. gesch\u00fctztem Sub-Panel<\/p>\n<\/div>\n<\/div>\n<\/td>\n<\/tr>\n<tr>\n<td>Heizger\u00e4t<\/td>\n<td>\n<div>\n<div class=\"item-list\">\n<p><sup>No-Fault\u00ae<\/sup>, 4000w\/230v<\/p>\n<\/div>\n<\/div>\n<\/td>\n<\/tr>\n<tr class=\"alt\">\n<td>Strahlpumpe 1<\/td>\n<td>\n<div>\n<div class=\"item-list\">\n<p><sup>Wavemaster\u00ae<\/sup> 8200<br \/>\nZwei Geschwindigkeiten<br \/>\n2,0 PS, Dauerbetrieb<br \/>\n4,0 PS, Durchschlagsmoment<\/p>\n<\/div>\n<\/div>\n<\/td>\n<\/tr>\n<tr>\n<td>Strahlpumpe 2<\/td>\n<td>\n<div>\n<div class=\"item-list\">\n<p><sup>Wavemaster\u00ae<\/sup> 8000<br \/>\nEin-Gang<br \/>\n2,0 PS, Dauerbetrieb<br \/>\n4,0 PS, Durchschlagskraft<\/p>\n<\/div>\n<\/div>\n<\/td>\n<\/tr>\n<tr class=\"alt\">\n<td>Umw\u00e4lzpumpe<\/td>\n<td>\n<div>\n<div class=\"item-list\">\n<p>SilentFlo <sup>5000\u00ae<\/sup> f\u00fcr ger\u00e4uscharme kontinuierliche Filtration<\/p>\n<\/div>\n<\/div>\n<\/td>\n<\/tr>\n<tr>\n<td>Wasserpflege-System<\/td>\n<td>\n<div class=\"field-item\">\n<div class=\"item-list\">\n<p><sup>FreshWater\u00ae<\/sup> III Corona Discharge (im Lieferumfang enthalten)<br \/>\n<sup>ACE\u00ae<\/sup> Salzwasserdesinfektionssystem (optional)<br \/>\noder <sup>EverFresh\u00ae<\/sup> System (optional)<\/p>\n<\/div>\n<\/div>\n<\/td>\n<\/tr>\n<tr class=\"alt\">\n<td>Effektive Filtrationsfl\u00e4che<\/td>\n<td>\n<div class=\"field-content\">9,3 m2, von oben beladbare Filter<\/div>\n<\/td>\n<\/tr>\n<tr>\n<td>Vinyl-Einband<\/td>\n<td>\n<div>\n<div class=\"item-list\">\n<p>8,9 cm - 6,5 cm konisch<br \/>\n900-Gramm-Schaumstoffkern mit Scharnierverschluss<\/p>\n<\/div>\n<\/div>\n<\/td>\n<\/tr>\n<tr class=\"alt\">\n<td>Farben des Vinylbezugs<\/td>\n<td>\n<div>\n<div class=\"item-list\">\n<p>Karamell, Kastanie, Schiefer, Immergr\u00fcn<\/p>\n<\/div>\n<\/div>\n<\/td>\n<\/tr>\n<tr>\n<td>Unterhaltungssysteme (optional)<\/td>\n<td>\n<div>\n<div class=\"item-list\">\n<p>Drahtloses Sound-System<\/p>\n<\/div>\n<\/div>\n<\/td>\n<\/tr>\n<tr class=\"alt\">\n<td>Heber f\u00fcr die Abdeckung (optional)<\/td>\n<td>\n<div class=\"field-content\"><sup>CoverCradle\u00ae<\/sup>, CoverCradle <sup>II\u00ae<\/sup>, Lift &#8217;n <sup>Glide\u00ae<\/sup>, <sup>UpRite\u00ae<\/sup><\/div>\n<\/td>\n<\/tr>\n<tr>\n<td>Schritte (optional)<\/td>\n<td>\n<div class=\"field-content\">\n<div class=\"item-list\">\n<p>Everwood\u00ae<sup>, <\/sup>Polymer<\/p>\n<\/div>\n<\/div>\n<\/td>\n<\/tr>\n<\/tbody>\n<\/table>\n<\/div>\n<\/div>\n<\/div>\n<\/div>\n<div class=\"col-lg-5 col-lg-pull-1 col-md-6 col-sm-6 pull-right\">\n<div class=\"panel-pane pane-views-panes pane-model-specifications-pane-shell\">\n<div class=\"pane-content\">\n<div class=\"model-specs shell\"><\/div>\n<\/div>\n<\/div>\n<\/div>\n<\/div>\n<\/div>\n<div class=\"row\">\n<div class=\"col-lg-5 col-lg-offset-1 col-md-6 col-sm-6\">\n<div class=\"model-specs-disclaimer\">\n<div class=\"panel-pane pane-fieldable-panels-pane pane-fpid-30 pane-bundle-text\">\n<div class=\"pane-content\">\n<div class=\"fieldable-panels-pane\">\n<div class=\"field field-name-field-basic-text-text field-type-text-long field-label-hidden\">\n<div class=\"field-items\">\n<div class=\"field-item even\">\n<p>* Inklusive Wasser und 7 Personen mit einem Gewicht von je 80 kg<\/p>\n<\/div>\n<\/div>\n<\/div>\n<\/div>\n<\/div>\n<\/div>\n<\/div>\n<\/div>\n<\/div>\n<p>Exportmodelle sind in 240v, 50 Hz, 1500w erh\u00e4ltlich Heizung<\/p>\n","protected":false},"excerpt":{"rendered":"<p><a href=\"https:\/\/www.spabad.dets.nl\/wp-content\/uploads\/2018\/06\/hotspring-brand-featured.png\"><img decoding=\"async\" class=\"alignnone size-full wp-image-1012\" src=\"https:\/\/www.spabad.dets.nl\/wp-content\/uploads\/2018\/06\/hotspring-brand-featured.png\" alt=\"Logo von Hotspring\" width=\"265\" height=\"87\"><\/a><\/p>\n<p><strong>Eigenschaften Hotspring Limelight Flash<\/strong><\/p>\n<ul>\n<li>7-Personen-Whirlpool<\/li>\n<li>Mit 4 D\u00fcsen vom Boden des Whirlpools perfekte Fu\u00dfmassage<\/li>\n<li>41 sch\u00f6ne Jets<\/li>\n<\/ul>\n","protected":false},"featured_media":15419,"template":"","meta":{"_acf_changed":false},"product_brand":[],"product_cat":[204],"product_tag":[],"class_list":{"0":"post-16445","1":"product","2":"type-product","3":"status-publish","4":"has-post-thumbnail","6":"product_cat-thermalbaeder","8":"first","9":"instock","10":"taxable","11":"shipping-taxable","12":"product-type-simple"},"acf":[],"yoast_head":"<!-- This site is optimized with the Yoast SEO plugin v27.5 - https:\/\/yoast.com\/product\/yoast-seo-wordpress\/ -->\n<title>HotSpring Limelight Flash - Spabad Limburg<\/title>\n<meta name=\"robots\" content=\"index, follow, max-snippet:-1, max-image-preview:large, max-video-preview:-1\" \/>\n<link rel=\"canonical\" href=\"https:\/\/www.spabad.dets.nl\/de\/product\/hotspring-limelight-flash\/\" \/>\n<meta property=\"og:locale\" content=\"de_DE\" \/>\n<meta property=\"og:type\" content=\"article\" \/>\n<meta property=\"og:title\" content=\"HotSpring Limelight Flash - Spabad Limburg\" \/>\n<meta property=\"og:description\" content=\"Eigenschaften Hotspring Limelight Flash  7-Personen-Whirlpool  Mit 4 D\u00fcsen vom Boden des Whirlpools perfekte Fu\u00dfmassage  41 sch\u00f6ne Jets\" \/>\n<meta property=\"og:url\" content=\"https:\/\/www.spabad.dets.nl\/de\/product\/hotspring-limelight-flash\/\" \/>\n<meta property=\"og:site_name\" content=\"Spabad Limburg\" \/>\n<meta property=\"article:modified_time\" content=\"2025-08-09T14:28:39+00:00\" \/>\n<meta property=\"og:image\" content=\"https:\/\/www.spabad.dets.nl\/wp-content\/uploads\/2025\/01\/Hotspring-Limelight-Flash-bovenaanzicht.jpg\" \/>\n\t<meta property=\"og:image:width\" content=\"1000\" \/>\n\t<meta property=\"og:image:height\" content=\"1000\" \/>\n\t<meta property=\"og:image:type\" content=\"image\/jpeg\" \/>\n<meta name=\"twitter:card\" content=\"summary_large_image\" \/>\n<meta name=\"twitter:label1\" content=\"Gesch\u00e4tzte Lesezeit\" \/>\n\t<meta name=\"twitter:data1\" content=\"1\u00a0Minute\" \/>\n<script type=\"application\/ld+json\" class=\"yoast-schema-graph\">{\"@context\":\"https:\\\/\\\/schema.org\",\"@graph\":[{\"@type\":\"WebPage\",\"@id\":\"https:\\\/\\\/www.spabad.dets.nl\\\/de\\\/product\\\/hotspring-limelight-flash\\\/\",\"url\":\"https:\\\/\\\/www.spabad.dets.nl\\\/de\\\/product\\\/hotspring-limelight-flash\\\/\",\"name\":\"HotSpring Limelight Flash - Spabad Limburg\",\"isPartOf\":{\"@id\":\"https:\\\/\\\/www.spabad.dets.nl\\\/de\\\/#website\"},\"primaryImageOfPage\":{\"@id\":\"https:\\\/\\\/www.spabad.dets.nl\\\/de\\\/product\\\/hotspring-limelight-flash\\\/#primaryimage\"},\"image\":{\"@id\":\"https:\\\/\\\/www.spabad.dets.nl\\\/de\\\/product\\\/hotspring-limelight-flash\\\/#primaryimage\"},\"thumbnailUrl\":\"https:\\\/\\\/www.spabad.dets.nl\\\/wp-content\\\/uploads\\\/2025\\\/01\\\/Hotspring-Limelight-Flash-bovenaanzicht.jpg\",\"datePublished\":\"2025-01-17T10:13:41+00:00\",\"dateModified\":\"2025-08-09T14:28:39+00:00\",\"breadcrumb\":{\"@id\":\"https:\\\/\\\/www.spabad.dets.nl\\\/de\\\/product\\\/hotspring-limelight-flash\\\/#breadcrumb\"},\"inLanguage\":\"de\",\"potentialAction\":[{\"@type\":\"ReadAction\",\"target\":[\"https:\\\/\\\/www.spabad.dets.nl\\\/de\\\/product\\\/hotspring-limelight-flash\\\/\"]}]},{\"@type\":\"ImageObject\",\"inLanguage\":\"de\",\"@id\":\"https:\\\/\\\/www.spabad.dets.nl\\\/de\\\/product\\\/hotspring-limelight-flash\\\/#primaryimage\",\"url\":\"https:\\\/\\\/www.spabad.dets.nl\\\/wp-content\\\/uploads\\\/2025\\\/01\\\/Hotspring-Limelight-Flash-bovenaanzicht.jpg\",\"contentUrl\":\"https:\\\/\\\/www.spabad.dets.nl\\\/wp-content\\\/uploads\\\/2025\\\/01\\\/Hotspring-Limelight-Flash-bovenaanzicht.jpg\",\"width\":1000,\"height\":1000,\"caption\":\"Hotspring Limelight Flash\"},{\"@type\":\"BreadcrumbList\",\"@id\":\"https:\\\/\\\/www.spabad.dets.nl\\\/de\\\/product\\\/hotspring-limelight-flash\\\/#breadcrumb\",\"itemListElement\":[{\"@type\":\"ListItem\",\"position\":1,\"name\":\"Startseite\",\"item\":\"https:\\\/\\\/www.spabad.dets.nl\\\/de\\\/startseite-2\\\/\"},{\"@type\":\"ListItem\",\"position\":2,\"name\":\"Shop\",\"item\":\"https:\\\/\\\/www.spabad.dets.nl\\\/de\\\/shop-2\\\/\"},{\"@type\":\"ListItem\",\"position\":3,\"name\":\"Wellis Spa B\u00e4der\",\"item\":\"https:\\\/\\\/www.spabad.dets.nl\\\/de\\\/product-categorie\\\/thermalbaeder\\\/\"},{\"@type\":\"ListItem\",\"position\":4,\"name\":\"HotSpring Limelight Flash\"}]},{\"@type\":\"WebSite\",\"@id\":\"https:\\\/\\\/www.spabad.dets.nl\\\/de\\\/#website\",\"url\":\"https:\\\/\\\/www.spabad.dets.nl\\\/de\\\/\",\"name\":\"Spabad Limburg\",\"description\":\"Jacuzzi's en zwemspa's\",\"publisher\":{\"@id\":\"https:\\\/\\\/www.spabad.dets.nl\\\/de\\\/#organization\"},\"potentialAction\":[{\"@type\":\"SearchAction\",\"target\":{\"@type\":\"EntryPoint\",\"urlTemplate\":\"https:\\\/\\\/www.spabad.dets.nl\\\/de\\\/?s={search_term_string}\"},\"query-input\":{\"@type\":\"PropertyValueSpecification\",\"valueRequired\":true,\"valueName\":\"search_term_string\"}}],\"inLanguage\":\"de\"},{\"@type\":\"Organization\",\"@id\":\"https:\\\/\\\/www.spabad.dets.nl\\\/de\\\/#organization\",\"name\":\"Spabad Limburg\",\"url\":\"https:\\\/\\\/www.spabad.dets.nl\\\/de\\\/\",\"logo\":{\"@type\":\"ImageObject\",\"inLanguage\":\"de\",\"@id\":\"https:\\\/\\\/www.spabad.dets.nl\\\/de\\\/#\\\/schema\\\/logo\\\/image\\\/\",\"url\":\"https:\\\/\\\/www.spabad.dets.nl\\\/wp-content\\\/uploads\\\/2025\\\/01\\\/SpabadLimburg-Logo-Payoff-scaled.png\",\"contentUrl\":\"https:\\\/\\\/www.spabad.dets.nl\\\/wp-content\\\/uploads\\\/2025\\\/01\\\/SpabadLimburg-Logo-Payoff-scaled.png\",\"width\":2560,\"height\":548,\"caption\":\"Spabad Limburg\"},\"image\":{\"@id\":\"https:\\\/\\\/www.spabad.dets.nl\\\/de\\\/#\\\/schema\\\/logo\\\/image\\\/\"}}]}<\/script>\n<!-- \/ Yoast SEO plugin. -->","yoast_head_json":{"title":"HotSpring Limelight Flash - Spabad Limburg","robots":{"index":"index","follow":"follow","max-snippet":"max-snippet:-1","max-image-preview":"max-image-preview:large","max-video-preview":"max-video-preview:-1"},"canonical":"https:\/\/www.spabad.dets.nl\/de\/product\/hotspring-limelight-flash\/","og_locale":"de_DE","og_type":"article","og_title":"HotSpring Limelight Flash - Spabad Limburg","og_description":"Eigenschaften Hotspring Limelight Flash  7-Personen-Whirlpool  Mit 4 D\u00fcsen vom Boden des Whirlpools perfekte Fu\u00dfmassage  41 sch\u00f6ne Jets","og_url":"https:\/\/www.spabad.dets.nl\/de\/product\/hotspring-limelight-flash\/","og_site_name":"Spabad Limburg","article_modified_time":"2025-08-09T14:28:39+00:00","og_image":[{"width":1000,"height":1000,"url":"https:\/\/www.spabad.dets.nl\/wp-content\/uploads\/2025\/01\/Hotspring-Limelight-Flash-bovenaanzicht.jpg","type":"image\/jpeg"}],"twitter_card":"summary_large_image","twitter_misc":{"Gesch\u00e4tzte Lesezeit":"1\u00a0Minute"},"schema":{"@context":"https:\/\/schema.org","@graph":[{"@type":"WebPage","@id":"https:\/\/www.spabad.dets.nl\/de\/product\/hotspring-limelight-flash\/","url":"https:\/\/www.spabad.dets.nl\/de\/product\/hotspring-limelight-flash\/","name":"HotSpring Limelight Flash - Spabad Limburg","isPartOf":{"@id":"https:\/\/www.spabad.dets.nl\/de\/#website"},"primaryImageOfPage":{"@id":"https:\/\/www.spabad.dets.nl\/de\/product\/hotspring-limelight-flash\/#primaryimage"},"image":{"@id":"https:\/\/www.spabad.dets.nl\/de\/product\/hotspring-limelight-flash\/#primaryimage"},"thumbnailUrl":"https:\/\/www.spabad.dets.nl\/wp-content\/uploads\/2025\/01\/Hotspring-Limelight-Flash-bovenaanzicht.jpg","datePublished":"2025-01-17T10:13:41+00:00","dateModified":"2025-08-09T14:28:39+00:00","breadcrumb":{"@id":"https:\/\/www.spabad.dets.nl\/de\/product\/hotspring-limelight-flash\/#breadcrumb"},"inLanguage":"de","potentialAction":[{"@type":"ReadAction","target":["https:\/\/www.spabad.dets.nl\/de\/product\/hotspring-limelight-flash\/"]}]},{"@type":"ImageObject","inLanguage":"de","@id":"https:\/\/www.spabad.dets.nl\/de\/product\/hotspring-limelight-flash\/#primaryimage","url":"https:\/\/www.spabad.dets.nl\/wp-content\/uploads\/2025\/01\/Hotspring-Limelight-Flash-bovenaanzicht.jpg","contentUrl":"https:\/\/www.spabad.dets.nl\/wp-content\/uploads\/2025\/01\/Hotspring-Limelight-Flash-bovenaanzicht.jpg","width":1000,"height":1000,"caption":"Hotspring Limelight Flash"},{"@type":"BreadcrumbList","@id":"https:\/\/www.spabad.dets.nl\/de\/product\/hotspring-limelight-flash\/#breadcrumb","itemListElement":[{"@type":"ListItem","position":1,"name":"Startseite","item":"https:\/\/www.spabad.dets.nl\/de\/startseite-2\/"},{"@type":"ListItem","position":2,"name":"Shop","item":"https:\/\/www.spabad.dets.nl\/de\/shop-2\/"},{"@type":"ListItem","position":3,"name":"Wellis Spa B\u00e4der","item":"https:\/\/www.spabad.dets.nl\/de\/product-categorie\/thermalbaeder\/"},{"@type":"ListItem","position":4,"name":"HotSpring Limelight Flash"}]},{"@type":"WebSite","@id":"https:\/\/www.spabad.dets.nl\/de\/#website","url":"https:\/\/www.spabad.dets.nl\/de\/","name":"Spabad Limburg","description":"Jacuzzi's en zwemspa's","publisher":{"@id":"https:\/\/www.spabad.dets.nl\/de\/#organization"},"potentialAction":[{"@type":"SearchAction","target":{"@type":"EntryPoint","urlTemplate":"https:\/\/www.spabad.dets.nl\/de\/?s={search_term_string}"},"query-input":{"@type":"PropertyValueSpecification","valueRequired":true,"valueName":"search_term_string"}}],"inLanguage":"de"},{"@type":"Organization","@id":"https:\/\/www.spabad.dets.nl\/de\/#organization","name":"Spabad Limburg","url":"https:\/\/www.spabad.dets.nl\/de\/","logo":{"@type":"ImageObject","inLanguage":"de","@id":"https:\/\/www.spabad.dets.nl\/de\/#\/schema\/logo\/image\/","url":"https:\/\/www.spabad.dets.nl\/wp-content\/uploads\/2025\/01\/SpabadLimburg-Logo-Payoff-scaled.png","contentUrl":"https:\/\/www.spabad.dets.nl\/wp-content\/uploads\/2025\/01\/SpabadLimburg-Logo-Payoff-scaled.png","width":2560,"height":548,"caption":"Spabad Limburg"},"image":{"@id":"https:\/\/www.spabad.dets.nl\/de\/#\/schema\/logo\/image\/"}}]}},"_links":{"self":[{"href":"https:\/\/www.spabad.dets.nl\/de\/wp-json\/wp\/v2\/product\/16445","targetHints":{"allow":["GET"]}}],"collection":[{"href":"https:\/\/www.spabad.dets.nl\/de\/wp-json\/wp\/v2\/product"}],"about":[{"href":"https:\/\/www.spabad.dets.nl\/de\/wp-json\/wp\/v2\/types\/product"}],"version-history":[{"count":0,"href":"https:\/\/www.spabad.dets.nl\/de\/wp-json\/wp\/v2\/product\/16445\/revisions"}],"wp:featuredmedia":[{"embeddable":true,"href":"https:\/\/www.spabad.dets.nl\/de\/wp-json\/wp\/v2\/media\/15419"}],"wp:attachment":[{"href":"https:\/\/www.spabad.dets.nl\/de\/wp-json\/wp\/v2\/media?parent=16445"}],"wp:term":[{"taxonomy":"product_brand","embeddable":true,"href":"https:\/\/www.spabad.dets.nl\/de\/wp-json\/wp\/v2\/product_brand?post=16445"},{"taxonomy":"product_cat","embeddable":true,"href":"https:\/\/www.spabad.dets.nl\/de\/wp-json\/wp\/v2\/product_cat?post=16445"},{"taxonomy":"product_tag","embeddable":true,"href":"https:\/\/www.spabad.dets.nl\/de\/wp-json\/wp\/v2\/product_tag?post=16445"}],"curies":[{"name":"wp","href":"https:\/\/api.w.org\/{rel}","templated":true}]}}