{"id":16444,"date":"2025-01-17T11:13:41","date_gmt":"2025-01-17T10:13:41","guid":{"rendered":"https:\/\/www.spabad.dets.nl\/product\/hotspring-highlife-vanguard\/"},"modified":"2025-08-12T16:51:45","modified_gmt":"2025-08-12T14:51:45","slug":"hotspring-highlife-vanguard","status":"publish","type":"product","link":"https:\/\/www.spabad.dets.nl\/de\/product\/hotspring-highlife-vanguard\/","title":{"rendered":"HotSpring Highlife Vanguard"},"content":{"rendered":"<h1><strong>HotSpring Highlife Vanguard<\/strong><\/h1>\n<p>Den HotSpring Highlife Vanguard sollten Sie sich nicht entgehen lassen. Dieser energieeffiziente Whirlpool bietet Platz f\u00fcr sechs Personen und verf\u00fcgt \u00fcber gezielte D\u00fcsen, die Ihren Nacken, Ihre Schultern, Ihren R\u00fccken und Ihre F\u00fc\u00dfe massieren. Genie\u00dfen Sie das wohltuende Ambiente in bequemen, stilvollen Sitzgelegenheiten, mit der mehrfarbigen LED-Beleuchtung Luminescence\u00ae und dem beleuchteten Wasserfall BellaFontana\u00ae mit drei B\u00f6gen. Das D\u00fcsensystem des HotSpring Highlife Vanguard mit 38 unglaublichen D\u00fcsen l\u00f6st Verspannungen in bestimmten Bereichen wie R\u00fccken, Nacken, Schultern und Waden. Entwickelt, um den ultimativen Komfort, Genuss, Ausdauer und Effizienz zu bieten. Der Vanguard ist Teil der Highlife-Kollektion.     <\/p>\n<h2><strong>Technische Daten<\/strong><\/h2>\n<div id=\"specs\" class=\"collapse\">\n<div class=\"row\">\n<div class=\"col-lg-5 col-lg-offset-1 col-md-6 col-sm-6 pull-left\">\n<div class=\"panel-pane pane-views-panes pane-model-specifications-pane-specs\">\n<div class=\"pane-content\">\n<div class=\"model-specs\">\n<table style=\"height: 1460px;\" width=\"900\">\n<tbody>\n<tr class=\"alt\">\n<td>Sitzplatzkapazit\u00e4t<\/td>\n<td>\n<div>6 Erwachsene<\/div>\n<\/td>\n<\/tr>\n<tr>\n<td>Abmessungen<\/td>\n<td>\n<div class=\"field-content\">\n<div class=\"entity entity-field-collection-item field-collection-item-field-dimensions clearfix\">\n<div class=\"content\">\n<div class=\"field field-name-field-dimensions-us field-type-text field-label-hidden\">\n<div class=\"field-items\"><span style=\"font-family: inherit; font-size: inherit;\">2.20m x 2.20m x .91m<\/span><\/div>\n<\/div>\n<\/div>\n<\/div>\n<\/div>\n<\/td>\n<\/tr>\n<tr class=\"alt\">\n<td>Fassungsverm\u00f6gen Wasser<\/td>\n<td>\n<div class=\"field-content\">1,275 Liter<\/div>\n<\/td>\n<\/tr>\n<tr>\n<td>Masse<\/td>\n<td>\n<div>\n<div class=\"entity entity-field-collection-item field-collection-item-field-weight clearfix\">\n<div class=\"content\">\n<div class=\"field field-name-field-weight-dry field-type-text field-label-hidden\">\n<div class=\"field-items\">\n<div class=\"field-item even\">370 kg trocken<\/div>\n<\/div>\n<\/div>\n<div class=\"field field-name-field-weight-filled field-type-text field-label-hidden\">\n<div class=\"field-items\">\n<div class=\"field-item even\">2,125 kg gef\u00fcllt*<\/div>\n<\/div>\n<\/div>\n<\/div>\n<\/div>\n<\/div>\n<\/td>\n<\/tr>\n<tr class=\"alt\">\n<td>Anzahl der D\u00fcsen<\/td>\n<td>\n<div>38<\/div>\n<\/td>\n<\/tr>\n<tr>\n<td>Whirlpool-D\u00fcsen<\/td>\n<td>\n<div class=\"item-list\">\n<div class=\"entity entity-field-collection-item field-collection-item-field-jet-listing clearfix\">\n<div class=\"content\">\n<div class=\"field field-name-field-jet-count field-type-number-integer field-label-hidden\">\n<div class=\"field-items\">\n<div class=\"field-item even\">2  <span style=\"font-family: inherit; font-size: inherit;\">Moto-Massage<\/span><sup style=\"font-family: inherit;\">\u00ae<\/sup><span style=\"font-family: inherit; font-size: inherit;\"> DX-D\u00fcsen (2)<br \/>\n<\/span><span style=\"font-family: inherit; font-size: inherit;\">2 <\/span><span style=\"font-family: inherit; font-size: inherit;\">SoothingStream<\/span><sup style=\"font-family: inherit;\">\u00ae<\/sup><span style=\"font-family: inherit; font-size: inherit;\"> D\u00fcsen<br \/>\n<\/span><span style=\"font-family: inherit; font-size: inherit;\">2 <\/span><span style=\"font-family: inherit; font-size: inherit;\">JetStream<\/span><sup style=\"font-family: inherit;\">\u00ae<\/sup><span style=\"font-family: inherit; font-size: inherit;\"> D\u00fcsen<br \/>\n<\/span><span style=\"font-family: inherit; font-size: inherit;\">2 <\/span><span style=\"font-family: inherit; font-size: inherit;\">Rotierende Hydromassage<br \/>\n<\/span><span style=\"font-family: inherit; font-size: inherit;\">1 <\/span><span style=\"font-family: inherit; font-size: inherit;\">Gerichtete Hydromassage-D\u00fcse<br \/>\n<\/span><span style=\"font-family: inherit; font-size: inherit;\">27 <\/span><span style=\"font-family: inherit; font-size: inherit;\">Direktionale Pr\u00e4zision<\/span><sup style=\"font-family: inherit;\">\u00ae<\/sup><span style=\"font-family: inherit; font-size: inherit;\"> D\u00fcsen<\/span><\/div>\n<\/div>\n<\/div>\n<\/div>\n<\/div>\n<\/div>\n<\/td>\n<\/tr>\n<tr class=\"alt\">\n<td>Beleuchtungssystem<\/td>\n<td>\n<div>\n<div class=\"item-list\">\n<p><sup>Luminescence\u00ae<\/sup> Mehrfarbige Vier-Zonen<\/p>\n<\/div>\n<\/div>\n<\/td>\n<\/tr>\n<tr>\n<td>Wasserspiele<\/td>\n<td>\n<div>\n<div class=\"item-list\">\n<p><sup>BellaFontana\u00ae<\/sup> mit 3 beleuchteten B\u00f6gen aus Wasser<\/p>\n<\/div>\n<\/div>\n<\/td>\n<\/tr>\n<tr class=\"alt\">\n<td>Kontrollsystem<\/td>\n<td>\n<div>\n<div class=\"item-list\">\n<p>IQ <sup>2020\u00ae<\/sup> mit Touchscreen-Bedienfeld<br \/>\n230v\/50amp, 60Hz<br \/>\nInklusive G.F.C.I. gesch\u00fctztem Sub-Panel<\/p>\n<\/div>\n<\/div>\n<\/td>\n<\/tr>\n<tr>\n<td>Heizger\u00e4t<\/td>\n<td>\n<div>\n<div class=\"item-list\">\n<p><sup>No-Fault\u00ae<\/sup>, 4000w\/230v<\/p>\n<\/div>\n<\/div>\n<\/td>\n<\/tr>\n<tr class=\"alt\">\n<td>Strahlpumpe 1<\/td>\n<td>\n<div>\n<div class=\"item-list\">\n<p><sup>Wavemaster\u00ae<\/sup> 9200<br \/>\nZwei Geschwindigkeiten<br \/>\n2,5 PS, Dauerbetrieb<br \/>\n5,2 PS, Durchschlagsmoment<\/p>\n<\/div>\n<\/div>\n<\/td>\n<\/tr>\n<tr>\n<td>Strahlpumpe 2<\/td>\n<td>\n<div>\n<div class=\"item-list\">\n<p><sup>Wavemaster\u00ae<\/sup> 8000<br \/>\nEin-Gang<br \/>\n2,0 PS, Dauerbetrieb<br \/>\n4,0 PS, Durchschlagskraft<\/p>\n<\/div>\n<\/div>\n<\/td>\n<\/tr>\n<tr class=\"alt\">\n<td>Umw\u00e4lzpumpe<\/td>\n<td>\n<div>\n<div class=\"item-list\">\n<p>SilentFlo <sup>5000\u00ae<\/sup> f\u00fcr ger\u00e4uscharme kontinuierliche Filtration<\/p>\n<\/div>\n<\/div>\n<\/td>\n<\/tr>\n<tr>\n<td>Ozon-System<\/td>\n<td>\n<div>\n<div class=\"item-list\">\n<p><sup>FreshWater\u00ae<\/sup> III Corona-Entladung<\/p>\n<\/div>\n<\/div>\n<\/td>\n<\/tr>\n<tr class=\"alt\">\n<td>Optionen f\u00fcr den Wasserschutz<\/td>\n<td>\n<div class=\"field-item\">\n<div class=\"item-list\">\n<p><sup>ACE\u00ae<\/sup> Salzwasserdesinfektionssystem (optional)<br \/>\noder <sup>EverFresh\u00ae<\/sup> System (optional)<\/p>\n<\/div>\n<\/div>\n<\/td>\n<\/tr>\n<tr>\n<td>Effektive Filtrationsfl\u00e4che<\/td>\n<td>\n<div class=\"field-content\">30 m2 <sup>Tri-X\u00ae<\/sup> Filter f\u00fcr die Beladung von oben; 100% Bypass-Filterung<\/div>\n<\/td>\n<\/tr>\n<tr class=\"alt\">\n<td>Vinyl-Einband<\/td>\n<td>\n<div>\n<div class=\"item-list\">\n<p>8,9 - auf 6,4 cm verj\u00fcngt<br \/>\n900 Gramm dichter Schaumstoffkern mit Scharnierdichtung<\/p>\n<\/div>\n<\/div>\n<\/td>\n<\/tr>\n<tr>\n<td>Farben des Vinylbezugs<\/td>\n<td>\n<div>\n<div class=\"item-list\">\n<p>Karamell, Schokolade, Schiefer, Immergr\u00fcn<\/p>\n<\/div>\n<\/div>\n<\/td>\n<\/tr>\n<tr class=\"alt\">\n<td>Unterhaltungssysteme (optional)<\/td>\n<td>\n<div>\n<div class=\"item-list\">\n<p>Drahtloses Sound-System<\/p>\n<\/div>\n<\/div>\n<\/td>\n<\/tr>\n<tr>\n<td>Heber f\u00fcr die Abdeckung (optional)<\/td>\n<td>\n<div class=\"field-content\">CoverCradle <sup>II\u00ae<\/sup>, <sup>CoverCradle\u00ae<\/sup>, Lift &#8217;n <sup>Glide\u00ae<\/sup>, <sup>UpRite\u00ae<\/sup><\/div>\n<\/td>\n<\/tr>\n<tr class=\"alt\">\n<td>Schritte (optional)<\/td>\n<td>\n<div class=\"field-content\">\n<div class=\"item-list\">\n<p><sup>Everwood\u00ae<\/sup> HD, NXT, Polymer, SpaStone<\/p>\n<\/div>\n<\/div>\n<\/td>\n<\/tr>\n<\/tbody>\n<\/table>\n<\/div>\n<\/div>\n<\/div>\n<\/div>\n<div class=\"col-lg-5 col-lg-pull-1 col-md-6 col-sm-6 pull-right\">\n<div class=\"panel-pane pane-views-panes pane-model-specifications-pane-shell\">\n<div class=\"pane-content\">\n<div class=\"model-specs shell\"><\/div>\n<\/div>\n<\/div>\n<\/div>\n<\/div>\n<\/div>\n<div class=\"row\">\n<div class=\"col-lg-5 col-lg-offset-1 col-md-6 col-sm-6\">\n<div class=\"model-specs-disclaimer\">\n<div class=\"panel-pane pane-custom pane-14\">\n<div class=\"pane-content\">\n<p>*inklusive Wasser und 6 Erwachsene \u00e0 80kg<\/p>\n<p>Exportmodelle sind mit 230v, 50Hz, 1500w Heizung erh\u00e4ltlich<\/p>\n<\/div>\n<\/div>\n<\/div>\n<\/div>\n<\/div>\n","protected":false},"excerpt":{"rendered":"<p><a href=\"https:\/\/www.spabad.dets.nl\/wp-content\/uploads\/2018\/06\/hotspring-brand-featured.png\"><img decoding=\"async\" class=\"alignnone size-full wp-image-1012\" src=\"https:\/\/www.spabad.dets.nl\/wp-content\/uploads\/2018\/06\/hotspring-brand-featured.png\" alt=\"Logo von Hotspring\" width=\"265\" height=\"87\"><\/a><\/p>\n<p><strong>Eigenschaften Hotspring Highlife Vanguard  <\/strong><\/p>\n<ul>\n<li>Energieeffizienter Jacuzzi<\/li>\n<li>38 D\u00fcsen<\/li>\n<li>Beleuchteter Wasserfall mit 3 B\u00f6gen<\/li>\n<\/ul>\n","protected":false},"featured_media":15421,"template":"","meta":{"_acf_changed":false},"product_brand":[],"product_cat":[204],"product_tag":[],"class_list":{"0":"post-16444","1":"product","2":"type-product","3":"status-publish","4":"has-post-thumbnail","6":"product_cat-thermalbaeder","8":"first","9":"instock","10":"taxable","11":"shipping-taxable","12":"product-type-simple"},"acf":[],"yoast_head":"<!-- This site is optimized with the Yoast SEO plugin v27.5 - https:\/\/yoast.com\/product\/yoast-seo-wordpress\/ -->\n<title>HotSpring Highlife Vanguard - 6-Sitzer-Whirlpool - Langlebiger Whirlpool - Spabad Limburg<\/title>\n<meta name=\"description\" content=\"HotSpring Highlife Vanguard. Ein wundersch\u00f6ner Whirlpool f\u00fcr 6 Personen. Mit 38 wunderbaren D\u00fcsen, ein Allesk\u00f6nner, der kontinuierliche Qualit\u00e4t liefert.\" \/>\n<meta name=\"robots\" content=\"index, follow, max-snippet:-1, max-image-preview:large, max-video-preview:-1\" \/>\n<link rel=\"canonical\" href=\"https:\/\/www.spabad.dets.nl\/de\/product\/hotspring-highlife-vanguard\/\" \/>\n<meta property=\"og:locale\" content=\"de_DE\" \/>\n<meta property=\"og:type\" content=\"article\" \/>\n<meta property=\"og:title\" content=\"HotSpring Highlife Vanguard - 6-Sitzer-Whirlpool - Langlebiger Whirlpool - Spabad Limburg\" \/>\n<meta property=\"og:description\" content=\"HotSpring Highlife Vanguard. Ein wundersch\u00f6ner Whirlpool f\u00fcr 6 Personen. Mit 38 wunderbaren D\u00fcsen, ein Allesk\u00f6nner, der kontinuierliche Qualit\u00e4t liefert.\" \/>\n<meta property=\"og:url\" content=\"https:\/\/www.spabad.dets.nl\/de\/product\/hotspring-highlife-vanguard\/\" \/>\n<meta property=\"og:site_name\" content=\"Spabad Limburg\" \/>\n<meta property=\"article:modified_time\" content=\"2025-08-12T14:51:45+00:00\" \/>\n<meta property=\"og:image\" content=\"https:\/\/www.spabad.dets.nl\/wp-content\/uploads\/2025\/01\/Hotspring-Highlife-Vanguard-bovenaanzicht.jpg\" \/>\n\t<meta property=\"og:image:width\" content=\"1000\" \/>\n\t<meta property=\"og:image:height\" content=\"1000\" \/>\n\t<meta property=\"og:image:type\" content=\"image\/jpeg\" \/>\n<meta name=\"twitter:card\" content=\"summary_large_image\" \/>\n<meta name=\"twitter:label1\" content=\"Gesch\u00e4tzte Lesezeit\" \/>\n\t<meta name=\"twitter:data1\" content=\"1\u00a0Minute\" \/>\n<script type=\"application\/ld+json\" class=\"yoast-schema-graph\">{\"@context\":\"https:\\\/\\\/schema.org\",\"@graph\":[{\"@type\":\"WebPage\",\"@id\":\"https:\\\/\\\/www.spabad.dets.nl\\\/de\\\/product\\\/hotspring-highlife-vanguard\\\/\",\"url\":\"https:\\\/\\\/www.spabad.dets.nl\\\/de\\\/product\\\/hotspring-highlife-vanguard\\\/\",\"name\":\"HotSpring Highlife Vanguard - 6-Sitzer-Whirlpool - Langlebiger Whirlpool - Spabad Limburg\",\"isPartOf\":{\"@id\":\"https:\\\/\\\/www.spabad.dets.nl\\\/de\\\/#website\"},\"primaryImageOfPage\":{\"@id\":\"https:\\\/\\\/www.spabad.dets.nl\\\/de\\\/product\\\/hotspring-highlife-vanguard\\\/#primaryimage\"},\"image\":{\"@id\":\"https:\\\/\\\/www.spabad.dets.nl\\\/de\\\/product\\\/hotspring-highlife-vanguard\\\/#primaryimage\"},\"thumbnailUrl\":\"https:\\\/\\\/www.spabad.dets.nl\\\/wp-content\\\/uploads\\\/2025\\\/01\\\/Hotspring-Highlife-Vanguard-bovenaanzicht.jpg\",\"datePublished\":\"2025-01-17T10:13:41+00:00\",\"dateModified\":\"2025-08-12T14:51:45+00:00\",\"description\":\"HotSpring Highlife Vanguard. Ein wundersch\u00f6ner Whirlpool f\u00fcr 6 Personen. Mit 38 wunderbaren D\u00fcsen, ein Allesk\u00f6nner, der kontinuierliche Qualit\u00e4t liefert.\",\"breadcrumb\":{\"@id\":\"https:\\\/\\\/www.spabad.dets.nl\\\/de\\\/product\\\/hotspring-highlife-vanguard\\\/#breadcrumb\"},\"inLanguage\":\"de\",\"potentialAction\":[{\"@type\":\"ReadAction\",\"target\":[\"https:\\\/\\\/www.spabad.dets.nl\\\/de\\\/product\\\/hotspring-highlife-vanguard\\\/\"]}]},{\"@type\":\"ImageObject\",\"inLanguage\":\"de\",\"@id\":\"https:\\\/\\\/www.spabad.dets.nl\\\/de\\\/product\\\/hotspring-highlife-vanguard\\\/#primaryimage\",\"url\":\"https:\\\/\\\/www.spabad.dets.nl\\\/wp-content\\\/uploads\\\/2025\\\/01\\\/Hotspring-Highlife-Vanguard-bovenaanzicht.jpg\",\"contentUrl\":\"https:\\\/\\\/www.spabad.dets.nl\\\/wp-content\\\/uploads\\\/2025\\\/01\\\/Hotspring-Highlife-Vanguard-bovenaanzicht.jpg\",\"width\":1000,\"height\":1000,\"caption\":\"Hotspring Highlife Vanguard\"},{\"@type\":\"BreadcrumbList\",\"@id\":\"https:\\\/\\\/www.spabad.dets.nl\\\/de\\\/product\\\/hotspring-highlife-vanguard\\\/#breadcrumb\",\"itemListElement\":[{\"@type\":\"ListItem\",\"position\":1,\"name\":\"Startseite\",\"item\":\"https:\\\/\\\/www.spabad.dets.nl\\\/de\\\/startseite-2\\\/\"},{\"@type\":\"ListItem\",\"position\":2,\"name\":\"Shop\",\"item\":\"https:\\\/\\\/www.spabad.dets.nl\\\/de\\\/shop-2\\\/\"},{\"@type\":\"ListItem\",\"position\":3,\"name\":\"Wellis Spa B\u00e4der\",\"item\":\"https:\\\/\\\/www.spabad.dets.nl\\\/de\\\/product-categorie\\\/thermalbaeder\\\/\"},{\"@type\":\"ListItem\",\"position\":4,\"name\":\"HotSpring Highlife Vanguard\"}]},{\"@type\":\"WebSite\",\"@id\":\"https:\\\/\\\/www.spabad.dets.nl\\\/de\\\/#website\",\"url\":\"https:\\\/\\\/www.spabad.dets.nl\\\/de\\\/\",\"name\":\"Spabad Limburg\",\"description\":\"Jacuzzi's en zwemspa's\",\"publisher\":{\"@id\":\"https:\\\/\\\/www.spabad.dets.nl\\\/de\\\/#organization\"},\"potentialAction\":[{\"@type\":\"SearchAction\",\"target\":{\"@type\":\"EntryPoint\",\"urlTemplate\":\"https:\\\/\\\/www.spabad.dets.nl\\\/de\\\/?s={search_term_string}\"},\"query-input\":{\"@type\":\"PropertyValueSpecification\",\"valueRequired\":true,\"valueName\":\"search_term_string\"}}],\"inLanguage\":\"de\"},{\"@type\":\"Organization\",\"@id\":\"https:\\\/\\\/www.spabad.dets.nl\\\/de\\\/#organization\",\"name\":\"Spabad Limburg\",\"url\":\"https:\\\/\\\/www.spabad.dets.nl\\\/de\\\/\",\"logo\":{\"@type\":\"ImageObject\",\"inLanguage\":\"de\",\"@id\":\"https:\\\/\\\/www.spabad.dets.nl\\\/de\\\/#\\\/schema\\\/logo\\\/image\\\/\",\"url\":\"https:\\\/\\\/www.spabad.dets.nl\\\/wp-content\\\/uploads\\\/2025\\\/01\\\/SpabadLimburg-Logo-Payoff-scaled.png\",\"contentUrl\":\"https:\\\/\\\/www.spabad.dets.nl\\\/wp-content\\\/uploads\\\/2025\\\/01\\\/SpabadLimburg-Logo-Payoff-scaled.png\",\"width\":2560,\"height\":548,\"caption\":\"Spabad Limburg\"},\"image\":{\"@id\":\"https:\\\/\\\/www.spabad.dets.nl\\\/de\\\/#\\\/schema\\\/logo\\\/image\\\/\"}}]}<\/script>\n<!-- \/ Yoast SEO plugin. -->","yoast_head_json":{"title":"HotSpring Highlife Vanguard - 6-Sitzer-Whirlpool - Langlebiger Whirlpool - Spabad Limburg","description":"HotSpring Highlife Vanguard. Ein wundersch\u00f6ner Whirlpool f\u00fcr 6 Personen. Mit 38 wunderbaren D\u00fcsen, ein Allesk\u00f6nner, der kontinuierliche Qualit\u00e4t liefert.","robots":{"index":"index","follow":"follow","max-snippet":"max-snippet:-1","max-image-preview":"max-image-preview:large","max-video-preview":"max-video-preview:-1"},"canonical":"https:\/\/www.spabad.dets.nl\/de\/product\/hotspring-highlife-vanguard\/","og_locale":"de_DE","og_type":"article","og_title":"HotSpring Highlife Vanguard - 6-Sitzer-Whirlpool - Langlebiger Whirlpool - Spabad Limburg","og_description":"HotSpring Highlife Vanguard. Ein wundersch\u00f6ner Whirlpool f\u00fcr 6 Personen. Mit 38 wunderbaren D\u00fcsen, ein Allesk\u00f6nner, der kontinuierliche Qualit\u00e4t liefert.","og_url":"https:\/\/www.spabad.dets.nl\/de\/product\/hotspring-highlife-vanguard\/","og_site_name":"Spabad Limburg","article_modified_time":"2025-08-12T14:51:45+00:00","og_image":[{"width":1000,"height":1000,"url":"https:\/\/www.spabad.dets.nl\/wp-content\/uploads\/2025\/01\/Hotspring-Highlife-Vanguard-bovenaanzicht.jpg","type":"image\/jpeg"}],"twitter_card":"summary_large_image","twitter_misc":{"Gesch\u00e4tzte Lesezeit":"1\u00a0Minute"},"schema":{"@context":"https:\/\/schema.org","@graph":[{"@type":"WebPage","@id":"https:\/\/www.spabad.dets.nl\/de\/product\/hotspring-highlife-vanguard\/","url":"https:\/\/www.spabad.dets.nl\/de\/product\/hotspring-highlife-vanguard\/","name":"HotSpring Highlife Vanguard - 6-Sitzer-Whirlpool - Langlebiger Whirlpool - Spabad Limburg","isPartOf":{"@id":"https:\/\/www.spabad.dets.nl\/de\/#website"},"primaryImageOfPage":{"@id":"https:\/\/www.spabad.dets.nl\/de\/product\/hotspring-highlife-vanguard\/#primaryimage"},"image":{"@id":"https:\/\/www.spabad.dets.nl\/de\/product\/hotspring-highlife-vanguard\/#primaryimage"},"thumbnailUrl":"https:\/\/www.spabad.dets.nl\/wp-content\/uploads\/2025\/01\/Hotspring-Highlife-Vanguard-bovenaanzicht.jpg","datePublished":"2025-01-17T10:13:41+00:00","dateModified":"2025-08-12T14:51:45+00:00","description":"HotSpring Highlife Vanguard. Ein wundersch\u00f6ner Whirlpool f\u00fcr 6 Personen. Mit 38 wunderbaren D\u00fcsen, ein Allesk\u00f6nner, der kontinuierliche Qualit\u00e4t liefert.","breadcrumb":{"@id":"https:\/\/www.spabad.dets.nl\/de\/product\/hotspring-highlife-vanguard\/#breadcrumb"},"inLanguage":"de","potentialAction":[{"@type":"ReadAction","target":["https:\/\/www.spabad.dets.nl\/de\/product\/hotspring-highlife-vanguard\/"]}]},{"@type":"ImageObject","inLanguage":"de","@id":"https:\/\/www.spabad.dets.nl\/de\/product\/hotspring-highlife-vanguard\/#primaryimage","url":"https:\/\/www.spabad.dets.nl\/wp-content\/uploads\/2025\/01\/Hotspring-Highlife-Vanguard-bovenaanzicht.jpg","contentUrl":"https:\/\/www.spabad.dets.nl\/wp-content\/uploads\/2025\/01\/Hotspring-Highlife-Vanguard-bovenaanzicht.jpg","width":1000,"height":1000,"caption":"Hotspring Highlife Vanguard"},{"@type":"BreadcrumbList","@id":"https:\/\/www.spabad.dets.nl\/de\/product\/hotspring-highlife-vanguard\/#breadcrumb","itemListElement":[{"@type":"ListItem","position":1,"name":"Startseite","item":"https:\/\/www.spabad.dets.nl\/de\/startseite-2\/"},{"@type":"ListItem","position":2,"name":"Shop","item":"https:\/\/www.spabad.dets.nl\/de\/shop-2\/"},{"@type":"ListItem","position":3,"name":"Wellis Spa B\u00e4der","item":"https:\/\/www.spabad.dets.nl\/de\/product-categorie\/thermalbaeder\/"},{"@type":"ListItem","position":4,"name":"HotSpring Highlife Vanguard"}]},{"@type":"WebSite","@id":"https:\/\/www.spabad.dets.nl\/de\/#website","url":"https:\/\/www.spabad.dets.nl\/de\/","name":"Spabad Limburg","description":"Jacuzzi's en zwemspa's","publisher":{"@id":"https:\/\/www.spabad.dets.nl\/de\/#organization"},"potentialAction":[{"@type":"SearchAction","target":{"@type":"EntryPoint","urlTemplate":"https:\/\/www.spabad.dets.nl\/de\/?s={search_term_string}"},"query-input":{"@type":"PropertyValueSpecification","valueRequired":true,"valueName":"search_term_string"}}],"inLanguage":"de"},{"@type":"Organization","@id":"https:\/\/www.spabad.dets.nl\/de\/#organization","name":"Spabad Limburg","url":"https:\/\/www.spabad.dets.nl\/de\/","logo":{"@type":"ImageObject","inLanguage":"de","@id":"https:\/\/www.spabad.dets.nl\/de\/#\/schema\/logo\/image\/","url":"https:\/\/www.spabad.dets.nl\/wp-content\/uploads\/2025\/01\/SpabadLimburg-Logo-Payoff-scaled.png","contentUrl":"https:\/\/www.spabad.dets.nl\/wp-content\/uploads\/2025\/01\/SpabadLimburg-Logo-Payoff-scaled.png","width":2560,"height":548,"caption":"Spabad Limburg"},"image":{"@id":"https:\/\/www.spabad.dets.nl\/de\/#\/schema\/logo\/image\/"}}]}},"_links":{"self":[{"href":"https:\/\/www.spabad.dets.nl\/de\/wp-json\/wp\/v2\/product\/16444","targetHints":{"allow":["GET"]}}],"collection":[{"href":"https:\/\/www.spabad.dets.nl\/de\/wp-json\/wp\/v2\/product"}],"about":[{"href":"https:\/\/www.spabad.dets.nl\/de\/wp-json\/wp\/v2\/types\/product"}],"version-history":[{"count":0,"href":"https:\/\/www.spabad.dets.nl\/de\/wp-json\/wp\/v2\/product\/16444\/revisions"}],"wp:featuredmedia":[{"embeddable":true,"href":"https:\/\/www.spabad.dets.nl\/de\/wp-json\/wp\/v2\/media\/15421"}],"wp:attachment":[{"href":"https:\/\/www.spabad.dets.nl\/de\/wp-json\/wp\/v2\/media?parent=16444"}],"wp:term":[{"taxonomy":"product_brand","embeddable":true,"href":"https:\/\/www.spabad.dets.nl\/de\/wp-json\/wp\/v2\/product_brand?post=16444"},{"taxonomy":"product_cat","embeddable":true,"href":"https:\/\/www.spabad.dets.nl\/de\/wp-json\/wp\/v2\/product_cat?post=16444"},{"taxonomy":"product_tag","embeddable":true,"href":"https:\/\/www.spabad.dets.nl\/de\/wp-json\/wp\/v2\/product_tag?post=16444"}],"curies":[{"name":"wp","href":"https:\/\/api.w.org\/{rel}","templated":true}]}}