{"id":16443,"date":"2025-01-17T11:13:54","date_gmt":"2025-01-17T10:13:54","guid":{"rendered":"https:\/\/www.spabad.dets.nl\/product\/wellis-myline-spa-saturn\/"},"modified":"2025-07-20T20:22:48","modified_gmt":"2025-07-20T18:22:48","slug":"wellis-myline-spa-saturn","status":"publish","type":"product","link":"https:\/\/www.spabad.dets.nl\/de\/product\/wellis-myline-spa-saturn\/","title":{"rendered":"Wellis Myline Spa Saturn"},"content":{"rendered":"<p>Der Wellis Myline Spa Saturn ist klein in der Gr\u00f6\u00dfe, gro\u00df im Gebrauch. Ideal f\u00fcr Partys, aber auch ideal f\u00fcr Komfort und Qualit\u00e4tszeit. Der Spa Saturn von Wellis bietet insgesamt 5 Liege-\/Sitzpl\u00e4tze und ist mit einer Gesamtzahl von 50 D\u00fcsen ausgestattet. Die beiden Liegesitze des Wellis Myline Spa Saturn bieten eine umfassende Massage der F\u00fc\u00dfe und Waden. Einmal in das warme Wasser eingetaucht, kommen Sie garantiert nicht mehr heraus!    <\/p>\n<table class=\"tableizer-table\" border=\"1\" cellspacing=\"0\">\n<thead>\n<tr class=\"tableizer-firstrow\">\n<th>Abmessungen<\/th>\n<th>2300 x 2300 x 880 mm<\/th>\n<\/tr>\n<\/thead>\n<tbody>\n<tr>\n<td>Kojen\/Sitzpl\u00e4tze<\/td>\n<td>2 Kojen und 3 Sitze<\/td>\n<\/tr>\n<tr>\n<td>Nettogewicht (kg)\/Wasserkapazit\u00e4t (l)<\/td>\n<td>350 kg\/1.400 l<\/td>\n<\/tr>\n<tr>\n<td>Rahmen<\/td>\n<td>Impr\u00e4gniertes Massivholz<\/td>\n<\/tr>\n<tr>\n<td>Opt. elektrischer Anschluss <\/td>\n<td>1 x 27A 230V\/50Hz oder 3 x 16A 400V\/50Hz<\/td>\n<\/tr>\n<tr>\n<td>Min. elektrischer Anschluss*<\/td>\n<td>1 x 14A 230V\/50Hz<\/td>\n<\/tr>\n<tr>\n<td>Gesamtzahl der D\u00fcsen<\/td>\n<td>50<\/td>\n<\/tr>\n<tr>\n<td>Beleuchteter Wasserfall<\/td>\n<td>-<\/td>\n<\/tr>\n<tr>\n<td>Hydromassage-Pumpe<\/td>\n<td>1 x 2 PS, zwei Geschwindigkeiten; 1 x 2 PS, eine Geschwindigkeit<\/td>\n<\/tr>\n<tr>\n<td>Wasseraufbereitung<\/td>\n<td>Ozonator + Feinstpapierfilter<\/td>\n<\/tr>\n<tr>\n<td>LED-Farbtherapie-Beleuchtung<\/td>\n<td>18 exklusive LEDs<\/td>\n<\/tr>\n<tr>\n<td>Audio System<\/td>\n<td>MyMusic\u2122 2.0<\/td>\n<\/tr>\n<tr>\n<td>MyJet\u2122.<\/td>\n<td>Ja<\/td>\n<\/tr>\n<tr>\n<td>MySeat\u2122<\/td>\n<td>Ja<\/td>\n<\/tr>\n<tr>\n<td>MyHip\u2122.<\/td>\n<td>-<\/td>\n<\/tr>\n<tr>\n<td>Plug&amp;Play<\/td>\n<td>-<\/td>\n<\/tr>\n<tr>\n<td>Thermocover<\/td>\n<td>Ja<\/td>\n<\/tr>\n<\/tbody>\n<\/table>\n<p>*Wenn Sie die minimale elektrische Leistung verwenden, k\u00f6nnen die Pumpe(n) und das Heizger\u00e4t nicht gleichzeitig betrieben werden.<\/p>\n","protected":false},"excerpt":{"rendered":"<p><img decoding=\"async\" class=\"alignnone size-full wp-image-9817\" src=\"https:\/\/www.spabad.dets.nl\/wp-content\/uploads\/2020\/05\/wellis-logo.jpg\" alt=\"\" width=\"265\" height=\"87\"><\/p>\n<p><strong>Eigenschaften Wellis Myline Spa Saturn<\/strong><\/p>\n<ul>\n<li>2 Kojen und 3 bequeme Sitze<\/li>\n<li>Ger\u00e4umig im Gebrauch, kompakt in der Gr\u00f6\u00dfe<\/li>\n<\/ul>\n","protected":false},"featured_media":15444,"template":"","meta":{"_acf_changed":false},"product_brand":[],"product_cat":[204],"product_tag":[],"class_list":{"0":"post-16443","1":"product","2":"type-product","3":"status-publish","4":"has-post-thumbnail","6":"product_cat-thermalbaeder","8":"first","9":"instock","10":"sale","11":"taxable","12":"shipping-taxable","13":"purchasable","14":"product-type-simple"},"acf":[],"yoast_head":"<!-- This site is optimized with the Yoast SEO plugin v27.5 - https:\/\/yoast.com\/product\/yoast-seo-wordpress\/ -->\n<title>Wellis Myline Spa Saturn - Spabad Limburg<\/title>\n<meta name=\"description\" content=\"Der Saturn Whirlpool von Wellis ist kompakt und vielseitig, perfekte Qualit\u00e4t zu einem g\u00fcnstigen Preis. Schnelle Lieferung und lange Garantie! Kommen Sie mit!\" \/>\n<meta name=\"robots\" content=\"index, follow, max-snippet:-1, max-image-preview:large, max-video-preview:-1\" \/>\n<link rel=\"canonical\" href=\"https:\/\/www.spabad.dets.nl\/de\/product\/wellis-myline-spa-saturn\/\" \/>\n<meta property=\"og:locale\" content=\"de_DE\" \/>\n<meta property=\"og:type\" content=\"article\" \/>\n<meta property=\"og:title\" content=\"Wellis Myline Spa Saturn - Spabad Limburg\" \/>\n<meta property=\"og:description\" content=\"Der Saturn Whirlpool von Wellis ist kompakt und vielseitig, perfekte Qualit\u00e4t zu einem g\u00fcnstigen Preis. Schnelle Lieferung und lange Garantie! Kommen Sie mit!\" \/>\n<meta property=\"og:url\" content=\"https:\/\/www.spabad.dets.nl\/de\/product\/wellis-myline-spa-saturn\/\" \/>\n<meta property=\"og:site_name\" content=\"Spabad Limburg\" \/>\n<meta property=\"article:modified_time\" content=\"2025-07-20T18:22:48+00:00\" \/>\n<meta property=\"og:image\" content=\"https:\/\/www.spabad.dets.nl\/wp-content\/uploads\/2025\/01\/Wellis-Saturn-1.jpg\" \/>\n\t<meta property=\"og:image:width\" content=\"1000\" \/>\n\t<meta property=\"og:image:height\" content=\"1000\" \/>\n\t<meta property=\"og:image:type\" content=\"image\/jpeg\" \/>\n<meta name=\"twitter:card\" content=\"summary_large_image\" \/>\n<meta name=\"twitter:label1\" content=\"Gesch\u00e4tzte Lesezeit\" \/>\n\t<meta name=\"twitter:data1\" content=\"1\u00a0Minute\" \/>\n<script type=\"application\/ld+json\" class=\"yoast-schema-graph\">{\"@context\":\"https:\\\/\\\/schema.org\",\"@graph\":[{\"@type\":\"WebPage\",\"@id\":\"https:\\\/\\\/www.spabad.dets.nl\\\/de\\\/product\\\/wellis-myline-spa-saturn\\\/\",\"url\":\"https:\\\/\\\/www.spabad.dets.nl\\\/de\\\/product\\\/wellis-myline-spa-saturn\\\/\",\"name\":\"Wellis Myline Spa Saturn - Spabad Limburg\",\"isPartOf\":{\"@id\":\"https:\\\/\\\/www.spabad.dets.nl\\\/de\\\/#website\"},\"primaryImageOfPage\":{\"@id\":\"https:\\\/\\\/www.spabad.dets.nl\\\/de\\\/product\\\/wellis-myline-spa-saturn\\\/#primaryimage\"},\"image\":{\"@id\":\"https:\\\/\\\/www.spabad.dets.nl\\\/de\\\/product\\\/wellis-myline-spa-saturn\\\/#primaryimage\"},\"thumbnailUrl\":\"https:\\\/\\\/www.spabad.dets.nl\\\/wp-content\\\/uploads\\\/2025\\\/01\\\/Wellis-Saturn-1.jpg\",\"datePublished\":\"2025-01-17T10:13:54+00:00\",\"dateModified\":\"2025-07-20T18:22:48+00:00\",\"description\":\"Der Saturn Whirlpool von Wellis ist kompakt und vielseitig, perfekte Qualit\u00e4t zu einem g\u00fcnstigen Preis. Schnelle Lieferung und lange Garantie! Kommen Sie mit!\",\"breadcrumb\":{\"@id\":\"https:\\\/\\\/www.spabad.dets.nl\\\/de\\\/product\\\/wellis-myline-spa-saturn\\\/#breadcrumb\"},\"inLanguage\":\"de\",\"potentialAction\":[{\"@type\":\"ReadAction\",\"target\":[\"https:\\\/\\\/www.spabad.dets.nl\\\/de\\\/product\\\/wellis-myline-spa-saturn\\\/\"]}]},{\"@type\":\"ImageObject\",\"inLanguage\":\"de\",\"@id\":\"https:\\\/\\\/www.spabad.dets.nl\\\/de\\\/product\\\/wellis-myline-spa-saturn\\\/#primaryimage\",\"url\":\"https:\\\/\\\/www.spabad.dets.nl\\\/wp-content\\\/uploads\\\/2025\\\/01\\\/Wellis-Saturn-1.jpg\",\"contentUrl\":\"https:\\\/\\\/www.spabad.dets.nl\\\/wp-content\\\/uploads\\\/2025\\\/01\\\/Wellis-Saturn-1.jpg\",\"width\":1000,\"height\":1000},{\"@type\":\"BreadcrumbList\",\"@id\":\"https:\\\/\\\/www.spabad.dets.nl\\\/de\\\/product\\\/wellis-myline-spa-saturn\\\/#breadcrumb\",\"itemListElement\":[{\"@type\":\"ListItem\",\"position\":1,\"name\":\"Startseite\",\"item\":\"https:\\\/\\\/www.spabad.dets.nl\\\/de\\\/startseite-2\\\/\"},{\"@type\":\"ListItem\",\"position\":2,\"name\":\"Shop\",\"item\":\"https:\\\/\\\/www.spabad.dets.nl\\\/de\\\/shop-2\\\/\"},{\"@type\":\"ListItem\",\"position\":3,\"name\":\"Wellis Spa B\u00e4der\",\"item\":\"https:\\\/\\\/www.spabad.dets.nl\\\/de\\\/product-categorie\\\/thermalbaeder\\\/\"},{\"@type\":\"ListItem\",\"position\":4,\"name\":\"Wellis Myline Spa Saturn\"}]},{\"@type\":\"WebSite\",\"@id\":\"https:\\\/\\\/www.spabad.dets.nl\\\/de\\\/#website\",\"url\":\"https:\\\/\\\/www.spabad.dets.nl\\\/de\\\/\",\"name\":\"Spabad Limburg\",\"description\":\"Jacuzzi's en zwemspa's\",\"publisher\":{\"@id\":\"https:\\\/\\\/www.spabad.dets.nl\\\/de\\\/#organization\"},\"potentialAction\":[{\"@type\":\"SearchAction\",\"target\":{\"@type\":\"EntryPoint\",\"urlTemplate\":\"https:\\\/\\\/www.spabad.dets.nl\\\/de\\\/?s={search_term_string}\"},\"query-input\":{\"@type\":\"PropertyValueSpecification\",\"valueRequired\":true,\"valueName\":\"search_term_string\"}}],\"inLanguage\":\"de\"},{\"@type\":\"Organization\",\"@id\":\"https:\\\/\\\/www.spabad.dets.nl\\\/de\\\/#organization\",\"name\":\"Spabad Limburg\",\"url\":\"https:\\\/\\\/www.spabad.dets.nl\\\/de\\\/\",\"logo\":{\"@type\":\"ImageObject\",\"inLanguage\":\"de\",\"@id\":\"https:\\\/\\\/www.spabad.dets.nl\\\/de\\\/#\\\/schema\\\/logo\\\/image\\\/\",\"url\":\"https:\\\/\\\/www.spabad.dets.nl\\\/wp-content\\\/uploads\\\/2025\\\/01\\\/SpabadLimburg-Logo-Payoff-scaled.png\",\"contentUrl\":\"https:\\\/\\\/www.spabad.dets.nl\\\/wp-content\\\/uploads\\\/2025\\\/01\\\/SpabadLimburg-Logo-Payoff-scaled.png\",\"width\":2560,\"height\":548,\"caption\":\"Spabad Limburg\"},\"image\":{\"@id\":\"https:\\\/\\\/www.spabad.dets.nl\\\/de\\\/#\\\/schema\\\/logo\\\/image\\\/\"}}]}<\/script>\n<!-- \/ Yoast SEO plugin. -->","yoast_head_json":{"title":"Wellis Myline Spa Saturn - Spabad Limburg","description":"Der Saturn Whirlpool von Wellis ist kompakt und vielseitig, perfekte Qualit\u00e4t zu einem g\u00fcnstigen Preis. Schnelle Lieferung und lange Garantie! Kommen Sie mit!","robots":{"index":"index","follow":"follow","max-snippet":"max-snippet:-1","max-image-preview":"max-image-preview:large","max-video-preview":"max-video-preview:-1"},"canonical":"https:\/\/www.spabad.dets.nl\/de\/product\/wellis-myline-spa-saturn\/","og_locale":"de_DE","og_type":"article","og_title":"Wellis Myline Spa Saturn - Spabad Limburg","og_description":"Der Saturn Whirlpool von Wellis ist kompakt und vielseitig, perfekte Qualit\u00e4t zu einem g\u00fcnstigen Preis. Schnelle Lieferung und lange Garantie! Kommen Sie mit!","og_url":"https:\/\/www.spabad.dets.nl\/de\/product\/wellis-myline-spa-saturn\/","og_site_name":"Spabad Limburg","article_modified_time":"2025-07-20T18:22:48+00:00","og_image":[{"width":1000,"height":1000,"url":"https:\/\/www.spabad.dets.nl\/wp-content\/uploads\/2025\/01\/Wellis-Saturn-1.jpg","type":"image\/jpeg"}],"twitter_card":"summary_large_image","twitter_misc":{"Gesch\u00e4tzte Lesezeit":"1\u00a0Minute"},"schema":{"@context":"https:\/\/schema.org","@graph":[{"@type":"WebPage","@id":"https:\/\/www.spabad.dets.nl\/de\/product\/wellis-myline-spa-saturn\/","url":"https:\/\/www.spabad.dets.nl\/de\/product\/wellis-myline-spa-saturn\/","name":"Wellis Myline Spa Saturn - Spabad Limburg","isPartOf":{"@id":"https:\/\/www.spabad.dets.nl\/de\/#website"},"primaryImageOfPage":{"@id":"https:\/\/www.spabad.dets.nl\/de\/product\/wellis-myline-spa-saturn\/#primaryimage"},"image":{"@id":"https:\/\/www.spabad.dets.nl\/de\/product\/wellis-myline-spa-saturn\/#primaryimage"},"thumbnailUrl":"https:\/\/www.spabad.dets.nl\/wp-content\/uploads\/2025\/01\/Wellis-Saturn-1.jpg","datePublished":"2025-01-17T10:13:54+00:00","dateModified":"2025-07-20T18:22:48+00:00","description":"Der Saturn Whirlpool von Wellis ist kompakt und vielseitig, perfekte Qualit\u00e4t zu einem g\u00fcnstigen Preis. Schnelle Lieferung und lange Garantie! Kommen Sie mit!","breadcrumb":{"@id":"https:\/\/www.spabad.dets.nl\/de\/product\/wellis-myline-spa-saturn\/#breadcrumb"},"inLanguage":"de","potentialAction":[{"@type":"ReadAction","target":["https:\/\/www.spabad.dets.nl\/de\/product\/wellis-myline-spa-saturn\/"]}]},{"@type":"ImageObject","inLanguage":"de","@id":"https:\/\/www.spabad.dets.nl\/de\/product\/wellis-myline-spa-saturn\/#primaryimage","url":"https:\/\/www.spabad.dets.nl\/wp-content\/uploads\/2025\/01\/Wellis-Saturn-1.jpg","contentUrl":"https:\/\/www.spabad.dets.nl\/wp-content\/uploads\/2025\/01\/Wellis-Saturn-1.jpg","width":1000,"height":1000},{"@type":"BreadcrumbList","@id":"https:\/\/www.spabad.dets.nl\/de\/product\/wellis-myline-spa-saturn\/#breadcrumb","itemListElement":[{"@type":"ListItem","position":1,"name":"Startseite","item":"https:\/\/www.spabad.dets.nl\/de\/startseite-2\/"},{"@type":"ListItem","position":2,"name":"Shop","item":"https:\/\/www.spabad.dets.nl\/de\/shop-2\/"},{"@type":"ListItem","position":3,"name":"Wellis Spa B\u00e4der","item":"https:\/\/www.spabad.dets.nl\/de\/product-categorie\/thermalbaeder\/"},{"@type":"ListItem","position":4,"name":"Wellis Myline Spa Saturn"}]},{"@type":"WebSite","@id":"https:\/\/www.spabad.dets.nl\/de\/#website","url":"https:\/\/www.spabad.dets.nl\/de\/","name":"Spabad Limburg","description":"Jacuzzi's en zwemspa's","publisher":{"@id":"https:\/\/www.spabad.dets.nl\/de\/#organization"},"potentialAction":[{"@type":"SearchAction","target":{"@type":"EntryPoint","urlTemplate":"https:\/\/www.spabad.dets.nl\/de\/?s={search_term_string}"},"query-input":{"@type":"PropertyValueSpecification","valueRequired":true,"valueName":"search_term_string"}}],"inLanguage":"de"},{"@type":"Organization","@id":"https:\/\/www.spabad.dets.nl\/de\/#organization","name":"Spabad Limburg","url":"https:\/\/www.spabad.dets.nl\/de\/","logo":{"@type":"ImageObject","inLanguage":"de","@id":"https:\/\/www.spabad.dets.nl\/de\/#\/schema\/logo\/image\/","url":"https:\/\/www.spabad.dets.nl\/wp-content\/uploads\/2025\/01\/SpabadLimburg-Logo-Payoff-scaled.png","contentUrl":"https:\/\/www.spabad.dets.nl\/wp-content\/uploads\/2025\/01\/SpabadLimburg-Logo-Payoff-scaled.png","width":2560,"height":548,"caption":"Spabad Limburg"},"image":{"@id":"https:\/\/www.spabad.dets.nl\/de\/#\/schema\/logo\/image\/"}}]}},"_links":{"self":[{"href":"https:\/\/www.spabad.dets.nl\/de\/wp-json\/wp\/v2\/product\/16443","targetHints":{"allow":["GET"]}}],"collection":[{"href":"https:\/\/www.spabad.dets.nl\/de\/wp-json\/wp\/v2\/product"}],"about":[{"href":"https:\/\/www.spabad.dets.nl\/de\/wp-json\/wp\/v2\/types\/product"}],"version-history":[{"count":0,"href":"https:\/\/www.spabad.dets.nl\/de\/wp-json\/wp\/v2\/product\/16443\/revisions"}],"wp:featuredmedia":[{"embeddable":true,"href":"https:\/\/www.spabad.dets.nl\/de\/wp-json\/wp\/v2\/media\/15444"}],"wp:attachment":[{"href":"https:\/\/www.spabad.dets.nl\/de\/wp-json\/wp\/v2\/media?parent=16443"}],"wp:term":[{"taxonomy":"product_brand","embeddable":true,"href":"https:\/\/www.spabad.dets.nl\/de\/wp-json\/wp\/v2\/product_brand?post=16443"},{"taxonomy":"product_cat","embeddable":true,"href":"https:\/\/www.spabad.dets.nl\/de\/wp-json\/wp\/v2\/product_cat?post=16443"},{"taxonomy":"product_tag","embeddable":true,"href":"https:\/\/www.spabad.dets.nl\/de\/wp-json\/wp\/v2\/product_tag?post=16443"}],"curies":[{"name":"wp","href":"https:\/\/api.w.org\/{rel}","templated":true}]}}