{"id":16434,"date":"2025-01-17T11:14:20","date_gmt":"2025-01-17T10:14:20","guid":{"rendered":"https:\/\/www.spabad.dets.nl\/product\/wellis-kilimanjaro-standard-myline\/"},"modified":"2025-07-20T19:42:46","modified_gmt":"2025-07-20T17:42:46","slug":"wellis-kilimanjaro-standard-myline","status":"publish","type":"product","link":"https:\/\/www.spabad.dets.nl\/de\/product\/wellis-kilimanjaro-standard-myline\/","title":{"rendered":"Wellis Kilimanjaro Standard Myline"},"content":{"rendered":"<h2>Wellis Kilimanjaro Standard Myline<\/h2>\n<p>Das Kilimanjaro Standard Spa-Bad ist ein sehr komplettes Bad aus der Myline-Serie von Wellis Spas. Sehr ger\u00e4umig und geeignet f\u00fcr 6 Erwachsene. Der Kilimanjaro ist mit einem Liegesitz und einem Captain-Sitz ausgestattet. Der Kilimanjaro ist sowohl f\u00fcr Erholungszwecke als auch f\u00fcr therapeutische Zwecke geeignet. Insgesamt bietet der Kilimanjaro Standard-Spa \u00fcber 6 PS an Massagepumpen. Das 2.0 Mymusic-Audiosystem vervollst\u00e4ndigt diesen Whirlpool.<br \/>\nDie gew\u00fcnschte Temperatur stellen Sie ganz einfach selbst \u00fcber das sehr einfache Gecko-Display ein. Komfort dient dem Menschen mit Gecko.<br \/>\nSie bedienen dieses Audiosystem ganz einfach \u00fcber Bluetooth und spielen Ihre Lieblingsmusik ab. Die Kilimanjaro Standard-Myline verf\u00fcgt \u00fcber nicht weniger als 52 D\u00fcsen. Werden Sie in diesem Spa-Bad wieder spritzig fit und erleben Sie die Massage von Kopf bis Fu\u00df. Dieser Whirlpool geh\u00f6rt zu den Premiummodellen unter den Whirlpools. Sie w\u00e4hlen die Wanne in der Farbe Ihrer Wahl, ohne Aufpreis. Und was ist mit der gro\u00dfartigen Wellis-Garantie, mit 10 Jahren Garantie auf die Wannenstruktur! Alle Wellis Whirlpools werden in Europa hergestellt und bestehen aus \u00e4u\u00dferst hochwertigen Materialien, \u00fcber die wir Ihnen nat\u00fcrlich gerne mehr erz\u00e4hlen. \u00dcberzeugen Sie sich selbst und besuchen Sie unseren Ausstellungsraum.             <\/p>\n<h3>W\u00e4hlen Sie jetzt europ\u00e4ische Qualit\u00e4t<\/h3>\n<p>Repoduced in Europe, Garantie und Qualit\u00e4t aus Europa, mit bis zu 10 Jahren auf Verkleidung und 2 Jahren auf Technik, bieten wir schnelle und kompetente Garantie und Service jetzt und in Zukunft.<\/p>\n<p><strong>Profitieren Sie jetzt von dieser einmaligen und zeitlich begrenzten Aktion von Wellis!<\/strong><\/p>\n<p>&nbsp;<\/p>\n<table border=\"1\" cellspacing=\"0\">\n<tbody>\n<tr>\n<th>Abmessungen<\/th>\n<th>2300 x 2300 x 940 mm<\/th>\n<\/tr>\n<\/tbody>\n<tbody>\n<tr>\n<td>Kojen\/Sitzpl\u00e4tze<\/td>\n<td>5 Liegepl\u00e4tze und 1 Sitzplatz<\/td>\n<\/tr>\n<tr>\n<td>Nettogewicht (kg)\/Wasserkapazit\u00e4t (l)<\/td>\n<td>387 kg\/1.500 l<\/td>\n<\/tr>\n<tr>\n<td>Rahmen<\/td>\n<td>WPS<\/td>\n<\/tr>\n<tr>\n<td>Opt. elektrischer Anschluss <\/td>\n<td>1 x 25A 230V\/50Hz oder 3 x 16A 400V\/50Hz<\/td>\n<\/tr>\n<tr>\n<td>Min. elektrischer Anschluss*<\/td>\n<td>1 x 25A 230V\/50Hz<\/td>\n<\/tr>\n<tr>\n<td>Gesamtzahl der Jets<\/td>\n<td>52<\/td>\n<\/tr>\n<tr>\n<td>Beleuchteter Springbrunnen<\/td>\n<td>2<\/td>\n<\/tr>\n<tr>\n<td>Hydromassage-Pumpe<\/td>\n<td>2 x 3 PS, eine Geschwindigkeit<\/td>\n<\/tr>\n<tr>\n<td>Umw\u00e4lzpumpe<\/td>\n<td>W-EC Pumpe (0,25 kW)<\/td>\n<\/tr>\n<tr>\n<td>Wasseraufbereitung<\/td>\n<td>Ozon-Generator<\/td>\n<\/tr>\n<tr>\n<td>LED-Farbtherapie-Beleuchtung<\/td>\n<td>13 exklusive LEDs<\/td>\n<\/tr>\n<tr>\n<td>Audio-System<\/td>\n<td>Meine Musik 2.0<\/td>\n<\/tr>\n<tr>\n<td>Smartphone-App\/Wifi-Verbindung<\/td>\n<td>Ja<\/td>\n<\/tr>\n<tr>\n<td>Aromatherapie<\/td>\n<td>Nein<\/td>\n<\/tr>\n<tr>\n<td>Thermocover<\/td>\n<td>Ja<\/td>\n<\/tr>\n<\/tbody>\n<\/table>\n<p><iframe title=\"YouTube-Video-Player\" src=\"https:\/\/www.youtube.com\/embed\/ARi6jDk5VEM?si=BGe6G_mCCyqEPBtk\" width=\"560\" height=\"315\" frameborder=\"0\" allowfullscreen=\"allowfullscreen\"><\/iframe><\/p>\n","protected":false},"excerpt":{"rendered":"<p><img decoding=\"async\" class=\"alignnone size-full wp-image-9817\" src=\"https:\/\/www.spabad.dets.nl\/wp-content\/uploads\/2020\/05\/wellis-logo.jpg\" alt=\"\" width=\"265\" height=\"87\"><\/p>\n<p><strong>Ausstattung Wellis Kilimanjaro Standard Myline<\/strong><\/p>\n<ul>\n<li>Geeignet f\u00fcr 6 Personen<\/li>\n<li>230 x 230 cm. und 52 D\u00fcsen <\/li>\n<li>1 Liegeplatz, 4 Sitze und 1 Kapit\u00e4nssitz<\/li>\n<\/ul>\n","protected":false},"featured_media":15534,"template":"","meta":{"_acf_changed":false},"product_brand":[],"product_cat":[204],"product_tag":[223,205],"class_list":{"0":"post-16434","1":"product","2":"type-product","3":"status-publish","4":"has-post-thumbnail","6":"product_cat-thermalbaeder","7":"product_tag-kilimanjaro-de","8":"product_tag-wellis-de","10":"first","11":"instock","12":"sale","13":"taxable","14":"shipping-taxable","15":"purchasable","16":"product-type-simple"},"acf":[],"yoast_head":"<!-- This site is optimized with the Yoast SEO plugin v27.5 - https:\/\/yoast.com\/product\/yoast-seo-wordpress\/ -->\n<title>Wellis Kilimanjaro Standard Myline - Spabad Limburg<\/title>\n<meta name=\"description\" content=\"Kilimanjaro Wellis Standard Myline Whirlpool kaufen, mit kurzer Lieferzeit und mit extra langer und bekannter Wellis Garantie. Jetzt bei spabadlimburg.\" \/>\n<meta name=\"robots\" content=\"index, follow, max-snippet:-1, max-image-preview:large, max-video-preview:-1\" \/>\n<link rel=\"canonical\" href=\"https:\/\/www.spabad.dets.nl\/de\/product\/wellis-kilimanjaro-standard-myline\/\" \/>\n<meta property=\"og:locale\" content=\"de_DE\" \/>\n<meta property=\"og:type\" content=\"article\" \/>\n<meta property=\"og:title\" content=\"Wellis Kilimanjaro Standard Myline - Spabad Limburg\" \/>\n<meta property=\"og:description\" content=\"Kilimanjaro Wellis Standard Myline Whirlpool kaufen, mit kurzer Lieferzeit und mit extra langer und bekannter Wellis Garantie. Jetzt bei spabadlimburg.\" \/>\n<meta property=\"og:url\" content=\"https:\/\/www.spabad.dets.nl\/de\/product\/wellis-kilimanjaro-standard-myline\/\" \/>\n<meta property=\"og:site_name\" content=\"Spabad Limburg\" \/>\n<meta property=\"article:modified_time\" content=\"2025-07-20T17:42:46+00:00\" \/>\n<meta property=\"og:image\" content=\"https:\/\/www.spabad.dets.nl\/wp-content\/uploads\/2025\/01\/kilimanjaro-Wellis-schuin-front.jpg\" \/>\n\t<meta property=\"og:image:width\" content=\"1000\" \/>\n\t<meta property=\"og:image:height\" content=\"667\" \/>\n\t<meta property=\"og:image:type\" content=\"image\/jpeg\" \/>\n<meta name=\"twitter:card\" content=\"summary_large_image\" \/>\n<meta name=\"twitter:label1\" content=\"Gesch\u00e4tzte Lesezeit\" \/>\n\t<meta name=\"twitter:data1\" content=\"2\u00a0Minuten\" \/>\n<script type=\"application\/ld+json\" class=\"yoast-schema-graph\">{\"@context\":\"https:\\\/\\\/schema.org\",\"@graph\":[{\"@type\":\"WebPage\",\"@id\":\"https:\\\/\\\/www.spabad.dets.nl\\\/de\\\/product\\\/wellis-kilimanjaro-standard-myline\\\/\",\"url\":\"https:\\\/\\\/www.spabad.dets.nl\\\/de\\\/product\\\/wellis-kilimanjaro-standard-myline\\\/\",\"name\":\"Wellis Kilimanjaro Standard Myline - Spabad Limburg\",\"isPartOf\":{\"@id\":\"https:\\\/\\\/www.spabad.dets.nl\\\/de\\\/#website\"},\"primaryImageOfPage\":{\"@id\":\"https:\\\/\\\/www.spabad.dets.nl\\\/de\\\/product\\\/wellis-kilimanjaro-standard-myline\\\/#primaryimage\"},\"image\":{\"@id\":\"https:\\\/\\\/www.spabad.dets.nl\\\/de\\\/product\\\/wellis-kilimanjaro-standard-myline\\\/#primaryimage\"},\"thumbnailUrl\":\"https:\\\/\\\/www.spabad.dets.nl\\\/wp-content\\\/uploads\\\/2025\\\/01\\\/kilimanjaro-Wellis-schuin-front.jpg\",\"datePublished\":\"2025-01-17T10:14:20+00:00\",\"dateModified\":\"2025-07-20T17:42:46+00:00\",\"description\":\"Kilimanjaro Wellis Standard Myline Whirlpool kaufen, mit kurzer Lieferzeit und mit extra langer und bekannter Wellis Garantie. Jetzt bei spabadlimburg.\",\"breadcrumb\":{\"@id\":\"https:\\\/\\\/www.spabad.dets.nl\\\/de\\\/product\\\/wellis-kilimanjaro-standard-myline\\\/#breadcrumb\"},\"inLanguage\":\"de\",\"potentialAction\":[{\"@type\":\"ReadAction\",\"target\":[\"https:\\\/\\\/www.spabad.dets.nl\\\/de\\\/product\\\/wellis-kilimanjaro-standard-myline\\\/\"]}]},{\"@type\":\"ImageObject\",\"inLanguage\":\"de\",\"@id\":\"https:\\\/\\\/www.spabad.dets.nl\\\/de\\\/product\\\/wellis-kilimanjaro-standard-myline\\\/#primaryimage\",\"url\":\"https:\\\/\\\/www.spabad.dets.nl\\\/wp-content\\\/uploads\\\/2025\\\/01\\\/kilimanjaro-Wellis-schuin-front.jpg\",\"contentUrl\":\"https:\\\/\\\/www.spabad.dets.nl\\\/wp-content\\\/uploads\\\/2025\\\/01\\\/kilimanjaro-Wellis-schuin-front.jpg\",\"width\":1000,\"height\":667},{\"@type\":\"BreadcrumbList\",\"@id\":\"https:\\\/\\\/www.spabad.dets.nl\\\/de\\\/product\\\/wellis-kilimanjaro-standard-myline\\\/#breadcrumb\",\"itemListElement\":[{\"@type\":\"ListItem\",\"position\":1,\"name\":\"Startseite\",\"item\":\"https:\\\/\\\/www.spabad.dets.nl\\\/de\\\/startseite-2\\\/\"},{\"@type\":\"ListItem\",\"position\":2,\"name\":\"Shop\",\"item\":\"https:\\\/\\\/www.spabad.dets.nl\\\/de\\\/shop-2\\\/\"},{\"@type\":\"ListItem\",\"position\":3,\"name\":\"Wellis Spa B\u00e4der\",\"item\":\"https:\\\/\\\/www.spabad.dets.nl\\\/de\\\/product-categorie\\\/thermalbaeder\\\/\"},{\"@type\":\"ListItem\",\"position\":4,\"name\":\"Wellis Kilimanjaro Standard Myline\"}]},{\"@type\":\"WebSite\",\"@id\":\"https:\\\/\\\/www.spabad.dets.nl\\\/de\\\/#website\",\"url\":\"https:\\\/\\\/www.spabad.dets.nl\\\/de\\\/\",\"name\":\"Spabad Limburg\",\"description\":\"Jacuzzi's en zwemspa's\",\"publisher\":{\"@id\":\"https:\\\/\\\/www.spabad.dets.nl\\\/de\\\/#organization\"},\"potentialAction\":[{\"@type\":\"SearchAction\",\"target\":{\"@type\":\"EntryPoint\",\"urlTemplate\":\"https:\\\/\\\/www.spabad.dets.nl\\\/de\\\/?s={search_term_string}\"},\"query-input\":{\"@type\":\"PropertyValueSpecification\",\"valueRequired\":true,\"valueName\":\"search_term_string\"}}],\"inLanguage\":\"de\"},{\"@type\":\"Organization\",\"@id\":\"https:\\\/\\\/www.spabad.dets.nl\\\/de\\\/#organization\",\"name\":\"Spabad Limburg\",\"url\":\"https:\\\/\\\/www.spabad.dets.nl\\\/de\\\/\",\"logo\":{\"@type\":\"ImageObject\",\"inLanguage\":\"de\",\"@id\":\"https:\\\/\\\/www.spabad.dets.nl\\\/de\\\/#\\\/schema\\\/logo\\\/image\\\/\",\"url\":\"https:\\\/\\\/www.spabad.dets.nl\\\/wp-content\\\/uploads\\\/2025\\\/01\\\/SpabadLimburg-Logo-Payoff-scaled.png\",\"contentUrl\":\"https:\\\/\\\/www.spabad.dets.nl\\\/wp-content\\\/uploads\\\/2025\\\/01\\\/SpabadLimburg-Logo-Payoff-scaled.png\",\"width\":2560,\"height\":548,\"caption\":\"Spabad Limburg\"},\"image\":{\"@id\":\"https:\\\/\\\/www.spabad.dets.nl\\\/de\\\/#\\\/schema\\\/logo\\\/image\\\/\"}}]}<\/script>\n<!-- \/ Yoast SEO plugin. -->","yoast_head_json":{"title":"Wellis Kilimanjaro Standard Myline - Spabad Limburg","description":"Kilimanjaro Wellis Standard Myline Whirlpool kaufen, mit kurzer Lieferzeit und mit extra langer und bekannter Wellis Garantie. Jetzt bei spabadlimburg.","robots":{"index":"index","follow":"follow","max-snippet":"max-snippet:-1","max-image-preview":"max-image-preview:large","max-video-preview":"max-video-preview:-1"},"canonical":"https:\/\/www.spabad.dets.nl\/de\/product\/wellis-kilimanjaro-standard-myline\/","og_locale":"de_DE","og_type":"article","og_title":"Wellis Kilimanjaro Standard Myline - Spabad Limburg","og_description":"Kilimanjaro Wellis Standard Myline Whirlpool kaufen, mit kurzer Lieferzeit und mit extra langer und bekannter Wellis Garantie. Jetzt bei spabadlimburg.","og_url":"https:\/\/www.spabad.dets.nl\/de\/product\/wellis-kilimanjaro-standard-myline\/","og_site_name":"Spabad Limburg","article_modified_time":"2025-07-20T17:42:46+00:00","og_image":[{"width":1000,"height":667,"url":"https:\/\/www.spabad.dets.nl\/wp-content\/uploads\/2025\/01\/kilimanjaro-Wellis-schuin-front.jpg","type":"image\/jpeg"}],"twitter_card":"summary_large_image","twitter_misc":{"Gesch\u00e4tzte Lesezeit":"2\u00a0Minuten"},"schema":{"@context":"https:\/\/schema.org","@graph":[{"@type":"WebPage","@id":"https:\/\/www.spabad.dets.nl\/de\/product\/wellis-kilimanjaro-standard-myline\/","url":"https:\/\/www.spabad.dets.nl\/de\/product\/wellis-kilimanjaro-standard-myline\/","name":"Wellis Kilimanjaro Standard Myline - Spabad Limburg","isPartOf":{"@id":"https:\/\/www.spabad.dets.nl\/de\/#website"},"primaryImageOfPage":{"@id":"https:\/\/www.spabad.dets.nl\/de\/product\/wellis-kilimanjaro-standard-myline\/#primaryimage"},"image":{"@id":"https:\/\/www.spabad.dets.nl\/de\/product\/wellis-kilimanjaro-standard-myline\/#primaryimage"},"thumbnailUrl":"https:\/\/www.spabad.dets.nl\/wp-content\/uploads\/2025\/01\/kilimanjaro-Wellis-schuin-front.jpg","datePublished":"2025-01-17T10:14:20+00:00","dateModified":"2025-07-20T17:42:46+00:00","description":"Kilimanjaro Wellis Standard Myline Whirlpool kaufen, mit kurzer Lieferzeit und mit extra langer und bekannter Wellis Garantie. Jetzt bei spabadlimburg.","breadcrumb":{"@id":"https:\/\/www.spabad.dets.nl\/de\/product\/wellis-kilimanjaro-standard-myline\/#breadcrumb"},"inLanguage":"de","potentialAction":[{"@type":"ReadAction","target":["https:\/\/www.spabad.dets.nl\/de\/product\/wellis-kilimanjaro-standard-myline\/"]}]},{"@type":"ImageObject","inLanguage":"de","@id":"https:\/\/www.spabad.dets.nl\/de\/product\/wellis-kilimanjaro-standard-myline\/#primaryimage","url":"https:\/\/www.spabad.dets.nl\/wp-content\/uploads\/2025\/01\/kilimanjaro-Wellis-schuin-front.jpg","contentUrl":"https:\/\/www.spabad.dets.nl\/wp-content\/uploads\/2025\/01\/kilimanjaro-Wellis-schuin-front.jpg","width":1000,"height":667},{"@type":"BreadcrumbList","@id":"https:\/\/www.spabad.dets.nl\/de\/product\/wellis-kilimanjaro-standard-myline\/#breadcrumb","itemListElement":[{"@type":"ListItem","position":1,"name":"Startseite","item":"https:\/\/www.spabad.dets.nl\/de\/startseite-2\/"},{"@type":"ListItem","position":2,"name":"Shop","item":"https:\/\/www.spabad.dets.nl\/de\/shop-2\/"},{"@type":"ListItem","position":3,"name":"Wellis Spa B\u00e4der","item":"https:\/\/www.spabad.dets.nl\/de\/product-categorie\/thermalbaeder\/"},{"@type":"ListItem","position":4,"name":"Wellis Kilimanjaro Standard Myline"}]},{"@type":"WebSite","@id":"https:\/\/www.spabad.dets.nl\/de\/#website","url":"https:\/\/www.spabad.dets.nl\/de\/","name":"Spabad Limburg","description":"Jacuzzi's en zwemspa's","publisher":{"@id":"https:\/\/www.spabad.dets.nl\/de\/#organization"},"potentialAction":[{"@type":"SearchAction","target":{"@type":"EntryPoint","urlTemplate":"https:\/\/www.spabad.dets.nl\/de\/?s={search_term_string}"},"query-input":{"@type":"PropertyValueSpecification","valueRequired":true,"valueName":"search_term_string"}}],"inLanguage":"de"},{"@type":"Organization","@id":"https:\/\/www.spabad.dets.nl\/de\/#organization","name":"Spabad Limburg","url":"https:\/\/www.spabad.dets.nl\/de\/","logo":{"@type":"ImageObject","inLanguage":"de","@id":"https:\/\/www.spabad.dets.nl\/de\/#\/schema\/logo\/image\/","url":"https:\/\/www.spabad.dets.nl\/wp-content\/uploads\/2025\/01\/SpabadLimburg-Logo-Payoff-scaled.png","contentUrl":"https:\/\/www.spabad.dets.nl\/wp-content\/uploads\/2025\/01\/SpabadLimburg-Logo-Payoff-scaled.png","width":2560,"height":548,"caption":"Spabad Limburg"},"image":{"@id":"https:\/\/www.spabad.dets.nl\/de\/#\/schema\/logo\/image\/"}}]}},"_links":{"self":[{"href":"https:\/\/www.spabad.dets.nl\/de\/wp-json\/wp\/v2\/product\/16434","targetHints":{"allow":["GET"]}}],"collection":[{"href":"https:\/\/www.spabad.dets.nl\/de\/wp-json\/wp\/v2\/product"}],"about":[{"href":"https:\/\/www.spabad.dets.nl\/de\/wp-json\/wp\/v2\/types\/product"}],"version-history":[{"count":0,"href":"https:\/\/www.spabad.dets.nl\/de\/wp-json\/wp\/v2\/product\/16434\/revisions"}],"wp:featuredmedia":[{"embeddable":true,"href":"https:\/\/www.spabad.dets.nl\/de\/wp-json\/wp\/v2\/media\/15534"}],"wp:attachment":[{"href":"https:\/\/www.spabad.dets.nl\/de\/wp-json\/wp\/v2\/media?parent=16434"}],"wp:term":[{"taxonomy":"product_brand","embeddable":true,"href":"https:\/\/www.spabad.dets.nl\/de\/wp-json\/wp\/v2\/product_brand?post=16434"},{"taxonomy":"product_cat","embeddable":true,"href":"https:\/\/www.spabad.dets.nl\/de\/wp-json\/wp\/v2\/product_cat?post=16434"},{"taxonomy":"product_tag","embeddable":true,"href":"https:\/\/www.spabad.dets.nl\/de\/wp-json\/wp\/v2\/product_tag?post=16434"}],"curies":[{"name":"wp","href":"https:\/\/api.w.org\/{rel}","templated":true}]}}