{"id":16327,"date":"2025-01-16T08:44:37","date_gmt":"2025-01-16T07:44:37","guid":{"rendered":"https:\/\/www.spabad.dets.nl\/product\/life-deluxe-schwimmende-spa-bar\/"},"modified":"2025-01-16T08:44:37","modified_gmt":"2025-01-16T07:44:37","slug":"life-deluxe-schwimmende-spa-bar","status":"publish","type":"product","link":"https:\/\/www.spabad.dets.nl\/de\/product\/life-deluxe-schwimmende-spa-bar\/","title":{"rendered":"Life Deluxe Schwimmende Spa-Bar"},"content":{"rendered":"<p>Diese Spa Bar hat in der Mitte ein gro\u00dfes Ablagefach mit Deckel f\u00fcr Leckereien. Sie verf\u00fcgt \u00fcber sechs Getr\u00e4nkehalter mit Farbkasten, damit jeder seine Getr\u00e4nke aufbewahren kann. Das schwebende Design sorgt daf\u00fcr, dass die Spa Bar nicht umkippt, wenn Sie nach Ihrem Getr\u00e4nk greifen. Abmessungen: 710 mm x 478 mm (L\u00e4nge x Breite)   <\/p>\n","protected":false},"excerpt":{"rendered":"<p>Schwebende Spa-Bar zur Aufbewahrung von Getr\u00e4nken, w\u00e4hrend Sie den Luxus Ihres Spas genie\u00dfen.<\/p>\n","protected":false},"featured_media":15510,"template":"","meta":{"_acf_changed":false},"product_brand":[],"product_cat":[174],"product_tag":[],"class_list":{"0":"post-16327","1":"product","2":"type-product","3":"status-publish","4":"has-post-thumbnail","6":"product_cat-zubehor","8":"first","9":"instock","10":"taxable","11":"shipping-taxable","12":"purchasable","13":"product-type-simple"},"acf":[],"yoast_head":"<!-- This site is optimized with the Yoast SEO plugin v27.5 - https:\/\/yoast.com\/product\/yoast-seo-wordpress\/ -->\n<title>Life Deluxe Schwimmende Spa-Bar - Spabad Limburg<\/title>\n<meta name=\"description\" content=\"Schwimmende Spa-Bar f\u00fcr die Aufbewahrung von Getr\u00e4nken, wenn Sie Ihren Whirlpool genie\u00dfen. Ein witziges und funktionelles Accessoire, unverzichtbar f\u00fcr jeden Whirlpool.\" \/>\n<meta name=\"robots\" content=\"index, follow, max-snippet:-1, max-image-preview:large, max-video-preview:-1\" \/>\n<link rel=\"canonical\" href=\"https:\/\/www.spabad.dets.nl\/de\/product\/life-deluxe-schwimmende-spa-bar\/\" \/>\n<meta property=\"og:locale\" content=\"de_DE\" \/>\n<meta property=\"og:type\" content=\"article\" \/>\n<meta property=\"og:title\" content=\"Life Deluxe Schwimmende Spa-Bar - Spabad Limburg\" \/>\n<meta property=\"og:description\" content=\"Schwimmende Spa-Bar f\u00fcr die Aufbewahrung von Getr\u00e4nken, wenn Sie Ihren Whirlpool genie\u00dfen. Ein witziges und funktionelles Accessoire, unverzichtbar f\u00fcr jeden Whirlpool.\" \/>\n<meta property=\"og:url\" content=\"https:\/\/www.spabad.dets.nl\/de\/product\/life-deluxe-schwimmende-spa-bar\/\" \/>\n<meta property=\"og:site_name\" content=\"Spabad Limburg\" \/>\n<meta property=\"og:image\" content=\"https:\/\/www.spabad.dets.nl\/wp-content\/uploads\/2025\/01\/life-deluxe-floating-spa-bar.jpg\" \/>\n\t<meta property=\"og:image:width\" content=\"1080\" \/>\n\t<meta property=\"og:image:height\" content=\"1080\" \/>\n\t<meta property=\"og:image:type\" content=\"image\/jpeg\" \/>\n<meta name=\"twitter:card\" content=\"summary_large_image\" \/>\n<script type=\"application\/ld+json\" class=\"yoast-schema-graph\">{\"@context\":\"https:\\\/\\\/schema.org\",\"@graph\":[{\"@type\":\"WebPage\",\"@id\":\"https:\\\/\\\/www.spabad.dets.nl\\\/de\\\/product\\\/life-deluxe-schwimmende-spa-bar\\\/\",\"url\":\"https:\\\/\\\/www.spabad.dets.nl\\\/de\\\/product\\\/life-deluxe-schwimmende-spa-bar\\\/\",\"name\":\"Life Deluxe Schwimmende Spa-Bar - Spabad Limburg\",\"isPartOf\":{\"@id\":\"https:\\\/\\\/www.spabad.dets.nl\\\/de\\\/#website\"},\"primaryImageOfPage\":{\"@id\":\"https:\\\/\\\/www.spabad.dets.nl\\\/de\\\/product\\\/life-deluxe-schwimmende-spa-bar\\\/#primaryimage\"},\"image\":{\"@id\":\"https:\\\/\\\/www.spabad.dets.nl\\\/de\\\/product\\\/life-deluxe-schwimmende-spa-bar\\\/#primaryimage\"},\"thumbnailUrl\":\"https:\\\/\\\/www.spabad.dets.nl\\\/wp-content\\\/uploads\\\/2025\\\/01\\\/life-deluxe-floating-spa-bar.jpg\",\"datePublished\":\"2025-01-16T07:44:37+00:00\",\"description\":\"Schwimmende Spa-Bar f\u00fcr die Aufbewahrung von Getr\u00e4nken, wenn Sie Ihren Whirlpool genie\u00dfen. Ein witziges und funktionelles Accessoire, unverzichtbar f\u00fcr jeden Whirlpool.\",\"breadcrumb\":{\"@id\":\"https:\\\/\\\/www.spabad.dets.nl\\\/de\\\/product\\\/life-deluxe-schwimmende-spa-bar\\\/#breadcrumb\"},\"inLanguage\":\"de\",\"potentialAction\":[{\"@type\":\"ReadAction\",\"target\":[\"https:\\\/\\\/www.spabad.dets.nl\\\/de\\\/product\\\/life-deluxe-schwimmende-spa-bar\\\/\"]}]},{\"@type\":\"ImageObject\",\"inLanguage\":\"de\",\"@id\":\"https:\\\/\\\/www.spabad.dets.nl\\\/de\\\/product\\\/life-deluxe-schwimmende-spa-bar\\\/#primaryimage\",\"url\":\"https:\\\/\\\/www.spabad.dets.nl\\\/wp-content\\\/uploads\\\/2025\\\/01\\\/life-deluxe-floating-spa-bar.jpg\",\"contentUrl\":\"https:\\\/\\\/www.spabad.dets.nl\\\/wp-content\\\/uploads\\\/2025\\\/01\\\/life-deluxe-floating-spa-bar.jpg\",\"width\":1080,\"height\":1080},{\"@type\":\"BreadcrumbList\",\"@id\":\"https:\\\/\\\/www.spabad.dets.nl\\\/de\\\/product\\\/life-deluxe-schwimmende-spa-bar\\\/#breadcrumb\",\"itemListElement\":[{\"@type\":\"ListItem\",\"position\":1,\"name\":\"Startseite\",\"item\":\"https:\\\/\\\/www.spabad.dets.nl\\\/de\\\/startseite-2\\\/\"},{\"@type\":\"ListItem\",\"position\":2,\"name\":\"Shop\",\"item\":\"https:\\\/\\\/www.spabad.dets.nl\\\/de\\\/shop-2\\\/\"},{\"@type\":\"ListItem\",\"position\":3,\"name\":\"Life Deluxe Schwimmende Spa-Bar\"}]},{\"@type\":\"WebSite\",\"@id\":\"https:\\\/\\\/www.spabad.dets.nl\\\/de\\\/#website\",\"url\":\"https:\\\/\\\/www.spabad.dets.nl\\\/de\\\/\",\"name\":\"Spabad Limburg\",\"description\":\"Jacuzzi's en zwemspa's\",\"publisher\":{\"@id\":\"https:\\\/\\\/www.spabad.dets.nl\\\/de\\\/#organization\"},\"potentialAction\":[{\"@type\":\"SearchAction\",\"target\":{\"@type\":\"EntryPoint\",\"urlTemplate\":\"https:\\\/\\\/www.spabad.dets.nl\\\/de\\\/?s={search_term_string}\"},\"query-input\":{\"@type\":\"PropertyValueSpecification\",\"valueRequired\":true,\"valueName\":\"search_term_string\"}}],\"inLanguage\":\"de\"},{\"@type\":\"Organization\",\"@id\":\"https:\\\/\\\/www.spabad.dets.nl\\\/de\\\/#organization\",\"name\":\"Spabad Limburg\",\"url\":\"https:\\\/\\\/www.spabad.dets.nl\\\/de\\\/\",\"logo\":{\"@type\":\"ImageObject\",\"inLanguage\":\"de\",\"@id\":\"https:\\\/\\\/www.spabad.dets.nl\\\/de\\\/#\\\/schema\\\/logo\\\/image\\\/\",\"url\":\"https:\\\/\\\/www.spabad.dets.nl\\\/wp-content\\\/uploads\\\/2025\\\/01\\\/SpabadLimburg-Logo-Payoff-scaled.png\",\"contentUrl\":\"https:\\\/\\\/www.spabad.dets.nl\\\/wp-content\\\/uploads\\\/2025\\\/01\\\/SpabadLimburg-Logo-Payoff-scaled.png\",\"width\":2560,\"height\":548,\"caption\":\"Spabad Limburg\"},\"image\":{\"@id\":\"https:\\\/\\\/www.spabad.dets.nl\\\/de\\\/#\\\/schema\\\/logo\\\/image\\\/\"}}]}<\/script>\n<!-- \/ Yoast SEO plugin. -->","yoast_head_json":{"title":"Life Deluxe Schwimmende Spa-Bar - Spabad Limburg","description":"Schwimmende Spa-Bar f\u00fcr die Aufbewahrung von Getr\u00e4nken, wenn Sie Ihren Whirlpool genie\u00dfen. Ein witziges und funktionelles Accessoire, unverzichtbar f\u00fcr jeden Whirlpool.","robots":{"index":"index","follow":"follow","max-snippet":"max-snippet:-1","max-image-preview":"max-image-preview:large","max-video-preview":"max-video-preview:-1"},"canonical":"https:\/\/www.spabad.dets.nl\/de\/product\/life-deluxe-schwimmende-spa-bar\/","og_locale":"de_DE","og_type":"article","og_title":"Life Deluxe Schwimmende Spa-Bar - Spabad Limburg","og_description":"Schwimmende Spa-Bar f\u00fcr die Aufbewahrung von Getr\u00e4nken, wenn Sie Ihren Whirlpool genie\u00dfen. Ein witziges und funktionelles Accessoire, unverzichtbar f\u00fcr jeden Whirlpool.","og_url":"https:\/\/www.spabad.dets.nl\/de\/product\/life-deluxe-schwimmende-spa-bar\/","og_site_name":"Spabad Limburg","og_image":[{"width":1080,"height":1080,"url":"https:\/\/www.spabad.dets.nl\/wp-content\/uploads\/2025\/01\/life-deluxe-floating-spa-bar.jpg","type":"image\/jpeg"}],"twitter_card":"summary_large_image","schema":{"@context":"https:\/\/schema.org","@graph":[{"@type":"WebPage","@id":"https:\/\/www.spabad.dets.nl\/de\/product\/life-deluxe-schwimmende-spa-bar\/","url":"https:\/\/www.spabad.dets.nl\/de\/product\/life-deluxe-schwimmende-spa-bar\/","name":"Life Deluxe Schwimmende Spa-Bar - Spabad Limburg","isPartOf":{"@id":"https:\/\/www.spabad.dets.nl\/de\/#website"},"primaryImageOfPage":{"@id":"https:\/\/www.spabad.dets.nl\/de\/product\/life-deluxe-schwimmende-spa-bar\/#primaryimage"},"image":{"@id":"https:\/\/www.spabad.dets.nl\/de\/product\/life-deluxe-schwimmende-spa-bar\/#primaryimage"},"thumbnailUrl":"https:\/\/www.spabad.dets.nl\/wp-content\/uploads\/2025\/01\/life-deluxe-floating-spa-bar.jpg","datePublished":"2025-01-16T07:44:37+00:00","description":"Schwimmende Spa-Bar f\u00fcr die Aufbewahrung von Getr\u00e4nken, wenn Sie Ihren Whirlpool genie\u00dfen. Ein witziges und funktionelles Accessoire, unverzichtbar f\u00fcr jeden Whirlpool.","breadcrumb":{"@id":"https:\/\/www.spabad.dets.nl\/de\/product\/life-deluxe-schwimmende-spa-bar\/#breadcrumb"},"inLanguage":"de","potentialAction":[{"@type":"ReadAction","target":["https:\/\/www.spabad.dets.nl\/de\/product\/life-deluxe-schwimmende-spa-bar\/"]}]},{"@type":"ImageObject","inLanguage":"de","@id":"https:\/\/www.spabad.dets.nl\/de\/product\/life-deluxe-schwimmende-spa-bar\/#primaryimage","url":"https:\/\/www.spabad.dets.nl\/wp-content\/uploads\/2025\/01\/life-deluxe-floating-spa-bar.jpg","contentUrl":"https:\/\/www.spabad.dets.nl\/wp-content\/uploads\/2025\/01\/life-deluxe-floating-spa-bar.jpg","width":1080,"height":1080},{"@type":"BreadcrumbList","@id":"https:\/\/www.spabad.dets.nl\/de\/product\/life-deluxe-schwimmende-spa-bar\/#breadcrumb","itemListElement":[{"@type":"ListItem","position":1,"name":"Startseite","item":"https:\/\/www.spabad.dets.nl\/de\/startseite-2\/"},{"@type":"ListItem","position":2,"name":"Shop","item":"https:\/\/www.spabad.dets.nl\/de\/shop-2\/"},{"@type":"ListItem","position":3,"name":"Life Deluxe Schwimmende Spa-Bar"}]},{"@type":"WebSite","@id":"https:\/\/www.spabad.dets.nl\/de\/#website","url":"https:\/\/www.spabad.dets.nl\/de\/","name":"Spabad Limburg","description":"Jacuzzi's en zwemspa's","publisher":{"@id":"https:\/\/www.spabad.dets.nl\/de\/#organization"},"potentialAction":[{"@type":"SearchAction","target":{"@type":"EntryPoint","urlTemplate":"https:\/\/www.spabad.dets.nl\/de\/?s={search_term_string}"},"query-input":{"@type":"PropertyValueSpecification","valueRequired":true,"valueName":"search_term_string"}}],"inLanguage":"de"},{"@type":"Organization","@id":"https:\/\/www.spabad.dets.nl\/de\/#organization","name":"Spabad Limburg","url":"https:\/\/www.spabad.dets.nl\/de\/","logo":{"@type":"ImageObject","inLanguage":"de","@id":"https:\/\/www.spabad.dets.nl\/de\/#\/schema\/logo\/image\/","url":"https:\/\/www.spabad.dets.nl\/wp-content\/uploads\/2025\/01\/SpabadLimburg-Logo-Payoff-scaled.png","contentUrl":"https:\/\/www.spabad.dets.nl\/wp-content\/uploads\/2025\/01\/SpabadLimburg-Logo-Payoff-scaled.png","width":2560,"height":548,"caption":"Spabad Limburg"},"image":{"@id":"https:\/\/www.spabad.dets.nl\/de\/#\/schema\/logo\/image\/"}}]}},"_links":{"self":[{"href":"https:\/\/www.spabad.dets.nl\/de\/wp-json\/wp\/v2\/product\/16327","targetHints":{"allow":["GET"]}}],"collection":[{"href":"https:\/\/www.spabad.dets.nl\/de\/wp-json\/wp\/v2\/product"}],"about":[{"href":"https:\/\/www.spabad.dets.nl\/de\/wp-json\/wp\/v2\/types\/product"}],"version-history":[{"count":0,"href":"https:\/\/www.spabad.dets.nl\/de\/wp-json\/wp\/v2\/product\/16327\/revisions"}],"wp:featuredmedia":[{"embeddable":true,"href":"https:\/\/www.spabad.dets.nl\/de\/wp-json\/wp\/v2\/media\/15510"}],"wp:attachment":[{"href":"https:\/\/www.spabad.dets.nl\/de\/wp-json\/wp\/v2\/media?parent=16327"}],"wp:term":[{"taxonomy":"product_brand","embeddable":true,"href":"https:\/\/www.spabad.dets.nl\/de\/wp-json\/wp\/v2\/product_brand?post=16327"},{"taxonomy":"product_cat","embeddable":true,"href":"https:\/\/www.spabad.dets.nl\/de\/wp-json\/wp\/v2\/product_cat?post=16327"},{"taxonomy":"product_tag","embeddable":true,"href":"https:\/\/www.spabad.dets.nl\/de\/wp-json\/wp\/v2\/product_tag?post=16327"}],"curies":[{"name":"wp","href":"https:\/\/api.w.org\/{rel}","templated":true}]}}