{"id":18205,"date":"2025-12-23T16:41:38","date_gmt":"2025-12-23T15:41:38","guid":{"rendered":"https:\/\/www.spabad.dets.nl\/vorteile-des-whirlpools\/"},"modified":"2025-12-23T16:41:47","modified_gmt":"2025-12-23T15:41:47","slug":"vorteile-des-whirlpools","status":"publish","type":"page","link":"https:\/\/www.spabad.dets.nl\/de\/vorteile-des-whirlpools\/","title":{"rendered":"Vorteile des Whirlpools"},"content":{"rendered":"\t\t<div data-elementor-type=\"wp-page\" data-elementor-id=\"18205\" class=\"elementor elementor-18205 elementor-14394\" wpc-filter-elementor-widget=\"1\" data-elementor-post-type=\"page\">\n\t\t\t\t<div class=\"elementor-element elementor-element-fa93e71 e-flex e-con-boxed e-con e-parent\" data-id=\"fa93e71\" data-element_type=\"container\" data-e-type=\"container\">\n\t\t\t\t\t<div class=\"e-con-inner\">\n\t\t<div class=\"elementor-element elementor-element-c2883bb e-con-full e-flex e-con e-child\" data-id=\"c2883bb\" data-element_type=\"container\" data-e-type=\"container\" data-settings=\"{&quot;background_background&quot;:&quot;classic&quot;}\">\n\t\t<div class=\"elementor-element elementor-element-1104875 e-con-full e-flex e-con e-child\" data-id=\"1104875\" data-element_type=\"container\" data-e-type=\"container\">\n\t\t\t\t<div class=\"elementor-element elementor-element-712c47b elementor-widget elementor-widget-heading\" data-id=\"712c47b\" data-element_type=\"widget\" data-e-type=\"widget\" data-widget_type=\"heading.default\">\n\t\t\t\t\t<h1 class=\"elementor-heading-title elementor-size-default\">Alle Vorteile eines Whirlpools auf einen Blick<\/h1>\t\t\t\t<\/div>\n\t\t\t\t<div class=\"elementor-element elementor-element-92905c6 elementor-widget-divider--view-line elementor-widget elementor-widget-divider\" data-id=\"92905c6\" data-element_type=\"widget\" data-e-type=\"widget\" data-widget_type=\"divider.default\">\n\t\t\t\t\t\t\t<div class=\"elementor-divider\">\n\t\t\t<span class=\"elementor-divider-separator\">\n\t\t\t\t\t\t<\/span>\n\t\t<\/div>\n\t\t\t\t\t\t<\/div>\n\t\t\t\t<div class=\"elementor-element elementor-element-7372c96 elementor-widget elementor-widget-text-editor\" data-id=\"7372c96\" data-element_type=\"widget\" data-e-type=\"widget\" data-widget_type=\"text-editor.default\">\n\t\t\t\t\t\t\t\t\t<p>Dass ein Jacuzzi zahlreiche Vorteile hat, ist allgemein bekannt. So lindert ein Whirlpool beispielsweise Muskelschmerzen, baut Stress ab und verbessert die Durchblutung. <\/p>\n<ul>\n<li>Jacuzzi baut Stress ab.<\/li>\n<li>Das warme Wasser l\u00e4sst Ihre Muskeln entspannen.<\/li>\n<li>Ein Whirlpool verbessert Ihre Blutzirkulation.<\/li>\n<li>Sie entspannen wunderbar durch <a href=\"https:\/\/www.spabad.dets.nl\/de\/5-vorteile-eines-hotspring-whirlpools\/\">Aromatherapie<\/a> mit herrlichen D\u00fcften in Ihrem Jacuzzi.<\/li>\n<li>Ultimativer Luxus durch hei\u00dfes Wasser und sch\u00f6nes Design.<\/li>\n<li>Zusammensein mit Freunden oder der Familie.<\/li>\n<\/ul>\t\t\t\t\t\t\t\t<\/div>\n\t\t\t\t<\/div>\n\t\t\t\t<\/div>\n\t\t<div class=\"elementor-element elementor-element-7b0f71b e-con-full e-flex e-con e-child\" data-id=\"7b0f71b\" data-element_type=\"container\" data-e-type=\"container\">\n\t\t\t\t<div class=\"elementor-element elementor-element-98fa301 elementor-widget elementor-widget-image\" data-id=\"98fa301\" data-element_type=\"widget\" data-e-type=\"widget\" data-widget_type=\"image.default\">\n\t\t\t\t\t\t\t\t\t\t\t\t\t\t\t<img fetchpriority=\"high\" decoding=\"async\" width=\"800\" height=\"533\" src=\"https:\/\/www.spabad.dets.nl\/wp-content\/uploads\/2025\/01\/HotSpring-Limelight-vrouw.jpg\" class=\"attachment-full size-full wp-image-15374\" alt=\"\" srcset=\"https:\/\/www.spabad.dets.nl\/wp-content\/uploads\/2025\/01\/HotSpring-Limelight-vrouw.jpg 800w, https:\/\/www.spabad.dets.nl\/wp-content\/uploads\/2025\/01\/HotSpring-Limelight-vrouw-600x400.jpg 600w, https:\/\/www.spabad.dets.nl\/wp-content\/uploads\/2025\/01\/elementor\/thumbs\/HotSpring-Limelight-vrouw-r02yzddm8xznwulpsy2rlze7yn85au7iam66670rm8.jpg 300w, https:\/\/www.spabad.dets.nl\/wp-content\/uploads\/2025\/01\/HotSpring-Limelight-vrouw-768x512.jpg 768w\" sizes=\"(max-width: 800px) 100vw, 800px\" \/>\t\t\t\t\t\t\t\t\t\t\t\t\t\t\t<\/div>\n\t\t\t\t<\/div>\n\t\t\t\t\t<\/div>\n\t\t\t\t<\/div>\n\t\t<div class=\"elementor-element elementor-element-d9ef38a e-grid e-con-boxed e-con e-parent\" data-id=\"d9ef38a\" data-element_type=\"container\" data-e-type=\"container\">\n\t\t\t\t\t<div class=\"e-con-inner\">\n\t\t\t\t<div class=\"elementor-element elementor-element-1f6d4e4 elementor-widget elementor-widget-image\" data-id=\"1f6d4e4\" data-element_type=\"widget\" data-e-type=\"widget\" data-widget_type=\"image.default\">\n\t\t\t\t\t\t\t\t\t\t\t\t\t\t\t<img decoding=\"async\" width=\"800\" height=\"600\" src=\"https:\/\/www.spabad.dets.nl\/wp-content\/uploads\/2025\/03\/wellis-spas-1-1024x768.jpg\" class=\"attachment-large size-large wp-image-15769\" alt=\"\" srcset=\"https:\/\/www.spabad.dets.nl\/wp-content\/uploads\/2025\/03\/wellis-spas-1-1024x768.jpg 1024w, https:\/\/www.spabad.dets.nl\/wp-content\/uploads\/2025\/03\/wellis-spas-1-600x450.jpg 600w, https:\/\/www.spabad.dets.nl\/wp-content\/uploads\/2025\/03\/wellis-spas-1-300x225.jpg 300w, https:\/\/www.spabad.dets.nl\/wp-content\/uploads\/2025\/03\/wellis-spas-1-768x576.jpg 768w, https:\/\/www.spabad.dets.nl\/wp-content\/uploads\/2025\/03\/wellis-spas-1-1536x1152.jpg 1536w, https:\/\/www.spabad.dets.nl\/wp-content\/uploads\/2025\/03\/wellis-spas-1.jpg 2048w\" sizes=\"(max-width: 800px) 100vw, 800px\" \/>\t\t\t\t\t\t\t\t\t\t\t\t\t\t\t<\/div>\n\t\t\t\t<div class=\"elementor-element elementor-element-bb4abd1 elementor-widget elementor-widget-image\" data-id=\"bb4abd1\" data-element_type=\"widget\" data-e-type=\"widget\" data-widget_type=\"image.default\">\n\t\t\t\t\t\t\t\t\t\t\t\t\t\t\t<img decoding=\"async\" width=\"800\" height=\"600\" src=\"https:\/\/www.spabad.dets.nl\/wp-content\/uploads\/2025\/03\/wellis-spas-2-1024x768.jpg\" class=\"attachment-large size-large wp-image-15768\" alt=\"\" srcset=\"https:\/\/www.spabad.dets.nl\/wp-content\/uploads\/2025\/03\/wellis-spas-2-1024x768.jpg 1024w, https:\/\/www.spabad.dets.nl\/wp-content\/uploads\/2025\/03\/wellis-spas-2-600x450.jpg 600w, https:\/\/www.spabad.dets.nl\/wp-content\/uploads\/2025\/03\/wellis-spas-2-300x225.jpg 300w, https:\/\/www.spabad.dets.nl\/wp-content\/uploads\/2025\/03\/wellis-spas-2-768x576.jpg 768w, https:\/\/www.spabad.dets.nl\/wp-content\/uploads\/2025\/03\/wellis-spas-2-1536x1152.jpg 1536w, https:\/\/www.spabad.dets.nl\/wp-content\/uploads\/2025\/03\/wellis-spas-2.jpg 2048w\" sizes=\"(max-width: 800px) 100vw, 800px\" \/>\t\t\t\t\t\t\t\t\t\t\t\t\t\t\t<\/div>\n\t\t\t\t<div class=\"elementor-element elementor-element-977c275 elementor-widget elementor-widget-image\" data-id=\"977c275\" data-element_type=\"widget\" data-e-type=\"widget\" data-widget_type=\"image.default\">\n\t\t\t\t\t\t\t\t\t\t\t\t\t\t\t<img loading=\"lazy\" decoding=\"async\" width=\"800\" height=\"600\" src=\"https:\/\/www.spabad.dets.nl\/wp-content\/uploads\/2025\/03\/wellis-spas-3-1024x768.jpg\" class=\"attachment-large size-large wp-image-15770\" alt=\"\" srcset=\"https:\/\/www.spabad.dets.nl\/wp-content\/uploads\/2025\/03\/wellis-spas-3-1024x768.jpg 1024w, https:\/\/www.spabad.dets.nl\/wp-content\/uploads\/2025\/03\/wellis-spas-3-600x450.jpg 600w, https:\/\/www.spabad.dets.nl\/wp-content\/uploads\/2025\/03\/wellis-spas-3-300x225.jpg 300w, https:\/\/www.spabad.dets.nl\/wp-content\/uploads\/2025\/03\/wellis-spas-3-768x576.jpg 768w, https:\/\/www.spabad.dets.nl\/wp-content\/uploads\/2025\/03\/wellis-spas-3-1536x1152.jpg 1536w, https:\/\/www.spabad.dets.nl\/wp-content\/uploads\/2025\/03\/wellis-spas-3.jpg 2048w\" sizes=\"(max-width: 800px) 100vw, 800px\" \/>\t\t\t\t\t\t\t\t\t\t\t\t\t\t\t<\/div>\n\t\t\t\t\t<\/div>\n\t\t\t\t<\/div>\n\t\t<div class=\"elementor-element elementor-element-d5cc3bd e-flex e-con-boxed e-con e-parent\" data-id=\"d5cc3bd\" data-element_type=\"container\" data-e-type=\"container\">\n\t\t\t\t\t<div class=\"e-con-inner\">\n\t\t<div class=\"elementor-element elementor-element-d282e30 e-con-full e-flex e-con e-child\" data-id=\"d282e30\" data-element_type=\"container\" data-e-type=\"container\" data-settings=\"{&quot;background_background&quot;:&quot;classic&quot;}\">\n\t\t<div class=\"elementor-element elementor-element-30e0966 e-con-full e-flex e-con e-child\" data-id=\"30e0966\" data-element_type=\"container\" data-e-type=\"container\">\n\t\t\t\t<div class=\"elementor-element elementor-element-7b66033 elementor-widget elementor-widget-heading\" data-id=\"7b66033\" data-element_type=\"widget\" data-e-type=\"widget\" data-widget_type=\"heading.default\">\n\t\t\t\t\t<h2 class=\"elementor-heading-title elementor-size-default\">Was ist Hydrotherapie?<\/h2>\t\t\t\t<\/div>\n\t\t\t\t<div class=\"elementor-element elementor-element-02f29a9 elementor-widget-divider--view-line elementor-widget elementor-widget-divider\" data-id=\"02f29a9\" data-element_type=\"widget\" data-e-type=\"widget\" data-widget_type=\"divider.default\">\n\t\t\t\t\t\t\t<div class=\"elementor-divider\">\n\t\t\t<span class=\"elementor-divider-separator\">\n\t\t\t\t\t\t<\/span>\n\t\t<\/div>\n\t\t\t\t\t\t<\/div>\n\t\t\t\t<div class=\"elementor-element elementor-element-9c7741c elementor-widget elementor-widget-text-editor\" data-id=\"9c7741c\" data-element_type=\"widget\" data-e-type=\"widget\" data-widget_type=\"text-editor.default\">\n\t\t\t\t\t\t\t\t\t<p>Hydrotherapie, auch bekannt als Wassertherapie, ist die kombinierte Wirkung von warmem Wasser, Massage und Auftrieb. Die Hydrotherapie wird in der Regel als eine Form der Physiotherapie angesehen, da Sie die \u00dcbungen im Wasser durchf\u00fchren. <\/p>\t\t\t\t\t\t\t\t<\/div>\n\t\t\t\t<\/div>\n\t\t\t\t<\/div>\n\t\t<div class=\"elementor-element elementor-element-854aa4d e-con-full e-flex e-con e-child\" data-id=\"854aa4d\" data-element_type=\"container\" data-e-type=\"container\" data-settings=\"{&quot;background_background&quot;:&quot;classic&quot;}\">\n\t\t<div class=\"elementor-element elementor-element-763c804 e-con-full e-flex e-con e-child\" data-id=\"763c804\" data-element_type=\"container\" data-e-type=\"container\">\n\t\t\t\t<div class=\"elementor-element elementor-element-7927811 elementor-widget elementor-widget-heading\" data-id=\"7927811\" data-element_type=\"widget\" data-e-type=\"widget\" data-widget_type=\"heading.default\">\n\t\t\t\t\t<h2 class=\"elementor-heading-title elementor-size-default\">Abhilfe bei k\u00f6rperlichen Beschwerden  <\/h2>\t\t\t\t<\/div>\n\t\t\t\t<div class=\"elementor-element elementor-element-cad7d18 elementor-widget-divider--view-line elementor-widget elementor-widget-divider\" data-id=\"cad7d18\" data-element_type=\"widget\" data-e-type=\"widget\" data-widget_type=\"divider.default\">\n\t\t\t\t\t\t\t<div class=\"elementor-divider\">\n\t\t\t<span class=\"elementor-divider-separator\">\n\t\t\t\t\t\t<\/span>\n\t\t<\/div>\n\t\t\t\t\t\t<\/div>\n\t\t\t\t<div class=\"elementor-element elementor-element-03936d6 elementor-widget elementor-widget-text-editor\" data-id=\"03936d6\" data-element_type=\"widget\" data-e-type=\"widget\" data-widget_type=\"text-editor.default\">\n\t\t\t\t\t\t\t\t\t<p>Ein Jacuzzi hat also mehrere Vorteile. Oft wird ein Jacuzzi nicht nur in der Freizeit, sondern auch von Sportlern oder Menschen mit Schulterbeschwerden genutzt. Die wunderbaren D\u00fcfte in einem Jacuzzi dank der Aromatherapie schaffen ein Gef\u00fchl von Luxus. Aber das ist noch nicht alles, denn dank der kr\u00e4ftigen Massaged\u00fcsen und der verstellbaren Sitze lindert ein Jacuzzi auch Schulterbeschwerden. Dies wird auch als Hydrotherapie bezeichnet. Ein Massage-Whirlpool ist also nicht nur zum Entspannen geeignet, sondern auch gut f\u00fcr Ihre Gesundheit. Neugierig auf unser <a href=\"https:\/\/www.spabad.dets.nl\/collectie\/\">Angebot an<\/a> Whirlpools? Kaufen Sie Ihren Jacuzzi bei Spabad Limburg.       <\/p>\t\t\t\t\t\t\t\t<\/div>\n\t\t\t\t<\/div>\n\t\t\t\t<\/div>\n\t\t\t\t\t<\/div>\n\t\t\t\t<\/div>\n\t\t\t\t<\/div>\n\t\t","protected":false},"excerpt":{"rendered":"<p>Alle Vorteile eines Whirlpools auf einen Blick Dass ein Jacuzzi zahlreiche Vorteile hat, ist allgemein bekannt. So lindert ein Whirlpool beispielsweise Muskelschmerzen, baut Stress ab und verbessert die Durchblutung. Jacuzzi baut Stress ab. Das warme Wasser l\u00e4sst Ihre Muskeln entspannen. Ein Whirlpool verbessert Ihre Blutzirkulation. Sie entspannen wunderbar durch Aromatherapie mit herrlichen D\u00fcften in Ihrem [&hellip;]<\/p>\n","protected":false},"author":0,"featured_media":0,"parent":0,"menu_order":0,"comment_status":"closed","ping_status":"closed","template":"","meta":{"_acf_changed":false,"footnotes":""},"class_list":["post-18205","page","type-page","status-publish","hentry"],"acf":[],"yoast_head":"<!-- This site is optimized with the Yoast SEO plugin v27.5 - https:\/\/yoast.com\/product\/yoast-seo-wordpress\/ -->\n<title>Vorteile des Whirlpools - Spabad Limburg<\/title>\n<meta name=\"description\" content=\"Was sind die Vorteile eines Whirlpools? Entdecken Sie den beispiellosen Luxus, die Hydromassage, die Aromatherapie und die Wassermassage, die Ihnen ein Whirlpool bietet.\" \/>\n<meta name=\"robots\" content=\"index, follow, max-snippet:-1, max-image-preview:large, max-video-preview:-1\" \/>\n<link rel=\"canonical\" href=\"https:\/\/www.spabad.dets.nl\/de\/vorteile-des-whirlpools\/\" \/>\n<meta property=\"og:locale\" content=\"de_DE\" \/>\n<meta property=\"og:type\" content=\"article\" \/>\n<meta property=\"og:title\" content=\"Vorteile des Whirlpools - Spabad Limburg\" \/>\n<meta property=\"og:description\" content=\"Was sind die Vorteile eines Whirlpools? Entdecken Sie den beispiellosen Luxus, die Hydromassage, die Aromatherapie und die Wassermassage, die Ihnen ein Whirlpool bietet.\" \/>\n<meta property=\"og:url\" content=\"https:\/\/www.spabad.dets.nl\/de\/vorteile-des-whirlpools\/\" \/>\n<meta property=\"og:site_name\" content=\"Spabad Limburg\" \/>\n<meta property=\"article:modified_time\" content=\"2025-12-23T15:41:47+00:00\" \/>\n<meta property=\"og:image\" content=\"https:\/\/www.spabad.dets.nl\/wp-content\/uploads\/2025\/01\/HotSpring-Limelight-vrouw.jpg\" \/>\n\t<meta property=\"og:image:width\" content=\"800\" \/>\n\t<meta property=\"og:image:height\" content=\"533\" \/>\n\t<meta property=\"og:image:type\" content=\"image\/jpeg\" \/>\n<meta name=\"twitter:card\" content=\"summary_large_image\" \/>\n<meta name=\"twitter:label1\" content=\"Gesch\u00e4tzte Lesezeit\" \/>\n\t<meta name=\"twitter:data1\" content=\"1\u00a0Minute\" \/>\n<script type=\"application\/ld+json\" class=\"yoast-schema-graph\">{\"@context\":\"https:\\\/\\\/schema.org\",\"@graph\":[{\"@type\":\"WebPage\",\"@id\":\"https:\\\/\\\/www.spabad.dets.nl\\\/de\\\/vorteile-des-whirlpools\\\/\",\"url\":\"https:\\\/\\\/www.spabad.dets.nl\\\/de\\\/vorteile-des-whirlpools\\\/\",\"name\":\"Vorteile des Whirlpools - Spabad Limburg\",\"isPartOf\":{\"@id\":\"https:\\\/\\\/www.spabad.dets.nl\\\/de\\\/#website\"},\"primaryImageOfPage\":{\"@id\":\"https:\\\/\\\/www.spabad.dets.nl\\\/de\\\/vorteile-des-whirlpools\\\/#primaryimage\"},\"image\":{\"@id\":\"https:\\\/\\\/www.spabad.dets.nl\\\/de\\\/vorteile-des-whirlpools\\\/#primaryimage\"},\"thumbnailUrl\":\"https:\\\/\\\/www.spabad.dets.nl\\\/wp-content\\\/uploads\\\/2025\\\/01\\\/HotSpring-Limelight-vrouw.jpg\",\"datePublished\":\"2025-12-23T15:41:38+00:00\",\"dateModified\":\"2025-12-23T15:41:47+00:00\",\"description\":\"Was sind die Vorteile eines Whirlpools? Entdecken Sie den beispiellosen Luxus, die Hydromassage, die Aromatherapie und die Wassermassage, die Ihnen ein Whirlpool bietet.\",\"breadcrumb\":{\"@id\":\"https:\\\/\\\/www.spabad.dets.nl\\\/de\\\/vorteile-des-whirlpools\\\/#breadcrumb\"},\"inLanguage\":\"de\",\"potentialAction\":[{\"@type\":\"ReadAction\",\"target\":[\"https:\\\/\\\/www.spabad.dets.nl\\\/de\\\/vorteile-des-whirlpools\\\/\"]}]},{\"@type\":\"ImageObject\",\"inLanguage\":\"de\",\"@id\":\"https:\\\/\\\/www.spabad.dets.nl\\\/de\\\/vorteile-des-whirlpools\\\/#primaryimage\",\"url\":\"https:\\\/\\\/www.spabad.dets.nl\\\/wp-content\\\/uploads\\\/2025\\\/01\\\/HotSpring-Limelight-vrouw.jpg\",\"contentUrl\":\"https:\\\/\\\/www.spabad.dets.nl\\\/wp-content\\\/uploads\\\/2025\\\/01\\\/HotSpring-Limelight-vrouw.jpg\"},{\"@type\":\"BreadcrumbList\",\"@id\":\"https:\\\/\\\/www.spabad.dets.nl\\\/de\\\/vorteile-des-whirlpools\\\/#breadcrumb\",\"itemListElement\":[{\"@type\":\"ListItem\",\"position\":1,\"name\":\"Startseite\",\"item\":\"https:\\\/\\\/www.spabad.dets.nl\\\/de\\\/startseite-2\\\/\"},{\"@type\":\"ListItem\",\"position\":2,\"name\":\"Vorteile des Whirlpools\"}]},{\"@type\":\"WebSite\",\"@id\":\"https:\\\/\\\/www.spabad.dets.nl\\\/de\\\/#website\",\"url\":\"https:\\\/\\\/www.spabad.dets.nl\\\/de\\\/\",\"name\":\"Spabad Limburg\",\"description\":\"Jacuzzi's en zwemspa's\",\"publisher\":{\"@id\":\"https:\\\/\\\/www.spabad.dets.nl\\\/de\\\/#organization\"},\"potentialAction\":[{\"@type\":\"SearchAction\",\"target\":{\"@type\":\"EntryPoint\",\"urlTemplate\":\"https:\\\/\\\/www.spabad.dets.nl\\\/de\\\/?s={search_term_string}\"},\"query-input\":{\"@type\":\"PropertyValueSpecification\",\"valueRequired\":true,\"valueName\":\"search_term_string\"}}],\"inLanguage\":\"de\"},{\"@type\":\"Organization\",\"@id\":\"https:\\\/\\\/www.spabad.dets.nl\\\/de\\\/#organization\",\"name\":\"Spabad Limburg\",\"url\":\"https:\\\/\\\/www.spabad.dets.nl\\\/de\\\/\",\"logo\":{\"@type\":\"ImageObject\",\"inLanguage\":\"de\",\"@id\":\"https:\\\/\\\/www.spabad.dets.nl\\\/de\\\/#\\\/schema\\\/logo\\\/image\\\/\",\"url\":\"https:\\\/\\\/www.spabad.dets.nl\\\/wp-content\\\/uploads\\\/2025\\\/01\\\/SpabadLimburg-Logo-Payoff-scaled.png\",\"contentUrl\":\"https:\\\/\\\/www.spabad.dets.nl\\\/wp-content\\\/uploads\\\/2025\\\/01\\\/SpabadLimburg-Logo-Payoff-scaled.png\",\"width\":2560,\"height\":548,\"caption\":\"Spabad Limburg\"},\"image\":{\"@id\":\"https:\\\/\\\/www.spabad.dets.nl\\\/de\\\/#\\\/schema\\\/logo\\\/image\\\/\"}}]}<\/script>\n<!-- \/ Yoast SEO plugin. -->","yoast_head_json":{"title":"Vorteile des Whirlpools - Spabad Limburg","description":"Was sind die Vorteile eines Whirlpools? Entdecken Sie den beispiellosen Luxus, die Hydromassage, die Aromatherapie und die Wassermassage, die Ihnen ein Whirlpool bietet.","robots":{"index":"index","follow":"follow","max-snippet":"max-snippet:-1","max-image-preview":"max-image-preview:large","max-video-preview":"max-video-preview:-1"},"canonical":"https:\/\/www.spabad.dets.nl\/de\/vorteile-des-whirlpools\/","og_locale":"de_DE","og_type":"article","og_title":"Vorteile des Whirlpools - Spabad Limburg","og_description":"Was sind die Vorteile eines Whirlpools? Entdecken Sie den beispiellosen Luxus, die Hydromassage, die Aromatherapie und die Wassermassage, die Ihnen ein Whirlpool bietet.","og_url":"https:\/\/www.spabad.dets.nl\/de\/vorteile-des-whirlpools\/","og_site_name":"Spabad Limburg","article_modified_time":"2025-12-23T15:41:47+00:00","og_image":[{"width":800,"height":533,"url":"https:\/\/www.spabad.dets.nl\/wp-content\/uploads\/2025\/01\/HotSpring-Limelight-vrouw.jpg","type":"image\/jpeg"}],"twitter_card":"summary_large_image","twitter_misc":{"Gesch\u00e4tzte Lesezeit":"1\u00a0Minute"},"schema":{"@context":"https:\/\/schema.org","@graph":[{"@type":"WebPage","@id":"https:\/\/www.spabad.dets.nl\/de\/vorteile-des-whirlpools\/","url":"https:\/\/www.spabad.dets.nl\/de\/vorteile-des-whirlpools\/","name":"Vorteile des Whirlpools - Spabad Limburg","isPartOf":{"@id":"https:\/\/www.spabad.dets.nl\/de\/#website"},"primaryImageOfPage":{"@id":"https:\/\/www.spabad.dets.nl\/de\/vorteile-des-whirlpools\/#primaryimage"},"image":{"@id":"https:\/\/www.spabad.dets.nl\/de\/vorteile-des-whirlpools\/#primaryimage"},"thumbnailUrl":"https:\/\/www.spabad.dets.nl\/wp-content\/uploads\/2025\/01\/HotSpring-Limelight-vrouw.jpg","datePublished":"2025-12-23T15:41:38+00:00","dateModified":"2025-12-23T15:41:47+00:00","description":"Was sind die Vorteile eines Whirlpools? Entdecken Sie den beispiellosen Luxus, die Hydromassage, die Aromatherapie und die Wassermassage, die Ihnen ein Whirlpool bietet.","breadcrumb":{"@id":"https:\/\/www.spabad.dets.nl\/de\/vorteile-des-whirlpools\/#breadcrumb"},"inLanguage":"de","potentialAction":[{"@type":"ReadAction","target":["https:\/\/www.spabad.dets.nl\/de\/vorteile-des-whirlpools\/"]}]},{"@type":"ImageObject","inLanguage":"de","@id":"https:\/\/www.spabad.dets.nl\/de\/vorteile-des-whirlpools\/#primaryimage","url":"https:\/\/www.spabad.dets.nl\/wp-content\/uploads\/2025\/01\/HotSpring-Limelight-vrouw.jpg","contentUrl":"https:\/\/www.spabad.dets.nl\/wp-content\/uploads\/2025\/01\/HotSpring-Limelight-vrouw.jpg"},{"@type":"BreadcrumbList","@id":"https:\/\/www.spabad.dets.nl\/de\/vorteile-des-whirlpools\/#breadcrumb","itemListElement":[{"@type":"ListItem","position":1,"name":"Startseite","item":"https:\/\/www.spabad.dets.nl\/de\/startseite-2\/"},{"@type":"ListItem","position":2,"name":"Vorteile des Whirlpools"}]},{"@type":"WebSite","@id":"https:\/\/www.spabad.dets.nl\/de\/#website","url":"https:\/\/www.spabad.dets.nl\/de\/","name":"Spabad Limburg","description":"Jacuzzi's en zwemspa's","publisher":{"@id":"https:\/\/www.spabad.dets.nl\/de\/#organization"},"potentialAction":[{"@type":"SearchAction","target":{"@type":"EntryPoint","urlTemplate":"https:\/\/www.spabad.dets.nl\/de\/?s={search_term_string}"},"query-input":{"@type":"PropertyValueSpecification","valueRequired":true,"valueName":"search_term_string"}}],"inLanguage":"de"},{"@type":"Organization","@id":"https:\/\/www.spabad.dets.nl\/de\/#organization","name":"Spabad Limburg","url":"https:\/\/www.spabad.dets.nl\/de\/","logo":{"@type":"ImageObject","inLanguage":"de","@id":"https:\/\/www.spabad.dets.nl\/de\/#\/schema\/logo\/image\/","url":"https:\/\/www.spabad.dets.nl\/wp-content\/uploads\/2025\/01\/SpabadLimburg-Logo-Payoff-scaled.png","contentUrl":"https:\/\/www.spabad.dets.nl\/wp-content\/uploads\/2025\/01\/SpabadLimburg-Logo-Payoff-scaled.png","width":2560,"height":548,"caption":"Spabad Limburg"},"image":{"@id":"https:\/\/www.spabad.dets.nl\/de\/#\/schema\/logo\/image\/"}}]}},"_links":{"self":[{"href":"https:\/\/www.spabad.dets.nl\/de\/wp-json\/wp\/v2\/pages\/18205","targetHints":{"allow":["GET"]}}],"collection":[{"href":"https:\/\/www.spabad.dets.nl\/de\/wp-json\/wp\/v2\/pages"}],"about":[{"href":"https:\/\/www.spabad.dets.nl\/de\/wp-json\/wp\/v2\/types\/page"}],"replies":[{"embeddable":true,"href":"https:\/\/www.spabad.dets.nl\/de\/wp-json\/wp\/v2\/comments?post=18205"}],"version-history":[{"count":0,"href":"https:\/\/www.spabad.dets.nl\/de\/wp-json\/wp\/v2\/pages\/18205\/revisions"}],"wp:attachment":[{"href":"https:\/\/www.spabad.dets.nl\/de\/wp-json\/wp\/v2\/media?parent=18205"}],"curies":[{"name":"wp","href":"https:\/\/api.w.org\/{rel}","templated":true}]}}