{"id":18195,"date":"2025-12-23T16:38:04","date_gmt":"2025-12-23T15:38:04","guid":{"rendered":"https:\/\/www.spabad.dets.nl\/informationen\/"},"modified":"2026-02-06T13:25:34","modified_gmt":"2026-02-06T12:25:34","slug":"informationen","status":"publish","type":"page","link":"https:\/\/www.spabad.dets.nl\/de\/informationen\/","title":{"rendered":"Informationen"},"content":{"rendered":"\t\t<div data-elementor-type=\"wp-page\" data-elementor-id=\"18195\" class=\"elementor elementor-18195 elementor-14308\" wpc-filter-elementor-widget=\"1\" data-elementor-post-type=\"page\">\n\t\t\t\t<div class=\"elementor-element elementor-element-d5cc3bd e-flex e-con-boxed e-con e-parent\" data-id=\"d5cc3bd\" data-element_type=\"container\" data-e-type=\"container\">\n\t\t\t\t\t<div class=\"e-con-inner\">\n\t\t<div class=\"elementor-element elementor-element-d282e30 e-con-full e-flex e-con e-child\" data-id=\"d282e30\" data-element_type=\"container\" data-e-type=\"container\" data-settings=\"{&quot;background_background&quot;:&quot;classic&quot;}\">\n\t\t<div class=\"elementor-element elementor-element-30e0966 e-con-full e-flex e-con e-child\" data-id=\"30e0966\" data-element_type=\"container\" data-e-type=\"container\">\n\t\t\t\t<div class=\"elementor-element elementor-element-7b66033 elementor-widget elementor-widget-heading\" data-id=\"7b66033\" data-element_type=\"widget\" data-e-type=\"widget\" data-widget_type=\"heading.default\">\n\t\t\t\t\t<h2 class=\"elementor-heading-title elementor-size-default\">Informationen<\/h2>\t\t\t\t<\/div>\n\t\t\t\t<div class=\"elementor-element elementor-element-02f29a9 elementor-widget-divider--view-line elementor-widget elementor-widget-divider\" data-id=\"02f29a9\" data-element_type=\"widget\" data-e-type=\"widget\" data-widget_type=\"divider.default\">\n\t\t\t\t\t\t\t<div class=\"elementor-divider\">\n\t\t\t<span class=\"elementor-divider-separator\">\n\t\t\t\t\t\t<\/span>\n\t\t<\/div>\n\t\t\t\t\t\t<\/div>\n\t\t\t\t<div class=\"elementor-element elementor-element-9c7741c elementor-widget elementor-widget-text-editor\" data-id=\"9c7741c\" data-element_type=\"widget\" data-e-type=\"widget\" data-widget_type=\"text-editor.default\">\n\t\t\t\t\t\t\t\t\t<p>Im Jacuzzi-Showroom von Spabad Limburg finden Sie verschiedene Modelle von Whirlpools und Sprudelb\u00e4dern. Sie k\u00f6nnen diese sogar nach Vereinbarung ausprobieren. \u00dcber diese Informationsseite k\u00f6nnen Sie ganz einfach zu den verschiedenen Bereichen unserer Website navigieren. M\u00f6chten Sie mehr \u00fcber unseren Ausstellungsraum oder unsere Produktpalette erfahren? Werfen Sie einen kurzen Blick darauf. Unser Angebot zeichnet sich durch hochwertige Whirlpools mit umfangreichen Optionen aus. Unsere <a href=\"https:\/\/www.spabad.dets.nl\/merken\/\">aktuellen Marken<\/a> sind Wellis Spas und HotSpring Spas.      <\/p>\t\t\t\t\t\t\t\t<\/div>\n\t\t\t\t<\/div>\n\t\t\t\t<\/div>\n\t\t\t\t\t<\/div>\n\t\t\t\t<\/div>\n\t\t<div class=\"elementor-element elementor-element-98040a7 e-grid e-con-boxed e-con e-parent\" data-id=\"98040a7\" data-element_type=\"container\" data-e-type=\"container\">\n\t\t\t\t\t<div class=\"e-con-inner\">\n\t\t\t\t<div class=\"elementor-element elementor-element-f403253 elementor-cta--skin-classic elementor-animated-content elementor-bg-transform elementor-bg-transform-zoom-in elementor-widget elementor-widget-call-to-action\" data-id=\"f403253\" data-element_type=\"widget\" data-e-type=\"widget\" data-widget_type=\"call-to-action.default\">\n\t\t\t\t\t\t\t<a class=\"elementor-cta\" href=\"https:\/\/www.spabad.dets.nl\/de\/ausstellungsraum\/\">\n\t\t\t\t\t<div class=\"elementor-cta__bg-wrapper\">\n\t\t\t\t<div class=\"elementor-cta__bg elementor-bg\" style=\"background-image: url(https:\/\/www.spabad.dets.nl\/wp-content\/uploads\/2025\/03\/spabad-showroom.jpg);\" role=\"img\" aria-label=\"spabad showroom\"><\/div>\n\t\t\t\t<div class=\"elementor-cta__bg-overlay\"><\/div>\n\t\t\t<\/div>\n\t\t\t\t\t\t\t<div class=\"elementor-cta__content\">\n\t\t\t\t\n\t\t\t\t\t\t\t\t\t<h2 class=\"elementor-cta__title elementor-cta__content-item elementor-content-item\">\n\t\t\t\t\t\tUnser Ausstellungsraum\t\t\t\t\t<\/h2>\n\t\t\t\t\n\t\t\t\t\t\t\t\t\t<div class=\"elementor-cta__description elementor-cta__content-item elementor-content-item\">\n\t\t\t\t\t\tBesuchen Sie unseren Shop und lassen Sie sich beraten\t\t\t\t\t<\/div>\n\t\t\t\t\n\t\t\t\t\t\t\t<\/div>\n\t\t\t\t\t\t<\/a>\n\t\t\t\t\t\t<\/div>\n\t\t\t\t<div class=\"elementor-element elementor-element-d4b2226 elementor-cta--skin-classic elementor-animated-content elementor-bg-transform elementor-bg-transform-zoom-in elementor-widget elementor-widget-call-to-action\" data-id=\"d4b2226\" data-element_type=\"widget\" data-e-type=\"widget\" data-widget_type=\"call-to-action.default\">\n\t\t\t\t\t\t\t<a class=\"elementor-cta\" href=\"https:\/\/www.spabad.dets.nl\/de\/hotspring-whirlpools\/\">\n\t\t\t\t\t<div class=\"elementor-cta__bg-wrapper\">\n\t\t\t\t<div class=\"elementor-cta__bg elementor-bg\" style=\"background-image: url(https:\/\/www.spabad.dets.nl\/wp-content\/uploads\/2025\/03\/Schermafbeelding-2025-03-25-104042.png);\" role=\"img\" aria-label=\"Schermafbeelding 2025-03-25 104042\"><\/div>\n\t\t\t\t<div class=\"elementor-cta__bg-overlay\"><\/div>\n\t\t\t<\/div>\n\t\t\t\t\t\t\t<div class=\"elementor-cta__content\">\n\t\t\t\t\n\t\t\t\t\t\t\t\t\t<h2 class=\"elementor-cta__title elementor-cta__content-item elementor-content-item\">\n\t\t\t\t\t\tHotSpring Whirlpools\t\t\t\t\t<\/h2>\n\t\t\t\t\n\t\t\t\t\t\t\t\t\t<div class=\"elementor-cta__description elementor-cta__content-item elementor-content-item\">\n\t\t\t\t\t\tErweiterte Massaged\u00fcsen\t\t\t\t\t<\/div>\n\t\t\t\t\n\t\t\t\t\t\t\t<\/div>\n\t\t\t\t\t\t<\/a>\n\t\t\t\t\t\t<\/div>\n\t\t\t\t<div class=\"elementor-element elementor-element-e2dc65f elementor-cta--skin-classic elementor-animated-content elementor-bg-transform elementor-bg-transform-zoom-in elementor-widget elementor-widget-call-to-action\" data-id=\"e2dc65f\" data-element_type=\"widget\" data-e-type=\"widget\" data-widget_type=\"call-to-action.default\">\n\t\t\t\t\t\t\t<a class=\"elementor-cta\" href=\"https:\/\/www.spabad.dets.nl\/de\/product-categorie\/thermalbaeder\/\">\n\t\t\t\t\t<div class=\"elementor-cta__bg-wrapper\">\n\t\t\t\t<div class=\"elementor-cta__bg elementor-bg\" style=\"background-image: url(https:\/\/www.spabad.dets.nl\/wp-content\/uploads\/2018\/06\/voordelen-hotspring-spas-1024x683.jpg);\" role=\"img\" aria-label=\"voordelen-hotspring-spas\"><\/div>\n\t\t\t\t<div class=\"elementor-cta__bg-overlay\"><\/div>\n\t\t\t<\/div>\n\t\t\t\t\t\t\t<div class=\"elementor-cta__content\">\n\t\t\t\t\n\t\t\t\t\t\t\t\t\t<h2 class=\"elementor-cta__title elementor-cta__content-item elementor-content-item\">\n\t\t\t\t\t\tWellis Whirlpools\t\t\t\t\t<\/h2>\n\t\t\t\t\n\t\t\t\t\t\t\t\t\t<div class=\"elementor-cta__description elementor-cta__content-item elementor-content-item\">\n\t\t\t\t\t\tEurop\u00e4ische Qualit\u00e4t und wettbewerbsf\u00e4hige Preise\t\t\t\t\t<\/div>\n\t\t\t\t\n\t\t\t\t\t\t\t<\/div>\n\t\t\t\t\t\t<\/a>\n\t\t\t\t\t\t<\/div>\n\t\t\t\t<div class=\"elementor-element elementor-element-886e8fc elementor-cta--skin-classic elementor-animated-content elementor-bg-transform elementor-bg-transform-zoom-in elementor-widget elementor-widget-call-to-action\" data-id=\"886e8fc\" data-element_type=\"widget\" data-e-type=\"widget\" data-widget_type=\"call-to-action.default\">\n\t\t\t\t\t\t\t<a class=\"elementor-cta\" href=\"https:\/\/www.spabad.dets.nl\/de\/kontakt\/\">\n\t\t\t\t\t<div class=\"elementor-cta__bg-wrapper\">\n\t\t\t\t<div class=\"elementor-cta__bg elementor-bg\" style=\"background-image: url(https:\/\/www.spabad.dets.nl\/wp-content\/uploads\/2025\/02\/over-ons2-1024x683.jpg);\" role=\"img\" aria-label=\"over-ons2\"><\/div>\n\t\t\t\t<div class=\"elementor-cta__bg-overlay\"><\/div>\n\t\t\t<\/div>\n\t\t\t\t\t\t\t<div class=\"elementor-cta__content\">\n\t\t\t\t\n\t\t\t\t\t\t\t\t\t<h2 class=\"elementor-cta__title elementor-cta__content-item elementor-content-item\">\n\t\t\t\t\t\tKontakt mit unserem Kundenservice\t\t\t\t\t<\/h2>\n\t\t\t\t\n\t\t\t\t\t\t\t\t\t<div class=\"elementor-cta__description elementor-cta__content-item elementor-content-item\">\n\t\t\t\t\t\tF\u00fcr Fragen oder Kommentare\t\t\t\t\t<\/div>\n\t\t\t\t\n\t\t\t\t\t\t\t<\/div>\n\t\t\t\t\t\t<\/a>\n\t\t\t\t\t\t<\/div>\n\t\t\t\t\t<\/div>\n\t\t\t\t<\/div>\n\t\t\t\t<\/div>\n\t\t","protected":false},"excerpt":{"rendered":"<p>Informationen Im Jacuzzi-Showroom von Spabad Limburg finden Sie verschiedene Modelle von Whirlpools und Sprudelb\u00e4dern. Sie k\u00f6nnen diese sogar nach Vereinbarung ausprobieren. \u00dcber diese Informationsseite k\u00f6nnen Sie ganz einfach zu den verschiedenen Bereichen unserer Website navigieren. M\u00f6chten Sie mehr \u00fcber unseren Ausstellungsraum oder unsere Produktpalette erfahren? Werfen Sie einen kurzen Blick darauf. Unser Angebot zeichnet sich [&hellip;]<\/p>\n","protected":false},"author":0,"featured_media":0,"parent":0,"menu_order":0,"comment_status":"closed","ping_status":"closed","template":"","meta":{"_acf_changed":false,"footnotes":""},"class_list":["post-18195","page","type-page","status-publish","hentry"],"acf":[],"yoast_head":"<!-- This site is optimized with the Yoast SEO plugin v27.6 - https:\/\/yoast.com\/product\/yoast-seo-wordpress\/ -->\n<title>Informationen - Spabad Limburg<\/title>\n<meta name=\"description\" content=\"Besuchen Sie unsere Informationsseite und erfahren Sie mehr \u00fcber unsere Whirlpools, unseren Ausstellungsraum, unsere umfangreiche Kollektion und vieles mehr.\" \/>\n<meta name=\"robots\" content=\"index, follow, max-snippet:-1, max-image-preview:large, max-video-preview:-1\" \/>\n<link rel=\"canonical\" href=\"https:\/\/www.spabad.dets.nl\/de\/informationen\/\" \/>\n<meta property=\"og:locale\" content=\"de_DE\" \/>\n<meta property=\"og:type\" content=\"article\" \/>\n<meta property=\"og:title\" content=\"Informationen - Spabad Limburg\" \/>\n<meta property=\"og:description\" content=\"Besuchen Sie unsere Informationsseite und erfahren Sie mehr \u00fcber unsere Whirlpools, unseren Ausstellungsraum, unsere umfangreiche Kollektion und vieles mehr.\" \/>\n<meta property=\"og:url\" content=\"https:\/\/www.spabad.dets.nl\/de\/informationen\/\" \/>\n<meta property=\"og:site_name\" content=\"Spabad Limburg\" \/>\n<meta property=\"article:modified_time\" content=\"2026-02-06T12:25:34+00:00\" \/>\n<meta name=\"twitter:card\" content=\"summary_large_image\" \/>\n<meta name=\"twitter:label1\" content=\"Gesch\u00e4tzte Lesezeit\" \/>\n\t<meta name=\"twitter:data1\" content=\"1\u00a0Minute\" \/>\n<script type=\"application\/ld+json\" class=\"yoast-schema-graph\">{\"@context\":\"https:\\\/\\\/schema.org\",\"@graph\":[{\"@type\":\"WebPage\",\"@id\":\"https:\\\/\\\/www.spabad.dets.nl\\\/de\\\/informationen\\\/\",\"url\":\"https:\\\/\\\/www.spabad.dets.nl\\\/de\\\/informationen\\\/\",\"name\":\"Informationen - Spabad Limburg\",\"isPartOf\":{\"@id\":\"https:\\\/\\\/www.spabad.dets.nl\\\/de\\\/#website\"},\"datePublished\":\"2025-12-23T15:38:04+00:00\",\"dateModified\":\"2026-02-06T12:25:34+00:00\",\"description\":\"Besuchen Sie unsere Informationsseite und erfahren Sie mehr \u00fcber unsere Whirlpools, unseren Ausstellungsraum, unsere umfangreiche Kollektion und vieles mehr.\",\"breadcrumb\":{\"@id\":\"https:\\\/\\\/www.spabad.dets.nl\\\/de\\\/informationen\\\/#breadcrumb\"},\"inLanguage\":\"de\",\"potentialAction\":[{\"@type\":\"ReadAction\",\"target\":[\"https:\\\/\\\/www.spabad.dets.nl\\\/de\\\/informationen\\\/\"]}]},{\"@type\":\"BreadcrumbList\",\"@id\":\"https:\\\/\\\/www.spabad.dets.nl\\\/de\\\/informationen\\\/#breadcrumb\",\"itemListElement\":[{\"@type\":\"ListItem\",\"position\":1,\"name\":\"Startseite\",\"item\":\"https:\\\/\\\/www.spabad.dets.nl\\\/de\\\/startseite-2\\\/\"},{\"@type\":\"ListItem\",\"position\":2,\"name\":\"Informationen\"}]},{\"@type\":\"WebSite\",\"@id\":\"https:\\\/\\\/www.spabad.dets.nl\\\/de\\\/#website\",\"url\":\"https:\\\/\\\/www.spabad.dets.nl\\\/de\\\/\",\"name\":\"Spabad Limburg\",\"description\":\"Jacuzzi's en zwemspa's\",\"publisher\":{\"@id\":\"https:\\\/\\\/www.spabad.dets.nl\\\/de\\\/#organization\"},\"potentialAction\":[{\"@type\":\"SearchAction\",\"target\":{\"@type\":\"EntryPoint\",\"urlTemplate\":\"https:\\\/\\\/www.spabad.dets.nl\\\/de\\\/?s={search_term_string}\"},\"query-input\":{\"@type\":\"PropertyValueSpecification\",\"valueRequired\":true,\"valueName\":\"search_term_string\"}}],\"inLanguage\":\"de\"},{\"@type\":\"Organization\",\"@id\":\"https:\\\/\\\/www.spabad.dets.nl\\\/de\\\/#organization\",\"name\":\"Spabad Limburg\",\"url\":\"https:\\\/\\\/www.spabad.dets.nl\\\/de\\\/\",\"logo\":{\"@type\":\"ImageObject\",\"inLanguage\":\"de\",\"@id\":\"https:\\\/\\\/www.spabad.dets.nl\\\/de\\\/#\\\/schema\\\/logo\\\/image\\\/\",\"url\":\"https:\\\/\\\/www.spabad.dets.nl\\\/wp-content\\\/uploads\\\/2025\\\/01\\\/SpabadLimburg-Logo-Payoff-scaled.png\",\"contentUrl\":\"https:\\\/\\\/www.spabad.dets.nl\\\/wp-content\\\/uploads\\\/2025\\\/01\\\/SpabadLimburg-Logo-Payoff-scaled.png\",\"width\":2560,\"height\":548,\"caption\":\"Spabad Limburg\"},\"image\":{\"@id\":\"https:\\\/\\\/www.spabad.dets.nl\\\/de\\\/#\\\/schema\\\/logo\\\/image\\\/\"}}]}<\/script>\n<!-- \/ Yoast SEO plugin. -->","yoast_head_json":{"title":"Informationen - Spabad Limburg","description":"Besuchen Sie unsere Informationsseite und erfahren Sie mehr \u00fcber unsere Whirlpools, unseren Ausstellungsraum, unsere umfangreiche Kollektion und vieles mehr.","robots":{"index":"index","follow":"follow","max-snippet":"max-snippet:-1","max-image-preview":"max-image-preview:large","max-video-preview":"max-video-preview:-1"},"canonical":"https:\/\/www.spabad.dets.nl\/de\/informationen\/","og_locale":"de_DE","og_type":"article","og_title":"Informationen - Spabad Limburg","og_description":"Besuchen Sie unsere Informationsseite und erfahren Sie mehr \u00fcber unsere Whirlpools, unseren Ausstellungsraum, unsere umfangreiche Kollektion und vieles mehr.","og_url":"https:\/\/www.spabad.dets.nl\/de\/informationen\/","og_site_name":"Spabad Limburg","article_modified_time":"2026-02-06T12:25:34+00:00","twitter_card":"summary_large_image","twitter_misc":{"Gesch\u00e4tzte Lesezeit":"1\u00a0Minute"},"schema":{"@context":"https:\/\/schema.org","@graph":[{"@type":"WebPage","@id":"https:\/\/www.spabad.dets.nl\/de\/informationen\/","url":"https:\/\/www.spabad.dets.nl\/de\/informationen\/","name":"Informationen - Spabad Limburg","isPartOf":{"@id":"https:\/\/www.spabad.dets.nl\/de\/#website"},"datePublished":"2025-12-23T15:38:04+00:00","dateModified":"2026-02-06T12:25:34+00:00","description":"Besuchen Sie unsere Informationsseite und erfahren Sie mehr \u00fcber unsere Whirlpools, unseren Ausstellungsraum, unsere umfangreiche Kollektion und vieles mehr.","breadcrumb":{"@id":"https:\/\/www.spabad.dets.nl\/de\/informationen\/#breadcrumb"},"inLanguage":"de","potentialAction":[{"@type":"ReadAction","target":["https:\/\/www.spabad.dets.nl\/de\/informationen\/"]}]},{"@type":"BreadcrumbList","@id":"https:\/\/www.spabad.dets.nl\/de\/informationen\/#breadcrumb","itemListElement":[{"@type":"ListItem","position":1,"name":"Startseite","item":"https:\/\/www.spabad.dets.nl\/de\/startseite-2\/"},{"@type":"ListItem","position":2,"name":"Informationen"}]},{"@type":"WebSite","@id":"https:\/\/www.spabad.dets.nl\/de\/#website","url":"https:\/\/www.spabad.dets.nl\/de\/","name":"Spabad Limburg","description":"Jacuzzi's en zwemspa's","publisher":{"@id":"https:\/\/www.spabad.dets.nl\/de\/#organization"},"potentialAction":[{"@type":"SearchAction","target":{"@type":"EntryPoint","urlTemplate":"https:\/\/www.spabad.dets.nl\/de\/?s={search_term_string}"},"query-input":{"@type":"PropertyValueSpecification","valueRequired":true,"valueName":"search_term_string"}}],"inLanguage":"de"},{"@type":"Organization","@id":"https:\/\/www.spabad.dets.nl\/de\/#organization","name":"Spabad Limburg","url":"https:\/\/www.spabad.dets.nl\/de\/","logo":{"@type":"ImageObject","inLanguage":"de","@id":"https:\/\/www.spabad.dets.nl\/de\/#\/schema\/logo\/image\/","url":"https:\/\/www.spabad.dets.nl\/wp-content\/uploads\/2025\/01\/SpabadLimburg-Logo-Payoff-scaled.png","contentUrl":"https:\/\/www.spabad.dets.nl\/wp-content\/uploads\/2025\/01\/SpabadLimburg-Logo-Payoff-scaled.png","width":2560,"height":548,"caption":"Spabad Limburg"},"image":{"@id":"https:\/\/www.spabad.dets.nl\/de\/#\/schema\/logo\/image\/"}}]}},"_links":{"self":[{"href":"https:\/\/www.spabad.dets.nl\/de\/wp-json\/wp\/v2\/pages\/18195","targetHints":{"allow":["GET"]}}],"collection":[{"href":"https:\/\/www.spabad.dets.nl\/de\/wp-json\/wp\/v2\/pages"}],"about":[{"href":"https:\/\/www.spabad.dets.nl\/de\/wp-json\/wp\/v2\/types\/page"}],"replies":[{"embeddable":true,"href":"https:\/\/www.spabad.dets.nl\/de\/wp-json\/wp\/v2\/comments?post=18195"}],"version-history":[{"count":0,"href":"https:\/\/www.spabad.dets.nl\/de\/wp-json\/wp\/v2\/pages\/18195\/revisions"}],"wp:attachment":[{"href":"https:\/\/www.spabad.dets.nl\/de\/wp-json\/wp\/v2\/media?parent=18195"}],"curies":[{"name":"wp","href":"https:\/\/api.w.org\/{rel}","templated":true}]}}